{"id":2178,"date":"2020-04-22T16:41:25","date_gmt":"2020-04-22T13:41:25","guid":{"rendered":"https:\/\/blogi.eoppimispalvelut.fi\/peppi-ohjeet\/?page_id=2178"},"modified":"2020-07-01T12:22:53","modified_gmt":"2020-07-01T09:22:53","slug":"opsien-mukaisen-opetustarjonnan-suunnittelu","status":"publish","type":"page","link":"https:\/\/blogi.eoppimispalvelut.fi\/peppi-ohjeet\/koulutus-ja-opetussuunnittelu\/vuosisuunnittelu\/opsien-mukaisen-opetustarjonnan-suunnittelu\/","title":{"rendered":"Opetussuunnitelmien mukaisen opetustarjonnan suunnittelu"},"content":{"rendered":"<p>Katso <a href=\"https:\/\/youtu.be\/xLc98HpIsZI\" \" target=\"_blank\"\n>video<\/a> (tekstityksen saa p\u00e4\u00e4lle [cc]-painikkeesta).<\/p>\n<p>Vuosisuunnittelu on osa tulevan kalenterivuoden ty\u00f6aikasuunnittelua. Vuosisuunnittelu tehd\u00e4\u00e4n vko 14 \u2013 26. Vuosisuunnittelu tehd\u00e4\u00e4n opetussuunnitelmien mukaiselle opetustarjonnalle sek\u00e4 muulle opetustarjonnalle.<\/p>\n<p>Opetussuunnitelmien mukaisen tarjonnan koostaminen seuraavalle kalenterivuodelle:<\/p>\n<ul>\n<li>Tutkintoon johtavan koulutuksen opetussuunnitelmien mukainen tarjonta<\/li>\n<li>Muuntokoulutusten tarjonta<\/li>\n<li>Erikoistumiskoulutusten tarjonta<\/li>\n<\/ul>\n<p>Kun opetussuunnitelma toteutuu ensimm\u00e4ist\u00e4 kertaa tai opetussuunnitelmaan tulee joko rakenteen, opintojaksojen tai ajoituksen osalta muutoksia, kannattaa opetustarjonta suunnitella Vuosisuunnittelu-ikkunan OPS-v\u00e4lilehdell\u00e4. Mik\u00e4li vuosisuunnittelusssa teht\u00e4v\u00e4t toteutukset noudattavat edellisen\u00e4 vuonna tehtyj\u00e4 toteutuksia, voit tehd\u00e4 vuosisuunnittelun toteutusten kopioinnin kautta.<\/p>\n<p>&nbsp;<\/p>\n<hr \/>\n<p>Takaisin <a href=\"https:\/\/blogi.eoppimispalvelut.fi\/peppi-ohjeet\/koulutus-ja-opetussuunnittelu\/\">Koulutus- ja opetussuunnittelu<\/a> \u2013 sivulle<\/p>\n","protected":false},"excerpt":{"rendered":"<p>Katso<\/p>\n","protected":false},"author":4339,"featured_media":0,"parent":2147,"menu_order":0,"comment_status":"closed","ping_status":"closed","template":"","meta":{"_monsterinsights_skip_tracking":false,"_monsterinsights_sitenote_active":false,"_monsterinsights_sitenote_note":"","_monsterinsights_sitenote_category":0,"footnotes":""},"class_list":["post-2178","page","type-page","status-publish","hentry"],"_links":{"self":[{"href":"https:\/\/blogi.eoppimispalvelut.fi\/peppi-ohjeet\/wp-json\/wp\/v2\/pages\/2178","targetHints":{"allow":["GET"]}}],"collection":[{"href":"https:\/\/blogi.eoppimispalvelut.fi\/peppi-ohjeet\/wp-json\/wp\/v2\/pages"}],"about":[{"href":"https:\/\/blogi.eoppimispalvelut.fi\/peppi-ohjeet\/wp-json\/wp\/v2\/types\/page"}],"author":[{"embeddable":true,"href":"https:\/\/blogi.eoppimispalvelut.fi\/peppi-ohjeet\/wp-json\/wp\/v2\/users\/4339"}],"replies":[{"embeddable":true,"href":"https:\/\/blogi.eoppimispalvelut.fi\/peppi-ohjeet\/wp-json\/wp\/v2\/comments?post=2178"}],"version-history":[{"count":24,"href":"https:\/\/blogi.eoppimispalvelut.fi\/peppi-ohjeet\/wp-json\/wp\/v2\/pages\/2178\/revisions"}],"predecessor-version":[{"id":3700,"href":"https:\/\/blogi.eoppimispalvelut.fi\/peppi-ohjeet\/wp-json\/wp\/v2\/pages\/2178\/revisions\/3700"}],"up":[{"embeddable":true,"href":"https:\/\/blogi.eoppimispalvelut.fi\/peppi-ohjeet\/wp-json\/wp\/v2\/pages\/2147"}],"wp:attachment":[{"href":"https:\/\/blogi.eoppimispalvelut.fi\/peppi-ohjeet\/wp-json\/wp\/v2\/media?parent=2178"}],"curies":[{"name":"wp","href":"https:\/\/api.w.org\/{rel}","templated":true}]}}