{"id":2182,"date":"2020-04-22T16:44:21","date_gmt":"2020-04-22T13:44:21","guid":{"rendered":"https:\/\/blogi.eoppimispalvelut.fi\/peppi-ohjeet\/?page_id=2182"},"modified":"2024-08-14T15:06:21","modified_gmt":"2024-08-14T12:06:21","slug":"muut-tyot","status":"publish","type":"page","link":"https:\/\/blogi.eoppimispalvelut.fi\/peppi-ohjeet\/koulutus-ja-opetussuunnittelu\/vuosisuunnittelu\/muut-tyot\/","title":{"rendered":"Muut ty\u00f6t"},"content":{"rendered":"<p>Katso <a href=\"https:\/\/youtu.be\/MognOyFHS-k\" target=\"_blank\" rel=\"noopener noreferrer\">video<\/a> (tekstityksen saa p\u00e4\u00e4lle [cc]-painikkeesta).<\/p>\n<p>Muut ty\u00f6teht\u00e4v\u00e4t t\u00e4ytyy perustaa ensin ennen kuin siihen voidaan liitt\u00e4\u00e4 teht\u00e4vi\u00e4. Muut ty\u00f6teht\u00e4v\u00e4t luodaan siit\u00e4 vastaavaan yksikk\u00f6\u00f6n. Muut ty\u00f6teht\u00e4v\u00e4t voidaan luoda kahdella tapaa, joko Yksikk\u00f6-valikon alta l\u00f6ytyv\u00e4n Yksik\u00f6t kautta tai vuosisuunnittelun yhteydess\u00e4. Molemmat tavat toimivat samalla tavalla.<\/p>\n<p><strong>Muun ty\u00f6teht\u00e4v\u00e4n perustaminen vuosisuunnittelun yhteydess\u00e4<\/strong><\/p>\n<p>Valitse Vuosisuunnittelu-n\u00e4kym\u00e4ss\u00e4 Lis\u00e4\u00e4 muu ty\u00f6.<\/p>\n<p>&nbsp;<\/p>\n<div id=\"attachment_2939\" style=\"width: 594px\" class=\"wp-caption alignnone\"><a href=\"https:\/\/blogi.eoppimispalvelut.fi\/peppi-ohjeet\/koulutus-ja-opetussuunnittelu\/vuosisuunnittelu\/muut-tyot\/muun-tyotehtavan-perustaminen-vuosisuunnittelun-yhteydessa\/\" rel=\"attachment wp-att-2939\"><img loading=\"lazy\" decoding=\"async\" aria-describedby=\"caption-attachment-2939\" class=\"size-large wp-image-2939\" src=\"https:\/\/blogi.eoppimispalvelut.fi\/peppi-ohjeet\/files\/2020\/05\/Muun-ty\u00f6teht\u00e4v\u00e4n-perustaminen-vuosisuunnittelun-yhteydess\u00e4-1280x236.png\" alt=\"Muun ty\u00f6teht\u00e4v\u00e4n perustaminen vuosisuunnittelun yhteydess\u00e4\" width=\"584\" height=\"108\" srcset=\"https:\/\/blogi.eoppimispalvelut.fi\/peppi-ohjeet\/files\/2020\/05\/Muun-ty\u00f6teht\u00e4v\u00e4n-perustaminen-vuosisuunnittelun-yhteydess\u00e4-1280x236.png 1280w, https:\/\/blogi.eoppimispalvelut.fi\/peppi-ohjeet\/files\/2020\/05\/Muun-ty\u00f6teht\u00e4v\u00e4n-perustaminen-vuosisuunnittelun-yhteydess\u00e4-900x166.png 900w, https:\/\/blogi.eoppimispalvelut.fi\/peppi-ohjeet\/files\/2020\/05\/Muun-ty\u00f6teht\u00e4v\u00e4n-perustaminen-vuosisuunnittelun-yhteydess\u00e4-768x141.png 768w, https:\/\/blogi.eoppimispalvelut.fi\/peppi-ohjeet\/files\/2020\/05\/Muun-ty\u00f6teht\u00e4v\u00e4n-perustaminen-vuosisuunnittelun-yhteydess\u00e4-1536x283.png 1536w, https:\/\/blogi.eoppimispalvelut.fi\/peppi-ohjeet\/files\/2020\/05\/Muun-ty\u00f6teht\u00e4v\u00e4n-perustaminen-vuosisuunnittelun-yhteydess\u00e4-500x92.png 500w, https:\/\/blogi.eoppimispalvelut.fi\/peppi-ohjeet\/files\/2020\/05\/Muun-ty\u00f6teht\u00e4v\u00e4n-perustaminen-vuosisuunnittelun-yhteydess\u00e4.png 2005w\" sizes=\"auto, (max-width: 584px) 100vw, 584px\" \/><\/a><p id=\"caption-attachment-2939\" class=\"wp-caption-text\">Klikkaa kuva suuremmaksi<\/p><\/div>\n<p>&nbsp;<\/p>\n<p>Tallenna muuta ty\u00f6teht\u00e4v\u00e4\u00e4 koskevat tiedot avautuvalla ikkunalla.<\/p>\n<p>&nbsp;<\/p>\n<div id=\"attachment_2947\" style=\"width: 1256px\" class=\"wp-caption alignnone\"><a href=\"https:\/\/blogi.eoppimispalvelut.fi\/peppi-ohjeet\/koulutus-ja-opetussuunnittelu\/vuosisuunnittelu\/muut-tyot\/muun-tyon-tietojen-tallentaminen-2\/\" rel=\"attachment wp-att-2947\"><img loading=\"lazy\" decoding=\"async\" aria-describedby=\"caption-attachment-2947\" class=\"size-full wp-image-2947\" src=\"https:\/\/blogi.eoppimispalvelut.fi\/peppi-ohjeet\/files\/2020\/05\/Muun-ty\u00f6n-tietojen-tallentaminen-2.png\" alt=\"Muun ty\u00f6n tietojen tallentaminen \" width=\"1246\" height=\"584\" srcset=\"https:\/\/blogi.eoppimispalvelut.fi\/peppi-ohjeet\/files\/2020\/05\/Muun-ty\u00f6n-tietojen-tallentaminen-2.png 1246w, https:\/\/blogi.eoppimispalvelut.fi\/peppi-ohjeet\/files\/2020\/05\/Muun-ty\u00f6n-tietojen-tallentaminen-2-900x422.png 900w, https:\/\/blogi.eoppimispalvelut.fi\/peppi-ohjeet\/files\/2020\/05\/Muun-ty\u00f6n-tietojen-tallentaminen-2-768x360.png 768w, https:\/\/blogi.eoppimispalvelut.fi\/peppi-ohjeet\/files\/2020\/05\/Muun-ty\u00f6n-tietojen-tallentaminen-2-500x234.png 500w\" sizes=\"auto, (max-width: 1246px) 100vw, 1246px\" \/><\/a><p id=\"caption-attachment-2947\" class=\"wp-caption-text\">Klikkaa kuva suuremmaksi<\/p><\/div>\n<p>&nbsp;<\/p>\n<p>Kun olet sy\u00f6tt\u00e4nyt tarvittavat tiedot valitse Tallenna. Lis\u00e4\u00e4 t\u00e4m\u00e4n j\u00e4lkeen kustannustunniste valitsemalla +Lis\u00e4\u00e4.<\/p>\n<p>&nbsp;<\/p>\n<hr \/>\n<p><strong>Henkil\u00f6iden kiinnitt\u00e4minen muihin ty\u00f6teht\u00e4viin<\/strong><\/p>\n<p>Kun muu ty\u00f6teht\u00e4v\u00e4 on perustettu voidaan siihen kiinnitt\u00e4\u00e4 henkil\u00f6it\u00e4. Teht\u00e4v\u00e4 voidaan kiinnitt\u00e4\u00e4 joko yksitt\u00e4iselle henkil\u00f6lle tai useammalle henkil\u00f6lle samalla kertaa. Teht\u00e4v\u00e4t kannattaa kiinnitt\u00e4\u00e4 henkil\u00f6ille lukukausittain ty\u00f6n jaksottumiseksi oikein ty\u00f6aikasuunnitelmaan. Kiinnitetyt teht\u00e4v\u00e4t siirtyv\u00e4t suoraan osaksi ty\u00f6aikasuunnitelmaa.<\/p>\n<p>Teht\u00e4v\u00e4n kiinnitt\u00e4minen yhdelle henkil\u00f6lle:<\/p>\n<p>Valitse Muut ty\u00f6t -ikkunassa Lis\u00e4\u00e4 teht\u00e4v\u00e4.<\/p>\n<p>&nbsp;<\/p>\n<div id=\"attachment_2946\" style=\"width: 1290px\" class=\"wp-caption alignnone\"><a href=\"https:\/\/blogi.eoppimispalvelut.fi\/peppi-ohjeet\/koulutus-ja-opetussuunnittelu\/vuosisuunnittelu\/muut-tyot\/muu-tyotehtava-yhden-henkilon-kiinnittaminen\/\" rel=\"attachment wp-att-2946\"><img loading=\"lazy\" decoding=\"async\" aria-describedby=\"caption-attachment-2946\" class=\"size-full wp-image-2946\" src=\"https:\/\/blogi.eoppimispalvelut.fi\/peppi-ohjeet\/files\/2020\/05\/Muu-ty\u00f6teht\u00e4v\u00e4-yhden-henkil\u00f6n-kiinnitt\u00e4minen.png\" alt=\"Muu ty\u00f6teht\u00e4v\u00e4 yhden henkil\u00f6n kiinnitt\u00e4minen\" width=\"1280\" height=\"146\" srcset=\"https:\/\/blogi.eoppimispalvelut.fi\/peppi-ohjeet\/files\/2020\/05\/Muu-ty\u00f6teht\u00e4v\u00e4-yhden-henkil\u00f6n-kiinnitt\u00e4minen.png 1280w, https:\/\/blogi.eoppimispalvelut.fi\/peppi-ohjeet\/files\/2020\/05\/Muu-ty\u00f6teht\u00e4v\u00e4-yhden-henkil\u00f6n-kiinnitt\u00e4minen-900x103.png 900w, https:\/\/blogi.eoppimispalvelut.fi\/peppi-ohjeet\/files\/2020\/05\/Muu-ty\u00f6teht\u00e4v\u00e4-yhden-henkil\u00f6n-kiinnitt\u00e4minen-768x88.png 768w, https:\/\/blogi.eoppimispalvelut.fi\/peppi-ohjeet\/files\/2020\/05\/Muu-ty\u00f6teht\u00e4v\u00e4-yhden-henkil\u00f6n-kiinnitt\u00e4minen-500x57.png 500w\" sizes=\"auto, (max-width: 1280px) 100vw, 1280px\" \/><\/a><p id=\"caption-attachment-2946\" class=\"wp-caption-text\">Klikkaa kuva suuremmaksi<\/p><\/div>\n<p>&nbsp;<\/p>\n<p>Tallenna (tiedot tallentuvat automaattisesti)<\/p>\n<ul>\n<li>teht\u00e4v\u00e4n nimi,<\/li>\n<li>milloin teht\u00e4v\u00e4 alkaa ja p\u00e4\u00e4ttyy,<\/li>\n<li>opettaja, jolle teht\u00e4v\u00e4 kiinnitet\u00e4\u00e4n<\/li>\n<li>teht\u00e4v\u00e4\u00e4n annettava ty\u00f6aika tunteina<\/li>\n<\/ul>\n<p>Teht\u00e4v\u00e4n lis\u00e4\u00e4minen usealle henkil\u00f6lle samalla kertaa:<\/p>\n<p>Valitse Muut ty\u00f6t -ikkunassa Lis\u00e4\u00e4 monelle henkil\u00f6lle. Lis\u00e4tt\u00e4v\u00e4t henkil\u00f6t valitaan avautuvassa ikkunassa. Voit lis\u00e4t\u00e4 esimerkiksi teht\u00e4v\u00e4n koko yksik\u00f6n henkil\u00f6ille valitsemalla Yksikk\u00f6. T\u00e4m\u00e4n j\u00e4lkeen yksik\u00f6n henkil\u00f6st\u00f6 tulee n\u00e4yviin ikkunalle.<\/p>\n<p>&nbsp;<\/p>\n<div id=\"attachment_2949\" style=\"width: 916px\" class=\"wp-caption alignnone\"><a href=\"https:\/\/blogi.eoppimispalvelut.fi\/peppi-ohjeet\/koulutus-ja-opetussuunnittelu\/vuosisuunnittelu\/muut-tyot\/muun-tyon-tehtavien-kiinnittaminen-usealle-henkilolle\/\" rel=\"attachment wp-att-2949\"><img loading=\"lazy\" decoding=\"async\" aria-describedby=\"caption-attachment-2949\" class=\"size-full wp-image-2949\" src=\"https:\/\/blogi.eoppimispalvelut.fi\/peppi-ohjeet\/files\/2020\/05\/Muun-ty\u00f6n-teht\u00e4vien-kiinnitt\u00e4minen-usealle-henkil\u00f6lle.png\" alt=\"Muun ty\u00f6n teht\u00e4vien kiinnitt\u00e4minen usealle henkil\u00f6lle\" width=\"906\" height=\"720\" srcset=\"https:\/\/blogi.eoppimispalvelut.fi\/peppi-ohjeet\/files\/2020\/05\/Muun-ty\u00f6n-teht\u00e4vien-kiinnitt\u00e4minen-usealle-henkil\u00f6lle.png 906w, https:\/\/blogi.eoppimispalvelut.fi\/peppi-ohjeet\/files\/2020\/05\/Muun-ty\u00f6n-teht\u00e4vien-kiinnitt\u00e4minen-usealle-henkil\u00f6lle-900x715.png 900w, https:\/\/blogi.eoppimispalvelut.fi\/peppi-ohjeet\/files\/2020\/05\/Muun-ty\u00f6n-teht\u00e4vien-kiinnitt\u00e4minen-usealle-henkil\u00f6lle-768x610.png 768w, https:\/\/blogi.eoppimispalvelut.fi\/peppi-ohjeet\/files\/2020\/05\/Muun-ty\u00f6n-teht\u00e4vien-kiinnitt\u00e4minen-usealle-henkil\u00f6lle-378x300.png 378w\" sizes=\"auto, (max-width: 906px) 100vw, 906px\" \/><\/a><p id=\"caption-attachment-2949\" class=\"wp-caption-text\">Klikkaa kuva suuremmaksi<\/p><\/div>\n<p>&nbsp;<\/p>\n<p>Voit poistaa ne henkil\u00f6t listalta, joille teht\u00e4v\u00e4\u00e4 ei kiinnitet\u00e4. T\u00e4m\u00e4n j\u00e4lkeen voit sy\u00f6tt\u00e4\u00e4 teht\u00e4v\u00e4n tiedot: Teht\u00e4v\u00e4n nimi, alkaa-p\u00e4\u00e4ttyy sek\u00e4 teht\u00e4v\u00e4n tunnit. Valitse lopuksi Lis\u00e4\u00e4 teht\u00e4v\u00e4t. Teht\u00e4v\u00e4t tulevat n\u00e4kyviin teht\u00e4vitt\u00e4in eriteltyin\u00e4 Muut ty\u00f6t -ikkunan alalaitaan.<\/p>\n<p>&nbsp;<\/p>\n<div id=\"attachment_2950\" style=\"width: 1290px\" class=\"wp-caption alignnone\"><a href=\"https:\/\/blogi.eoppimispalvelut.fi\/peppi-ohjeet\/koulutus-ja-opetussuunnittelu\/vuosisuunnittelu\/muut-tyot\/muut-tyotehtavat-kaikki-kiinnitykset\/\" rel=\"attachment wp-att-2950\"><img loading=\"lazy\" decoding=\"async\" aria-describedby=\"caption-attachment-2950\" class=\"size-full wp-image-2950\" src=\"https:\/\/blogi.eoppimispalvelut.fi\/peppi-ohjeet\/files\/2020\/05\/Muut-ty\u00f6teht\u00e4v\u00e4t-kaikki-kiinnitykset.png\" alt=\"Muut ty\u00f6teht\u00e4v\u00e4t kaikki kiinnitykset\" width=\"1280\" height=\"256\" srcset=\"https:\/\/blogi.eoppimispalvelut.fi\/peppi-ohjeet\/files\/2020\/05\/Muut-ty\u00f6teht\u00e4v\u00e4t-kaikki-kiinnitykset.png 1280w, https:\/\/blogi.eoppimispalvelut.fi\/peppi-ohjeet\/files\/2020\/05\/Muut-ty\u00f6teht\u00e4v\u00e4t-kaikki-kiinnitykset-900x180.png 900w, https:\/\/blogi.eoppimispalvelut.fi\/peppi-ohjeet\/files\/2020\/05\/Muut-ty\u00f6teht\u00e4v\u00e4t-kaikki-kiinnitykset-768x154.png 768w, https:\/\/blogi.eoppimispalvelut.fi\/peppi-ohjeet\/files\/2020\/05\/Muut-ty\u00f6teht\u00e4v\u00e4t-kaikki-kiinnitykset-500x100.png 500w\" sizes=\"auto, (max-width: 1280px) 100vw, 1280px\" \/><\/a><p id=\"caption-attachment-2950\" class=\"wp-caption-text\">Klikkaa kuva suuremmaksi<\/p><\/div>\n<p>&nbsp;<\/p>\n<p>Mik\u00e4li sinulla on tarvetta muokata muita ty\u00f6teht\u00e4vi\u00e4, p\u00e4\u00e4set muokkaamaan niit\u00e4 valitsemalla teht\u00e4v\u00e4luettelon yl\u00e4puolelta Massatoiminnot. Valitse avautuvasta muokkauspalkista Muokkaa.<\/p>\n<p>&nbsp;<\/p>\n<div id=\"attachment_2934\" class=\"wp-caption alignnone\">\n<p><a href=\"https:\/\/blogi.eoppimispalvelut.fi\/peppi-ohjeet\/koulutus-ja-opetussuunnittelu\/vuosisuunnittelu\/projektitehtavat\/projektitehtavien-muokkaaminen\/\" rel=\"attachment wp-att-2934\" data-slb-active=\"1\" data-slb-asset=\"2090567243\" data-slb-internal=\"2934\" data-slb-group=\"2180\"><img loading=\"lazy\" decoding=\"async\" class=\"size-full wp-image-2934\" src=\"https:\/\/blogi.eoppimispalvelut.fi\/peppi-ohjeet\/files\/2020\/05\/Projektiteht%C3%A4vien-muokkaaminen.png\" alt=\"Projektiteht\u00e4vien muokkaaminen\" width=\"854\" height=\"100\" aria-describedby=\"caption-attachment-2934\" \/><\/a><\/p>\n<p id=\"caption-attachment-2934\" class=\"wp-caption-text\">Klikkaa kuva suuremmaksi<\/p>\n<\/div>\n<p>&nbsp;<\/p>\n<p>Avautuvassa Massamuokkaus-ikkunassa voit m\u00e4\u00e4ritell\u00e4 mit\u00e4 tietoja haluat muokata.<\/p>\n<p>&nbsp;<\/p>\n<div id=\"attachment_2935\" class=\"wp-caption alignnone\">\n<p><a href=\"https:\/\/blogi.eoppimispalvelut.fi\/peppi-ohjeet\/koulutus-ja-opetussuunnittelu\/vuosisuunnittelu\/projektitehtavat\/projektitehtavien-massamuokkaus\/\" rel=\"attachment wp-att-2935\" data-slb-active=\"1\" data-slb-asset=\"1239927599\" data-slb-internal=\"2935\" data-slb-group=\"2180\"><img loading=\"lazy\" decoding=\"async\" class=\"size-full wp-image-2935\" src=\"https:\/\/blogi.eoppimispalvelut.fi\/peppi-ohjeet\/files\/2020\/05\/Projektiteht%C3%A4vien-massamuokkaus.png\" alt=\"Projektiteht\u00e4vien massamuokkaus\" width=\"598\" height=\"543\" aria-describedby=\"caption-attachment-2935\" \/><\/a><\/p>\n<p id=\"caption-attachment-2935\" class=\"wp-caption-text\">Klikkaa kuva suuremmaksi<\/p>\n<\/div>\n<p>&nbsp;<\/p>\n<p>Valitse Tallenna muutosten p\u00e4ivitt\u00e4miseksi.<\/p>\n<hr \/>\n<p>Takaisin <a href=\"https:\/\/blogi.eoppimispalvelut.fi\/peppi-ohjeet\/koulutus-ja-opetussuunnittelu\/\">Koulutus- ja opetussuunnittelu<\/a> -sivulle<\/p>\n","protected":false},"excerpt":{"rendered":"<p>Katso video (tekstityksen saa p\u00e4\u00e4lle [cc]-painikkeesta). Muut ty\u00f6teht\u00e4v\u00e4t t\u00e4ytyy perustaa ensin ennen kuin siihen voidaan liitt\u00e4\u00e4 teht\u00e4vi\u00e4. Muut ty\u00f6teht\u00e4v\u00e4t luodaan siit\u00e4 vastaavaan yksikk\u00f6\u00f6n. Muut ty\u00f6teht\u00e4v\u00e4t voidaan luoda kahdella tapaa, joko Yksikk\u00f6-valikon alta l\u00f6ytyv\u00e4n Yksik\u00f6t kautta tai vuosisuunnittelun yhteydess\u00e4. Molemmat tavat &hellip; <a href=\"https:\/\/blogi.eoppimispalvelut.fi\/peppi-ohjeet\/koulutus-ja-opetussuunnittelu\/vuosisuunnittelu\/muut-tyot\/\">Continue reading <span class=\"meta-nav\">&rarr;<\/span><\/a><\/p>\n","protected":false},"author":4339,"featured_media":0,"parent":2147,"menu_order":0,"comment_status":"closed","ping_status":"closed","template":"","meta":{"_monsterinsights_skip_tracking":false,"_monsterinsights_sitenote_active":false,"_monsterinsights_sitenote_note":"","_monsterinsights_sitenote_category":0,"footnotes":""},"class_list":["post-2182","page","type-page","status-publish","hentry"],"_links":{"self":[{"href":"https:\/\/blogi.eoppimispalvelut.fi\/peppi-ohjeet\/wp-json\/wp\/v2\/pages\/2182","targetHints":{"allow":["GET"]}}],"collection":[{"href":"https:\/\/blogi.eoppimispalvelut.fi\/peppi-ohjeet\/wp-json\/wp\/v2\/pages"}],"about":[{"href":"https:\/\/blogi.eoppimispalvelut.fi\/peppi-ohjeet\/wp-json\/wp\/v2\/types\/page"}],"author":[{"embeddable":true,"href":"https:\/\/blogi.eoppimispalvelut.fi\/peppi-ohjeet\/wp-json\/wp\/v2\/users\/4339"}],"replies":[{"embeddable":true,"href":"https:\/\/blogi.eoppimispalvelut.fi\/peppi-ohjeet\/wp-json\/wp\/v2\/comments?post=2182"}],"version-history":[{"count":15,"href":"https:\/\/blogi.eoppimispalvelut.fi\/peppi-ohjeet\/wp-json\/wp\/v2\/pages\/2182\/revisions"}],"predecessor-version":[{"id":7024,"href":"https:\/\/blogi.eoppimispalvelut.fi\/peppi-ohjeet\/wp-json\/wp\/v2\/pages\/2182\/revisions\/7024"}],"up":[{"embeddable":true,"href":"https:\/\/blogi.eoppimispalvelut.fi\/peppi-ohjeet\/wp-json\/wp\/v2\/pages\/2147"}],"wp:attachment":[{"href":"https:\/\/blogi.eoppimispalvelut.fi\/peppi-ohjeet\/wp-json\/wp\/v2\/media?parent=2182"}],"curies":[{"name":"wp","href":"https:\/\/api.w.org\/{rel}","templated":true}]}}