{"id":2204,"date":"2020-04-24T10:17:07","date_gmt":"2020-04-24T07:17:07","guid":{"rendered":"https:\/\/blogi.eoppimispalvelut.fi\/peppi-ohjeet\/?page_id=2204"},"modified":"2022-03-07T11:22:57","modified_gmt":"2022-03-07T09:22:57","slug":"perushaku","status":"publish","type":"page","link":"https:\/\/blogi.eoppimispalvelut.fi\/peppi-ohjeet\/oppimis-ja-ohjauspalvelut\/perushaku\/","title":{"rendered":"Perushaku"},"content":{"rendered":"<div id=\"attachment_3382\" style=\"width: 594px\" class=\"wp-caption alignnone\"><a href=\"https:\/\/blogi.eoppimispalvelut.fi\/peppi-ohjeet\/files\/2020\/06\/korkeakoulupalvelut.png\"><img loading=\"lazy\" decoding=\"async\" aria-describedby=\"caption-attachment-3382\" class=\"size-large wp-image-3382\" src=\"https:\/\/blogi.eoppimispalvelut.fi\/peppi-ohjeet\/files\/2020\/06\/korkeakoulupalvelut-1280x573.png\" alt=\"Opiskeluoikeushaku\" width=\"584\" height=\"261\" srcset=\"https:\/\/blogi.eoppimispalvelut.fi\/peppi-ohjeet\/files\/2020\/06\/korkeakoulupalvelut-1280x573.png 1280w, https:\/\/blogi.eoppimispalvelut.fi\/peppi-ohjeet\/files\/2020\/06\/korkeakoulupalvelut-900x403.png 900w, https:\/\/blogi.eoppimispalvelut.fi\/peppi-ohjeet\/files\/2020\/06\/korkeakoulupalvelut-768x344.png 768w, https:\/\/blogi.eoppimispalvelut.fi\/peppi-ohjeet\/files\/2020\/06\/korkeakoulupalvelut-1536x687.png 1536w, https:\/\/blogi.eoppimispalvelut.fi\/peppi-ohjeet\/files\/2020\/06\/korkeakoulupalvelut-500x224.png 500w, https:\/\/blogi.eoppimispalvelut.fi\/peppi-ohjeet\/files\/2020\/06\/korkeakoulupalvelut.png 2000w\" sizes=\"auto, (max-width: 584px) 100vw, 584px\" \/><\/a><p id=\"caption-attachment-3382\" class=\"wp-caption-text\">Klikkaa kuvaa suuremmaksi<\/p><\/div>\n<p>Kirjaudu Korkeakoulupalveluiden ty\u00f6p\u00f6yd\u00e4lle. P\u00e4\u00e4set opiskeluoikeushakuun yl\u00e4valikon \u201dOpiskelijat\u201d-valikosta tai etusivun Opiskelijoiden hallinta -kuvakkeen kautta.<\/p>\n<div id=\"attachment_5768\" style=\"width: 594px\" class=\"wp-caption alignnone\"><a href=\"https:\/\/blogi.eoppimispalvelut.fi\/peppi-ohjeet\/files\/2022\/03\/oppimis-1.png\"><img loading=\"lazy\" decoding=\"async\" aria-describedby=\"caption-attachment-5768\" class=\"size-large wp-image-5768\" src=\"https:\/\/blogi.eoppimispalvelut.fi\/peppi-ohjeet\/files\/2022\/03\/oppimis-1-1280x776.png\" alt=\"Perushaku\" width=\"584\" height=\"354\" srcset=\"https:\/\/blogi.eoppimispalvelut.fi\/peppi-ohjeet\/files\/2022\/03\/oppimis-1-1280x776.png 1280w, https:\/\/blogi.eoppimispalvelut.fi\/peppi-ohjeet\/files\/2022\/03\/oppimis-1-600x364.png 600w, https:\/\/blogi.eoppimispalvelut.fi\/peppi-ohjeet\/files\/2022\/03\/oppimis-1-768x465.png 768w, https:\/\/blogi.eoppimispalvelut.fi\/peppi-ohjeet\/files\/2022\/03\/oppimis-1-1536x931.png 1536w, https:\/\/blogi.eoppimispalvelut.fi\/peppi-ohjeet\/files\/2022\/03\/oppimis-1-495x300.png 495w, https:\/\/blogi.eoppimispalvelut.fi\/peppi-ohjeet\/files\/2022\/03\/oppimis-1.png 1772w\" sizes=\"auto, (max-width: 584px) 100vw, 584px\" \/><\/a><p id=\"caption-attachment-5768\" class=\"wp-caption-text\">Klikkaa kuvaa suuremmaksi<\/p><\/div>\n<p>Perushaussa voit hakea opiskelijaa tai opiskelijoita eri hakuehdoilla.<\/p>\n<div id=\"attachment_5769\" style=\"width: 594px\" class=\"wp-caption alignnone\"><a href=\"https:\/\/blogi.eoppimispalvelut.fi\/peppi-ohjeet\/files\/2022\/03\/oppimis-2.png\"><img loading=\"lazy\" decoding=\"async\" aria-describedby=\"caption-attachment-5769\" class=\"size-large wp-image-5769\" src=\"https:\/\/blogi.eoppimispalvelut.fi\/peppi-ohjeet\/files\/2022\/03\/oppimis-2-1280x671.png\" alt=\"Perushaku\" width=\"584\" height=\"306\" srcset=\"https:\/\/blogi.eoppimispalvelut.fi\/peppi-ohjeet\/files\/2022\/03\/oppimis-2-1280x671.png 1280w, https:\/\/blogi.eoppimispalvelut.fi\/peppi-ohjeet\/files\/2022\/03\/oppimis-2-600x314.png 600w, https:\/\/blogi.eoppimispalvelut.fi\/peppi-ohjeet\/files\/2022\/03\/oppimis-2-768x402.png 768w, https:\/\/blogi.eoppimispalvelut.fi\/peppi-ohjeet\/files\/2022\/03\/oppimis-2-1536x805.png 1536w, https:\/\/blogi.eoppimispalvelut.fi\/peppi-ohjeet\/files\/2022\/03\/oppimis-2-500x262.png 500w, https:\/\/blogi.eoppimispalvelut.fi\/peppi-ohjeet\/files\/2022\/03\/oppimis-2.png 1819w\" sizes=\"auto, (max-width: 584px) 100vw, 584px\" \/><\/a><p id=\"caption-attachment-5769\" class=\"wp-caption-text\">Klikkaa kuvaa suuremmaksi<\/p><\/div>\n<p>Voit my\u00f6s tallentaa tekem\u00e4si haut, jolloin niit\u00e4 voi k\u00e4tev\u00e4sti hy\u00f6dynt\u00e4\u00e4 my\u00f6hemmin. Tallennetut haut n\u00e4kyv\u00e4t hakuvaihtoehtojen vasemmalla puolella. Voit my\u00f6s halutessasi tyhjent\u00e4\u00e4 kaikki hakuehdot kerralla.<\/p>\n<div id=\"attachment_5771\" style=\"width: 594px\" class=\"wp-caption alignnone\"><a href=\"https:\/\/blogi.eoppimispalvelut.fi\/peppi-ohjeet\/files\/2022\/03\/oppimis-4.png\"><img loading=\"lazy\" decoding=\"async\" aria-describedby=\"caption-attachment-5771\" class=\"size-large wp-image-5771\" src=\"https:\/\/blogi.eoppimispalvelut.fi\/peppi-ohjeet\/files\/2022\/03\/oppimis-4-1280x296.png\" alt=\"Perushaku\" width=\"584\" height=\"135\" srcset=\"https:\/\/blogi.eoppimispalvelut.fi\/peppi-ohjeet\/files\/2022\/03\/oppimis-4-1280x296.png 1280w, https:\/\/blogi.eoppimispalvelut.fi\/peppi-ohjeet\/files\/2022\/03\/oppimis-4-600x139.png 600w, https:\/\/blogi.eoppimispalvelut.fi\/peppi-ohjeet\/files\/2022\/03\/oppimis-4-768x178.png 768w, https:\/\/blogi.eoppimispalvelut.fi\/peppi-ohjeet\/files\/2022\/03\/oppimis-4-1536x355.png 1536w, https:\/\/blogi.eoppimispalvelut.fi\/peppi-ohjeet\/files\/2022\/03\/oppimis-4-500x116.png 500w, https:\/\/blogi.eoppimispalvelut.fi\/peppi-ohjeet\/files\/2022\/03\/oppimis-4.png 1950w\" sizes=\"auto, (max-width: 584px) 100vw, 584px\" \/><\/a><p id=\"caption-attachment-5771\" class=\"wp-caption-text\">Klikkaa kuvaa suuremmaksi<\/p><\/div>\n<p>Saat ei-aktiiviset opiskelijat n\u00e4kyville, kun kohdassa \u201dHae my\u00f6s ei-aktiivisia opiskelijoita\u201d on t\u00e4pp\u00e4. Ei-aktiivinen opiskelija voi olla esimerkiksi valmistunut tai eronnut opiskelija tai opiskelija, jonka opiskeluoikeusaika on p\u00e4\u00e4ttynyt.<\/p>\n<div id=\"attachment_5772\" style=\"width: 594px\" class=\"wp-caption alignnone\"><a href=\"https:\/\/blogi.eoppimispalvelut.fi\/peppi-ohjeet\/files\/2022\/03\/oppimis-5.png\"><img loading=\"lazy\" decoding=\"async\" aria-describedby=\"caption-attachment-5772\" class=\"size-large wp-image-5772\" src=\"https:\/\/blogi.eoppimispalvelut.fi\/peppi-ohjeet\/files\/2022\/03\/oppimis-5-1280x655.png\" alt=\"Perushaku\" width=\"584\" height=\"299\" srcset=\"https:\/\/blogi.eoppimispalvelut.fi\/peppi-ohjeet\/files\/2022\/03\/oppimis-5-1280x655.png 1280w, https:\/\/blogi.eoppimispalvelut.fi\/peppi-ohjeet\/files\/2022\/03\/oppimis-5-600x307.png 600w, https:\/\/blogi.eoppimispalvelut.fi\/peppi-ohjeet\/files\/2022\/03\/oppimis-5-768x393.png 768w, https:\/\/blogi.eoppimispalvelut.fi\/peppi-ohjeet\/files\/2022\/03\/oppimis-5-1536x786.png 1536w, https:\/\/blogi.eoppimispalvelut.fi\/peppi-ohjeet\/files\/2022\/03\/oppimis-5-500x256.png 500w, https:\/\/blogi.eoppimispalvelut.fi\/peppi-ohjeet\/files\/2022\/03\/oppimis-5.png 2000w\" sizes=\"auto, (max-width: 584px) 100vw, 584px\" \/><\/a><p id=\"caption-attachment-5772\" class=\"wp-caption-text\">Klikkaa kuvaa suuremmaksi<\/p><\/div>\n<p>Peruhaun kautta saat my\u00f6s tuotettua erilaisia raportteja ja todistuksia, halutessasi kerrallaan my\u00f6s useammalle opiskelijalle. Suorita haluttu haku ja valitse opiskelijat t\u00e4pp\u00e4\u00e4m\u00e4ll\u00e4. Voit my\u00f6s valita, haluatko raportit erillisille tiedostoille, opiskelijakohtaisille tiedostoille tai kaikki tiedot yhdelle tiedostolle.<\/p>\n<div id=\"attachment_5773\" style=\"width: 594px\" class=\"wp-caption alignnone\"><a href=\"https:\/\/blogi.eoppimispalvelut.fi\/peppi-ohjeet\/files\/2022\/03\/oppimis-6.png\"><img loading=\"lazy\" decoding=\"async\" aria-describedby=\"caption-attachment-5773\" class=\"size-large wp-image-5773\" src=\"https:\/\/blogi.eoppimispalvelut.fi\/peppi-ohjeet\/files\/2022\/03\/oppimis-6-1280x495.png\" alt=\"Perushaku\" width=\"584\" height=\"226\" srcset=\"https:\/\/blogi.eoppimispalvelut.fi\/peppi-ohjeet\/files\/2022\/03\/oppimis-6-1280x495.png 1280w, https:\/\/blogi.eoppimispalvelut.fi\/peppi-ohjeet\/files\/2022\/03\/oppimis-6-600x232.png 600w, https:\/\/blogi.eoppimispalvelut.fi\/peppi-ohjeet\/files\/2022\/03\/oppimis-6-768x297.png 768w, https:\/\/blogi.eoppimispalvelut.fi\/peppi-ohjeet\/files\/2022\/03\/oppimis-6-1536x594.png 1536w, https:\/\/blogi.eoppimispalvelut.fi\/peppi-ohjeet\/files\/2022\/03\/oppimis-6-500x194.png 500w, https:\/\/blogi.eoppimispalvelut.fi\/peppi-ohjeet\/files\/2022\/03\/oppimis-6.png 1832w\" sizes=\"auto, (max-width: 584px) 100vw, 584px\" \/><\/a><p id=\"caption-attachment-5773\" class=\"wp-caption-text\">Klikkaa kuvaa suuremmaksi<\/p><\/div>\n<p>Perushaun kautta voi lis\u00e4ksi massamuokata opiskelijoiden opiskeluoikeuden tietoja, lis\u00e4t\u00e4 todistusmerkint\u00f6j\u00e4 tai hakea opiskelijoiden s\u00e4hk\u00f6postiosoitteita nopeasti yhteen n\u00e4kym\u00e4\u00e4n. Tee ensin haku ja valitse halutut opiskelijat t\u00e4pp\u00e4\u00e4m\u00e4ll\u00e4. Tyhjenn\u00e4-painike poistaa valitut opiskelijat.<\/p>\n<p>Lis\u00e4tietoja todistusmerkinn\u00f6ist\u00e4 <a href=\"https:\/\/blogi.eoppimispalvelut.fi\/peppi-ohjeet\/oppimis-ja-ohjauspalvelut\/todistusmerkinnat\/\">t\u00e4\u00e4lt\u00e4.<\/a><\/p>\n<p>&nbsp;<\/p>\n<hr \/>\n<p>Takaisin\u00a0<a href=\"https:\/\/blogi.eoppimispalvelut.fi\/peppi-ohjeet\/oppimis-ja-ohjauspalvelut\/\">Oppimis- ja ohjauspalveluiden<\/a>\u00a0\u2013 sivulle<\/p>\n","protected":false},"excerpt":{"rendered":"<p>Kirjaudu Korkeakoulupalveluiden ty\u00f6p\u00f6yd\u00e4lle. P\u00e4\u00e4set opiskeluoikeushakuun yl\u00e4valikon \u201dOpiskelijat\u201d-valikosta tai etusivun Opiskelijoiden hallinta -kuvakkeen kautta. Perushaussa voit hakea opiskelijaa tai opiskelijoita eri hakuehdoilla. Voit my\u00f6s tallentaa tekem\u00e4si haut, jolloin niit\u00e4 voi k\u00e4tev\u00e4sti hy\u00f6dynt\u00e4\u00e4 my\u00f6hemmin. Tallennetut haut n\u00e4kyv\u00e4t hakuvaihtoehtojen vasemmalla puolella. Voit my\u00f6s &hellip; <a href=\"https:\/\/blogi.eoppimispalvelut.fi\/peppi-ohjeet\/oppimis-ja-ohjauspalvelut\/perushaku\/\">Continue reading <span class=\"meta-nav\">&rarr;<\/span><\/a><\/p>\n","protected":false},"author":2214,"featured_media":0,"parent":211,"menu_order":0,"comment_status":"closed","ping_status":"closed","template":"","meta":{"_monsterinsights_skip_tracking":false,"_monsterinsights_sitenote_active":false,"_monsterinsights_sitenote_note":"","_monsterinsights_sitenote_category":0,"footnotes":""},"class_list":["post-2204","page","type-page","status-publish","hentry"],"_links":{"self":[{"href":"https:\/\/blogi.eoppimispalvelut.fi\/peppi-ohjeet\/wp-json\/wp\/v2\/pages\/2204","targetHints":{"allow":["GET"]}}],"collection":[{"href":"https:\/\/blogi.eoppimispalvelut.fi\/peppi-ohjeet\/wp-json\/wp\/v2\/pages"}],"about":[{"href":"https:\/\/blogi.eoppimispalvelut.fi\/peppi-ohjeet\/wp-json\/wp\/v2\/types\/page"}],"author":[{"embeddable":true,"href":"https:\/\/blogi.eoppimispalvelut.fi\/peppi-ohjeet\/wp-json\/wp\/v2\/users\/2214"}],"replies":[{"embeddable":true,"href":"https:\/\/blogi.eoppimispalvelut.fi\/peppi-ohjeet\/wp-json\/wp\/v2\/comments?post=2204"}],"version-history":[{"count":7,"href":"https:\/\/blogi.eoppimispalvelut.fi\/peppi-ohjeet\/wp-json\/wp\/v2\/pages\/2204\/revisions"}],"predecessor-version":[{"id":5774,"href":"https:\/\/blogi.eoppimispalvelut.fi\/peppi-ohjeet\/wp-json\/wp\/v2\/pages\/2204\/revisions\/5774"}],"up":[{"embeddable":true,"href":"https:\/\/blogi.eoppimispalvelut.fi\/peppi-ohjeet\/wp-json\/wp\/v2\/pages\/211"}],"wp:attachment":[{"href":"https:\/\/blogi.eoppimispalvelut.fi\/peppi-ohjeet\/wp-json\/wp\/v2\/media?parent=2204"}],"curies":[{"name":"wp","href":"https:\/\/api.w.org\/{rel}","templated":true}]}}