{"id":2206,"date":"2020-04-24T10:17:48","date_gmt":"2020-04-24T07:17:48","guid":{"rendered":"https:\/\/blogi.eoppimispalvelut.fi\/peppi-ohjeet\/?page_id=2206"},"modified":"2022-03-07T14:17:47","modified_gmt":"2022-03-07T12:17:47","slug":"rakenteinen-haku","status":"publish","type":"page","link":"https:\/\/blogi.eoppimispalvelut.fi\/peppi-ohjeet\/oppimis-ja-ohjauspalvelut\/rakenteinen-haku\/","title":{"rendered":"Rakenteinen haku"},"content":{"rendered":"<div id=\"attachment_3382\" class=\"wp-caption alignnone\">\n<p><a href=\"https:\/\/blogi.eoppimispalvelut.fi\/peppi-ohjeet\/files\/2020\/06\/korkeakoulupalvelut.png\" data-slb-active=\"1\" data-slb-asset=\"2019489703\" data-slb-internal=\"0\" data-slb-group=\"2204\"><img loading=\"lazy\" decoding=\"async\" class=\"size-large wp-image-3382\" src=\"https:\/\/blogi.eoppimispalvelut.fi\/peppi-ohjeet\/files\/2020\/06\/korkeakoulupalvelut-1280x573.png\" alt=\"Opiskeluoikeushaku\" width=\"584\" height=\"261\" aria-describedby=\"caption-attachment-3382\" srcset=\"https:\/\/blogi.eoppimispalvelut.fi\/peppi-ohjeet\/files\/2020\/06\/korkeakoulupalvelut-1280x573.png 1280w, https:\/\/blogi.eoppimispalvelut.fi\/peppi-ohjeet\/files\/2020\/06\/korkeakoulupalvelut-900x403.png 900w, https:\/\/blogi.eoppimispalvelut.fi\/peppi-ohjeet\/files\/2020\/06\/korkeakoulupalvelut-768x344.png 768w, https:\/\/blogi.eoppimispalvelut.fi\/peppi-ohjeet\/files\/2020\/06\/korkeakoulupalvelut-1536x687.png 1536w, https:\/\/blogi.eoppimispalvelut.fi\/peppi-ohjeet\/files\/2020\/06\/korkeakoulupalvelut-500x224.png 500w, https:\/\/blogi.eoppimispalvelut.fi\/peppi-ohjeet\/files\/2020\/06\/korkeakoulupalvelut.png 2000w\" sizes=\"auto, (max-width: 584px) 100vw, 584px\" \/><\/a><\/p>\n<p id=\"caption-attachment-3382\" class=\"wp-caption-text\">Klikkaa kuvaa suuremmaksi<\/p>\n<\/div>\n<p>Kirjaudu Korkeakoulupalveluiden ty\u00f6p\u00f6yd\u00e4lle. P\u00e4\u00e4set opiskeluoikeushakuun yl\u00e4valikon \u201dOpiskelijat\u201d-valikosta tai etusivun Opiskelijoiden hallinta -kuvakkeen kautta.<\/p>\n<div id=\"attachment_5775\" style=\"width: 594px\" class=\"wp-caption alignnone\"><a href=\"https:\/\/blogi.eoppimispalvelut.fi\/peppi-ohjeet\/files\/2022\/03\/oppimis-7.png\"><img loading=\"lazy\" decoding=\"async\" aria-describedby=\"caption-attachment-5775\" class=\"size-large wp-image-5775\" src=\"https:\/\/blogi.eoppimispalvelut.fi\/peppi-ohjeet\/files\/2022\/03\/oppimis-7-1280x577.png\" alt=\"Rakenteinen haku\" width=\"584\" height=\"263\" srcset=\"https:\/\/blogi.eoppimispalvelut.fi\/peppi-ohjeet\/files\/2022\/03\/oppimis-7-1280x577.png 1280w, https:\/\/blogi.eoppimispalvelut.fi\/peppi-ohjeet\/files\/2022\/03\/oppimis-7-600x270.png 600w, https:\/\/blogi.eoppimispalvelut.fi\/peppi-ohjeet\/files\/2022\/03\/oppimis-7-768x346.png 768w, https:\/\/blogi.eoppimispalvelut.fi\/peppi-ohjeet\/files\/2022\/03\/oppimis-7-1536x692.png 1536w, https:\/\/blogi.eoppimispalvelut.fi\/peppi-ohjeet\/files\/2022\/03\/oppimis-7-500x225.png 500w, https:\/\/blogi.eoppimispalvelut.fi\/peppi-ohjeet\/files\/2022\/03\/oppimis-7.png 1775w\" sizes=\"auto, (max-width: 584px) 100vw, 584px\" \/><\/a><p id=\"caption-attachment-5775\" class=\"wp-caption-text\">Klikkaa kuvaa suuremmaksi<\/p><\/div>\n<p>Rakenteisessa haussa voit suorittaa monipuolisempia ja rajatumpia hakuja. Aloita haku lis\u00e4\u00e4m\u00e4ll\u00e4 hakukentt\u00e4. Voit my\u00f6s tallentaa tekem\u00e4si haut, jolloin niit\u00e4 voi k\u00e4tev\u00e4sti hy\u00f6dynt\u00e4\u00e4 my\u00f6hemmin. Tallennetut haut n\u00e4kyv\u00e4t hakuvaihtoehtojen vasemmalla puolella. Voit my\u00f6s halutessasi tyhjent\u00e4\u00e4 kaikki hakuehdot kerralla.<\/p>\n<div id=\"attachment_5771\" style=\"width: 594px\" class=\"wp-caption alignnone\"><a href=\"https:\/\/blogi.eoppimispalvelut.fi\/peppi-ohjeet\/files\/2022\/03\/oppimis-4.png\"><img loading=\"lazy\" decoding=\"async\" aria-describedby=\"caption-attachment-5771\" class=\"size-large wp-image-5771\" src=\"https:\/\/blogi.eoppimispalvelut.fi\/peppi-ohjeet\/files\/2022\/03\/oppimis-4-1280x296.png\" alt=\"Perushaku\" width=\"584\" height=\"135\" srcset=\"https:\/\/blogi.eoppimispalvelut.fi\/peppi-ohjeet\/files\/2022\/03\/oppimis-4-1280x296.png 1280w, https:\/\/blogi.eoppimispalvelut.fi\/peppi-ohjeet\/files\/2022\/03\/oppimis-4-600x139.png 600w, https:\/\/blogi.eoppimispalvelut.fi\/peppi-ohjeet\/files\/2022\/03\/oppimis-4-768x178.png 768w, https:\/\/blogi.eoppimispalvelut.fi\/peppi-ohjeet\/files\/2022\/03\/oppimis-4-1536x355.png 1536w, https:\/\/blogi.eoppimispalvelut.fi\/peppi-ohjeet\/files\/2022\/03\/oppimis-4-500x116.png 500w, https:\/\/blogi.eoppimispalvelut.fi\/peppi-ohjeet\/files\/2022\/03\/oppimis-4.png 1950w\" sizes=\"auto, (max-width: 584px) 100vw, 584px\" \/><\/a><p id=\"caption-attachment-5771\" class=\"wp-caption-text\">Klikkaa kuvaa suuremmaksi<\/p><\/div>\n<p>Saat ei-aktiiviset opiskelijat n\u00e4kyville, kun kohdassa \u201dHae my\u00f6s ei-aktiivisia opiskelijoita\u201d on t\u00e4pp\u00e4. Ei-aktiivinen opiskelija voi olla esimerkiksi valmistunut tai eronnut opiskelija tai opiskelija, jonka opiskeluoikeusaika on p\u00e4\u00e4ttynyt.<\/p>\n<div id=\"attachment_5776\" style=\"width: 594px\" class=\"wp-caption alignnone\"><a href=\"https:\/\/blogi.eoppimispalvelut.fi\/peppi-ohjeet\/files\/2022\/03\/oppimis-8.png\"><img loading=\"lazy\" decoding=\"async\" aria-describedby=\"caption-attachment-5776\" class=\"size-large wp-image-5776\" src=\"https:\/\/blogi.eoppimispalvelut.fi\/peppi-ohjeet\/files\/2022\/03\/oppimis-8-1280x655.png\" alt=\"Rakenteinen haku\" width=\"584\" height=\"299\" srcset=\"https:\/\/blogi.eoppimispalvelut.fi\/peppi-ohjeet\/files\/2022\/03\/oppimis-8-1280x655.png 1280w, https:\/\/blogi.eoppimispalvelut.fi\/peppi-ohjeet\/files\/2022\/03\/oppimis-8-600x307.png 600w, https:\/\/blogi.eoppimispalvelut.fi\/peppi-ohjeet\/files\/2022\/03\/oppimis-8-768x393.png 768w, https:\/\/blogi.eoppimispalvelut.fi\/peppi-ohjeet\/files\/2022\/03\/oppimis-8-1536x786.png 1536w, https:\/\/blogi.eoppimispalvelut.fi\/peppi-ohjeet\/files\/2022\/03\/oppimis-8-500x256.png 500w, https:\/\/blogi.eoppimispalvelut.fi\/peppi-ohjeet\/files\/2022\/03\/oppimis-8.png 2000w\" sizes=\"auto, (max-width: 584px) 100vw, 584px\" \/><\/a><p id=\"caption-attachment-5776\" class=\"wp-caption-text\">Klikkaa kuvaa suuremmaksi<\/p><\/div>\n<p>Rakenteisen kautta saat my\u00f6s tuotettua erilaisia raportteja ja todistuksia, halutessasi kerrallaan my\u00f6s useammalle opiskelijalle. Suorita haluttu haku ja valitse opiskelijat t\u00e4pp\u00e4\u00e4m\u00e4ll\u00e4. Voit my\u00f6s valita, haluatko raportit erillisille tiedostoille, opiskelijakohtaisille tiedostoille tai kaikki tiedot yhdelle tiedostolle.<\/p>\n<div id=\"attachment_5777\" style=\"width: 594px\" class=\"wp-caption alignnone\"><a href=\"https:\/\/blogi.eoppimispalvelut.fi\/peppi-ohjeet\/files\/2022\/03\/oppimis-9.png\"><img loading=\"lazy\" decoding=\"async\" aria-describedby=\"caption-attachment-5777\" class=\"size-large wp-image-5777\" src=\"https:\/\/blogi.eoppimispalvelut.fi\/peppi-ohjeet\/files\/2022\/03\/oppimis-9-1280x496.png\" alt=\"Rakenteinen haku\" width=\"584\" height=\"226\" srcset=\"https:\/\/blogi.eoppimispalvelut.fi\/peppi-ohjeet\/files\/2022\/03\/oppimis-9-1280x496.png 1280w, https:\/\/blogi.eoppimispalvelut.fi\/peppi-ohjeet\/files\/2022\/03\/oppimis-9-600x232.png 600w, https:\/\/blogi.eoppimispalvelut.fi\/peppi-ohjeet\/files\/2022\/03\/oppimis-9-768x297.png 768w, https:\/\/blogi.eoppimispalvelut.fi\/peppi-ohjeet\/files\/2022\/03\/oppimis-9-1536x595.png 1536w, https:\/\/blogi.eoppimispalvelut.fi\/peppi-ohjeet\/files\/2022\/03\/oppimis-9-500x194.png 500w, https:\/\/blogi.eoppimispalvelut.fi\/peppi-ohjeet\/files\/2022\/03\/oppimis-9.png 1831w\" sizes=\"auto, (max-width: 584px) 100vw, 584px\" \/><\/a><p id=\"caption-attachment-5777\" class=\"wp-caption-text\">Klikkaa kuvaa suuremmaksi<\/p><\/div>\n<p>Rakenteisen haun kautta voi lis\u00e4ksi massamuokata opiskelijoiden opiskeluoikeuden tietoja, lis\u00e4t\u00e4 todistusmerkint\u00f6j\u00e4 tai hakea opiskelijoiden s\u00e4hk\u00f6postiosoitteita nopeasti yhteen n\u00e4kym\u00e4\u00e4n. Tee ensin haku ja valitse halutut opiskelijat t\u00e4pp\u00e4\u00e4m\u00e4ll\u00e4. Tyhjenn\u00e4-painike poistaa valitut opiskelijat.<\/p>\n<p>Lis\u00e4tietoja todistusmerkinn\u00f6ist\u00e4 <a href=\"https:\/\/blogi.eoppimispalvelut.fi\/peppi-ohjeet\/oppimis-ja-ohjauspalvelut\/todistusmerkinnat\/\">t\u00e4\u00e4lt\u00e4.<\/a><\/p>\n<p><strong>Esimerkkihaku &#8211; Opiskelijalta puuttuu ilmoittautuminen lukuvuodelle<\/strong><\/p>\n<div id=\"attachment_3395\" style=\"width: 1030px\" class=\"wp-caption alignnone\"><a href=\"https:\/\/blogi.eoppimispalvelut.fi\/peppi-ohjeet\/files\/2020\/06\/rakenteinen-haku-2.png\"><img loading=\"lazy\" decoding=\"async\" aria-describedby=\"caption-attachment-3395\" class=\"size-full wp-image-3395\" src=\"https:\/\/blogi.eoppimispalvelut.fi\/peppi-ohjeet\/files\/2020\/06\/rakenteinen-haku-2.png\" alt=\"Rakenteinen haku \" width=\"1020\" height=\"443\" srcset=\"https:\/\/blogi.eoppimispalvelut.fi\/peppi-ohjeet\/files\/2020\/06\/rakenteinen-haku-2.png 1020w, https:\/\/blogi.eoppimispalvelut.fi\/peppi-ohjeet\/files\/2020\/06\/rakenteinen-haku-2-900x391.png 900w, https:\/\/blogi.eoppimispalvelut.fi\/peppi-ohjeet\/files\/2020\/06\/rakenteinen-haku-2-768x334.png 768w, https:\/\/blogi.eoppimispalvelut.fi\/peppi-ohjeet\/files\/2020\/06\/rakenteinen-haku-2-500x217.png 500w\" sizes=\"auto, (max-width: 1020px) 100vw, 1020px\" \/><\/a><p id=\"caption-attachment-3395\" class=\"wp-caption-text\">Klikkaa kuvaa suuremmaksi<\/p><\/div>\n<p>&nbsp;<\/p>\n<p><strong>Esimerkkihaku &#8211; Valmistuneiden poiminta<\/strong><\/p>\n<div id=\"attachment_3396\" style=\"width: 594px\" class=\"wp-caption alignnone\"><a href=\"https:\/\/blogi.eoppimispalvelut.fi\/peppi-ohjeet\/files\/2020\/06\/rakenteinen-haku-3.jpg\"><img loading=\"lazy\" decoding=\"async\" aria-describedby=\"caption-attachment-3396\" class=\"size-large wp-image-3396\" src=\"https:\/\/blogi.eoppimispalvelut.fi\/peppi-ohjeet\/files\/2020\/06\/rakenteinen-haku-3-1280x562.jpg\" alt=\"Rakenteinen haku \" width=\"584\" height=\"256\" srcset=\"https:\/\/blogi.eoppimispalvelut.fi\/peppi-ohjeet\/files\/2020\/06\/rakenteinen-haku-3-1280x562.jpg 1280w, https:\/\/blogi.eoppimispalvelut.fi\/peppi-ohjeet\/files\/2020\/06\/rakenteinen-haku-3-900x395.jpg 900w, https:\/\/blogi.eoppimispalvelut.fi\/peppi-ohjeet\/files\/2020\/06\/rakenteinen-haku-3-768x337.jpg 768w, https:\/\/blogi.eoppimispalvelut.fi\/peppi-ohjeet\/files\/2020\/06\/rakenteinen-haku-3-1536x675.jpg 1536w, https:\/\/blogi.eoppimispalvelut.fi\/peppi-ohjeet\/files\/2020\/06\/rakenteinen-haku-3-500x220.jpg 500w, https:\/\/blogi.eoppimispalvelut.fi\/peppi-ohjeet\/files\/2020\/06\/rakenteinen-haku-3.jpg 1610w\" sizes=\"auto, (max-width: 584px) 100vw, 584px\" \/><\/a><p id=\"caption-attachment-3396\" class=\"wp-caption-text\">Klikkaa kuvaa suuremmaksi<\/p><\/div>\n<p>&nbsp;<\/p>\n<p><strong>Esimerkkihaku &#8211; Opiskelijat, joilla on jokin p\u00e4tevyys<\/strong><\/p>\n<div id=\"attachment_3397\" style=\"width: 594px\" class=\"wp-caption alignnone\"><a href=\"https:\/\/blogi.eoppimispalvelut.fi\/peppi-ohjeet\/files\/2020\/06\/rakenteinen-haku-4.jpg\"><img loading=\"lazy\" decoding=\"async\" aria-describedby=\"caption-attachment-3397\" class=\"size-large wp-image-3397\" src=\"https:\/\/blogi.eoppimispalvelut.fi\/peppi-ohjeet\/files\/2020\/06\/rakenteinen-haku-4-1280x555.jpg\" alt=\"Rakenteinen haku \" width=\"584\" height=\"253\" srcset=\"https:\/\/blogi.eoppimispalvelut.fi\/peppi-ohjeet\/files\/2020\/06\/rakenteinen-haku-4-1280x555.jpg 1280w, https:\/\/blogi.eoppimispalvelut.fi\/peppi-ohjeet\/files\/2020\/06\/rakenteinen-haku-4-900x390.jpg 900w, https:\/\/blogi.eoppimispalvelut.fi\/peppi-ohjeet\/files\/2020\/06\/rakenteinen-haku-4-768x333.jpg 768w, https:\/\/blogi.eoppimispalvelut.fi\/peppi-ohjeet\/files\/2020\/06\/rakenteinen-haku-4-1536x666.jpg 1536w, https:\/\/blogi.eoppimispalvelut.fi\/peppi-ohjeet\/files\/2020\/06\/rakenteinen-haku-4-500x217.jpg 500w, https:\/\/blogi.eoppimispalvelut.fi\/peppi-ohjeet\/files\/2020\/06\/rakenteinen-haku-4.jpg 1704w\" sizes=\"auto, (max-width: 584px) 100vw, 584px\" \/><\/a><p id=\"caption-attachment-3397\" class=\"wp-caption-text\">Klikkaa kuvaa suuremmaksi<\/p><\/div>\n<p>&nbsp;<\/p>\n<p><strong>Esimerkkihaku &#8211; Tutkintotodistusten tulostaminen<\/strong><\/p>\n<div id=\"attachment_3398\" style=\"width: 1290px\" class=\"wp-caption alignnone\"><a href=\"https:\/\/blogi.eoppimispalvelut.fi\/peppi-ohjeet\/files\/2020\/06\/rakenteinen-haku-5.png\"><img loading=\"lazy\" decoding=\"async\" aria-describedby=\"caption-attachment-3398\" class=\"size-full wp-image-3398\" src=\"https:\/\/blogi.eoppimispalvelut.fi\/peppi-ohjeet\/files\/2020\/06\/rakenteinen-haku-5.png\" alt=\"Rakenteinen haku\" width=\"1280\" height=\"318\" srcset=\"https:\/\/blogi.eoppimispalvelut.fi\/peppi-ohjeet\/files\/2020\/06\/rakenteinen-haku-5.png 1280w, https:\/\/blogi.eoppimispalvelut.fi\/peppi-ohjeet\/files\/2020\/06\/rakenteinen-haku-5-900x224.png 900w, https:\/\/blogi.eoppimispalvelut.fi\/peppi-ohjeet\/files\/2020\/06\/rakenteinen-haku-5-768x191.png 768w, https:\/\/blogi.eoppimispalvelut.fi\/peppi-ohjeet\/files\/2020\/06\/rakenteinen-haku-5-500x124.png 500w\" sizes=\"auto, (max-width: 1280px) 100vw, 1280px\" \/><\/a><p id=\"caption-attachment-3398\" class=\"wp-caption-text\">Klikkaa kuvaa suuremmaksi<\/p><\/div>\n<p>&nbsp;<\/p>\n<hr \/>\n<p>Takaisin\u00a0<a href=\"https:\/\/blogi.eoppimispalvelut.fi\/peppi-ohjeet\/oppimis-ja-ohjauspalvelut\/\">Oppimis- ja ohjauspalveluiden<\/a>\u00a0\u2013 sivulle<\/p>\n","protected":false},"excerpt":{"rendered":"<p>Klikkaa kuvaa suuremmaksi Kirjaudu Korkeakoulupalveluiden ty\u00f6p\u00f6yd\u00e4lle. P\u00e4\u00e4set opiskeluoikeushakuun yl\u00e4valikon \u201dOpiskelijat\u201d-valikosta tai etusivun Opiskelijoiden hallinta -kuvakkeen kautta. Rakenteisessa haussa voit suorittaa monipuolisempia ja rajatumpia hakuja. Aloita haku lis\u00e4\u00e4m\u00e4ll\u00e4 hakukentt\u00e4. Voit my\u00f6s tallentaa tekem\u00e4si haut, jolloin niit\u00e4 voi k\u00e4tev\u00e4sti hy\u00f6dynt\u00e4\u00e4 my\u00f6hemmin. Tallennetut &hellip; <a href=\"https:\/\/blogi.eoppimispalvelut.fi\/peppi-ohjeet\/oppimis-ja-ohjauspalvelut\/rakenteinen-haku\/\">Continue reading <span class=\"meta-nav\">&rarr;<\/span><\/a><\/p>\n","protected":false},"author":2214,"featured_media":0,"parent":211,"menu_order":0,"comment_status":"closed","ping_status":"closed","template":"","meta":{"_monsterinsights_skip_tracking":false,"_monsterinsights_sitenote_active":false,"_monsterinsights_sitenote_note":"","_monsterinsights_sitenote_category":0,"footnotes":""},"class_list":["post-2206","page","type-page","status-publish","hentry"],"_links":{"self":[{"href":"https:\/\/blogi.eoppimispalvelut.fi\/peppi-ohjeet\/wp-json\/wp\/v2\/pages\/2206","targetHints":{"allow":["GET"]}}],"collection":[{"href":"https:\/\/blogi.eoppimispalvelut.fi\/peppi-ohjeet\/wp-json\/wp\/v2\/pages"}],"about":[{"href":"https:\/\/blogi.eoppimispalvelut.fi\/peppi-ohjeet\/wp-json\/wp\/v2\/types\/page"}],"author":[{"embeddable":true,"href":"https:\/\/blogi.eoppimispalvelut.fi\/peppi-ohjeet\/wp-json\/wp\/v2\/users\/2214"}],"replies":[{"embeddable":true,"href":"https:\/\/blogi.eoppimispalvelut.fi\/peppi-ohjeet\/wp-json\/wp\/v2\/comments?post=2206"}],"version-history":[{"count":9,"href":"https:\/\/blogi.eoppimispalvelut.fi\/peppi-ohjeet\/wp-json\/wp\/v2\/pages\/2206\/revisions"}],"predecessor-version":[{"id":5778,"href":"https:\/\/blogi.eoppimispalvelut.fi\/peppi-ohjeet\/wp-json\/wp\/v2\/pages\/2206\/revisions\/5778"}],"up":[{"embeddable":true,"href":"https:\/\/blogi.eoppimispalvelut.fi\/peppi-ohjeet\/wp-json\/wp\/v2\/pages\/211"}],"wp:attachment":[{"href":"https:\/\/blogi.eoppimispalvelut.fi\/peppi-ohjeet\/wp-json\/wp\/v2\/media?parent=2206"}],"curies":[{"name":"wp","href":"https:\/\/api.w.org\/{rel}","templated":true}]}}