{"id":2212,"date":"2020-04-24T10:20:14","date_gmt":"2020-04-24T07:20:14","guid":{"rendered":"https:\/\/blogi.eoppimispalvelut.fi\/peppi-ohjeet\/?page_id=2212"},"modified":"2021-06-23T13:49:06","modified_gmt":"2021-06-23T10:49:06","slug":"hyvaksilukuhakemusten-kasittely","status":"publish","type":"page","link":"https:\/\/blogi.eoppimispalvelut.fi\/peppi-ohjeet\/oppimis-ja-ohjauspalvelut\/hyvaksilukuhakemusten-kasittely\/","title":{"rendered":"HOT-hakemusten k\u00e4sittely"},"content":{"rendered":"<p>Katso <a href=\"https:\/\/youtu.be\/9Kh5KxzDHpk\" target=\"_blank\" rel=\"noopener noreferrer\">video<\/a> (tekstityksen saa p\u00e4\u00e4lle [cc]-painikkeesta).<\/p>\n<div id=\"attachment_2252\" style=\"width: 594px\" class=\"wp-caption alignnone\"><a href=\"https:\/\/blogi.eoppimispalvelut.fi\/peppi-ohjeet\/files\/2020\/04\/Opintosuunnittelijat-1.png\"><img loading=\"lazy\" decoding=\"async\" aria-describedby=\"caption-attachment-2252\" class=\"size-large wp-image-2252\" src=\"https:\/\/blogi.eoppimispalvelut.fi\/peppi-ohjeet\/files\/2020\/04\/Opintosuunnittelijat-1-1280x562.png\" alt=\"K\u00e4sittelyn aloittaminen\" width=\"584\" height=\"256\" srcset=\"https:\/\/blogi.eoppimispalvelut.fi\/peppi-ohjeet\/files\/2020\/04\/Opintosuunnittelijat-1-1280x562.png 1280w, https:\/\/blogi.eoppimispalvelut.fi\/peppi-ohjeet\/files\/2020\/04\/Opintosuunnittelijat-1-900x395.png 900w, https:\/\/blogi.eoppimispalvelut.fi\/peppi-ohjeet\/files\/2020\/04\/Opintosuunnittelijat-1-768x337.png 768w, https:\/\/blogi.eoppimispalvelut.fi\/peppi-ohjeet\/files\/2020\/04\/Opintosuunnittelijat-1-1536x674.png 1536w, https:\/\/blogi.eoppimispalvelut.fi\/peppi-ohjeet\/files\/2020\/04\/Opintosuunnittelijat-1-500x219.png 500w, https:\/\/blogi.eoppimispalvelut.fi\/peppi-ohjeet\/files\/2020\/04\/Opintosuunnittelijat-1.png 1791w\" sizes=\"auto, (max-width: 584px) 100vw, 584px\" \/><\/a><p id=\"caption-attachment-2252\" class=\"wp-caption-text\">Klikkaa kuvaa suuremmaksi<\/p><\/div>\n<p>Valitse Opettajan ty\u00f6p\u00f6yd\u00e4lt\u00e4 Arviointi -&gt; Hyv\u00e4ksiluku -&gt; HOT-hakemusten k\u00e4sittely.<\/p>\n<p>&nbsp;<\/p>\n<div id=\"attachment_2253\" style=\"width: 594px\" class=\"wp-caption alignnone\"><a href=\"https:\/\/blogi.eoppimispalvelut.fi\/peppi-ohjeet\/files\/2020\/04\/Opintosuunnittelijat-2.png\"><img loading=\"lazy\" decoding=\"async\" aria-describedby=\"caption-attachment-2253\" class=\"size-large wp-image-2253\" src=\"https:\/\/blogi.eoppimispalvelut.fi\/peppi-ohjeet\/files\/2020\/04\/Opintosuunnittelijat-2-1280x548.png\" alt=\"K\u00e4sittelyn aloittaminen\" width=\"584\" height=\"250\" \/><\/a><p id=\"caption-attachment-2253\" class=\"wp-caption-text\">Klikkaa kuvaa suuremmaksi<\/p><\/div>\n<p>Avatessasi HOT-hakemusten k\u00e4sittelyikkunan, n\u00e4et kaikki k\u00e4sittelyss\u00e4si olevat hakemukset. Aloita k\u00e4sittely valitsemalla K\u00e4sittele.<\/p>\n<p>&nbsp;<\/p>\n<div id=\"attachment_2255\" style=\"width: 594px\" class=\"wp-caption alignnone\"><a href=\"https:\/\/blogi.eoppimispalvelut.fi\/peppi-ohjeet\/files\/2020\/04\/Opintosuunnittelijat-3.png\"><img loading=\"lazy\" decoding=\"async\" aria-describedby=\"caption-attachment-2255\" class=\"size-large wp-image-2255\" src=\"https:\/\/blogi.eoppimispalvelut.fi\/peppi-ohjeet\/files\/2020\/04\/Opintosuunnittelijat-3-1280x646.png\" alt=\"Hakemuksen perustiedot\" width=\"584\" height=\"295\" \/><\/a><p id=\"caption-attachment-2255\" class=\"wp-caption-text\">Klikkaa kuvaa suuremmaksi<\/p><\/div>\n<p>Tarkasta hakemuksen perustiedot. Tarvittaessa voit lis\u00e4t\u00e4\u00a0 hakemukseen liitteen.<\/p>\n<p>&nbsp;<\/p>\n<div id=\"attachment_2256\" style=\"width: 594px\" class=\"wp-caption alignnone\"><a href=\"https:\/\/blogi.eoppimispalvelut.fi\/peppi-ohjeet\/files\/2020\/04\/Opintosuunnittelijat-4.png\"><img loading=\"lazy\" decoding=\"async\" aria-describedby=\"caption-attachment-2256\" class=\"size-large wp-image-2256\" src=\"https:\/\/blogi.eoppimispalvelut.fi\/peppi-ohjeet\/files\/2020\/04\/Opintosuunnittelijat-4-1280x636.png\" alt=\"Hakemuksen k\u00e4sittely\" width=\"584\" height=\"290\" \/><\/a><p id=\"caption-attachment-2256\" class=\"wp-caption-text\">Klikkaa kuvaa suuremmaksi<\/p><\/div>\n<p>Tarkista suorituspaikan tai suorituspaikkojen tiedot. Tarkista my\u00f6s, ett\u00e4 opiskelija on lis\u00e4nnyt tarvittavan liitteen. Avaa liite ja tarkasta sen tiedot. Mik\u00e4li liitteen tiedot vastaavat hakemusta, merkitse liite todennetuksi, valitsemalla Toiminnot, Todenna. Tarkista samalla tavalla kaikki\u00a0 hakemukseen liittyv\u00e4t liitteet.<\/p>\n<p>Merkityt opinnot -ikkunassa n\u00e4et, mihin opintoihin liittyen opiskelija hakee hyv\u00e4ksilukua esitt\u00e4m\u00e4ll\u00e4\u00e4n liitteell\u00e4.<\/p>\n<p>&nbsp;<\/p>\n<div id=\"attachment_2257\" style=\"width: 594px\" class=\"wp-caption alignnone\"><a href=\"https:\/\/blogi.eoppimispalvelut.fi\/peppi-ohjeet\/files\/2020\/04\/Opintosuunnittelijat-5.png\"><img loading=\"lazy\" decoding=\"async\" aria-describedby=\"caption-attachment-2257\" class=\"size-large wp-image-2257\" src=\"https:\/\/blogi.eoppimispalvelut.fi\/peppi-ohjeet\/files\/2020\/04\/Opintosuunnittelijat-5-1280x705.png\" alt=\"Hakemuksen k\u00e4sittely\" width=\"584\" height=\"322\" \/><\/a><p id=\"caption-attachment-2257\" class=\"wp-caption-text\">Klikkaa kuvaa suuremmaksi<\/p><\/div>\n<p>Tarkista hakemuksen tiedot. Mik\u00e4li hakemuksessa on virheit\u00e4 tai puutteita, valitse Palauta-v\u00e4lilehti ja palauta hakemus opiskelijalle korjattavaksi tai t\u00e4ydennett\u00e4v\u00e4ksi. Voit kirjoittaa viestin palautuksen saavalle henkil\u00f6lle tietojen korjaamista tai t\u00e4ydent\u00e4mist\u00e4 varten. Palauta hakemus valitsemalla Tallenna.<\/p>\n<p>&nbsp;<\/p>\n<div id=\"attachment_2258\" style=\"width: 594px\" class=\"wp-caption alignnone\"><a href=\"https:\/\/blogi.eoppimispalvelut.fi\/peppi-ohjeet\/files\/2020\/04\/Opintosuunnittelijat-6.png\"><img loading=\"lazy\" decoding=\"async\" aria-describedby=\"caption-attachment-2258\" class=\"size-large wp-image-2258\" src=\"https:\/\/blogi.eoppimispalvelut.fi\/peppi-ohjeet\/files\/2020\/04\/Opintosuunnittelijat-6-1280x670.png\" alt=\"Hakemuksen k\u00e4sittely\" width=\"584\" height=\"306\" \/><\/a><p id=\"caption-attachment-2258\" class=\"wp-caption-text\">Klikkaa kuvaa suuremmaksi<\/p><\/div>\n<p>Hakemukseen tallentuu tieto lis\u00e4tietopyynn\u00f6st\u00e4 ja l\u00e4hett\u00e4m\u00e4st\u00e4si viestist\u00e4.<\/p>\n<p>&nbsp;<\/p>\n<div id=\"attachment_2259\" style=\"width: 594px\" class=\"wp-caption alignnone\"><a href=\"https:\/\/blogi.eoppimispalvelut.fi\/peppi-ohjeet\/files\/2020\/04\/Opintosuunnittelijat-7.png\"><img loading=\"lazy\" decoding=\"async\" aria-describedby=\"caption-attachment-2259\" class=\"size-large wp-image-2259\" src=\"https:\/\/blogi.eoppimispalvelut.fi\/peppi-ohjeet\/files\/2020\/04\/Opintosuunnittelijat-7-1280x552.png\" alt=\"Hakemuksen k\u00e4sittely\" width=\"584\" height=\"252\" \/><\/a><p id=\"caption-attachment-2259\" class=\"wp-caption-text\">Klikkaa kuvaa suuremmaksi<\/p><\/div>\n<p>Hakemus palautuu opiskelijalle t\u00e4ydennett\u00e4v\u00e4ksi (Palautettu). Opiskelija voi ottaa hakemuksen uudelleen k\u00e4sitelt\u00e4v\u00e4ksi valitsemalla Muokkaa.<\/p>\n<p>&nbsp;<\/p>\n<div id=\"attachment_2260\" style=\"width: 594px\" class=\"wp-caption alignnone\"><a href=\"https:\/\/blogi.eoppimispalvelut.fi\/peppi-ohjeet\/files\/2020\/04\/Opintosuunnittelijat-8.png\"><img loading=\"lazy\" decoding=\"async\" aria-describedby=\"caption-attachment-2260\" class=\"size-large wp-image-2260\" src=\"https:\/\/blogi.eoppimispalvelut.fi\/peppi-ohjeet\/files\/2020\/04\/Opintosuunnittelijat-8-1280x558.png\" alt=\"Hakemuksen k\u00e4sittely\" width=\"584\" height=\"255\" \/><\/a><p id=\"caption-attachment-2260\" class=\"wp-caption-text\">Klikkaa kuvaa suuremmaksi<\/p><\/div>\n<p>Opiskelija p\u00e4\u00e4see muokkaamaan hakemusta valitsemalla Muokkaa (Kyn\u00e4-ikoni).<\/p>\n<p>&nbsp;<\/p>\n<div id=\"attachment_2261\" style=\"width: 594px\" class=\"wp-caption alignnone\"><a href=\"https:\/\/blogi.eoppimispalvelut.fi\/peppi-ohjeet\/files\/2020\/04\/Opintosuunnittelijat-9.png\"><img loading=\"lazy\" decoding=\"async\" aria-describedby=\"caption-attachment-2261\" class=\"size-large wp-image-2261\" src=\"https:\/\/blogi.eoppimispalvelut.fi\/peppi-ohjeet\/files\/2020\/04\/Opintosuunnittelijat-9-1280x703.png\" alt=\"Hakemuksen k\u00e4sittely\" width=\"584\" height=\"321\" \/><\/a><p id=\"caption-attachment-2261\" class=\"wp-caption-text\">Klikkaa kuvaa suuremmaksi<\/p><\/div>\n<p>Avautuvassa ikkunassa opiskelija voi korjata tai t\u00e4ydent\u00e4\u00e4 tietoja. Kun tiedot on\u00a0 korjattu tai t\u00e4ydennetty valitaan Tallenna. Opiskelija voi t\u00e4ss\u00e4 tilassa my\u00f6s muuttaa korvaavuushakemuksen sis\u00e4llytyksesi tai p\u00e4invastoin.<\/p>\n<p>&nbsp;<\/p>\n<div id=\"attachment_2262\" style=\"width: 594px\" class=\"wp-caption alignnone\"><a href=\"https:\/\/blogi.eoppimispalvelut.fi\/peppi-ohjeet\/files\/2020\/04\/Opintosuunnittelijat-19.png\"><img loading=\"lazy\" decoding=\"async\" aria-describedby=\"caption-attachment-2262\" class=\"size-large wp-image-2262\" src=\"https:\/\/blogi.eoppimispalvelut.fi\/peppi-ohjeet\/files\/2020\/04\/Opintosuunnittelijat-19-1280x711.png\" alt=\"Hakemuksen k\u00e4sittely\" width=\"584\" height=\"324\" \/><\/a><p id=\"caption-attachment-2262\" class=\"wp-caption-text\">Klikkaa kuvaa suuremmaksi<\/p><\/div>\n<p>Opiskelija palauttaa hakemuksen valitsemalla Palauta\u00a0 k\u00e4sittelyyn. Opiskelija voi laittaa k\u00e4sittelij\u00e4lle halutessaan vapaan kommentin.<\/p>\n<p>&nbsp;<\/p>\n<div id=\"attachment_2263\" style=\"width: 594px\" class=\"wp-caption alignnone\"><a href=\"https:\/\/blogi.eoppimispalvelut.fi\/peppi-ohjeet\/files\/2020\/04\/Opintosuunnittelijat-10.png\"><img loading=\"lazy\" decoding=\"async\" aria-describedby=\"caption-attachment-2263\" class=\"size-large wp-image-2263\" src=\"https:\/\/blogi.eoppimispalvelut.fi\/peppi-ohjeet\/files\/2020\/04\/Opintosuunnittelijat-10-1280x701.png\" alt=\"Hakemuksen k\u00e4sittely\" width=\"584\" height=\"320\" \/><\/a><p id=\"caption-attachment-2263\" class=\"wp-caption-text\">Klikkaa kuvaa suuremmaksi<\/p><\/div>\n<p>Kun opiskelija on t\u00e4ydent\u00e4nyt tai korjannut hakemuksen tiedot, tulee hakemukselle n\u00e4kyviin opiskelijan k\u00e4sittelij\u00e4lle l\u00e4hett\u00e4m\u00e4 viesti. Tarkasta hakemuksen tiedot. Jos tiedot ovat oikein, siirr\u00e4 hakemus opinto-ohjaajalle valitsemalla K\u00e4sittelyketju tai siirto toiselle. Jos hakemuksessa on edelleen korjattavaa, palauta uudelleen opiskelijalle.<\/p>\n<p>&nbsp;<\/p>\n<div id=\"attachment_2264\" style=\"width: 594px\" class=\"wp-caption alignnone\"><a href=\"https:\/\/blogi.eoppimispalvelut.fi\/peppi-ohjeet\/files\/2020\/04\/Opintosuunnittelijat-11.png\"><img loading=\"lazy\" decoding=\"async\" aria-describedby=\"caption-attachment-2264\" class=\"size-large wp-image-2264\" src=\"https:\/\/blogi.eoppimispalvelut.fi\/peppi-ohjeet\/files\/2020\/04\/Opintosuunnittelijat-11-1280x691.png\" alt=\"Hakemuksen siirt\u00e4minen\" width=\"584\" height=\"315\" \/><\/a><p id=\"caption-attachment-2264\" class=\"wp-caption-text\">Klikkaa kuvaa suuremmaksi<\/p><\/div>\n<p>Valitse uudeksi k\u00e4sittelij\u00e4ksi opinto-ohjaaja. Lis\u00e4\u00e4 halutessasi viesti k\u00e4sittelij\u00e4lle. Klikkaa Tallenna, jolloin hakemus siirtyy opinto-ohjaajalle.<\/p>\n<p>&nbsp;<\/p>\n<hr \/>\n<p>Takaisin\u00a0<a href=\"https:\/\/blogi.eoppimispalvelut.fi\/peppi-ohjeet\/oppimis-ja-ohjauspalvelut\/\">Oppimis- ja ohjauspalvelut sivulle<\/a><\/p>\n","protected":false},"excerpt":{"rendered":"<p>Katso video (tekstityksen saa p\u00e4\u00e4lle [cc]-painikkeesta). Valitse Opettajan ty\u00f6p\u00f6yd\u00e4lt\u00e4 Arviointi -&gt; Hyv\u00e4ksiluku -&gt; HOT-hakemusten k\u00e4sittely. &nbsp; Avatessasi HOT-hakemusten k\u00e4sittelyikkunan, n\u00e4et kaikki k\u00e4sittelyss\u00e4si olevat hakemukset. Aloita k\u00e4sittely valitsemalla K\u00e4sittele. &nbsp; Tarkasta hakemuksen perustiedot. Tarvittaessa voit lis\u00e4t\u00e4\u00a0 hakemukseen liitteen. &nbsp; Tarkista suorituspaikan &hellip; <a href=\"https:\/\/blogi.eoppimispalvelut.fi\/peppi-ohjeet\/oppimis-ja-ohjauspalvelut\/hyvaksilukuhakemusten-kasittely\/\">Continue reading <span class=\"meta-nav\">&rarr;<\/span><\/a><\/p>\n","protected":false},"author":2214,"featured_media":0,"parent":211,"menu_order":0,"comment_status":"closed","ping_status":"closed","template":"","meta":{"_monsterinsights_skip_tracking":false,"_monsterinsights_sitenote_active":false,"_monsterinsights_sitenote_note":"","_monsterinsights_sitenote_category":0,"footnotes":""},"class_list":["post-2212","page","type-page","status-publish","hentry"],"_links":{"self":[{"href":"https:\/\/blogi.eoppimispalvelut.fi\/peppi-ohjeet\/wp-json\/wp\/v2\/pages\/2212","targetHints":{"allow":["GET"]}}],"collection":[{"href":"https:\/\/blogi.eoppimispalvelut.fi\/peppi-ohjeet\/wp-json\/wp\/v2\/pages"}],"about":[{"href":"https:\/\/blogi.eoppimispalvelut.fi\/peppi-ohjeet\/wp-json\/wp\/v2\/types\/page"}],"author":[{"embeddable":true,"href":"https:\/\/blogi.eoppimispalvelut.fi\/peppi-ohjeet\/wp-json\/wp\/v2\/users\/2214"}],"replies":[{"embeddable":true,"href":"https:\/\/blogi.eoppimispalvelut.fi\/peppi-ohjeet\/wp-json\/wp\/v2\/comments?post=2212"}],"version-history":[{"count":9,"href":"https:\/\/blogi.eoppimispalvelut.fi\/peppi-ohjeet\/wp-json\/wp\/v2\/pages\/2212\/revisions"}],"predecessor-version":[{"id":4924,"href":"https:\/\/blogi.eoppimispalvelut.fi\/peppi-ohjeet\/wp-json\/wp\/v2\/pages\/2212\/revisions\/4924"}],"up":[{"embeddable":true,"href":"https:\/\/blogi.eoppimispalvelut.fi\/peppi-ohjeet\/wp-json\/wp\/v2\/pages\/211"}],"wp:attachment":[{"href":"https:\/\/blogi.eoppimispalvelut.fi\/peppi-ohjeet\/wp-json\/wp\/v2\/media?parent=2212"}],"curies":[{"name":"wp","href":"https:\/\/api.w.org\/{rel}","templated":true}]}}