{"id":2227,"date":"2020-04-24T10:23:34","date_gmt":"2020-04-24T07:23:34","guid":{"rendered":"https:\/\/blogi.eoppimispalvelut.fi\/peppi-ohjeet\/?page_id=2227"},"modified":"2022-03-18T14:20:53","modified_gmt":"2022-03-18T12:20:53","slug":"valmistumishakemukset","status":"publish","type":"page","link":"https:\/\/blogi.eoppimispalvelut.fi\/peppi-ohjeet\/oppimis-ja-ohjauspalvelut\/valmistumishakemukset\/","title":{"rendered":"Valmistumishakemukset"},"content":{"rendered":"<p>&nbsp;<\/p>\n<div id=\"attachment_3598\" style=\"width: 594px\" class=\"wp-caption alignnone\"><a href=\"https:\/\/blogi.eoppimispalvelut.fi\/peppi-ohjeet\/files\/2020\/06\/korkeakoulu-46.png\"><img loading=\"lazy\" decoding=\"async\" aria-describedby=\"caption-attachment-3598\" class=\"size-large wp-image-3598\" src=\"https:\/\/blogi.eoppimispalvelut.fi\/peppi-ohjeet\/files\/2020\/06\/korkeakoulu-46-1280x405.png\" alt=\"Valmistumishakemus\" width=\"584\" height=\"185\" srcset=\"https:\/\/blogi.eoppimispalvelut.fi\/peppi-ohjeet\/files\/2020\/06\/korkeakoulu-46-1280x405.png 1280w, https:\/\/blogi.eoppimispalvelut.fi\/peppi-ohjeet\/files\/2020\/06\/korkeakoulu-46-900x285.png 900w, https:\/\/blogi.eoppimispalvelut.fi\/peppi-ohjeet\/files\/2020\/06\/korkeakoulu-46-768x243.png 768w, https:\/\/blogi.eoppimispalvelut.fi\/peppi-ohjeet\/files\/2020\/06\/korkeakoulu-46-1536x486.png 1536w, https:\/\/blogi.eoppimispalvelut.fi\/peppi-ohjeet\/files\/2020\/06\/korkeakoulu-46-500x158.png 500w, https:\/\/blogi.eoppimispalvelut.fi\/peppi-ohjeet\/files\/2020\/06\/korkeakoulu-46.png 1917w\" sizes=\"auto, (max-width: 584px) 100vw, 584px\" \/><\/a><p id=\"caption-attachment-3598\" class=\"wp-caption-text\">Klikkaa kuvaa suuremmaksi<\/p><\/div>\n<p>Opiskelija l\u00f6yt\u00e4\u00e4 valmistumishakemuksen Opiskelijan ty\u00f6p\u00f6yd\u00e4lt\u00e4 Hakemukset-valikosta. Hakemuksen t\u00e4ytt\u00e4minen aloitetaan vastaamalla AVOP-kyselyyn (valmistuvan opiskelijan palautekysely). AVOP-kysely avautuu opiskelijalle vastattavaksi kun:<\/p>\n<ul>\n<li>AMK-tutkinnosta on suoritettu 80%<\/li>\n<li>YAMK-tutkinnosta on suoritettu 50%<\/li>\n<\/ul>\n<p>Tutkintoa voi kuitenkin hakea vasta, kun kaikki opinnot on suoritettu. Luvan tutkinnon hakuun antaa opinto-ohjaaja, kun h\u00e4n on tarkastanut opiskelijan suoritukset ja k\u00e4ynyt valmistumiskeskustelun opiskelijan kanssa.<\/p>\n<p>Opiskelijan haettua tutkintoa, hakemus siirtyy k\u00e4sitelt\u00e4v\u00e4ksi suunnittelijalle. Saapuneista tutkinnonhauista tulee s\u00e4hk\u00f6postiviesti. L\u00f6yd\u00e4t valmistumishakemukset Korkeakoulupalveluiden ty\u00f6p\u00f6yd\u00e4n yl\u00e4valikosta kohdasta Valmistumishakemukset.<\/p>\n<div id=\"attachment_3603\" style=\"width: 594px\" class=\"wp-caption alignnone\"><a href=\"https:\/\/blogi.eoppimispalvelut.fi\/peppi-ohjeet\/files\/2020\/06\/korkeakoulu-50.png\"><img loading=\"lazy\" decoding=\"async\" aria-describedby=\"caption-attachment-3603\" class=\"size-large wp-image-3603\" src=\"https:\/\/blogi.eoppimispalvelut.fi\/peppi-ohjeet\/files\/2020\/06\/korkeakoulu-50-1280x373.png\" alt=\"Valmistumishakemus\" width=\"584\" height=\"170\" srcset=\"https:\/\/blogi.eoppimispalvelut.fi\/peppi-ohjeet\/files\/2020\/06\/korkeakoulu-50-1280x373.png 1280w, https:\/\/blogi.eoppimispalvelut.fi\/peppi-ohjeet\/files\/2020\/06\/korkeakoulu-50-900x262.png 900w, https:\/\/blogi.eoppimispalvelut.fi\/peppi-ohjeet\/files\/2020\/06\/korkeakoulu-50-768x224.png 768w, https:\/\/blogi.eoppimispalvelut.fi\/peppi-ohjeet\/files\/2020\/06\/korkeakoulu-50-1536x447.png 1536w, https:\/\/blogi.eoppimispalvelut.fi\/peppi-ohjeet\/files\/2020\/06\/korkeakoulu-50-500x146.png 500w, https:\/\/blogi.eoppimispalvelut.fi\/peppi-ohjeet\/files\/2020\/06\/korkeakoulu-50.png 1800w\" sizes=\"auto, (max-width: 584px) 100vw, 584px\" \/><\/a><p id=\"caption-attachment-3603\" class=\"wp-caption-text\">Klikkaa kuvaa suuremmaksi<\/p><\/div>\n<p>&nbsp;<\/p>\n<p><em>Valmistumishakemuksen k\u00e4sittely<\/em><\/p>\n<div id=\"attachment_5881\" style=\"width: 594px\" class=\"wp-caption alignnone\"><a href=\"https:\/\/blogi.eoppimispalvelut.fi\/peppi-ohjeet\/files\/2022\/03\/oppimis-49.png\"><img loading=\"lazy\" decoding=\"async\" aria-describedby=\"caption-attachment-5881\" class=\"size-large wp-image-5881\" src=\"https:\/\/blogi.eoppimispalvelut.fi\/peppi-ohjeet\/files\/2022\/03\/oppimis-49-1280x634.png\" alt=\"Valmistumishakemus\" width=\"584\" height=\"289\" srcset=\"https:\/\/blogi.eoppimispalvelut.fi\/peppi-ohjeet\/files\/2022\/03\/oppimis-49-1280x634.png 1280w, https:\/\/blogi.eoppimispalvelut.fi\/peppi-ohjeet\/files\/2022\/03\/oppimis-49-600x297.png 600w, https:\/\/blogi.eoppimispalvelut.fi\/peppi-ohjeet\/files\/2022\/03\/oppimis-49-768x380.png 768w, https:\/\/blogi.eoppimispalvelut.fi\/peppi-ohjeet\/files\/2022\/03\/oppimis-49-1536x761.png 1536w, https:\/\/blogi.eoppimispalvelut.fi\/peppi-ohjeet\/files\/2022\/03\/oppimis-49-500x248.png 500w, https:\/\/blogi.eoppimispalvelut.fi\/peppi-ohjeet\/files\/2022\/03\/oppimis-49.png 1960w\" sizes=\"auto, (max-width: 584px) 100vw, 584px\" \/><\/a><p id=\"caption-attachment-5881\" class=\"wp-caption-text\">Klikkaa kuvaa suuremmaksi<\/p><\/div>\n<p>Avautuvassa n\u00e4kym\u00e4ss\u00e4 voit tarkastella omien hakemusten lis\u00e4ksi my\u00f6s muiden k\u00e4sittelem\u00e4tt\u00f6mi\u00e4 tai k\u00e4siteltyj\u00e4 hakemuksia. N\u00e4kym\u00e4ss\u00e4 n\u00e4kyv\u00e4t ne opiskelijoiden hakemukset, jotka odottavat opiskelijan l\u00e4hett\u00e4mist\u00e4 (violetti status) tai on l\u00e4hetetty suunnittelijan k\u00e4sittelyyn (harmaa status). Yl\u00e4valikon toiminnoista voit my\u00f6s valita, kuinka monta hakemusta yhdell\u00e4 sivulla n\u00e4ytet\u00e4\u00e4n ja selata sivuja.<\/p>\n<div id=\"attachment_5882\" style=\"width: 594px\" class=\"wp-caption alignnone\"><a href=\"https:\/\/blogi.eoppimispalvelut.fi\/peppi-ohjeet\/files\/2022\/03\/oppimis-50.png\"><img loading=\"lazy\" decoding=\"async\" aria-describedby=\"caption-attachment-5882\" class=\"size-large wp-image-5882\" src=\"https:\/\/blogi.eoppimispalvelut.fi\/peppi-ohjeet\/files\/2022\/03\/oppimis-50-1280x471.png\" alt=\"Valmistumishakemus\" width=\"584\" height=\"215\" srcset=\"https:\/\/blogi.eoppimispalvelut.fi\/peppi-ohjeet\/files\/2022\/03\/oppimis-50-1280x471.png 1280w, https:\/\/blogi.eoppimispalvelut.fi\/peppi-ohjeet\/files\/2022\/03\/oppimis-50-600x221.png 600w, https:\/\/blogi.eoppimispalvelut.fi\/peppi-ohjeet\/files\/2022\/03\/oppimis-50-768x282.png 768w, https:\/\/blogi.eoppimispalvelut.fi\/peppi-ohjeet\/files\/2022\/03\/oppimis-50-1536x565.png 1536w, https:\/\/blogi.eoppimispalvelut.fi\/peppi-ohjeet\/files\/2022\/03\/oppimis-50-500x184.png 500w, https:\/\/blogi.eoppimispalvelut.fi\/peppi-ohjeet\/files\/2022\/03\/oppimis-50.png 1876w\" sizes=\"auto, (max-width: 584px) 100vw, 584px\" \/><\/a><p id=\"caption-attachment-5882\" class=\"wp-caption-text\">Klikkaa kuvaa suuremmaksi<\/p><\/div>\n<p>N\u00e4yt\u00e4 kysymykset -toiminnon avulla voit suodattaa hakemuksia siihen tehtyjen merkint\u00f6jen pohjalta.<\/p>\n<div id=\"attachment_5883\" style=\"width: 594px\" class=\"wp-caption alignnone\"><a href=\"https:\/\/blogi.eoppimispalvelut.fi\/peppi-ohjeet\/files\/2022\/03\/oppimis-51.png\"><img loading=\"lazy\" decoding=\"async\" aria-describedby=\"caption-attachment-5883\" class=\"size-large wp-image-5883\" src=\"https:\/\/blogi.eoppimispalvelut.fi\/peppi-ohjeet\/files\/2022\/03\/oppimis-51-1280x151.png\" alt=\"Valmistumishakemus\" width=\"584\" height=\"69\" srcset=\"https:\/\/blogi.eoppimispalvelut.fi\/peppi-ohjeet\/files\/2022\/03\/oppimis-51-1280x151.png 1280w, https:\/\/blogi.eoppimispalvelut.fi\/peppi-ohjeet\/files\/2022\/03\/oppimis-51-600x71.png 600w, https:\/\/blogi.eoppimispalvelut.fi\/peppi-ohjeet\/files\/2022\/03\/oppimis-51-768x91.png 768w, https:\/\/blogi.eoppimispalvelut.fi\/peppi-ohjeet\/files\/2022\/03\/oppimis-51-1536x181.png 1536w, https:\/\/blogi.eoppimispalvelut.fi\/peppi-ohjeet\/files\/2022\/03\/oppimis-51-500x59.png 500w, https:\/\/blogi.eoppimispalvelut.fi\/peppi-ohjeet\/files\/2022\/03\/oppimis-51.png 1694w\" sizes=\"auto, (max-width: 584px) 100vw, 584px\" \/><\/a><p id=\"caption-attachment-5883\" class=\"wp-caption-text\">Klikkaa kuvaa suuremmaksi<\/p><\/div>\n<p>Avaa hakemus -painikkeen kautta saat auki opiskelijan l\u00e4hett\u00e4m\u00e4n hakemuksen. Avautuvassa hakemuksessa voit tarkastella opiskelijan ja opinto-ohjaajan tekemi\u00e4 merkint\u00f6j\u00e4.<\/p>\n<p>Tarvittaessa hakemukselle voi my\u00f6s vaihtaa k\u00e4sittelij\u00e4\u00e4.<\/p>\n<div id=\"attachment_5884\" style=\"width: 594px\" class=\"wp-caption alignnone\"><a href=\"https:\/\/blogi.eoppimispalvelut.fi\/peppi-ohjeet\/files\/2022\/03\/oppimis-52.png\"><img loading=\"lazy\" decoding=\"async\" aria-describedby=\"caption-attachment-5884\" class=\"size-large wp-image-5884\" src=\"https:\/\/blogi.eoppimispalvelut.fi\/peppi-ohjeet\/files\/2022\/03\/oppimis-52-1280x594.png\" alt=\"Valmistumishakemus\" width=\"584\" height=\"271\" srcset=\"https:\/\/blogi.eoppimispalvelut.fi\/peppi-ohjeet\/files\/2022\/03\/oppimis-52-1280x594.png 1280w, https:\/\/blogi.eoppimispalvelut.fi\/peppi-ohjeet\/files\/2022\/03\/oppimis-52-600x278.png 600w, https:\/\/blogi.eoppimispalvelut.fi\/peppi-ohjeet\/files\/2022\/03\/oppimis-52-768x356.png 768w, https:\/\/blogi.eoppimispalvelut.fi\/peppi-ohjeet\/files\/2022\/03\/oppimis-52-1536x713.png 1536w, https:\/\/blogi.eoppimispalvelut.fi\/peppi-ohjeet\/files\/2022\/03\/oppimis-52-500x232.png 500w, https:\/\/blogi.eoppimispalvelut.fi\/peppi-ohjeet\/files\/2022\/03\/oppimis-52.png 1931w\" sizes=\"auto, (max-width: 584px) 100vw, 584px\" \/><\/a><p id=\"caption-attachment-5884\" class=\"wp-caption-text\">Klikkaa kuvaa suuremmaksi<\/p><\/div>\n<p>Hakemuksen vasemmassa laidassa n\u00e4kyv\u00e4t opiskelijat tiedot, jotka tulevat automaattisesti hakemukselle perusrekisterin puolelta. Keskell\u00e4 hakemusta n\u00e4kyv\u00e4t opinto-ohjaajan ja opiskelijan tekem\u00e4t merkinn\u00e4t. Tiedot OK? -laatikon kohdalla suunnittelija valitsee opiskelijalle valmistumisp\u00e4iv\u00e4m\u00e4\u00e4r\u00e4n ja kuittaa yhteystietojen p\u00e4ivityksen Peppiin suoritetuksi. T\u00e4m\u00e4n j\u00e4lkeen suunnittelija voi hyv\u00e4ksy\u00e4 valmistumishakemuksen.<\/p>\n<div id=\"attachment_5885\" style=\"width: 1113px\" class=\"wp-caption alignnone\"><a href=\"https:\/\/blogi.eoppimispalvelut.fi\/peppi-ohjeet\/files\/2022\/03\/oppimis-54.png\"><img loading=\"lazy\" decoding=\"async\" aria-describedby=\"caption-attachment-5885\" class=\"size-full wp-image-5885\" src=\"https:\/\/blogi.eoppimispalvelut.fi\/peppi-ohjeet\/files\/2022\/03\/oppimis-54.png\" alt=\"Valmistumishakemus\" width=\"1103\" height=\"487\" srcset=\"https:\/\/blogi.eoppimispalvelut.fi\/peppi-ohjeet\/files\/2022\/03\/oppimis-54.png 1103w, https:\/\/blogi.eoppimispalvelut.fi\/peppi-ohjeet\/files\/2022\/03\/oppimis-54-600x265.png 600w, https:\/\/blogi.eoppimispalvelut.fi\/peppi-ohjeet\/files\/2022\/03\/oppimis-54-768x339.png 768w, https:\/\/blogi.eoppimispalvelut.fi\/peppi-ohjeet\/files\/2022\/03\/oppimis-54-500x221.png 500w\" sizes=\"auto, (max-width: 1103px) 100vw, 1103px\" \/><\/a><p id=\"caption-attachment-5885\" class=\"wp-caption-text\">Klikkaa kuvaa suuremmaksi<\/p><\/div>\n<p>Opiskelija voi toivoa hakemuksella valmistumisp\u00e4iv\u00e4\u00e4. Suunnittelija voi huomioida valmistumisp\u00e4iv\u00e4toiveen, mutta valmistumisp\u00e4iv\u00e4 tulisi aina merkit\u00e4 tutkinnon my\u00f6nt\u00e4misen p\u00e4iville eli perjantaille (jos perjantai juhlapyh\u00e4, valmistumisp\u00e4iv\u00e4 on torstai). <strong>Valmistumishalukkuus (tavoitevalmistumisp\u00e4iv\u00e4m\u00e4\u00e4r\u00e4)<\/strong> merkit\u00e4\u00e4n opiskelijan tietoihin HOPS-v\u00e4lilehdell\u00e4.<\/p>\n<div id=\"attachment_5886\" style=\"width: 880px\" class=\"wp-caption alignnone\"><a href=\"https:\/\/blogi.eoppimispalvelut.fi\/peppi-ohjeet\/files\/2022\/03\/oppimis-55.png\"><img loading=\"lazy\" decoding=\"async\" aria-describedby=\"caption-attachment-5886\" class=\"size-full wp-image-5886\" src=\"https:\/\/blogi.eoppimispalvelut.fi\/peppi-ohjeet\/files\/2022\/03\/oppimis-55.png\" alt=\"Valmistumishakemus\" width=\"870\" height=\"858\" srcset=\"https:\/\/blogi.eoppimispalvelut.fi\/peppi-ohjeet\/files\/2022\/03\/oppimis-55.png 870w, https:\/\/blogi.eoppimispalvelut.fi\/peppi-ohjeet\/files\/2022\/03\/oppimis-55-600x592.png 600w, https:\/\/blogi.eoppimispalvelut.fi\/peppi-ohjeet\/files\/2022\/03\/oppimis-55-768x757.png 768w, https:\/\/blogi.eoppimispalvelut.fi\/peppi-ohjeet\/files\/2022\/03\/oppimis-55-304x300.png 304w\" sizes=\"auto, (max-width: 870px) 100vw, 870px\" \/><\/a><p id=\"caption-attachment-5886\" class=\"wp-caption-text\">Klikkaa kuvaa suuremmaksi<\/p><\/div>\n<p>Tarkista hakemukselta opiskelijan tekem\u00e4t merkinn\u00e4t. Kiinnit\u00e4 huomiota erityisesti:<\/p>\n<ul>\n<li>Tutkintotodistuksen (paperinen) toimitustapaan<\/li>\n<li>Opiskelijan yhteystietoihin<\/li>\n<\/ul>\n<p>Toimitustapa m\u00e4\u00e4ritt\u00e4\u00e4, tuleeko sinun postittaa paperinen tutkintotodistus opiskelijalle h\u00e4nen asuinosoitteeseensa vai noutaako opiskelija sen opiskelijapalveluista. P\u00e4ivit\u00e4 opiskelijan yhteystietoihin perusrekisterin puolella hakemuksessa mainittu s\u00e4hk\u00f6postiosoite ja puhelinnumero.<\/p>\n<div id=\"attachment_5887\" style=\"width: 964px\" class=\"wp-caption alignnone\"><a href=\"https:\/\/blogi.eoppimispalvelut.fi\/peppi-ohjeet\/files\/2022\/03\/oppimis-56.png\"><img loading=\"lazy\" decoding=\"async\" aria-describedby=\"caption-attachment-5887\" class=\"size-full wp-image-5887\" src=\"https:\/\/blogi.eoppimispalvelut.fi\/peppi-ohjeet\/files\/2022\/03\/oppimis-56.png\" alt=\"Valmistumishakemus\" width=\"954\" height=\"270\" srcset=\"https:\/\/blogi.eoppimispalvelut.fi\/peppi-ohjeet\/files\/2022\/03\/oppimis-56.png 954w, https:\/\/blogi.eoppimispalvelut.fi\/peppi-ohjeet\/files\/2022\/03\/oppimis-56-600x170.png 600w, https:\/\/blogi.eoppimispalvelut.fi\/peppi-ohjeet\/files\/2022\/03\/oppimis-56-768x217.png 768w, https:\/\/blogi.eoppimispalvelut.fi\/peppi-ohjeet\/files\/2022\/03\/oppimis-56-500x142.png 500w\" sizes=\"auto, (max-width: 954px) 100vw, 954px\" \/><\/a><p id=\"caption-attachment-5887\" class=\"wp-caption-text\">Klikkaa kuvaa suuremmaksi<\/p><\/div>\n<p>Hakemuksen lopussa opiskelija voi ottaa kantaa, haluaako h\u00e4n liitty\u00e4 valmistuessaan Lapin AMKin alumnirekisteriin. Mik\u00e4li opiskelija ei erikseen kiell\u00e4 alumniksi liittymist\u00e4, h\u00e4nen tietonsa menev\u00e4t automaattisesti valmistumishakemuksesta alumnirekisteriin. Mik\u00e4li kohdassa &#8220;Ei kiitos, en halua liitty\u00e4 alumniksi&#8221; on keltainen t\u00e4pp\u00e4, opiskelija on kielt\u00e4nyt liittymisen ja h\u00e4nen tietonsa eiv\u00e4t mene rekisteriin. Kun kieltoa ei ole tehty, kohdassa ei n\u00e4y keltaisella tehty\u00e4 valintaa.<\/p>\n<div id=\"attachment_5888\" style=\"width: 605px\" class=\"wp-caption alignnone\"><a href=\"https:\/\/blogi.eoppimispalvelut.fi\/peppi-ohjeet\/files\/2022\/03\/oppimis-57.png\"><img loading=\"lazy\" decoding=\"async\" aria-describedby=\"caption-attachment-5888\" class=\"size-full wp-image-5888\" src=\"https:\/\/blogi.eoppimispalvelut.fi\/peppi-ohjeet\/files\/2022\/03\/oppimis-57.png\" alt=\"Valmistumishakemus\" width=\"595\" height=\"462\" srcset=\"https:\/\/blogi.eoppimispalvelut.fi\/peppi-ohjeet\/files\/2022\/03\/oppimis-57.png 595w, https:\/\/blogi.eoppimispalvelut.fi\/peppi-ohjeet\/files\/2022\/03\/oppimis-57-386x300.png 386w\" sizes=\"auto, (max-width: 595px) 100vw, 595px\" \/><\/a><p id=\"caption-attachment-5888\" class=\"wp-caption-text\">Klikkaa kuvaa suuremmaksi<\/p><\/div>\n<p>Kun suunnittelija on tarkastanut valmistumishakemuksen tiedot ja p\u00e4ivitt\u00e4nyt opiskelijan yhteystiedot Peppiin, h\u00e4n asettaa opiskelijan valmistumisp\u00e4iv\u00e4n ja hyv\u00e4ksyy hakemuksen. T\u00e4st\u00e4 l\u00e4htee tieto opiskelijalle s\u00e4hk\u00f6postitse.<\/p>\n<p><strong>HUOM! T\u00e4m\u00e4n j\u00e4lkeen suunnittelijan tulee viel\u00e4 menn\u00e4 perusrekisterin puolelle opiskelijan tietoihin, HOPS-v\u00e4lilehdelle ja asettaa opiskelijalle valmistumishalukkuus (tavoitevalmistumisp\u00e4iv\u00e4m\u00e4\u00e4r\u00e4). Tieto hakemukselle asetetusta valmistumisp\u00e4iv\u00e4st\u00e4 ei mene Valosta perusrekisteriin vaan valmistumishalukkuus ja valmistuttaminen merkit\u00e4\u00e4n perusrekisterin puolelle erikseen.<\/strong><\/p>\n<p>Ohje valmistumishalukkuuden ja valmistumisp\u00e4iv\u00e4m\u00e4\u00e4r\u00e4n merkitsemiseen l\u00f6ytyy <a href=\"https:\/\/blogi.eoppimispalvelut.fi\/peppi-ohjeet\/oppimis-ja-ohjauspalvelut\/valmistuminen\/\">t\u00e4\u00e4lt\u00e4<\/a>.<\/p>\n<div id=\"attachment_5889\" style=\"width: 594px\" class=\"wp-caption alignnone\"><a href=\"https:\/\/blogi.eoppimispalvelut.fi\/peppi-ohjeet\/files\/2022\/03\/oppimis-58.png\"><img loading=\"lazy\" decoding=\"async\" aria-describedby=\"caption-attachment-5889\" class=\"size-large wp-image-5889\" src=\"https:\/\/blogi.eoppimispalvelut.fi\/peppi-ohjeet\/files\/2022\/03\/oppimis-58-1280x491.png\" alt=\"Valmistumishakemus\" width=\"584\" height=\"224\" srcset=\"https:\/\/blogi.eoppimispalvelut.fi\/peppi-ohjeet\/files\/2022\/03\/oppimis-58-1280x491.png 1280w, https:\/\/blogi.eoppimispalvelut.fi\/peppi-ohjeet\/files\/2022\/03\/oppimis-58-600x230.png 600w, https:\/\/blogi.eoppimispalvelut.fi\/peppi-ohjeet\/files\/2022\/03\/oppimis-58-768x294.png 768w, https:\/\/blogi.eoppimispalvelut.fi\/peppi-ohjeet\/files\/2022\/03\/oppimis-58-1536x589.png 1536w, https:\/\/blogi.eoppimispalvelut.fi\/peppi-ohjeet\/files\/2022\/03\/oppimis-58-500x192.png 500w, https:\/\/blogi.eoppimispalvelut.fi\/peppi-ohjeet\/files\/2022\/03\/oppimis-58.png 1907w\" sizes=\"auto, (max-width: 584px) 100vw, 584px\" \/><\/a><p id=\"caption-attachment-5889\" class=\"wp-caption-text\">Klikkaa kuvaa suuremmaksi<\/p><\/div>\n<p>Hakemus on nyt k\u00e4sitelty loppuun ja siirtyy k\u00e4siteltyihin hakemuksiin. Muutosloki-painikkeen kautta p\u00e4\u00e4set halutessasi tarkastelemaan hakemukseen tehtyjen merkintojen historiatietoja miss\u00e4 vaiheessa tahansa. P\u00e4\u00e4set takaisin aloitusn\u00e4kym\u00e4\u00e4n klikkaamalla Palaa listaukseen.<\/p>\n<p><strong>MUISTA MERKIT\u00c4 OPISKELIJAN VALMISTUMISHALUKKUUS.<\/strong><\/p>\n<p>Valmistumishakemuksen k\u00e4sittelyaika on 1 &#8211; 3 viikkoa.<\/p>\n<div class=\"mceTemp\"><\/div>\n<p><em>Hakemusraportti<\/em><\/p>\n<div id=\"attachment_3615\" style=\"width: 431px\" class=\"wp-caption alignnone\"><a href=\"https:\/\/blogi.eoppimispalvelut.fi\/peppi-ohjeet\/files\/2020\/06\/korkeakoulu-57.png\"><img loading=\"lazy\" decoding=\"async\" aria-describedby=\"caption-attachment-3615\" class=\"size-full wp-image-3615\" src=\"https:\/\/blogi.eoppimispalvelut.fi\/peppi-ohjeet\/files\/2020\/06\/korkeakoulu-57.png\" alt=\"Hakemusraportti\" width=\"421\" height=\"612\" srcset=\"https:\/\/blogi.eoppimispalvelut.fi\/peppi-ohjeet\/files\/2020\/06\/korkeakoulu-57.png 421w, https:\/\/blogi.eoppimispalvelut.fi\/peppi-ohjeet\/files\/2020\/06\/korkeakoulu-57-206x300.png 206w\" sizes=\"auto, (max-width: 421px) 100vw, 421px\" \/><\/a><p id=\"caption-attachment-3615\" class=\"wp-caption-text\">Klikkaa kuvaa suuremmaksi<\/p><\/div>\n<p>Voit halutessasi hakea raportille valmistumishakemusten tietoja. Laita hakuehtoihin aika, milt\u00e4 v\u00e4lilt\u00e4 tiedot haetaan. Raportille saa n\u00e4kyville my\u00f6s tarvittaessa keskener\u00e4isten hakemusten tietoja (t\u00e4pp\u00e4\u00e4 Lis\u00e4\u00e4 keskener\u00e4iset).<\/p>\n<p><strong>HUOM!<\/strong> Jos haluat hakea tietoa, kuinka monta opiskelijaa on valmistunut tiettyn\u00e4 p\u00e4iv\u00e4m\u00e4\u00e4r\u00e4n\u00e4, laita hakuehtoihin alkamisp\u00e4iv\u00e4ksi valmistumista edelt\u00e4v\u00e4 p\u00e4iv\u00e4m\u00e4\u00e4r\u00e4 ja p\u00e4\u00e4ttymisp\u00e4iv\u00e4ksi halutun p\u00e4iv\u00e4m\u00e4\u00e4r\u00e4n j\u00e4lkeinen p\u00e4iv\u00e4.<\/p>\n<p><strong>Esimerkki:<\/strong> Haluan tiet\u00e4\u00e4, kuinka monta opiskelijaa on valmistunut 5.6.2020. T\u00e4ll\u00f6in hakuehdon alkamisp\u00e4iv\u00e4ksi tulee laittaa 4.6.2020 ja p\u00e4\u00e4ttymisp\u00e4iv\u00e4ksi 6.6.2020.<\/p>\n<p>&nbsp;<\/p>\n<hr \/>\n<p>Takaisin\u00a0<a href=\"https:\/\/blogi.eoppimispalvelut.fi\/peppi-ohjeet\/oppimis-ja-ohjauspalvelut\/\">Oppimis- ja ohjauspalveluiden<\/a> sivulle<\/p>\n","protected":false},"excerpt":{"rendered":"<p>&nbsp; Opiskelija l\u00f6yt\u00e4\u00e4 valmistumishakemuksen Opiskelijan ty\u00f6p\u00f6yd\u00e4lt\u00e4 Hakemukset-valikosta. Hakemuksen t\u00e4ytt\u00e4minen aloitetaan vastaamalla AVOP-kyselyyn (valmistuvan opiskelijan palautekysely). AVOP-kysely avautuu opiskelijalle vastattavaksi kun: AMK-tutkinnosta on suoritettu 80% YAMK-tutkinnosta on suoritettu 50% Tutkintoa voi kuitenkin hakea vasta, kun kaikki opinnot on suoritettu. Luvan tutkinnon &hellip; <a href=\"https:\/\/blogi.eoppimispalvelut.fi\/peppi-ohjeet\/oppimis-ja-ohjauspalvelut\/valmistumishakemukset\/\">Continue reading <span class=\"meta-nav\">&rarr;<\/span><\/a><\/p>\n","protected":false},"author":2214,"featured_media":0,"parent":211,"menu_order":0,"comment_status":"closed","ping_status":"closed","template":"","meta":{"_monsterinsights_skip_tracking":false,"_monsterinsights_sitenote_active":false,"_monsterinsights_sitenote_note":"","_monsterinsights_sitenote_category":0,"footnotes":""},"class_list":["post-2227","page","type-page","status-publish","hentry"],"_links":{"self":[{"href":"https:\/\/blogi.eoppimispalvelut.fi\/peppi-ohjeet\/wp-json\/wp\/v2\/pages\/2227","targetHints":{"allow":["GET"]}}],"collection":[{"href":"https:\/\/blogi.eoppimispalvelut.fi\/peppi-ohjeet\/wp-json\/wp\/v2\/pages"}],"about":[{"href":"https:\/\/blogi.eoppimispalvelut.fi\/peppi-ohjeet\/wp-json\/wp\/v2\/types\/page"}],"author":[{"embeddable":true,"href":"https:\/\/blogi.eoppimispalvelut.fi\/peppi-ohjeet\/wp-json\/wp\/v2\/users\/2214"}],"replies":[{"embeddable":true,"href":"https:\/\/blogi.eoppimispalvelut.fi\/peppi-ohjeet\/wp-json\/wp\/v2\/comments?post=2227"}],"version-history":[{"count":20,"href":"https:\/\/blogi.eoppimispalvelut.fi\/peppi-ohjeet\/wp-json\/wp\/v2\/pages\/2227\/revisions"}],"predecessor-version":[{"id":5891,"href":"https:\/\/blogi.eoppimispalvelut.fi\/peppi-ohjeet\/wp-json\/wp\/v2\/pages\/2227\/revisions\/5891"}],"up":[{"embeddable":true,"href":"https:\/\/blogi.eoppimispalvelut.fi\/peppi-ohjeet\/wp-json\/wp\/v2\/pages\/211"}],"wp:attachment":[{"href":"https:\/\/blogi.eoppimispalvelut.fi\/peppi-ohjeet\/wp-json\/wp\/v2\/media?parent=2227"}],"curies":[{"name":"wp","href":"https:\/\/api.w.org\/{rel}","templated":true}]}}