{"id":233,"date":"2020-02-10T10:53:40","date_gmt":"2020-02-10T08:53:40","guid":{"rendered":"https:\/\/blogi.eoppimispalvelut.fi\/peppi-ohjeet\/?page_id=233"},"modified":"2026-01-08T14:04:33","modified_gmt":"2026-01-08T12:04:33","slug":"omat-toteutukset","status":"publish","type":"page","link":"https:\/\/blogi.eoppimispalvelut.fi\/peppi-ohjeet\/opetus_ohjaus\/omat-toteutukset\/","title":{"rendered":"Toteutukset"},"content":{"rendered":"<div id=\"s4-workspace\">\n<div id=\"s4-bodyContainer\">\n<div id=\"mainsection\">\n<div id=\"contentBox\">\n<div class=\"article article-left contentpage\">\n<div id=\"pagemiddle\">\n<div id=\"topleft\">\n<div id=\"pagebtm\">\n<p><strong>Toteutussuunnittelu on osa opetuksen suunnitteluprosessia<\/strong><\/p>\n<p><a href=\"https:\/\/vimeo.com\/395393955\">Katso video<\/a><\/p>\n<\/div>\n<\/div>\n<\/div>\n<\/div>\n<\/div>\n<\/div>\n<\/div>\n<div id=\"attachment_2494\" style=\"width: 594px\" class=\"wp-caption alignnone\"><a href=\"https:\/\/blogi.eoppimispalvelut.fi\/peppi-ohjeet\/opetus_ohjaus\/omat-toteutukset\/toteutussuunnittelu\/\" rel=\"attachment wp-att-2494\"><img loading=\"lazy\" decoding=\"async\" aria-describedby=\"caption-attachment-2494\" class=\"size-large wp-image-2494\" src=\"https:\/\/blogi.eoppimispalvelut.fi\/peppi-ohjeet\/files\/2020\/05\/Toteutussuunnittelu-1280x528.png\" alt=\"Toteutussuunnittelu osana opetuksen suunnitteluprosessia\" width=\"584\" height=\"241\" srcset=\"https:\/\/blogi.eoppimispalvelut.fi\/peppi-ohjeet\/files\/2020\/05\/Toteutussuunnittelu-1280x528.png 1280w, https:\/\/blogi.eoppimispalvelut.fi\/peppi-ohjeet\/files\/2020\/05\/Toteutussuunnittelu-900x371.png 900w, https:\/\/blogi.eoppimispalvelut.fi\/peppi-ohjeet\/files\/2020\/05\/Toteutussuunnittelu-768x317.png 768w, https:\/\/blogi.eoppimispalvelut.fi\/peppi-ohjeet\/files\/2020\/05\/Toteutussuunnittelu-1536x634.png 1536w, https:\/\/blogi.eoppimispalvelut.fi\/peppi-ohjeet\/files\/2020\/05\/Toteutussuunnittelu-500x206.png 500w, https:\/\/blogi.eoppimispalvelut.fi\/peppi-ohjeet\/files\/2020\/05\/Toteutussuunnittelu.png 1731w\" sizes=\"auto, (max-width: 584px) 100vw, 584px\" \/><\/a><p id=\"caption-attachment-2494\" class=\"wp-caption-text\">Klikkaa kuva suuremmaksi<\/p><\/div>\n<p>Toteutussuunnitelmat laaditaan Lapin ammattikorkeakoulun vuosikellon mukaisesti seuraavasti:<\/p>\n<ul>\n<li>Syksyn toteutussuunnitelmat laaditaan vko 4 \u2013 12 ja julkaistaan viikolla 13<\/li>\n<li>Kev\u00e4\u00e4n toteutussuunnitelmat laaditaan vko 32 \u2013 39 ja julkaistaan viikolla 40<\/li>\n<\/ul>\n<p>&nbsp;<\/p>\n<p><strong>Opetuksen suunnitteluprosessin vaiheet<\/strong><\/p>\n<div id=\"s4-bodyContainer\">\n<div id=\"mainsection\">\n<div id=\"contentBox\">\n<div class=\"article article-left contentpage\">\n<div id=\"pagemiddle\">\n<div id=\"topleft\">\n<p><a href=\"https:\/\/blogi.eoppimispalvelut.fi\/peppi-ohjeet\/opetus_ohjaus\/omat-toteutukset\/toteutuksen-prosessi\/\" rel=\"attachment wp-att-1295\"><img loading=\"lazy\" decoding=\"async\" class=\"alignnone size-large wp-image-1295\" src=\"https:\/\/blogi.eoppimispalvelut.fi\/peppi-ohjeet\/files\/2020\/03\/Toteutuksen-prosessi-1280x852.png\" alt=\"Toteutusprosessi\" width=\"584\" height=\"389\" srcset=\"https:\/\/blogi.eoppimispalvelut.fi\/peppi-ohjeet\/files\/2020\/03\/Toteutuksen-prosessi-1280x852.png 1280w, https:\/\/blogi.eoppimispalvelut.fi\/peppi-ohjeet\/files\/2020\/03\/Toteutuksen-prosessi-900x599.png 900w, https:\/\/blogi.eoppimispalvelut.fi\/peppi-ohjeet\/files\/2020\/03\/Toteutuksen-prosessi-768x511.png 768w, https:\/\/blogi.eoppimispalvelut.fi\/peppi-ohjeet\/files\/2020\/03\/Toteutuksen-prosessi-1536x1022.png 1536w, https:\/\/blogi.eoppimispalvelut.fi\/peppi-ohjeet\/files\/2020\/03\/Toteutuksen-prosessi-451x300.png 451w, https:\/\/blogi.eoppimispalvelut.fi\/peppi-ohjeet\/files\/2020\/03\/Toteutuksen-prosessi.png 1578w\" sizes=\"auto, (max-width: 584px) 100vw, 584px\" \/><\/a><\/p>\n<div id=\"pagebtm\">\n<ul>\n<li>Opintojaksoista tehd\u00e4\u00e4n opintojakso<strong>toteutus<\/strong> eri aikoina tapahtuvaa opetusta varten.<\/li>\n<li>Toteutuksen laatimista ohjaa opetussuunnitelma, jossa on kuvattuna opetussuunnitelman osaamistavoitteet, rakenne, opintokokonaisuudet ja opintojaksot. Opintojaksojen osalta kuvataan opintojakson osaamistavoitteet sek\u00e4 arviointikriteerit osaamistavoitteittain.<\/li>\n<li>Vuosisuunnittelun yhteydess\u00e4 osaamisp\u00e4\u00e4llikk\u00f6 kiinnitt\u00e4\u00e4 toteutuksen periodille ja luo toteutuksen. T\u00e4m\u00e4n j\u00e4lkeen osaamisp\u00e4\u00e4llikk\u00f6 kiinnitt\u00e4\u00e4 toteutukselle opettajat. Opettaja voi yll\u00e4pit\u00e4\u00e4 niit\u00e4 opintojaksototeutuksia, joihin h\u00e4net on kiinnitetty.<\/li>\n<li>Osaamisp\u00e4\u00e4llikk\u00f6 julkaisee toteutuksen opettajalle\/opettajatiimille, jonka j\u00e4lkeen opettajat voivat t\u00e4ydent\u00e4\u00e4 toteutuksen tiedot, opetusryhm\u00e4t, oppimisymp\u00e4rist\u00f6t sek\u00e4 toteutuksen osat.<\/li>\n<li>Opettajat lis\u00e4\u00e4v\u00e4t toteutukselle sovitun ajoituksen sek\u00e4 tallentavat rytmitys- ja tilatoiveet lukuj\u00e4rjestyksen tekij\u00e4\u00e4 varten.<\/li>\n<li>Osaamisp\u00e4\u00e4llikk\u00f6 julkaisee toteutukset.<\/li>\n<li>Opiskelijat ilmoittautuvat toteutukselle (ilmoittautumisaika alkaa julkaisusta ja p\u00e4\u00e4ttyy vuorokautta ennen toteutuksen alkua). Opettajat hyv\u00e4ksyv\u00e4t ilmoittautumiset. Opiskelijat n\u00e4kev\u00e4t lukuj\u00e4rjestyksiss\u00e4\u00e4n vain ne toteutukset, joille he ovat ilmoittautuneet. Opiskelijan Outlook-kalenteriin siirtyv\u00e4t vain ne toteutukset, joiden ilmoittautuminen on hyv\u00e4ksytty!<\/li>\n<li>Tarkennettu toteutuksen kuvaus ja eteneminen luodaan Moodleen. Moodlen arviointikirjaa k\u00e4ytet\u00e4\u00e4n toteutuksen j\u00e4sent\u00e4misess\u00e4 ja suoritusten tietojen tallentamiseksi.<\/li>\n<li>Opettaja tallentaa opiskelijan suorituksen Peppiin. Mik\u00e4li toteutuksella on osia, vastuuopettaja huolehtii, ett\u00e4 toteutuksen kokonaisarviointi on tehty.<\/li>\n<\/ul>\n<p>&nbsp;<\/p>\n<hr \/>\n<p>Takaisin <a href=\"https:\/\/blogi.eoppimispalvelut.fi\/peppi-ohjeet\/opetus_ohjaus\/\">Opetus ja ohjaus -sivulle<\/a><\/p>\n<\/div>\n<\/div>\n<\/div>\n<\/div>\n<\/div>\n<\/div>\n<\/div>\n<\/div>\n","protected":false},"excerpt":{"rendered":"<p>Toteutussuunnittelu on osa opetuksen suunnitteluprosessia Katso video Toteutussuunnitelmat laaditaan Lapin ammattikorkeakoulun vuosikellon mukaisesti seuraavasti: Syksyn toteutussuunnitelmat laaditaan vko 4 \u2013 12 ja julkaistaan viikolla 13 Kev\u00e4\u00e4n toteutussuunnitelmat laaditaan vko 32 \u2013 39 ja julkaistaan viikolla 40 &nbsp; Opetuksen suunnitteluprosessin vaiheet &hellip; <a href=\"https:\/\/blogi.eoppimispalvelut.fi\/peppi-ohjeet\/opetus_ohjaus\/omat-toteutukset\/\">Continue reading <span class=\"meta-nav\">&rarr;<\/span><\/a><\/p>\n","protected":false},"author":6,"featured_media":0,"parent":2,"menu_order":0,"comment_status":"closed","ping_status":"closed","template":"","meta":{"_monsterinsights_skip_tracking":false,"_monsterinsights_sitenote_active":false,"_monsterinsights_sitenote_note":"","_monsterinsights_sitenote_category":0,"footnotes":""},"class_list":["post-233","page","type-page","status-publish","hentry"],"_links":{"self":[{"href":"https:\/\/blogi.eoppimispalvelut.fi\/peppi-ohjeet\/wp-json\/wp\/v2\/pages\/233","targetHints":{"allow":["GET"]}}],"collection":[{"href":"https:\/\/blogi.eoppimispalvelut.fi\/peppi-ohjeet\/wp-json\/wp\/v2\/pages"}],"about":[{"href":"https:\/\/blogi.eoppimispalvelut.fi\/peppi-ohjeet\/wp-json\/wp\/v2\/types\/page"}],"author":[{"embeddable":true,"href":"https:\/\/blogi.eoppimispalvelut.fi\/peppi-ohjeet\/wp-json\/wp\/v2\/users\/6"}],"replies":[{"embeddable":true,"href":"https:\/\/blogi.eoppimispalvelut.fi\/peppi-ohjeet\/wp-json\/wp\/v2\/comments?post=233"}],"version-history":[{"count":38,"href":"https:\/\/blogi.eoppimispalvelut.fi\/peppi-ohjeet\/wp-json\/wp\/v2\/pages\/233\/revisions"}],"predecessor-version":[{"id":7311,"href":"https:\/\/blogi.eoppimispalvelut.fi\/peppi-ohjeet\/wp-json\/wp\/v2\/pages\/233\/revisions\/7311"}],"up":[{"embeddable":true,"href":"https:\/\/blogi.eoppimispalvelut.fi\/peppi-ohjeet\/wp-json\/wp\/v2\/pages\/2"}],"wp:attachment":[{"href":"https:\/\/blogi.eoppimispalvelut.fi\/peppi-ohjeet\/wp-json\/wp\/v2\/media?parent=233"}],"curies":[{"name":"wp","href":"https:\/\/api.w.org\/{rel}","templated":true}]}}