{"id":251,"date":"2020-02-10T12:27:08","date_gmt":"2020-02-10T10:27:08","guid":{"rendered":"https:\/\/blogi.eoppimispalvelut.fi\/peppi-ohjeet\/?page_id=251"},"modified":"2024-07-04T16:17:57","modified_gmt":"2024-07-04T13:17:57","slug":"oppimisymparistot","status":"publish","type":"page","link":"https:\/\/blogi.eoppimispalvelut.fi\/peppi-ohjeet\/opetus_ohjaus\/omat-toteutukset\/oppimisymparistot\/","title":{"rendered":"Oppimisymp\u00e4rist\u00f6t"},"content":{"rendered":"<p><strong>Moodle-oppimisymp\u00e4rist\u00f6n luominen Pepiss\u00e4<\/strong><\/p>\n<ul>\n<li>Voit luoda toteutuksellesi oppimisymp\u00e4rist\u00f6n Moodleen Pepiss\u00e4 toteutussuunnittelun yhteydess\u00e4<\/li>\n<li>Oppimisymp\u00e4rist\u00f6 tehd\u00e4\u00e4n toteutussuunnitelman Oppimisymp\u00e4rist\u00f6t-v\u00e4lilehdell\u00e4<\/li>\n<li>Moodlen ty\u00f6tilan perustamista varten tulee toteutusaika asettaa oikein<\/li>\n<li>Toteutuksella tulee olla suomenkielinen ja englanninkielinen nimi<\/li>\n<li>Moodlen ty\u00f6tilan nimi muodostuu toteutuksen nimest\u00e4 toteutukselle kirjatun opetuskielen mukaisesti. Jos toteutukselle ei ole kirjattu opetuskielt\u00e4, Moodleen ei muodostu ty\u00f6tilaa.<\/li>\n<li>Ty\u00f6tila syntyy Moodleen heti, mutta p\u00e4\u00e4set muokkaamaan sit\u00e4 opettajan oikeuksin 4 tunnin sis\u00e4ll\u00e4.<\/li>\n<li>Oppimisymp\u00e4rist\u00f6n luomisen j\u00e4lkeen toteutukselle lis\u00e4tyt toiset opettajat siirtyv\u00e4t Moodle-ty\u00f6tilan opettajiksi 4 tunnin sis\u00e4ll\u00e4.<\/li>\n<li>Opiskelijoiden ilmoittautuminen t\u00e4ytyy olla hyv\u00e4ksytty, jotta opiskelijat siirtyv\u00e4t ty\u00f6tilaan<\/li>\n<li>Opiskelijat siirtyv\u00e4t toteutuksen Moodle-ymp\u00e4rist\u00f6\u00f6n kuusi vuorokautta ennen toteutuksen alkua<\/li>\n<li>Mik\u00e4li opiskelija ilmoittautuu Pepiss\u00e4 toteutuksen jo k\u00e4ynnistytty\u00e4 ja opettaja hyv\u00e4ksyy h\u00e4net, tulee Moodle-ty\u00f6tila opiskelijalle n\u00e4kyviin 4 tunnin sis\u00e4ll\u00e4 hyv\u00e4ksynn\u00e4st\u00e4 Moodleen ty\u00f6tilojen yhteenveto n\u00e4kym\u00e4\u00e4n.<\/li>\n<\/ul>\n<div id=\"attachment_6842\" style=\"width: 594px\" class=\"wp-caption alignnone\"><a href=\"https:\/\/blogi.eoppimispalvelut.fi\/peppi-ohjeet\/files\/2024\/07\/Oppimisympariston-lisaaminen.png\" rel=\"attachment wp-att-3950\"><img loading=\"lazy\" decoding=\"async\" aria-describedby=\"caption-attachment-6842\" class=\"wp-image-6842 size-large\" src=\"https:\/\/blogi.eoppimispalvelut.fi\/peppi-ohjeet\/files\/2024\/07\/Oppimisympariston-lisaaminen-1280x776.png\" alt=\"Oppimisymp\u00e4rist\u00f6n lis\u00e4\u00e4minen\" width=\"584\" height=\"354\" srcset=\"https:\/\/blogi.eoppimispalvelut.fi\/peppi-ohjeet\/files\/2024\/07\/Oppimisympariston-lisaaminen-1280x776.png 1280w, https:\/\/blogi.eoppimispalvelut.fi\/peppi-ohjeet\/files\/2024\/07\/Oppimisympariston-lisaaminen-600x364.png 600w, https:\/\/blogi.eoppimispalvelut.fi\/peppi-ohjeet\/files\/2024\/07\/Oppimisympariston-lisaaminen-768x466.png 768w, https:\/\/blogi.eoppimispalvelut.fi\/peppi-ohjeet\/files\/2024\/07\/Oppimisympariston-lisaaminen-1536x931.png 1536w, https:\/\/blogi.eoppimispalvelut.fi\/peppi-ohjeet\/files\/2024\/07\/Oppimisympariston-lisaaminen-2048x1242.png 2048w, https:\/\/blogi.eoppimispalvelut.fi\/peppi-ohjeet\/files\/2024\/07\/Oppimisympariston-lisaaminen-495x300.png 495w\" sizes=\"auto, (max-width: 584px) 100vw, 584px\" \/><\/a><p id=\"caption-attachment-6842\" class=\"wp-caption-text\">Klikkaa kuvaa suuremmaksi<\/p><\/div>\n<p>Valitse Moodle ja Tallenna.<\/p>\n<div id=\"attachment_6843\" style=\"width: 830px\" class=\"wp-caption alignnone\"><a href=\"https:\/\/blogi.eoppimispalvelut.fi\/peppi-ohjeet\/files\/2024\/07\/Moodle-linkin-luominen.png\" rel=\"attachment wp-att-3955\"><img loading=\"lazy\" decoding=\"async\" aria-describedby=\"caption-attachment-6843\" class=\"wp-image-6843 size-full\" src=\"https:\/\/blogi.eoppimispalvelut.fi\/peppi-ohjeet\/files\/2024\/07\/Moodle-linkin-luominen.png\" alt=\"Moodle-linkin luominen\" width=\"820\" height=\"196\" srcset=\"https:\/\/blogi.eoppimispalvelut.fi\/peppi-ohjeet\/files\/2024\/07\/Moodle-linkin-luominen.png 820w, https:\/\/blogi.eoppimispalvelut.fi\/peppi-ohjeet\/files\/2024\/07\/Moodle-linkin-luominen-600x143.png 600w, https:\/\/blogi.eoppimispalvelut.fi\/peppi-ohjeet\/files\/2024\/07\/Moodle-linkin-luominen-768x184.png 768w, https:\/\/blogi.eoppimispalvelut.fi\/peppi-ohjeet\/files\/2024\/07\/Moodle-linkin-luominen-500x120.png 500w\" sizes=\"auto, (max-width: 820px) 100vw, 820px\" \/><\/a><p id=\"caption-attachment-6843\" class=\"wp-caption-text\">Klikkaa kuvaa suuremmaksi<\/p><\/div>\n<p>Moodle-ty\u00f6tilan linkki tulee n\u00e4kyviin Linkin osoite -otsikon alle ja linkist\u00e4 p\u00e4\u00e4see juuri luotuun Moodle-ty\u00f6tilaan.<\/p>\n<p>&nbsp;<\/p>\n<p><strong>Linkin lis\u00e4\u00e4minen Oppimisymp\u00e4rist\u00f6t-sivulle<\/strong><\/p>\n<p>Katso <a href=\"https:\/\/youtu.be\/TtS4hzF4LAA\" target=\"_blank\" rel=\"noopener noreferrer\">video<\/a> (tekstityksen saa p\u00e4\u00e4lle [cc]-painikkeesta).<\/p>\n<p>Toteutukselle voidaan liitt\u00e4\u00e4 tietoja k\u00e4ytett\u00e4vist\u00e4 oppimisymp\u00e4rist\u00f6ist\u00e4 esim. Moodle-ymp\u00e4rist\u00f6st\u00e4 lis\u00e4\u00e4m\u00e4ll\u00e4 linkki ymp\u00e4rist\u00f6\u00f6n.<\/p>\n<div id=\"attachment_6844\" style=\"width: 594px\" class=\"wp-caption alignnone\"><a href=\"https:\/\/blogi.eoppimispalvelut.fi\/peppi-ohjeet\/files\/2024\/07\/Linkin-lisaaminen.png\" rel=\"attachment wp-att-1325\"><img loading=\"lazy\" decoding=\"async\" aria-describedby=\"caption-attachment-6844\" class=\"wp-image-6844 size-large\" src=\"https:\/\/blogi.eoppimispalvelut.fi\/peppi-ohjeet\/files\/2024\/07\/Linkin-lisaaminen-1280x776.png\" alt=\"Linkin lis\u00e4\u00e4minen\" width=\"584\" height=\"354\" srcset=\"https:\/\/blogi.eoppimispalvelut.fi\/peppi-ohjeet\/files\/2024\/07\/Linkin-lisaaminen-1280x776.png 1280w, https:\/\/blogi.eoppimispalvelut.fi\/peppi-ohjeet\/files\/2024\/07\/Linkin-lisaaminen-600x364.png 600w, https:\/\/blogi.eoppimispalvelut.fi\/peppi-ohjeet\/files\/2024\/07\/Linkin-lisaaminen-768x466.png 768w, https:\/\/blogi.eoppimispalvelut.fi\/peppi-ohjeet\/files\/2024\/07\/Linkin-lisaaminen-1536x931.png 1536w, https:\/\/blogi.eoppimispalvelut.fi\/peppi-ohjeet\/files\/2024\/07\/Linkin-lisaaminen-2048x1242.png 2048w, https:\/\/blogi.eoppimispalvelut.fi\/peppi-ohjeet\/files\/2024\/07\/Linkin-lisaaminen-495x300.png 495w\" sizes=\"auto, (max-width: 584px) 100vw, 584px\" \/><\/a><p id=\"caption-attachment-6844\" class=\"wp-caption-text\">Klikkaa kuvaa suuremmaksi<\/p><\/div>\n<ol>\n<li>Valitse Toteutussuunnitelma n\u00e4kym\u00e4ss\u00e4 Oppimisymp\u00e4rist\u00f6t<\/li>\n<li>Valitse Lis\u00e4\u00e4 linkki<\/li>\n<li>T\u00e4ydenn\u00e4 avautuvassa ikkunassa ymp\u00e4rist\u00f6n nimi<\/li>\n<li>Lis\u00e4\u00e4 linkin osoite<\/li>\n<li>Tallenna tiedot valitsemalla Tallenna<\/li>\n<\/ol>\n<p>Huomaa kuitenkin, ett\u00e4 pelkkien linkkien lis\u00e4\u00e4minen ei yhdist\u00e4 toteutusta ty\u00f6tilaan Moodlessa, vaan jokaiselle toteutukselle tulee luoda oma linkki &#8220;Lis\u00e4\u00e4 ty\u00f6tila oppimisymp\u00e4rist\u00f6\u00f6n&#8221; -painikkeen kautta.<\/p>\n<p>&nbsp;<\/p>\n<hr \/>\n<p>Takaisin <a href=\"https:\/\/blogi.eoppimispalvelut.fi\/peppi-ohjeet\/opetus_ohjaus\/\">Opetus ja ohjaus -sivulle<\/a><\/p>\n","protected":false},"excerpt":{"rendered":"<p>Moodle-oppimisymp\u00e4rist\u00f6n luominen Pepiss\u00e4 Voit luoda toteutuksellesi oppimisymp\u00e4rist\u00f6n Moodleen Pepiss\u00e4 toteutussuunnittelun yhteydess\u00e4 Oppimisymp\u00e4rist\u00f6 tehd\u00e4\u00e4n toteutussuunnitelman Oppimisymp\u00e4rist\u00f6t-v\u00e4lilehdell\u00e4 Moodlen ty\u00f6tilan perustamista varten tulee toteutusaika asettaa oikein Toteutuksella tulee olla suomenkielinen ja englanninkielinen nimi Moodlen ty\u00f6tilan nimi muodostuu toteutuksen nimest\u00e4 toteutukselle kirjatun opetuskielen mukaisesti. &hellip; <a href=\"https:\/\/blogi.eoppimispalvelut.fi\/peppi-ohjeet\/opetus_ohjaus\/omat-toteutukset\/oppimisymparistot\/\">Continue reading <span class=\"meta-nav\">&rarr;<\/span><\/a><\/p>\n","protected":false},"author":6,"featured_media":0,"parent":233,"menu_order":0,"comment_status":"closed","ping_status":"closed","template":"","meta":{"_monsterinsights_skip_tracking":false,"_monsterinsights_sitenote_active":false,"_monsterinsights_sitenote_note":"","_monsterinsights_sitenote_category":0,"footnotes":""},"class_list":["post-251","page","type-page","status-publish","hentry"],"_links":{"self":[{"href":"https:\/\/blogi.eoppimispalvelut.fi\/peppi-ohjeet\/wp-json\/wp\/v2\/pages\/251","targetHints":{"allow":["GET"]}}],"collection":[{"href":"https:\/\/blogi.eoppimispalvelut.fi\/peppi-ohjeet\/wp-json\/wp\/v2\/pages"}],"about":[{"href":"https:\/\/blogi.eoppimispalvelut.fi\/peppi-ohjeet\/wp-json\/wp\/v2\/types\/page"}],"author":[{"embeddable":true,"href":"https:\/\/blogi.eoppimispalvelut.fi\/peppi-ohjeet\/wp-json\/wp\/v2\/users\/6"}],"replies":[{"embeddable":true,"href":"https:\/\/blogi.eoppimispalvelut.fi\/peppi-ohjeet\/wp-json\/wp\/v2\/comments?post=251"}],"version-history":[{"count":42,"href":"https:\/\/blogi.eoppimispalvelut.fi\/peppi-ohjeet\/wp-json\/wp\/v2\/pages\/251\/revisions"}],"predecessor-version":[{"id":6845,"href":"https:\/\/blogi.eoppimispalvelut.fi\/peppi-ohjeet\/wp-json\/wp\/v2\/pages\/251\/revisions\/6845"}],"up":[{"embeddable":true,"href":"https:\/\/blogi.eoppimispalvelut.fi\/peppi-ohjeet\/wp-json\/wp\/v2\/pages\/233"}],"wp:attachment":[{"href":"https:\/\/blogi.eoppimispalvelut.fi\/peppi-ohjeet\/wp-json\/wp\/v2\/media?parent=251"}],"curies":[{"name":"wp","href":"https:\/\/api.w.org\/{rel}","templated":true}]}}