{"id":267,"date":"2020-02-10T12:56:04","date_gmt":"2020-02-10T10:56:04","guid":{"rendered":"https:\/\/blogi.eoppimispalvelut.fi\/peppi-ohjeet\/?page_id=267"},"modified":"2024-07-01T16:43:05","modified_gmt":"2024-07-01T13:43:05","slug":"toteutuksen-osat","status":"publish","type":"page","link":"https:\/\/blogi.eoppimispalvelut.fi\/peppi-ohjeet\/opetus_ohjaus\/omat-toteutukset\/toteutuksen-osat\/","title":{"rendered":"Toteutuksen osat"},"content":{"rendered":"<p>Katso <a href=\"https:\/\/youtu.be\/2PLYkfhcH4k\" target=\"_blank\" rel=\"noopener noreferrer\">video<\/a> (tekstityksen saa p\u00e4\u00e4lle [cc]-painikkeesta).<\/p>\n<p>Toteutukselle on mahdollista tehd\u00e4 osia, joiden <strong>minimilaajuus on 5 opintopistett\u00e4<\/strong>. Esimerkiksi 10 opintopisteen opinnon toteutukselle voidaan tehd\u00e4 2 x 5 op:n osat, 15 opintopisteen opinnolle 10 op ja 5 op osat.<\/p>\n<p>Toteutuksen osat tehd\u00e4\u00e4n p\u00e4\u00e4s\u00e4\u00e4nt\u00f6isesti toteutuksen suunnittelun yhteydess\u00e4.<\/p>\n<ol>\n<li>Valitse Toteutussuunnitelma-n\u00e4kym\u00e4ss\u00e4 Toteutuksen osat<\/li>\n<li>Valitse Lis\u00e4\u00e4 toteutuksen osa<\/li>\n<\/ol>\n<div id=\"attachment_6761\" style=\"width: 594px\" class=\"wp-caption alignnone\"><a href=\"https:\/\/blogi.eoppimispalvelut.fi\/peppi-ohjeet\/files\/2024\/07\/Toteutuksen-osat.png\" rel=\"attachment wp-att-1329\"><img loading=\"lazy\" decoding=\"async\" aria-describedby=\"caption-attachment-6761\" class=\"wp-image-6761 size-large\" src=\"https:\/\/blogi.eoppimispalvelut.fi\/peppi-ohjeet\/files\/2024\/07\/Toteutuksen-osat-1280x1082.png\" alt=\"Toteutuksen osat\" width=\"584\" height=\"494\" srcset=\"https:\/\/blogi.eoppimispalvelut.fi\/peppi-ohjeet\/files\/2024\/07\/Toteutuksen-osat-1280x1082.png 1280w, https:\/\/blogi.eoppimispalvelut.fi\/peppi-ohjeet\/files\/2024\/07\/Toteutuksen-osat-600x507.png 600w, https:\/\/blogi.eoppimispalvelut.fi\/peppi-ohjeet\/files\/2024\/07\/Toteutuksen-osat-768x649.png 768w, https:\/\/blogi.eoppimispalvelut.fi\/peppi-ohjeet\/files\/2024\/07\/Toteutuksen-osat-1536x1299.png 1536w, https:\/\/blogi.eoppimispalvelut.fi\/peppi-ohjeet\/files\/2024\/07\/Toteutuksen-osat-2048x1732.png 2048w, https:\/\/blogi.eoppimispalvelut.fi\/peppi-ohjeet\/files\/2024\/07\/Toteutuksen-osat-355x300.png 355w\" sizes=\"auto, (max-width: 584px) 100vw, 584px\" \/><\/a><p id=\"caption-attachment-6761\" class=\"wp-caption-text\">Klikkaa kuvaa suuremmaksi<\/p><\/div>\n<p>T\u00e4ydenn\u00e4 toteutuksen osan tiedot avautuvassa ikkunassa.<\/p>\n<ol>\n<li>Toteutuksen osan nimi suomeksi ja englanniksi. Osan nimi tulee olla osaamisperustainen. Toteutuksen osan tiedot tulostuvat opiskelijan opintosuoritusotteeseen ja tutkintotodistuksen liitteeseen. Tiedot siirtyv\u00e4t my\u00f6s Virtaan ja kansalliseen Koski-palveluun. Nime\u00e4 osat siis huolellisesti ja kiinnit\u00e4 huomioita oikeinkirjoitukseen sek\u00e4 kirjoitusasuun.<\/li>\n<li>Lis\u00e4\u00e4 laajuus (op)<\/li>\n<li>Lis\u00e4\u00e4 painokerroin<\/li>\n<li>Lis\u00e4\u00e4 toteutuksen osan vastuullinen opettaja<\/li>\n<li>Valitse Lis\u00e4\u00e4<\/li>\n<\/ol>\n<p>&nbsp;<\/p>\n<hr \/>\n<p>Takaisin <a href=\"https:\/\/blogi.eoppimispalvelut.fi\/peppi-ohjeet\/opetus_ohjaus\/\">Opetus ja ohjaus -sivulle<\/a><\/p>\n","protected":false},"excerpt":{"rendered":"<p>Katso video (tekstityksen saa p\u00e4\u00e4lle [cc]-painikkeesta). Toteutukselle on mahdollista tehd\u00e4 osia, joiden minimilaajuus on 5 opintopistett\u00e4. Esimerkiksi 10 opintopisteen opinnon toteutukselle voidaan tehd\u00e4 2 x 5 op:n osat, 15 opintopisteen opinnolle 10 op ja 5 op osat. Toteutuksen osat tehd\u00e4\u00e4n &hellip; <a href=\"https:\/\/blogi.eoppimispalvelut.fi\/peppi-ohjeet\/opetus_ohjaus\/omat-toteutukset\/toteutuksen-osat\/\">Continue reading <span class=\"meta-nav\">&rarr;<\/span><\/a><\/p>\n","protected":false},"author":6,"featured_media":0,"parent":233,"menu_order":0,"comment_status":"closed","ping_status":"closed","template":"","meta":{"_monsterinsights_skip_tracking":false,"_monsterinsights_sitenote_active":false,"_monsterinsights_sitenote_note":"","_monsterinsights_sitenote_category":0,"footnotes":""},"class_list":["post-267","page","type-page","status-publish","hentry"],"_links":{"self":[{"href":"https:\/\/blogi.eoppimispalvelut.fi\/peppi-ohjeet\/wp-json\/wp\/v2\/pages\/267","targetHints":{"allow":["GET"]}}],"collection":[{"href":"https:\/\/blogi.eoppimispalvelut.fi\/peppi-ohjeet\/wp-json\/wp\/v2\/pages"}],"about":[{"href":"https:\/\/blogi.eoppimispalvelut.fi\/peppi-ohjeet\/wp-json\/wp\/v2\/types\/page"}],"author":[{"embeddable":true,"href":"https:\/\/blogi.eoppimispalvelut.fi\/peppi-ohjeet\/wp-json\/wp\/v2\/users\/6"}],"replies":[{"embeddable":true,"href":"https:\/\/blogi.eoppimispalvelut.fi\/peppi-ohjeet\/wp-json\/wp\/v2\/comments?post=267"}],"version-history":[{"count":21,"href":"https:\/\/blogi.eoppimispalvelut.fi\/peppi-ohjeet\/wp-json\/wp\/v2\/pages\/267\/revisions"}],"predecessor-version":[{"id":6762,"href":"https:\/\/blogi.eoppimispalvelut.fi\/peppi-ohjeet\/wp-json\/wp\/v2\/pages\/267\/revisions\/6762"}],"up":[{"embeddable":true,"href":"https:\/\/blogi.eoppimispalvelut.fi\/peppi-ohjeet\/wp-json\/wp\/v2\/pages\/233"}],"wp:attachment":[{"href":"https:\/\/blogi.eoppimispalvelut.fi\/peppi-ohjeet\/wp-json\/wp\/v2\/media?parent=267"}],"curies":[{"name":"wp","href":"https:\/\/api.w.org\/{rel}","templated":true}]}}