{"id":2670,"date":"2020-05-11T10:05:08","date_gmt":"2020-05-11T07:05:08","guid":{"rendered":"https:\/\/blogi.eoppimispalvelut.fi\/peppi-ohjeet\/?page_id=2670"},"modified":"2020-05-11T14:34:57","modified_gmt":"2020-05-11T11:34:57","slug":"opintokokonaisuuden-luominen-muuttaminen","status":"publish","type":"page","link":"https:\/\/blogi.eoppimispalvelut.fi\/peppi-ohjeet\/koulutus-ja-opetussuunnittelu\/opetussuunnitelmat\/opetussuunnitelman-rakentaminen\/rakenne\/opintokokonaisuuden-luominen-muuttaminen\/","title":{"rendered":"Opintokokonaisuuden luominen\/muokkaaminen"},"content":{"rendered":"<p><strong>Opetussuunnitelman rakenne toteutetaan opintokokonaisuuksina<\/strong><\/p>\n<p>&nbsp;<\/p>\n<div id=\"attachment_2626\" class=\"wp-caption alignnone\">\n<p><a href=\"https:\/\/blogi.eoppimispalvelut.fi\/peppi-ohjeet\/koulutus-ja-opetussuunnittelu\/opetussuunnitelmat\/opetussuunnitelman-rakentaminen\/rakenne\/opsin-rakenne\/\" rel=\"attachment wp-att-2626\" data-slb-active=\"1\" data-slb-asset=\"967644013\" data-slb-internal=\"2626\" data-slb-group=\"2134\"><img loading=\"lazy\" decoding=\"async\" class=\"size-large wp-image-2626\" src=\"https:\/\/blogi.eoppimispalvelut.fi\/peppi-ohjeet\/files\/2020\/05\/OPSin-rakenne-1280x650.png\" alt=\"Opetussuunnitelman rakenne\" width=\"584\" height=\"297\" aria-describedby=\"caption-attachment-2626\" srcset=\"https:\/\/blogi.eoppimispalvelut.fi\/peppi-ohjeet\/files\/2020\/05\/OPSin-rakenne-1280x650.png 1280w, https:\/\/blogi.eoppimispalvelut.fi\/peppi-ohjeet\/files\/2020\/05\/OPSin-rakenne-900x457.png 900w, https:\/\/blogi.eoppimispalvelut.fi\/peppi-ohjeet\/files\/2020\/05\/OPSin-rakenne-768x390.png 768w, https:\/\/blogi.eoppimispalvelut.fi\/peppi-ohjeet\/files\/2020\/05\/OPSin-rakenne-1536x780.png 1536w, https:\/\/blogi.eoppimispalvelut.fi\/peppi-ohjeet\/files\/2020\/05\/OPSin-rakenne-500x254.png 500w, https:\/\/blogi.eoppimispalvelut.fi\/peppi-ohjeet\/files\/2020\/05\/OPSin-rakenne.png 2004w\" sizes=\"auto, (max-width: 584px) 100vw, 584px\" \/><\/a><\/p>\n<p id=\"caption-attachment-2626\" class=\"wp-caption-text\">Klikkaa kuva suuremmaksi<\/p>\n<\/div>\n<p>&nbsp;<\/p>\n<ul>\n<li>Opintokokonaisuuksien avulla voidaan kytke\u00e4 toisiinsa opintojaksoja esim. valitun teeman mukaisesti. Opintokokonaisuudelle kuvataan t\u00e4ll\u00f6in osaamistavoitteet. Opintokokonaisuus voi sis\u00e4lt\u00e4\u00e4 opintokokonaisuuksia.<\/li>\n<li>Opintokokonaisuus voi sis\u00e4lt\u00e4\u00e4 1 \u2013 n m\u00e4\u00e4r\u00e4n opintojaksoja. Opintojaksot voivat olla pakollisia tai niist\u00e4 valitaan vain osa.<\/li>\n<li>Opintokokonaisuuksien tunnuksien ja nime\u00e4misen osalta k\u00e4ytet\u00e4\u00e4n sovittuja k\u00e4yt\u00e4nteit\u00e4<\/li>\n<\/ul>\n<hr \/>\n<p><strong>P\u00e4\u00e4tasot<\/strong><\/p>\n<p>Opetussuunnitelman rakenne muodostuu kolmesta p\u00e4\u00e4tasosta<\/p>\n<ul>\n<li>YDINOSAAMINEN<\/li>\n<li>PROFILOIVA OSAAMINEN<\/li>\n<li>TUTKIMUS- JA KEHITT\u00c4MISOSAAMINEN<\/li>\n<\/ul>\n<p>Valitse opetussuunnitelman nimen oikeassa reunassa olevasta pudotusvalikosta Lis\u00e4\u00e4 sis\u00e4lt\u00f6\u00e4<\/p>\n<p>&nbsp;<\/p>\n<div id=\"attachment_2634\" class=\"wp-caption alignnone\">\n<p><a href=\"https:\/\/blogi.eoppimispalvelut.fi\/peppi-ohjeet\/koulutus-ja-opetussuunnittelu\/opetussuunnitelmat\/opetussuunnitelman-rakentaminen\/rakenne\/paatason-lisaaminen-opsin-rakenteeseen-2\/\" rel=\"attachment wp-att-2634\" data-slb-active=\"1\" data-slb-asset=\"779119468\" data-slb-internal=\"2634\" data-slb-group=\"2134\"><img loading=\"lazy\" decoding=\"async\" class=\"size-large wp-image-2634\" src=\"https:\/\/blogi.eoppimispalvelut.fi\/peppi-ohjeet\/files\/2020\/05\/P%C3%A4%C3%A4tason-lis%C3%A4%C3%A4minen-opsin-rakenteeseen-2-1280x467.png\" alt=\"P\u00e4\u00e4tason lis\u00e4\u00e4minen opsin rakenteeseen 2\" width=\"584\" height=\"213\" aria-describedby=\"caption-attachment-2634\" \/><\/a><\/p>\n<p id=\"caption-attachment-2634\" class=\"wp-caption-text\">Klikkaa kuva suuremmaksi<\/p>\n<\/div>\n<p>&nbsp;<\/p>\n<p>P\u00e4\u00e4tason opintokokonaisuuksien osalta lis\u00e4t\u00e4\u00e4n avautuvassa ikkunassa seuraavat tiedot. Valitse lis\u00e4tt\u00e4v\u00e4ksi sis\u00e4ll\u00f6ksi Lis\u00e4\u00e4 uusi opintokokonaisuus\/ryhmittely<\/p>\n<p>&nbsp;<\/p>\n<div id=\"attachment_2637\" class=\"wp-caption alignnone\">\n<p><a href=\"https:\/\/blogi.eoppimispalvelut.fi\/peppi-ohjeet\/koulutus-ja-opetussuunnittelu\/opetussuunnitelmat\/opetussuunnitelman-rakentaminen\/rakenne\/opintokokonaisuuden-lisaaminen-paatasolle\/\" rel=\"attachment wp-att-2637\" data-slb-active=\"1\" data-slb-asset=\"1318333128\" data-slb-internal=\"2637\" data-slb-group=\"2134\"><img loading=\"lazy\" decoding=\"async\" class=\"size-full wp-image-2637\" src=\"https:\/\/blogi.eoppimispalvelut.fi\/peppi-ohjeet\/files\/2020\/05\/Opintokokonaisuuden-lis%C3%A4%C3%A4minen-p%C3%A4%C3%A4tasolle.png\" alt=\"Opintokokonaisuuden lis\u00e4\u00e4minen p\u00e4\u00e4tasolle\" width=\"530\" height=\"678\" aria-describedby=\"caption-attachment-2637\" \/><\/a><\/p>\n<p id=\"caption-attachment-2637\" class=\"wp-caption-text\">Klikkaa kuva suuremmaksi<\/p>\n<\/div>\n<p>&nbsp;<\/p>\n<ul>\n<li>Tunnus (tunnus luodaan sovitun k\u00e4yt\u00e4nteen mukaisesti)<\/li>\n<li>Nimi<\/li>\n<li>Sis\u00e4ll\u00f6n valinnaisuus\n<ul>\n<li>Kaikki pakollisia<\/li>\n<li>Valitaan\u00a0yksi<\/li>\n<li>Valitaan n\u00a0kappaletta<\/li>\n<li>Valitaan\u00a0x opintopistetett\u00e4<\/li>\n<li>Valitaan erillisten kriteerien mukaan<\/li>\n<\/ul>\n<\/li>\n<\/ul>\n<p>Valitse Lis\u00e4\u00e4 opintokokonaisuuden tallentamiseksi rakenteeseen.<\/p>\n<p>&nbsp;<\/p>\n<hr \/>\n<p><strong>Muut tasot (vaihtoehtoiset ammattiopinnot, moduulit, lukukausi jne.)<\/strong><\/p>\n<p>Koulutuksen tarpeista riippuen opetussuunnitelmaa voidaan j\u00e4sent\u00e4\u00e4 eri tavoin opintokokonaisuuksien avulla. P\u00e4\u00e4tasojen sis\u00e4lt\u00f6j\u00e4 voidaan jaotella esimerksi vaihtoehtoisina ammattiopintoina, teemoitetteuina moduuleina, lukukausittain jne. T\u00e4llaiset rakenenteet tehd\u00e4\u00e4n my\u00f6s opintokokonaisuuksina. T\u00e4ll\u00f6in opintokokonaisuus lis\u00e4t\u00e4\u00e4n sen p\u00e4\u00e4tason alle, jonne se halutaan toteutettavan.<\/p>\n<p>Valitse p\u00e4\u00e4tason oikeassa reunassa olevasta pudotusvalikosta Lis\u00e4\u00e4 sis\u00e4lt\u00f6\u00e4<\/p>\n<p>&nbsp;<\/p>\n<div id=\"attachment_2628\" class=\"wp-caption alignnone\">\n<p><a href=\"https:\/\/blogi.eoppimispalvelut.fi\/peppi-ohjeet\/koulutus-ja-opetussuunnittelu\/opetussuunnitelmat\/opetussuunnitelman-rakentaminen\/rakenne\/opintokokonaisuuden-luominen-opsiin\/\" rel=\"attachment wp-att-2628\" data-slb-active=\"1\" data-slb-asset=\"2059823539\" data-slb-internal=\"2628\" data-slb-group=\"2134\"><img loading=\"lazy\" decoding=\"async\" class=\"size-large wp-image-2628\" src=\"https:\/\/blogi.eoppimispalvelut.fi\/peppi-ohjeet\/files\/2020\/05\/Opintokokonaisuuden-luominen-Opsiin-1280x643.png\" alt=\"Opintokokonaisuuden luominen Opsiin\" width=\"584\" height=\"293\" aria-describedby=\"caption-attachment-2628\" srcset=\"https:\/\/blogi.eoppimispalvelut.fi\/peppi-ohjeet\/files\/2020\/05\/Opintokokonaisuuden-luominen-Opsiin-1280x643.png 1280w, https:\/\/blogi.eoppimispalvelut.fi\/peppi-ohjeet\/files\/2020\/05\/Opintokokonaisuuden-luominen-Opsiin-900x452.png 900w, https:\/\/blogi.eoppimispalvelut.fi\/peppi-ohjeet\/files\/2020\/05\/Opintokokonaisuuden-luominen-Opsiin-768x386.png 768w, https:\/\/blogi.eoppimispalvelut.fi\/peppi-ohjeet\/files\/2020\/05\/Opintokokonaisuuden-luominen-Opsiin-500x251.png 500w, https:\/\/blogi.eoppimispalvelut.fi\/peppi-ohjeet\/files\/2020\/05\/Opintokokonaisuuden-luominen-Opsiin.png 1324w\" sizes=\"auto, (max-width: 584px) 100vw, 584px\" \/><\/a><\/p>\n<p id=\"caption-attachment-2628\" class=\"wp-caption-text\">Klikkaa kuva suuremmaksi<\/p>\n<\/div>\n<p>&nbsp;<\/p>\n<p>Lis\u00e4\u00e4 kokonaisuuteen liittyv\u00e4t tiedot avautuvassa n\u00e4kym\u00e4ss\u00e4<\/p>\n<p>&nbsp;<\/p>\n<div id=\"attachment_2635\" class=\"wp-caption alignnone\">\n<p><a href=\"https:\/\/blogi.eoppimispalvelut.fi\/peppi-ohjeet\/koulutus-ja-opetussuunnittelu\/opetussuunnitelmat\/opetussuunnitelman-rakentaminen\/rakenne\/paatason-tietojen-tallentaminen\/\" rel=\"attachment wp-att-2635\" data-slb-active=\"1\" data-slb-asset=\"941443503\" data-slb-internal=\"2635\" data-slb-group=\"2134\"><img loading=\"lazy\" decoding=\"async\" class=\"wp-image-2635 size-full\" src=\"https:\/\/blogi.eoppimispalvelut.fi\/peppi-ohjeet\/files\/2020\/05\/P%C3%A4%C3%A4tason-tietojen-tallentaminen.png\" alt=\"P\u00e4\u00e4tason tietojen tallentaminen\" width=\"484\" height=\"720\" aria-describedby=\"caption-attachment-2635\" \/><\/a><\/p>\n<p id=\"caption-attachment-2635\" class=\"wp-caption-text\">Klikkaa kuva suuremmaksi<\/p>\n<\/div>\n<p>&nbsp;<\/p>\n<ul>\n<li>Tunnus (tunnus luodaan sovitun k\u00e4yt\u00e4nteen mukaisesti)<\/li>\n<li>Nimi<\/li>\n<li>Sis\u00e4ll\u00f6n valinnaisuus\n<ul>\n<li>Kaikki pakollisia<\/li>\n<li>Valitaan\u00a0yksi<\/li>\n<li>Valitaan n\u00a0kappaletta<\/li>\n<li>Valitaan\u00a0x opintopistetett\u00e4<\/li>\n<li>Valitaan erillisten kriteerien mukaan<\/li>\n<\/ul>\n<\/li>\n<\/ul>\n<p>Valitse Lis\u00e4\u00e4 opintokokonaisuuden tallentamiseksi rakenteeseen.<\/p>\n<hr \/>\n<p><strong>Opintokokonaisuuden tietojen muuttaminen\/t\u00e4ydent\u00e4minen<\/strong><\/p>\n<p>Opintokokonaisuudelle tulee tallentaa my\u00f6s englannin kielinen nimi, my\u00f6s p\u00e4\u00e4tasojen opintokokonaisuuksille. Nimen lis\u00e4\u00e4minen tapahtuu valitsemalla opintokokonaisuuden lopussa olevasta pudotusvalikosta Muokkaa opintokokonaisuutta. Nimi lis\u00e4t\u00e4\u00e4n avautuvassa ikkunassa.<\/p>\n<p>Opintokokonaisuuksien avulla voidaan kytke\u00e4 toisiinsa opintojaksoja esim. valitun teeman mukaisesti. Opintokokonaisuudelle kuvataan t\u00e4ll\u00f6in osaamistavoitteet. Opintokokonaisuus voi sis\u00e4lt\u00e4\u00e4 opintokokonaisuuksia.<\/p>\n<p>Valitse opintokokonaisuuden oikeassa reunassa olevasta pudotusvalikosta Muokkaa opintokokonaisuutta<\/p>\n<p>&nbsp;<\/p>\n<div id=\"attachment_2640\" class=\"wp-caption alignnone\">\n<p><a href=\"https:\/\/blogi.eoppimispalvelut.fi\/peppi-ohjeet\/koulutus-ja-opetussuunnittelu\/opetussuunnitelmat\/opetussuunnitelman-rakentaminen\/rakenne\/opintokokonaisuuden-muokkaaminen\/\" rel=\"attachment wp-att-2640\" data-slb-active=\"1\" data-slb-asset=\"2008054923\" data-slb-internal=\"2640\" data-slb-group=\"2134\"><img loading=\"lazy\" decoding=\"async\" class=\"size-large wp-image-2640\" src=\"https:\/\/blogi.eoppimispalvelut.fi\/peppi-ohjeet\/files\/2020\/05\/Opintokokonaisuuden-muokkaaminen-1280x845.png\" alt=\"Opintokokonaisuuden muokkaaminen\" width=\"584\" height=\"386\" aria-describedby=\"caption-attachment-2640\" srcset=\"https:\/\/blogi.eoppimispalvelut.fi\/peppi-ohjeet\/files\/2020\/05\/Opintokokonaisuuden-muokkaaminen-1280x845.png 1280w, https:\/\/blogi.eoppimispalvelut.fi\/peppi-ohjeet\/files\/2020\/05\/Opintokokonaisuuden-muokkaaminen-900x594.png 900w, https:\/\/blogi.eoppimispalvelut.fi\/peppi-ohjeet\/files\/2020\/05\/Opintokokonaisuuden-muokkaaminen-768x507.png 768w, https:\/\/blogi.eoppimispalvelut.fi\/peppi-ohjeet\/files\/2020\/05\/Opintokokonaisuuden-muokkaaminen-454x300.png 454w, https:\/\/blogi.eoppimispalvelut.fi\/peppi-ohjeet\/files\/2020\/05\/Opintokokonaisuuden-muokkaaminen.png 1310w\" sizes=\"auto, (max-width: 584px) 100vw, 584px\" \/><\/a><\/p>\n<p id=\"caption-attachment-2640\" class=\"wp-caption-text\">Klikkaa kuva suuremmaksi<\/p>\n<\/div>\n<p>&nbsp;<\/p>\n<p>Avautuvassa ikkunassa on kolme osa-aluetta, perustiedot, sis\u00e4ll\u00f6n valinnaisuuteen liittyv\u00e4t tiedot sek\u00e4 kuvaustiedot.<\/p>\n<p>Perustietojen osalta p\u00e4ivitet\u00e4\u00e4n opintokokonaisuuden englannin kielinen nimi<\/p>\n<p>&nbsp;<\/p>\n<div id=\"attachment_2648\" class=\"wp-caption alignnone\">\n<p><a href=\"https:\/\/blogi.eoppimispalvelut.fi\/peppi-ohjeet\/koulutus-ja-opetussuunnittelu\/opetussuunnitelmat\/opetussuunnitelman-rakentaminen\/rakenne\/opintokokonaisuuden-perustietojen-muokkaaminen\/\" rel=\"attachment wp-att-2648\" data-slb-active=\"1\" data-slb-asset=\"1697316870\" data-slb-internal=\"2648\" data-slb-group=\"2134\"><img loading=\"lazy\" decoding=\"async\" class=\"size-large wp-image-2648\" src=\"https:\/\/blogi.eoppimispalvelut.fi\/peppi-ohjeet\/files\/2020\/05\/Opintokokonaisuuden-perustietojen-muokkaaminen-1280x419.png\" alt=\"Opintokokonaisuuden perustietojen muokkaaminen\" width=\"584\" height=\"191\" aria-describedby=\"caption-attachment-2648\" srcset=\"https:\/\/blogi.eoppimispalvelut.fi\/peppi-ohjeet\/files\/2020\/05\/Opintokokonaisuuden-perustietojen-muokkaaminen-1280x419.png 1280w, https:\/\/blogi.eoppimispalvelut.fi\/peppi-ohjeet\/files\/2020\/05\/Opintokokonaisuuden-perustietojen-muokkaaminen-900x295.png 900w, https:\/\/blogi.eoppimispalvelut.fi\/peppi-ohjeet\/files\/2020\/05\/Opintokokonaisuuden-perustietojen-muokkaaminen-768x252.png 768w, https:\/\/blogi.eoppimispalvelut.fi\/peppi-ohjeet\/files\/2020\/05\/Opintokokonaisuuden-perustietojen-muokkaaminen-1536x503.png 1536w, https:\/\/blogi.eoppimispalvelut.fi\/peppi-ohjeet\/files\/2020\/05\/Opintokokonaisuuden-perustietojen-muokkaaminen-500x164.png 500w, https:\/\/blogi.eoppimispalvelut.fi\/peppi-ohjeet\/files\/2020\/05\/Opintokokonaisuuden-perustietojen-muokkaaminen.png 2000w\" sizes=\"auto, (max-width: 584px) 100vw, 584px\" \/><\/a><\/p>\n<p id=\"caption-attachment-2648\" class=\"wp-caption-text\">Klikkaa kuva suuremmaksi<\/p>\n<\/div>\n<p>&nbsp;<\/p>\n<p class=\"sub-page-header togglable-area-trigger-e\">Sis\u00e4ll\u00f6n valinnaisuus, esitietovaatimukset ja tarjontatiedot<\/p>\n<p>Mik\u00e4li perustamisen j\u00e4lkeen on tarvetta muokata esim. sis\u00e4ll\u00f6n valinnaisuuteen liittyvi\u00e4 m\u00e4\u00e4rittelyj\u00e4, tehd\u00e4\u00e4n se opintokokonaisuuden muokkaamisen kautta.<\/p>\n<p>&nbsp;<\/p>\n<p><a href=\"https:\/\/blogi.eoppimispalvelut.fi\/peppi-ohjeet\/koulutus-ja-opetussuunnittelu\/opetussuunnitelmat\/opetussuunnitelman-rakentaminen\/rakenne\/opintokokonaisuuden-sisaltoon-liittyvien-maarittelyiden-muokkaaminen\/\" rel=\"attachment wp-att-2649\" data-slb-active=\"1\" data-slb-asset=\"1340117675\" data-slb-internal=\"2649\" data-slb-group=\"2134\"><img loading=\"lazy\" decoding=\"async\" class=\"alignnone size-full wp-image-2649\" src=\"https:\/\/blogi.eoppimispalvelut.fi\/peppi-ohjeet\/files\/2020\/05\/Opintokokonaisuuden-sis%C3%A4lt%C3%B6%C3%B6n-liittyvien-m%C3%A4%C3%A4rittelyiden-muokkaaminen.png\" alt=\"Opintokokonaisuuden sis\u00e4lt\u00f6\u00f6n liittyvien m\u00e4\u00e4rittelyiden muokkaaminen\" width=\"1280\" height=\"576\" \/><\/a><\/p>\n<div><\/div>\n<div class=\"togglable-area-e\">Opintokokonaisuudelle voidaan luoda my\u00f6s kuvaus esimerkiksi opintokokonaisuuden osaamistavoitteet.<\/div>\n<div><\/div>\n<div><\/div>\n<div id=\"attachment_2650\" class=\"wp-caption alignnone\">\n<p><a href=\"https:\/\/blogi.eoppimispalvelut.fi\/peppi-ohjeet\/koulutus-ja-opetussuunnittelu\/opetussuunnitelmat\/opetussuunnitelman-rakentaminen\/rakenne\/opintokokonaisuuden-kuvaustiedot\/\" rel=\"attachment wp-att-2650\" data-slb-active=\"1\" data-slb-asset=\"503892489\" data-slb-internal=\"2650\" data-slb-group=\"2134\"><img loading=\"lazy\" decoding=\"async\" class=\"size-full wp-image-2650\" src=\"https:\/\/blogi.eoppimispalvelut.fi\/peppi-ohjeet\/files\/2020\/05\/Opintokokonaisuuden-kuvaustiedot.png\" alt=\"Opintokokonaisuuden kuvaustiedot\" width=\"1280\" height=\"564\" aria-describedby=\"caption-attachment-2650\" srcset=\"https:\/\/blogi.eoppimispalvelut.fi\/peppi-ohjeet\/files\/2020\/05\/Opintokokonaisuuden-kuvaustiedot.png 1280w, https:\/\/blogi.eoppimispalvelut.fi\/peppi-ohjeet\/files\/2020\/05\/Opintokokonaisuuden-kuvaustiedot-900x397.png 900w, https:\/\/blogi.eoppimispalvelut.fi\/peppi-ohjeet\/files\/2020\/05\/Opintokokonaisuuden-kuvaustiedot-768x338.png 768w, https:\/\/blogi.eoppimispalvelut.fi\/peppi-ohjeet\/files\/2020\/05\/Opintokokonaisuuden-kuvaustiedot-500x220.png 500w\" sizes=\"auto, (max-width: 1280px) 100vw, 1280px\" \/><\/a><\/p>\n<p id=\"caption-attachment-2650\" class=\"wp-caption-text\">Klikkaa kuva suuremmaksi<\/p>\n<\/div>\n<p>&nbsp;<\/p>\n<p>Muista tallentaa muutokset.<\/p>\n<hr \/>\n<p><strong>Olemassa olevan opintokokonaisuuden liitt\u00e4minen rakenteeseen<\/strong><\/p>\n<p>Opetussuunnitelmaan on mahdollista liitt\u00e4\u00e4 jo aiemmin tehtyj\u00e4 opintokokonaisuuksia.<\/p>\n<p>Valitse p\u00e4\u00e4tason oikeassa reunassa olevasta pudotusvalikosta Lis\u00e4\u00e4 sis\u00e4lt\u00f6\u00e4<\/p>\n<p>&nbsp;<\/p>\n<div id=\"attachment_2628\" class=\"wp-caption alignnone\">\n<p><a href=\"https:\/\/blogi.eoppimispalvelut.fi\/peppi-ohjeet\/koulutus-ja-opetussuunnittelu\/opetussuunnitelmat\/opetussuunnitelman-rakentaminen\/rakenne\/opintokokonaisuuden-luominen-opsiin\/\" rel=\"attachment wp-att-2628\" data-slb-active=\"1\" data-slb-asset=\"2059823539\" data-slb-internal=\"2628\" data-slb-group=\"2134\"><img loading=\"lazy\" decoding=\"async\" class=\"size-large wp-image-2628\" src=\"https:\/\/blogi.eoppimispalvelut.fi\/peppi-ohjeet\/files\/2020\/05\/Opintokokonaisuuden-luominen-Opsiin-1280x643.png\" alt=\"Opintokokonaisuuden luominen Opsiin\" width=\"584\" height=\"293\" aria-describedby=\"caption-attachment-2628\" srcset=\"https:\/\/blogi.eoppimispalvelut.fi\/peppi-ohjeet\/files\/2020\/05\/Opintokokonaisuuden-luominen-Opsiin-1280x643.png 1280w, https:\/\/blogi.eoppimispalvelut.fi\/peppi-ohjeet\/files\/2020\/05\/Opintokokonaisuuden-luominen-Opsiin-900x452.png 900w, https:\/\/blogi.eoppimispalvelut.fi\/peppi-ohjeet\/files\/2020\/05\/Opintokokonaisuuden-luominen-Opsiin-768x386.png 768w, https:\/\/blogi.eoppimispalvelut.fi\/peppi-ohjeet\/files\/2020\/05\/Opintokokonaisuuden-luominen-Opsiin-500x251.png 500w, https:\/\/blogi.eoppimispalvelut.fi\/peppi-ohjeet\/files\/2020\/05\/Opintokokonaisuuden-luominen-Opsiin.png 1324w\" sizes=\"auto, (max-width: 584px) 100vw, 584px\" \/><\/a><\/p>\n<p id=\"caption-attachment-2628\" class=\"wp-caption-text\">Klikkaa kuva suuremmaksi<\/p>\n<\/div>\n<p>&nbsp;<\/p>\n<p>Valitse lis\u00e4tt\u00e4v\u00e4ksi sis\u00e4ll\u00f6ksi Etsi ja kopioi opintokokonaisuus. Lis\u00e4\u00e4 kokonaisuuteen liittyv\u00e4t tiedot<\/p>\n<p>&nbsp;<\/p>\n<div id=\"attachment_2657\" class=\"wp-caption alignnone\">\n<p><a href=\"https:\/\/blogi.eoppimispalvelut.fi\/peppi-ohjeet\/koulutus-ja-opetussuunnittelu\/opetussuunnitelmat\/opetussuunnitelman-rakentaminen\/rakenne\/aiemmin-tehdyn-opintokokonaisuuden-liittaminen-opetussuunnitelman-rakenteeseen\/\" rel=\"attachment wp-att-2657\" data-slb-active=\"1\" data-slb-asset=\"1117266724\" data-slb-internal=\"2657\" data-slb-group=\"2134\"><img loading=\"lazy\" decoding=\"async\" class=\"size-full wp-image-2657\" src=\"https:\/\/blogi.eoppimispalvelut.fi\/peppi-ohjeet\/files\/2020\/05\/Aiemmin-tehdyn-opintokokonaisuuden-liitt%C3%A4minen-opetussuunnitelman-rakenteeseen.png\" alt=\"Aiemmin tehdyn opintokokonaisuuden liitt\u00e4minen opetussuunnitelman rakenteeseen\" width=\"510\" height=\"720\" aria-describedby=\"caption-attachment-2657\" \/><\/a><\/p>\n<p id=\"caption-attachment-2657\" class=\"wp-caption-text\">Klikkaa kuva suuremmaksi<\/p>\n<\/div>\n<p>&nbsp;<\/p>\n<p>Valitse opetussuunnitelma, josta haluat kopioida opintokokonaisuuden. Kun olet valinnut opetussuunnitelman, n\u00e4kyviin tulevat opetussuunnitelman sis\u00e4lt\u00e4m\u00e4t opintokokonaisuudet. Voit lis\u00e4t\u00e4 haluamasi opintokokonaisuuden valitsemalla + opintokokonaisuuden nimen oikealta puolelta.<\/p>\n<hr \/>\n<p>Takaisin\u00a0<a href=\"https:\/\/blogi.eoppimispalvelut.fi\/peppi-ohjeet\/koulutus-ja-opetussuunnittelu\/\">Koulutus- ja opetussuunnittelu<\/a>\u00a0\u2013 sivulle<\/p>\n","protected":false},"excerpt":{"rendered":"<p>Opetussuunnitelman rakenne toteutetaan opintokokonaisuuksina &nbsp; Klikkaa kuva suuremmaksi &nbsp; Opintokokonaisuuksien avulla voidaan kytke\u00e4 toisiinsa opintojaksoja esim. valitun teeman mukaisesti. Opintokokonaisuudelle kuvataan t\u00e4ll\u00f6in osaamistavoitteet. Opintokokonaisuus voi sis\u00e4lt\u00e4\u00e4 opintokokonaisuuksia. Opintokokonaisuus voi sis\u00e4lt\u00e4\u00e4 1 \u2013 n m\u00e4\u00e4r\u00e4n opintojaksoja. Opintojaksot voivat olla pakollisia tai &hellip; <a href=\"https:\/\/blogi.eoppimispalvelut.fi\/peppi-ohjeet\/koulutus-ja-opetussuunnittelu\/opetussuunnitelmat\/opetussuunnitelman-rakentaminen\/rakenne\/opintokokonaisuuden-luominen-muuttaminen\/\">Continue reading <span class=\"meta-nav\">&rarr;<\/span><\/a><\/p>\n","protected":false},"author":4339,"featured_media":0,"parent":2134,"menu_order":0,"comment_status":"closed","ping_status":"closed","template":"","meta":{"_monsterinsights_skip_tracking":false,"_monsterinsights_sitenote_active":false,"_monsterinsights_sitenote_note":"","_monsterinsights_sitenote_category":0,"footnotes":""},"class_list":["post-2670","page","type-page","status-publish","hentry"],"_links":{"self":[{"href":"https:\/\/blogi.eoppimispalvelut.fi\/peppi-ohjeet\/wp-json\/wp\/v2\/pages\/2670","targetHints":{"allow":["GET"]}}],"collection":[{"href":"https:\/\/blogi.eoppimispalvelut.fi\/peppi-ohjeet\/wp-json\/wp\/v2\/pages"}],"about":[{"href":"https:\/\/blogi.eoppimispalvelut.fi\/peppi-ohjeet\/wp-json\/wp\/v2\/types\/page"}],"author":[{"embeddable":true,"href":"https:\/\/blogi.eoppimispalvelut.fi\/peppi-ohjeet\/wp-json\/wp\/v2\/users\/4339"}],"replies":[{"embeddable":true,"href":"https:\/\/blogi.eoppimispalvelut.fi\/peppi-ohjeet\/wp-json\/wp\/v2\/comments?post=2670"}],"version-history":[{"count":6,"href":"https:\/\/blogi.eoppimispalvelut.fi\/peppi-ohjeet\/wp-json\/wp\/v2\/pages\/2670\/revisions"}],"predecessor-version":[{"id":2706,"href":"https:\/\/blogi.eoppimispalvelut.fi\/peppi-ohjeet\/wp-json\/wp\/v2\/pages\/2670\/revisions\/2706"}],"up":[{"embeddable":true,"href":"https:\/\/blogi.eoppimispalvelut.fi\/peppi-ohjeet\/wp-json\/wp\/v2\/pages\/2134"}],"wp:attachment":[{"href":"https:\/\/blogi.eoppimispalvelut.fi\/peppi-ohjeet\/wp-json\/wp\/v2\/media?parent=2670"}],"curies":[{"name":"wp","href":"https:\/\/api.w.org\/{rel}","templated":true}]}}