{"id":2672,"date":"2020-05-11T10:05:40","date_gmt":"2020-05-11T07:05:40","guid":{"rendered":"https:\/\/blogi.eoppimispalvelut.fi\/peppi-ohjeet\/?page_id=2672"},"modified":"2025-12-09T17:51:28","modified_gmt":"2025-12-09T15:51:28","slug":"opintojakson-luominen-muokkaaminen","status":"publish","type":"page","link":"https:\/\/blogi.eoppimispalvelut.fi\/peppi-ohjeet\/koulutus-ja-opetussuunnittelu\/opetussuunnitelmat\/opetussuunnitelman-rakentaminen\/rakenne\/opintojakson-luominen-muokkaaminen\/","title":{"rendered":"Opintojakson luominen tai muokkaaminen"},"content":{"rendered":"<p><strong>Opintojaksojen luominen opetussuunnitelman rakenteeseen\u00a0<\/strong><\/p>\n<p>Opintojaksojen osalta noudatetaan Opetussuunnitelman laatimisen perusteita, jonka mukaan opintojakson minimilaajuus 5 op. Opintojaksolla ei voi olla alle 5 op toteutuksen osia.<\/p>\n<p>Opintojaksot ovat p\u00e4\u00e4s\u00e4\u00e4nt\u00f6isesti laajempia osaamisperustaisia\u00a0<b>ty\u00f6el\u00e4m\u00e4n prosesseja mukailevia opintojaksoja<\/b>, jotka sis\u00e4lt\u00e4v\u00e4t 1 \u2013 x m\u00e4\u00e4r\u00e4n v\u00e4hint\u00e4\u00e4n 5 op laajuisia tavoiteltavaan osaamiseen perustuvaa arvioinnin kohdetta (arvioitavia toteutuksen osia).<\/p>\n<p>Opintojaksot sijoitetaan opetussuunnitelman rakenteeseen.<\/p>\n<p>Valitse opintokokonaisuuden oikeassa reunassa olevasta pudotusvalikosta Lis\u00e4\u00e4 sis\u00e4lt\u00f6\u00e4.<\/p>\n<p>&nbsp;<\/p>\n<div id=\"attachment_2628\" class=\"wp-caption alignnone\">\n<p><a href=\"https:\/\/blogi.eoppimispalvelut.fi\/peppi-ohjeet\/koulutus-ja-opetussuunnittelu\/opetussuunnitelmat\/opetussuunnitelman-rakentaminen\/rakenne\/opintokokonaisuuden-luominen-opsiin\/\" rel=\"attachment wp-att-2628\" data-slb-active=\"1\" data-slb-asset=\"1223452812\" data-slb-internal=\"2628\" data-slb-group=\"2134\"><img loading=\"lazy\" decoding=\"async\" class=\"size-large wp-image-2628\" src=\"https:\/\/blogi.eoppimispalvelut.fi\/peppi-ohjeet\/files\/2020\/05\/Opintokokonaisuuden-luominen-Opsiin-1280x643.png\" alt=\"Opintokokonaisuuden luominen Opsiin\" width=\"584\" height=\"293\" aria-describedby=\"caption-attachment-2628\" srcset=\"https:\/\/blogi.eoppimispalvelut.fi\/peppi-ohjeet\/files\/2020\/05\/Opintokokonaisuuden-luominen-Opsiin-1280x643.png 1280w, https:\/\/blogi.eoppimispalvelut.fi\/peppi-ohjeet\/files\/2020\/05\/Opintokokonaisuuden-luominen-Opsiin-900x452.png 900w, https:\/\/blogi.eoppimispalvelut.fi\/peppi-ohjeet\/files\/2020\/05\/Opintokokonaisuuden-luominen-Opsiin-768x386.png 768w, https:\/\/blogi.eoppimispalvelut.fi\/peppi-ohjeet\/files\/2020\/05\/Opintokokonaisuuden-luominen-Opsiin-500x251.png 500w, https:\/\/blogi.eoppimispalvelut.fi\/peppi-ohjeet\/files\/2020\/05\/Opintokokonaisuuden-luominen-Opsiin.png 1324w\" sizes=\"auto, (max-width: 584px) 100vw, 584px\" \/><\/a><\/p>\n<p id=\"caption-attachment-2628\" class=\"wp-caption-text\">Klikkaa kuva suuremmaksi<\/p>\n<\/div>\n<p>&nbsp;<\/p>\n<p>Avautuvassa n\u00e4kym\u00e4ss\u00e4 m\u00e4\u00e4ritell\u00e4\u00e4n opintojakson perustiedot.<\/p>\n<p>&nbsp;<\/p>\n<div id=\"attachment_2654\" class=\"wp-caption alignnone\">\n<p><a href=\"https:\/\/blogi.eoppimispalvelut.fi\/peppi-ohjeet\/koulutus-ja-opetussuunnittelu\/opetussuunnitelmat\/opetussuunnitelman-rakentaminen\/rakenne\/opintojakson-lisaaminen-opintokokonaisuuden-alle\/\" rel=\"attachment wp-att-2654\" data-slb-active=\"1\" data-slb-asset=\"853123176\" data-slb-internal=\"2654\" data-slb-group=\"2134\"><img loading=\"lazy\" decoding=\"async\" class=\"size-full wp-image-2654\" src=\"https:\/\/blogi.eoppimispalvelut.fi\/peppi-ohjeet\/files\/2020\/05\/Opintojakson-lis%C3%A4%C3%A4minen-opintokokonaisuuden-alle.png\" alt=\"Opintojakson lis\u00e4\u00e4minen opintokokonaisuuden alle\" width=\"548\" height=\"497\" aria-describedby=\"caption-attachment-2654\" \/><\/a><\/p>\n<p id=\"caption-attachment-2654\" class=\"wp-caption-text\">Klikkaa kuva suuremmaksi<\/p>\n<\/div>\n<p>&nbsp;<\/p>\n<ul>\n<li>Lis\u00e4\u00e4 luotavalle opintojaksolle\n<ul>\n<li>tunnus (tunnus luodaan sovitun k\u00e4yt\u00e4nteen mukaisesti)<\/li>\n<li>Nimi<\/li>\n<li>Opintopistem\u00e4\u00e4r\u00e4\u00a0min-max<\/li>\n<\/ul>\n<\/li>\n<li>Tallenna opintojakso valitsemalla Lis\u00e4\u00e4 rakenteeseen<\/li>\n<\/ul>\n<hr \/>\n<p><strong>Opintojakson tietojen t\u00e4ydent\u00e4minen\/muuttaminen<\/strong><\/p>\n<p>Kun opintojakso on perustettu, voidaan t\u00e4ydent\u00e4\u00e4 siihen liittyv\u00e4t tiedot valitsemalla opetussuunnitelman Rakenne-n\u00e4kym\u00e4ss\u00e4 opintojakson oikeassa reunassa olevasta pudotusvalikosta Muokkaa.<\/p>\n<p>&nbsp;<\/p>\n<div id=\"attachment_2660\" class=\"wp-caption alignnone\">\n<p><a href=\"https:\/\/blogi.eoppimispalvelut.fi\/peppi-ohjeet\/koulutus-ja-opetussuunnittelu\/opetussuunnitelmat\/opetussuunnitelman-rakentaminen\/rakenne\/opintojakson-sisallon-muokkaaminen\/\" rel=\"attachment wp-att-2660\" data-slb-active=\"1\" data-slb-asset=\"818721153\" data-slb-internal=\"2660\" data-slb-group=\"2134\"><img loading=\"lazy\" decoding=\"async\" class=\"size-large wp-image-2660\" src=\"https:\/\/blogi.eoppimispalvelut.fi\/peppi-ohjeet\/files\/2020\/05\/Opintojakson-sis%C3%A4ll%C3%B6n-muokkaaminen-1280x510.png\" alt=\"Opintojakson sis\u00e4ll\u00f6n muokkaaminen\" width=\"584\" height=\"233\" aria-describedby=\"caption-attachment-2660\" \/><\/a><\/p>\n<p id=\"caption-attachment-2660\" class=\"wp-caption-text\">Klikkaa kuva suuremmaksi<\/p>\n<\/div>\n<p>&nbsp;<\/p>\n<p>Avautuvassa ikkunassa t\u00e4ydennet\u00e4\u00e4n ensin perustiedot.<\/p>\n<p>&nbsp;<\/p>\n<div id=\"attachment_2663\" class=\"wp-caption alignnone\">\n<p><a href=\"https:\/\/blogi.eoppimispalvelut.fi\/peppi-ohjeet\/koulutus-ja-opetussuunnittelu\/opetussuunnitelmat\/opetussuunnitelman-rakentaminen\/rakenne\/opintojaksojen-perustiedot\/\" rel=\"attachment wp-att-2663\" data-slb-active=\"1\" data-slb-asset=\"449917566\" data-slb-internal=\"2663\" data-slb-group=\"2134\"><img loading=\"lazy\" decoding=\"async\" class=\"size-full wp-image-2663\" src=\"https:\/\/blogi.eoppimispalvelut.fi\/peppi-ohjeet\/files\/2020\/05\/Opintojaksojen-perustiedot.png\" alt=\"Opintojaksojen perustiedot\" width=\"1280\" height=\"566\" aria-describedby=\"caption-attachment-2663\" srcset=\"https:\/\/blogi.eoppimispalvelut.fi\/peppi-ohjeet\/files\/2020\/05\/Opintojaksojen-perustiedot.png 1280w, https:\/\/blogi.eoppimispalvelut.fi\/peppi-ohjeet\/files\/2020\/05\/Opintojaksojen-perustiedot-900x398.png 900w, https:\/\/blogi.eoppimispalvelut.fi\/peppi-ohjeet\/files\/2020\/05\/Opintojaksojen-perustiedot-768x340.png 768w, https:\/\/blogi.eoppimispalvelut.fi\/peppi-ohjeet\/files\/2020\/05\/Opintojaksojen-perustiedot-500x221.png 500w\" sizes=\"auto, (max-width: 1280px) 100vw, 1280px\" \/><\/a><\/p>\n<p id=\"caption-attachment-2663\" class=\"wp-caption-text\">Klikkaa kuva suuremmaksi<\/p>\n<\/div>\n<p>&nbsp;<\/p>\n<p>Perustiedot<\/p>\n<ul>\n<li>Nimi (FI\/ENG)<\/li>\n<li>Opintojakson tunnus (tulee automaattisesti perustamisen yhteydess\u00e4)<\/li>\n<li>Laajuus<\/li>\n<li>Voimassaoloaika<\/li>\n<li>P\u00e4\u00e4asiallinen opetuskieli<\/li>\n<li>Suorituskielet<\/li>\n<li>Opinn\u00e4ytety\u00f6 (kuuluu tai ei)<\/li>\n<\/ul>\n<p>Opintojakson kuvaustiedot<\/p>\n<p>&nbsp;<\/p>\n<div id=\"attachment_2664\" class=\"wp-caption alignnone\">\n<p><a href=\"https:\/\/blogi.eoppimispalvelut.fi\/peppi-ohjeet\/koulutus-ja-opetussuunnittelu\/opetussuunnitelmat\/opetussuunnitelman-rakentaminen\/rakenne\/opintojakson-kuvaustiedot-1\/\" rel=\"attachment wp-att-2664\" data-slb-active=\"1\" data-slb-asset=\"1960226181\" data-slb-internal=\"2664\" data-slb-group=\"2134\"><img loading=\"lazy\" decoding=\"async\" class=\"size-full wp-image-2664\" src=\"https:\/\/blogi.eoppimispalvelut.fi\/peppi-ohjeet\/files\/2020\/05\/Opintojakson-kuvaustiedot-1.png\" alt=\"Opintojakson kuvaustiedot \" width=\"1280\" height=\"566\" aria-describedby=\"caption-attachment-2664\" srcset=\"https:\/\/blogi.eoppimispalvelut.fi\/peppi-ohjeet\/files\/2020\/05\/Opintojakson-kuvaustiedot-1.png 1280w, https:\/\/blogi.eoppimispalvelut.fi\/peppi-ohjeet\/files\/2020\/05\/Opintojakson-kuvaustiedot-1-900x398.png 900w, https:\/\/blogi.eoppimispalvelut.fi\/peppi-ohjeet\/files\/2020\/05\/Opintojakson-kuvaustiedot-1-768x340.png 768w, https:\/\/blogi.eoppimispalvelut.fi\/peppi-ohjeet\/files\/2020\/05\/Opintojakson-kuvaustiedot-1-500x221.png 500w\" sizes=\"auto, (max-width: 1280px) 100vw, 1280px\" \/><\/a><\/p>\n<p id=\"caption-attachment-2664\" class=\"wp-caption-text\">Klikkaa kuva suuremmaksi<\/p>\n<\/div>\n<div id=\"attachment_2665\" class=\"wp-caption alignnone\">\n<p><a href=\"https:\/\/blogi.eoppimispalvelut.fi\/peppi-ohjeet\/koulutus-ja-opetussuunnittelu\/opetussuunnitelmat\/opetussuunnitelman-rakentaminen\/rakenne\/opintojakson-kuvaustiedot-2\/\" rel=\"attachment wp-att-2665\" data-slb-active=\"1\" data-slb-asset=\"2139144205\" data-slb-internal=\"2665\" data-slb-group=\"2134\"><img loading=\"lazy\" decoding=\"async\" class=\"size-full wp-image-2665\" src=\"https:\/\/blogi.eoppimispalvelut.fi\/peppi-ohjeet\/files\/2020\/05\/Opintojakson-kuvaustiedot-2.png\" alt=\"Opintojakson kuvaustiedot \" width=\"1280\" height=\"598\" aria-describedby=\"caption-attachment-2665\" srcset=\"https:\/\/blogi.eoppimispalvelut.fi\/peppi-ohjeet\/files\/2020\/05\/Opintojakson-kuvaustiedot-2.png 1280w, https:\/\/blogi.eoppimispalvelut.fi\/peppi-ohjeet\/files\/2020\/05\/Opintojakson-kuvaustiedot-2-900x420.png 900w, https:\/\/blogi.eoppimispalvelut.fi\/peppi-ohjeet\/files\/2020\/05\/Opintojakson-kuvaustiedot-2-768x359.png 768w, https:\/\/blogi.eoppimispalvelut.fi\/peppi-ohjeet\/files\/2020\/05\/Opintojakson-kuvaustiedot-2-500x234.png 500w\" sizes=\"auto, (max-width: 1280px) 100vw, 1280px\" \/><\/a><\/p>\n<p id=\"caption-attachment-2665\" class=\"wp-caption-text\">Klikkaa kuva suuremmaksi<\/p>\n<\/div>\n<div id=\"attachment_2666\" class=\"wp-caption alignnone\">\n<p><a href=\"https:\/\/blogi.eoppimispalvelut.fi\/peppi-ohjeet\/koulutus-ja-opetussuunnittelu\/opetussuunnitelmat\/opetussuunnitelman-rakentaminen\/rakenne\/opintojakson-kuvaustiedot-3\/\" rel=\"attachment wp-att-2666\" data-slb-active=\"1\" data-slb-asset=\"809913422\" data-slb-internal=\"2666\" data-slb-group=\"2134\"><img loading=\"lazy\" decoding=\"async\" class=\"size-full wp-image-2666\" src=\"https:\/\/blogi.eoppimispalvelut.fi\/peppi-ohjeet\/files\/2020\/05\/Opintojakson-kuvaustiedot-3.png\" alt=\"Opintojakson kuvaustiedot\" width=\"1280\" height=\"584\" aria-describedby=\"caption-attachment-2666\" srcset=\"https:\/\/blogi.eoppimispalvelut.fi\/peppi-ohjeet\/files\/2020\/05\/Opintojakson-kuvaustiedot-3.png 1280w, https:\/\/blogi.eoppimispalvelut.fi\/peppi-ohjeet\/files\/2020\/05\/Opintojakson-kuvaustiedot-3-900x411.png 900w, https:\/\/blogi.eoppimispalvelut.fi\/peppi-ohjeet\/files\/2020\/05\/Opintojakson-kuvaustiedot-3-768x350.png 768w, https:\/\/blogi.eoppimispalvelut.fi\/peppi-ohjeet\/files\/2020\/05\/Opintojakson-kuvaustiedot-3-500x228.png 500w\" sizes=\"auto, (max-width: 1280px) 100vw, 1280px\" \/><\/a><\/p>\n<p id=\"caption-attachment-2666\" class=\"wp-caption-text\">Klikkaa kuva suuremmaksi<\/p>\n<\/div>\n<div id=\"attachment_2667\" class=\"wp-caption alignnone\">\n<p><a href=\"https:\/\/blogi.eoppimispalvelut.fi\/peppi-ohjeet\/koulutus-ja-opetussuunnittelu\/opetussuunnitelmat\/opetussuunnitelman-rakentaminen\/rakenne\/opintojakson-kuvaustiedot-4\/\" rel=\"attachment wp-att-2667\" data-slb-active=\"1\" data-slb-asset=\"818381594\" data-slb-internal=\"2667\" data-slb-group=\"2134\"><img loading=\"lazy\" decoding=\"async\" class=\"size-full wp-image-2667\" src=\"https:\/\/blogi.eoppimispalvelut.fi\/peppi-ohjeet\/files\/2020\/05\/Opintojakson-kuvaustiedot-4.png\" alt=\"Opintojakson kuvaustiedot\" width=\"1280\" height=\"600\" aria-describedby=\"caption-attachment-2667\" srcset=\"https:\/\/blogi.eoppimispalvelut.fi\/peppi-ohjeet\/files\/2020\/05\/Opintojakson-kuvaustiedot-4.png 1280w, https:\/\/blogi.eoppimispalvelut.fi\/peppi-ohjeet\/files\/2020\/05\/Opintojakson-kuvaustiedot-4-900x422.png 900w, https:\/\/blogi.eoppimispalvelut.fi\/peppi-ohjeet\/files\/2020\/05\/Opintojakson-kuvaustiedot-4-768x360.png 768w, https:\/\/blogi.eoppimispalvelut.fi\/peppi-ohjeet\/files\/2020\/05\/Opintojakson-kuvaustiedot-4-500x234.png 500w\" sizes=\"auto, (max-width: 1280px) 100vw, 1280px\" \/><\/a><\/p>\n<p id=\"caption-attachment-2667\" class=\"wp-caption-text\">Klikkaa kuva suuremmaksi<\/p>\n<\/div>\n<p>&nbsp;<\/p>\n<p>Kuvaus, t\u00e4ydennet\u00e4\u00e4n v\u00e4hint\u00e4\u00e4n seuraava tiedot:<\/p>\n<ul>\n<li>Tavoitteet (osaamistavoitteet arvioinnin kohteittain suomeksi)<\/li>\n<li>Sis\u00e4lt\u00f6 (kuvaus yleisell\u00e4 tasolla)<\/li>\n<li>Suoritustavat (l\u00e4hi-, monimuoto- tai virtuaaliopetus)<\/li>\n<li>Esitietovaatimukset<\/li>\n<li>Arviointiasteikko (H-5)<\/li>\n<li>Arviointikriteerien (T, H, K, Hyv\u00e4ksytty\/Hyl\u00e4tty) kuvaukset arvioinnin kohteittain<\/li>\n<\/ul>\n<p><span data-olk-copy-source=\"MailCompose\">Esitietovaatimukset\u00a0kuvataan osaamisperusteisesti. Lis\u00e4ksi\u00a0edelt\u00e4v\u00e4n opintojakson nimen voi mainita, jos tarjolla on useita toisiinsa liittyvi\u00e4 opintojaksoja samaan aikaan, ja opintojaksot on opiskeltava tietyss\u00e4 j\u00e4rjestyksess\u00e4 (eik\u00e4 niit\u00e4 voi korvata muulla tavoin).\u00a0 \u00a0<\/span><\/p>\n<p>Esim.<\/p>\n<ul>\n<li><i>Opintojaksolla ei ole esitietovaatimuksi<\/i>a<i>. Opintojakso sopii kaikille aiheesta kiinnostuneille.<\/i><\/li>\n<li>\u00a0<i>Esitietovaatimuksena\u00a0on, ett\u00e4 opiskelija <\/i><b><i>osaa soveltaa<\/i><\/b><i>\u00a0keskeisi\u00e4 johtamisteorioita ja <\/i><b><i>ymm\u00e4rt\u00e4\u00e4<\/i><\/b><i>\u00a0organisaatiorakenteita. Olet voinut suorittaa esim. &#8220;Johtamisen perusteet 1&#8221; \u2013 opintojakson tai vastaavan tai hankkia vastaavan osaamisen muulla tavoin. <\/i><\/li>\n<li><i>Opintojakso on osa Johtamiskokonaisuutta, jonka laajuus on 15 opintopistett\u00e4. Kokonaisuus muodostuu: Johtaminen 1 \u2013 Johtamisen perusteet 5 op, Johtaminen 2 \u2013 Tiimien ja ihmisten johtaminen 5 op, Johtaminen 3 \u2013 Strateginen muutosjohtaminen 5 op. Voit opiskella opintojaksot j\u00e4rjestyksess\u00e4 tai k\u00e4yd\u00e4 vain yksitt\u00e4isen opintojakson.<\/i><\/li>\n<\/ul>\n<p>Mik\u00e4li opintojakson osaamistavoitteet ja \/ tai arviointikriteerit muuttuvat tulee luoda uusi opintojakso. Olemassa olevaa opintojaksoa muokatessa muuttuvat tiedot my\u00f6s kaikkiin niihin opetussuunnitelmiin, joihin ko. opintojakso on sis\u00e4llytetty.<\/p>\n<hr \/>\n<p><strong>Olemassa olevan opintojakson lis\u00e4\u00e4minen opetussuunnitelman rakenteeseen<\/strong><\/p>\n<p>Valitse opintokokonaisuuden oikeassa reunassa olevasta pudotusvalikosta Lis\u00e4\u00e4 sis\u00e4lt\u00f6\u00e4<\/p>\n<p>&nbsp;<\/p>\n<div id=\"attachment_2628\" class=\"wp-caption alignnone\">\n<p><a href=\"https:\/\/blogi.eoppimispalvelut.fi\/peppi-ohjeet\/koulutus-ja-opetussuunnittelu\/opetussuunnitelmat\/opetussuunnitelman-rakentaminen\/rakenne\/opintokokonaisuuden-luominen-opsiin\/\" rel=\"attachment wp-att-2628\" data-slb-active=\"1\" data-slb-asset=\"1957286484\" data-slb-internal=\"2628\" data-slb-group=\"2672_2134\"><img loading=\"lazy\" decoding=\"async\" class=\"size-large wp-image-2628\" src=\"https:\/\/blogi.eoppimispalvelut.fi\/peppi-ohjeet\/files\/2020\/05\/Opintokokonaisuuden-luominen-Opsiin-1280x643.png\" alt=\"Opintokokonaisuuden luominen Opsiin\" width=\"584\" height=\"293\" aria-describedby=\"caption-attachment-2628\" srcset=\"https:\/\/blogi.eoppimispalvelut.fi\/peppi-ohjeet\/files\/2020\/05\/Opintokokonaisuuden-luominen-Opsiin-1280x643.png 1280w, https:\/\/blogi.eoppimispalvelut.fi\/peppi-ohjeet\/files\/2020\/05\/Opintokokonaisuuden-luominen-Opsiin-900x452.png 900w, https:\/\/blogi.eoppimispalvelut.fi\/peppi-ohjeet\/files\/2020\/05\/Opintokokonaisuuden-luominen-Opsiin-768x386.png 768w, https:\/\/blogi.eoppimispalvelut.fi\/peppi-ohjeet\/files\/2020\/05\/Opintokokonaisuuden-luominen-Opsiin-500x251.png 500w, https:\/\/blogi.eoppimispalvelut.fi\/peppi-ohjeet\/files\/2020\/05\/Opintokokonaisuuden-luominen-Opsiin.png 1324w\" sizes=\"auto, (max-width: 584px) 100vw, 584px\" \/><\/a><\/p>\n<p id=\"caption-attachment-2628\" class=\"wp-caption-text\">Klikkaa kuva suuremmaksi<\/p>\n<\/div>\n<p>&nbsp;<\/p>\n<p>Avautuvassa n\u00e4kym\u00e4ss\u00e4 valitse lis\u00e4tt\u00e4v\u00e4ksi sis\u00e4ll\u00f6ksi Etsi opintojakso ja lis\u00e4\u00e4 se rakenteeseen.<\/p>\n<p>&nbsp;<\/p>\n<div id=\"attachment_2694\" style=\"width: 547px\" class=\"wp-caption alignnone\"><a href=\"https:\/\/blogi.eoppimispalvelut.fi\/peppi-ohjeet\/koulutus-ja-opetussuunnittelu\/opetussuunnitelmat\/opetussuunnitelman-rakentaminen\/rakenne\/opintojakson-luominen-muokkaaminen\/opintojakson-liittaminen-opsiin\/\" rel=\"attachment wp-att-2694\"><img loading=\"lazy\" decoding=\"async\" aria-describedby=\"caption-attachment-2694\" class=\"size-full wp-image-2694\" src=\"https:\/\/blogi.eoppimispalvelut.fi\/peppi-ohjeet\/files\/2020\/05\/Opintojakson-liitt\u00e4minen-opsiin.png\" alt=\"Opintojakson liitt\u00e4minen opetussuunnitelman rakenteeseen\" width=\"537\" height=\"635\" srcset=\"https:\/\/blogi.eoppimispalvelut.fi\/peppi-ohjeet\/files\/2020\/05\/Opintojakson-liitt\u00e4minen-opsiin.png 537w, https:\/\/blogi.eoppimispalvelut.fi\/peppi-ohjeet\/files\/2020\/05\/Opintojakson-liitt\u00e4minen-opsiin-254x300.png 254w\" sizes=\"auto, (max-width: 537px) 100vw, 537px\" \/><\/a><p id=\"caption-attachment-2694\" class=\"wp-caption-text\">Klikkaa kuva suuremmaksi<\/p><\/div>\n<p>&nbsp;<\/p>\n<ol>\n<li>Etsi opintojakso sy\u00f6tt\u00e4m\u00e4ll\u00e4 opintojakson nimi hakukentt\u00e4\u00e4n ja valitse Hae tai valitse tarjontakori, josta haluat poimia opintojakson<\/li>\n<li>Lis\u00e4\u00e4 haluamasi opintojakso valitsemalla + opintojakson nimen oikealta puolelta<\/li>\n<\/ol>\n<p>&nbsp;<\/p>\n<hr \/>\n<p>Takaisin <a href=\"https:\/\/blogi.eoppimispalvelut.fi\/peppi-ohjeet\/koulutus-ja-opetussuunnittelu\/\">Koulutus- ja opetussuunnittelu<\/a>\u00a0\u2013 sivulle<\/p>\n","protected":false},"excerpt":{"rendered":"<p>Opintojaksojen luominen opetussuunnitelman rakenteeseen\u00a0 Opintojaksojen osalta noudatetaan Opetussuunnitelman laatimisen perusteita, jonka mukaan opintojakson minimilaajuus 5 op. Opintojaksolla ei voi olla alle 5 op toteutuksen osia. Opintojaksot ovat p\u00e4\u00e4s\u00e4\u00e4nt\u00f6isesti laajempia osaamisperustaisia\u00a0ty\u00f6el\u00e4m\u00e4n prosesseja mukailevia opintojaksoja, jotka sis\u00e4lt\u00e4v\u00e4t 1 \u2013 x m\u00e4\u00e4r\u00e4n v\u00e4hint\u00e4\u00e4n &hellip; <a href=\"https:\/\/blogi.eoppimispalvelut.fi\/peppi-ohjeet\/koulutus-ja-opetussuunnittelu\/opetussuunnitelmat\/opetussuunnitelman-rakentaminen\/rakenne\/opintojakson-luominen-muokkaaminen\/\">Continue reading <span class=\"meta-nav\">&rarr;<\/span><\/a><\/p>\n","protected":false},"author":4339,"featured_media":0,"parent":2134,"menu_order":0,"comment_status":"closed","ping_status":"closed","template":"","meta":{"_monsterinsights_skip_tracking":false,"_monsterinsights_sitenote_active":false,"_monsterinsights_sitenote_note":"","_monsterinsights_sitenote_category":0,"footnotes":""},"class_list":["post-2672","page","type-page","status-publish","hentry"],"_links":{"self":[{"href":"https:\/\/blogi.eoppimispalvelut.fi\/peppi-ohjeet\/wp-json\/wp\/v2\/pages\/2672","targetHints":{"allow":["GET"]}}],"collection":[{"href":"https:\/\/blogi.eoppimispalvelut.fi\/peppi-ohjeet\/wp-json\/wp\/v2\/pages"}],"about":[{"href":"https:\/\/blogi.eoppimispalvelut.fi\/peppi-ohjeet\/wp-json\/wp\/v2\/types\/page"}],"author":[{"embeddable":true,"href":"https:\/\/blogi.eoppimispalvelut.fi\/peppi-ohjeet\/wp-json\/wp\/v2\/users\/4339"}],"replies":[{"embeddable":true,"href":"https:\/\/blogi.eoppimispalvelut.fi\/peppi-ohjeet\/wp-json\/wp\/v2\/comments?post=2672"}],"version-history":[{"count":11,"href":"https:\/\/blogi.eoppimispalvelut.fi\/peppi-ohjeet\/wp-json\/wp\/v2\/pages\/2672\/revisions"}],"predecessor-version":[{"id":7309,"href":"https:\/\/blogi.eoppimispalvelut.fi\/peppi-ohjeet\/wp-json\/wp\/v2\/pages\/2672\/revisions\/7309"}],"up":[{"embeddable":true,"href":"https:\/\/blogi.eoppimispalvelut.fi\/peppi-ohjeet\/wp-json\/wp\/v2\/pages\/2134"}],"wp:attachment":[{"href":"https:\/\/blogi.eoppimispalvelut.fi\/peppi-ohjeet\/wp-json\/wp\/v2\/media?parent=2672"}],"curies":[{"name":"wp","href":"https:\/\/api.w.org\/{rel}","templated":true}]}}