{"id":278,"date":"2020-02-10T13:10:50","date_gmt":"2020-02-10T11:10:50","guid":{"rendered":"https:\/\/blogi.eoppimispalvelut.fi\/peppi-ohjeet\/?page_id=278"},"modified":"2024-08-07T16:14:16","modified_gmt":"2024-08-07T13:14:16","slug":"opinnaytetyon-arviointi","status":"publish","type":"page","link":"https:\/\/blogi.eoppimispalvelut.fi\/peppi-ohjeet\/opetus_ohjaus\/arviointi-2\/opinnaytetyon-arviointi\/","title":{"rendered":"Opinn\u00e4ytety\u00f6n arviointi"},"content":{"rendered":"<p>Katso <a href=\"https:\/\/youtu.be\/7mZIviTJ3Vs\" target=\"_blank\" rel=\"noopener noreferrer\">video<\/a> (tekstityksen saa p\u00e4\u00e4lle [cc]-painikkeesta).<\/p>\n<p><strong>Lapin ammattikorkeakoulussa on k\u00e4yt\u00f6ss\u00e4 opinn\u00e4ytety\u00f6t\u00e4, sen ohjausta ja edistymisen seurantaa tukeva Wihi-j\u00e4rjestelm\u00e4, jonka kautta opinn\u00e4ytety\u00f6h\u00f6n liittyv\u00e4t arvioinnit siirtyv\u00e4t opiskelijoille Peppiin. Opinn\u00e4ytety\u00f6prosessi menee siis l\u00e4ht\u00f6kohtaisesti Wihin kautta.<\/strong><\/p>\n<ul>\n<li>Tarvittaessa opinn\u00e4ytety\u00f6h\u00f6n liittyv\u00e4t opintojaksot voidaan arvioida my\u00f6s Pepiss\u00e4, mik\u00e4li opinn\u00e4ytety\u00f6prosessi ei ole mennyt Wihin kautta. T\u00e4ll\u00f6in arviointiin lis\u00e4t\u00e4\u00e4n arvosanan lis\u00e4ksi opinnon tarkentava tyyppi: <b>opinn\u00e4ytety\u00f6h\u00f6n liittyv\u00e4 opinto. <\/b>Ilman tarkenteita opinn\u00e4ytety\u00f6t\u00e4 ei voi arvioida Pepin kautta.<\/li>\n<li>Koko opinn\u00e4ytety\u00f6n arviointi kirjataan Pepiss\u00e4 erillisen opinn\u00e4ytety\u00f6arviointi toiminnon kautta.<\/li>\n<li>Opinn\u00e4ytety\u00f6n arvioinnin tallentaa ohjaava opettaja.<\/li>\n<li>Opinn\u00e4ytety\u00f6h\u00f6n liittyv\u00e4t dokumentit (<b>opinn\u00e4ytteest\u00e4 annetut lausunnot, opiskelijan itsearvioinnit ja arvosanaehdotukset <\/b>) toimitetaan opintosuunnittelijalle arkistointia varten.<\/li>\n<\/ul>\n<p>&nbsp;<\/p>\n<p><strong>Opinn\u00e4ytety\u00f6h\u00f6n liittyvien opintojaksojen arviointi<\/strong><\/p>\n<p>Lis\u00e4\u00e4\/tarkista, ett\u00e4 arvioinnin lis\u00e4ksi toteutuksen arvioinnissa on opinn\u00e4ytety\u00f6h\u00f6n liittyviin opintoihin kirjattu opinnon tyyppi. Valitse toteutuksen arvioinnissa opiskelijan tietojen oikeasta reunasta alasvetovalikosta Muokkaa.<\/p>\n<div id=\"attachment_1642\" style=\"width: 967px\" class=\"wp-caption alignnone\"><a href=\"https:\/\/blogi.eoppimispalvelut.fi\/peppi-ohjeet\/opetus_ohjaus\/arviointi-2\/opinnaytetyon-arviointi\/opinnaytetyohon-liittyvan-opintojakson-arviointi-1\/\" rel=\"attachment wp-att-1642\"><img loading=\"lazy\" decoding=\"async\" aria-describedby=\"caption-attachment-1642\" class=\"wp-image-1642 size-full\" src=\"https:\/\/blogi.eoppimispalvelut.fi\/peppi-ohjeet\/files\/2020\/04\/Opinn\u00e4ytety\u00f6h\u00f6n-liittyv\u00e4n-opintojakson-arviointi-1.png\" alt=\"Opinn\u00e4ytety\u00f6h\u00f6n liittyv\u00e4n opintojakson arviointi\" width=\"957\" height=\"380\" srcset=\"https:\/\/blogi.eoppimispalvelut.fi\/peppi-ohjeet\/files\/2020\/04\/Opinn\u00e4ytety\u00f6h\u00f6n-liittyv\u00e4n-opintojakson-arviointi-1.png 957w, https:\/\/blogi.eoppimispalvelut.fi\/peppi-ohjeet\/files\/2020\/04\/Opinn\u00e4ytety\u00f6h\u00f6n-liittyv\u00e4n-opintojakson-arviointi-1-900x357.png 900w, https:\/\/blogi.eoppimispalvelut.fi\/peppi-ohjeet\/files\/2020\/04\/Opinn\u00e4ytety\u00f6h\u00f6n-liittyv\u00e4n-opintojakson-arviointi-1-768x305.png 768w, https:\/\/blogi.eoppimispalvelut.fi\/peppi-ohjeet\/files\/2020\/04\/Opinn\u00e4ytety\u00f6h\u00f6n-liittyv\u00e4n-opintojakson-arviointi-1-500x199.png 500w\" sizes=\"auto, (max-width: 957px) 100vw, 957px\" \/><\/a><p id=\"caption-attachment-1642\" class=\"wp-caption-text\">Klikkaa kuva suuremmaksi<\/p><\/div>\n<p>N\u00e4ytt\u00f6\u00f6n avautuu opinnon arviointilomake. Kohtaan &#8220;Opintojakson tarkentava tyyppi&#8221; valitaan tyypiksi &#8220;Opin\u00e4ytety\u00f6h\u00f6n liittyv\u00e4 opinto&#8221;.<\/p>\n<div id=\"attachment_1644\" style=\"width: 895px\" class=\"wp-caption alignnone\"><a href=\"https:\/\/blogi.eoppimispalvelut.fi\/peppi-ohjeet\/opetus_ohjaus\/arviointi-2\/opinnaytetyon-arviointi\/opinnaytetyohon-liittyvan-opintojakson-arviointi-3\/\" rel=\"attachment wp-att-1644\"><img loading=\"lazy\" decoding=\"async\" aria-describedby=\"caption-attachment-1644\" class=\"size-full wp-image-1644\" src=\"https:\/\/blogi.eoppimispalvelut.fi\/peppi-ohjeet\/files\/2020\/04\/Opinn\u00e4ytety\u00f6h\u00f6n-liittyv\u00e4n-opintojakson-arviointi-3.png\" alt=\"Opin\u00e4ytety\u00f6h\u00f6n liittyv\u00e4n opintojakson tarkenteen muokkaaminen\" width=\"885\" height=\"454\" srcset=\"https:\/\/blogi.eoppimispalvelut.fi\/peppi-ohjeet\/files\/2020\/04\/Opinn\u00e4ytety\u00f6h\u00f6n-liittyv\u00e4n-opintojakson-arviointi-3.png 885w, https:\/\/blogi.eoppimispalvelut.fi\/peppi-ohjeet\/files\/2020\/04\/Opinn\u00e4ytety\u00f6h\u00f6n-liittyv\u00e4n-opintojakson-arviointi-3-768x394.png 768w, https:\/\/blogi.eoppimispalvelut.fi\/peppi-ohjeet\/files\/2020\/04\/Opinn\u00e4ytety\u00f6h\u00f6n-liittyv\u00e4n-opintojakson-arviointi-3-500x256.png 500w\" sizes=\"auto, (max-width: 885px) 100vw, 885px\" \/><\/a><p id=\"caption-attachment-1644\" class=\"wp-caption-text\">Klikkaa kuva suuremmaksi<\/p><\/div>\n<p>&nbsp;<\/p>\n<p><strong>Opinn\u00e4ytety\u00f6n arviointi<\/strong><\/p>\n<p>Katso <a href=\"https:\/\/youtu.be\/Nlnx-PSrfRw\" target=\"_blank\" rel=\"noopener noreferrer\">video<\/a> (tekstityksen saa p\u00e4\u00e4lle [cc]-painikkeesta).<\/p>\n<div id=\"attachment_6927\" style=\"width: 594px\" class=\"wp-caption alignnone\"><a href=\"https:\/\/blogi.eoppimispalvelut.fi\/peppi-ohjeet\/files\/2024\/08\/Opinnaytetyon-arvioinnin-lisaaminen.png\" rel=\"attachment wp-att-1645\"><img loading=\"lazy\" decoding=\"async\" aria-describedby=\"caption-attachment-6927\" class=\"wp-image-6927 size-large\" src=\"https:\/\/blogi.eoppimispalvelut.fi\/peppi-ohjeet\/files\/2024\/08\/Opinnaytetyon-arvioinnin-lisaaminen-1280x405.png\" alt=\"Opinn\u00e4ytety\u00f6n arvioinnin lis\u00e4\u00e4minen\" width=\"584\" height=\"185\" \/><\/a><p id=\"caption-attachment-6927\" class=\"wp-caption-text\">Klikkaa kuvaa suuremmaksi<\/p><\/div>\n<p>Opinn\u00e4ytety\u00f6n arviointi tapahtuu valitsemalla Arviointi-valikon alta l\u00f6ytyv\u00e4 &#8220;Opinn\u00e4ytety\u00f6n arviointi&#8221;.<\/p>\n<div id=\"attachment_6929\" style=\"width: 594px\" class=\"wp-caption alignnone\"><a href=\"https:\/\/blogi.eoppimispalvelut.fi\/peppi-ohjeet\/files\/2024\/08\/Opinnaytetyon-arviointi.png\" rel=\"attachment wp-att-1646\"><img loading=\"lazy\" decoding=\"async\" aria-describedby=\"caption-attachment-6929\" class=\"wp-image-6929 size-large\" src=\"https:\/\/blogi.eoppimispalvelut.fi\/peppi-ohjeet\/files\/2024\/08\/Opinnaytetyon-arviointi-1280x249.png\" alt=\"Opinn\u00e4ytety\u00f6n arviointi\" width=\"584\" height=\"114\" srcset=\"https:\/\/blogi.eoppimispalvelut.fi\/peppi-ohjeet\/files\/2024\/08\/Opinnaytetyon-arviointi-1280x249.png 1280w, https:\/\/blogi.eoppimispalvelut.fi\/peppi-ohjeet\/files\/2024\/08\/Opinnaytetyon-arviointi-600x117.png 600w, https:\/\/blogi.eoppimispalvelut.fi\/peppi-ohjeet\/files\/2024\/08\/Opinnaytetyon-arviointi-768x150.png 768w, https:\/\/blogi.eoppimispalvelut.fi\/peppi-ohjeet\/files\/2024\/08\/Opinnaytetyon-arviointi-1536x299.png 1536w, https:\/\/blogi.eoppimispalvelut.fi\/peppi-ohjeet\/files\/2024\/08\/Opinnaytetyon-arviointi-2048x399.png 2048w, https:\/\/blogi.eoppimispalvelut.fi\/peppi-ohjeet\/files\/2024\/08\/Opinnaytetyon-arviointi-500x97.png 500w\" sizes=\"auto, (max-width: 584px) 100vw, 584px\" \/><\/a><p id=\"caption-attachment-6929\" class=\"wp-caption-text\">Klikkaa kuvaa suuremmaksi<\/p><\/div>\n<ol>\n<li>Hae sen opiskelijan tiedot, jolle haluat tallentaa opinn\u00e4ytety\u00f6n arvioinnin.<\/li>\n<li>Valitse haluamasi opiskelijan tietojen kohdalta oikeassa reunasta Toiminnot-valikosta &#8220;Arvioi opinn\u00e4ytety\u00f6&#8221;.<\/li>\n<\/ol>\n<div id=\"attachment_6930\" style=\"width: 740px\" class=\"wp-caption alignnone\"><a href=\"https:\/\/blogi.eoppimispalvelut.fi\/peppi-ohjeet\/files\/2024\/08\/Arvioitavan-opinnaytetyon-tiedot.png\" rel=\"attachment wp-att-1649\"><img loading=\"lazy\" decoding=\"async\" aria-describedby=\"caption-attachment-6930\" class=\"wp-image-6930 size-full\" src=\"https:\/\/blogi.eoppimispalvelut.fi\/peppi-ohjeet\/files\/2024\/08\/Arvioitavan-opinnaytetyon-tiedot.png\" alt=\"Arvioitavan opinn\u00e4ytety\u00f6n tiedot\" width=\"730\" height=\"940\" srcset=\"https:\/\/blogi.eoppimispalvelut.fi\/peppi-ohjeet\/files\/2024\/08\/Arvioitavan-opinnaytetyon-tiedot.png 730w, https:\/\/blogi.eoppimispalvelut.fi\/peppi-ohjeet\/files\/2024\/08\/Arvioitavan-opinnaytetyon-tiedot-600x773.png 600w, https:\/\/blogi.eoppimispalvelut.fi\/peppi-ohjeet\/files\/2024\/08\/Arvioitavan-opinnaytetyon-tiedot-233x300.png 233w\" sizes=\"auto, (max-width: 730px) 100vw, 730px\" \/><\/a><p id=\"caption-attachment-6930\" class=\"wp-caption-text\">Klikkaa kuvaa suuremmaksi<\/p><\/div>\n<ol>\n<li>T\u00e4yt\u00e4 tarvittavat tiedot kenttiin. Opinn\u00e4ytety\u00f6n nimi suomeksi ja englanniksi. Huomioi oikeinkirjoitus (tieto tallentuu opiskelijan opintosuoritusotteelle ja\u00a0 tutkintotodistuksen liitteeseen).<\/li>\n<li>Valitse arvosana alasvetovalikosta.<\/li>\n<li>Valitse kieli, jolla opinn\u00e4ytety\u00f6 on kirjoitettu, alasvetovalikosta.<\/li>\n<li>Valitse kypsyysn\u00e4ytteen kieli alasvetovalikosta.<\/li>\n<li>Valitse onko opinn\u00e4ytety\u00f6 hankkeistettu.<\/li>\n<li>Valitse arviointip\u00e4iv\u00e4m\u00e4\u00e4r\u00e4.<\/li>\n<li>Valitse arvioinnin antaja.<\/li>\n<li>Kun tarvittavat tiedot on t\u00e4ytetty, valitse Tallenna.<\/li>\n<\/ol>\n<p>Opinn\u00e4ytety\u00f6h\u00f6n liittyvien opintojen tiedot ja niiden tila on n\u00e4ht\u00e4vill\u00e4 lomakkeen alalaidassa.<\/p>\n<p>&nbsp;<\/p>\n<hr \/>\n<p>Takaisin\u00a0<a href=\"https:\/\/blogi.eoppimispalvelut.fi\/peppi-ohjeet\/opetus_ohjaus\/\">Opetus ja ohjaus <\/a>-sivulle<\/p>\n","protected":false},"excerpt":{"rendered":"<p>Katso video (tekstityksen saa p\u00e4\u00e4lle [cc]-painikkeesta). Lapin ammattikorkeakoulussa on k\u00e4yt\u00f6ss\u00e4 opinn\u00e4ytety\u00f6t\u00e4, sen ohjausta ja edistymisen seurantaa tukeva Wihi-j\u00e4rjestelm\u00e4, jonka kautta opinn\u00e4ytety\u00f6h\u00f6n liittyv\u00e4t arvioinnit siirtyv\u00e4t opiskelijoille Peppiin. Opinn\u00e4ytety\u00f6prosessi menee siis l\u00e4ht\u00f6kohtaisesti Wihin kautta. Tarvittaessa opinn\u00e4ytety\u00f6h\u00f6n liittyv\u00e4t opintojaksot voidaan arvioida my\u00f6s Pepiss\u00e4, &hellip; <a href=\"https:\/\/blogi.eoppimispalvelut.fi\/peppi-ohjeet\/opetus_ohjaus\/arviointi-2\/opinnaytetyon-arviointi\/\">Continue reading <span class=\"meta-nav\">&rarr;<\/span><\/a><\/p>\n","protected":false},"author":6,"featured_media":0,"parent":296,"menu_order":0,"comment_status":"closed","ping_status":"closed","template":"","meta":{"_monsterinsights_skip_tracking":false,"_monsterinsights_sitenote_active":false,"_monsterinsights_sitenote_note":"","_monsterinsights_sitenote_category":0,"footnotes":""},"class_list":["post-278","page","type-page","status-publish","hentry"],"_links":{"self":[{"href":"https:\/\/blogi.eoppimispalvelut.fi\/peppi-ohjeet\/wp-json\/wp\/v2\/pages\/278","targetHints":{"allow":["GET"]}}],"collection":[{"href":"https:\/\/blogi.eoppimispalvelut.fi\/peppi-ohjeet\/wp-json\/wp\/v2\/pages"}],"about":[{"href":"https:\/\/blogi.eoppimispalvelut.fi\/peppi-ohjeet\/wp-json\/wp\/v2\/types\/page"}],"author":[{"embeddable":true,"href":"https:\/\/blogi.eoppimispalvelut.fi\/peppi-ohjeet\/wp-json\/wp\/v2\/users\/6"}],"replies":[{"embeddable":true,"href":"https:\/\/blogi.eoppimispalvelut.fi\/peppi-ohjeet\/wp-json\/wp\/v2\/comments?post=278"}],"version-history":[{"count":15,"href":"https:\/\/blogi.eoppimispalvelut.fi\/peppi-ohjeet\/wp-json\/wp\/v2\/pages\/278\/revisions"}],"predecessor-version":[{"id":6931,"href":"https:\/\/blogi.eoppimispalvelut.fi\/peppi-ohjeet\/wp-json\/wp\/v2\/pages\/278\/revisions\/6931"}],"up":[{"embeddable":true,"href":"https:\/\/blogi.eoppimispalvelut.fi\/peppi-ohjeet\/wp-json\/wp\/v2\/pages\/296"}],"wp:attachment":[{"href":"https:\/\/blogi.eoppimispalvelut.fi\/peppi-ohjeet\/wp-json\/wp\/v2\/media?parent=278"}],"curies":[{"name":"wp","href":"https:\/\/api.w.org\/{rel}","templated":true}]}}