{"id":284,"date":"2020-02-10T13:21:22","date_gmt":"2020-02-10T11:21:22","guid":{"rendered":"https:\/\/blogi.eoppimispalvelut.fi\/peppi-ohjeet\/?page_id=284"},"modified":"2024-07-04T16:25:16","modified_gmt":"2024-07-04T13:25:16","slug":"toteutuksen-tarkastaminen","status":"publish","type":"page","link":"https:\/\/blogi.eoppimispalvelut.fi\/peppi-ohjeet\/opetus_ohjaus\/omat-toteutukset\/toteutuksen-tarkastaminen\/","title":{"rendered":"Toteutuksen tarkastaminen ja julkaiseminen"},"content":{"rendered":"<ol>\n<li>Opettaja tai opettajatiimi t\u00e4ydent\u00e4\u00e4 toteutuksen tiedot ja tekee tarkennetun kuvauksen sis\u00e4ll\u00f6st\u00e4 ja etenemisest\u00e4 Moodleen arviointikirjaa hy\u00f6dynt\u00e4en<\/li>\n<li>Kes\u00e4n ja syksyn toteutussuunnitelmien laatiminen: viikot 4 \u2013 11<\/li>\n<li>Kev\u00e4\u00e4n toteutussuunnitelmien laatiminen: viikot 32 \u2013 39<\/li>\n<li>Opettaja tai opettajatiimi t\u00e4ydent\u00e4\u00e4 sovitut toteutuksen tiedot kes\u00e4n ja syksyn toteutusten osalta <strong>viikon 9<\/strong> loppuun menness\u00e4 ja kev\u00e4\u00e4n toteutusten osalta<strong> viikon 37<\/strong> loppuun menness\u00e4<\/li>\n<li>Osaamisp\u00e4\u00e4llikk\u00f6 tarkastaa toteutusten tiedot<\/li>\n<li>Jos l\u00f6ytyy puutteita, osaamisp\u00e4\u00e4llikk\u00f6 ohjeistaa opettajia toteutusten t\u00e4ydent\u00e4misen osalta<\/li>\n<li>P\u00e4\u00e4k\u00e4ytt\u00e4j\u00e4t asettavat ilmoittautumisajat oikein ennen toteutusten julkaisua<\/li>\n<li>Osaamisp\u00e4\u00e4llikk\u00f6 julkaisee hyv\u00e4ksytyn toteutussuunnitelman. Toteutukset julkaistaan kes\u00e4n ja syksyn osalta <strong>viikon 11<\/strong> lopussa ja kev\u00e4\u00e4n osalta <strong>viikon 39<\/strong> lopussa.<\/li>\n<li>Julkaisun j\u00e4lkeen toteutukset ovat n\u00e4ht\u00e4vill\u00e4 opinto-oppaissa ja opiskelijoilla on mahdollisuus ilmoittautua opintojakson toteutukselle<\/li>\n<\/ol>\n<p>&nbsp;<\/p>\n<hr \/>\n<p>Takaisin <a href=\"https:\/\/blogi.eoppimispalvelut.fi\/peppi-ohjeet\/opetus_ohjaus\/\">Opetus ja ohjaus -sivulle<\/a><\/p>\n","protected":false},"excerpt":{"rendered":"<p>Opettaja tai opettajatiimi t\u00e4ydent\u00e4\u00e4 toteutuksen tiedot ja tekee tarkennetun kuvauksen sis\u00e4ll\u00f6st\u00e4 ja etenemisest\u00e4 Moodleen arviointikirjaa hy\u00f6dynt\u00e4en Kes\u00e4n ja syksyn toteutussuunnitelmien laatiminen: viikot 4 \u2013 11 Kev\u00e4\u00e4n toteutussuunnitelmien laatiminen: viikot 32 \u2013 39 Opettaja tai opettajatiimi t\u00e4ydent\u00e4\u00e4 sovitut toteutuksen tiedot kes\u00e4n &hellip; <a href=\"https:\/\/blogi.eoppimispalvelut.fi\/peppi-ohjeet\/opetus_ohjaus\/omat-toteutukset\/toteutuksen-tarkastaminen\/\">Continue reading <span class=\"meta-nav\">&rarr;<\/span><\/a><\/p>\n","protected":false},"author":6,"featured_media":0,"parent":233,"menu_order":0,"comment_status":"closed","ping_status":"closed","template":"","meta":{"_monsterinsights_skip_tracking":false,"_monsterinsights_sitenote_active":false,"_monsterinsights_sitenote_note":"","_monsterinsights_sitenote_category":0,"footnotes":""},"class_list":["post-284","page","type-page","status-publish","hentry"],"_links":{"self":[{"href":"https:\/\/blogi.eoppimispalvelut.fi\/peppi-ohjeet\/wp-json\/wp\/v2\/pages\/284","targetHints":{"allow":["GET"]}}],"collection":[{"href":"https:\/\/blogi.eoppimispalvelut.fi\/peppi-ohjeet\/wp-json\/wp\/v2\/pages"}],"about":[{"href":"https:\/\/blogi.eoppimispalvelut.fi\/peppi-ohjeet\/wp-json\/wp\/v2\/types\/page"}],"author":[{"embeddable":true,"href":"https:\/\/blogi.eoppimispalvelut.fi\/peppi-ohjeet\/wp-json\/wp\/v2\/users\/6"}],"replies":[{"embeddable":true,"href":"https:\/\/blogi.eoppimispalvelut.fi\/peppi-ohjeet\/wp-json\/wp\/v2\/comments?post=284"}],"version-history":[{"count":20,"href":"https:\/\/blogi.eoppimispalvelut.fi\/peppi-ohjeet\/wp-json\/wp\/v2\/pages\/284\/revisions"}],"predecessor-version":[{"id":6849,"href":"https:\/\/blogi.eoppimispalvelut.fi\/peppi-ohjeet\/wp-json\/wp\/v2\/pages\/284\/revisions\/6849"}],"up":[{"embeddable":true,"href":"https:\/\/blogi.eoppimispalvelut.fi\/peppi-ohjeet\/wp-json\/wp\/v2\/pages\/233"}],"wp:attachment":[{"href":"https:\/\/blogi.eoppimispalvelut.fi\/peppi-ohjeet\/wp-json\/wp\/v2\/media?parent=284"}],"curies":[{"name":"wp","href":"https:\/\/api.w.org\/{rel}","templated":true}]}}