{"id":2863,"date":"2020-05-16T11:44:42","date_gmt":"2020-05-16T08:44:42","guid":{"rendered":"https:\/\/blogi.eoppimispalvelut.fi\/peppi-ohjeet\/?page_id=2863"},"modified":"2021-01-26T13:16:13","modified_gmt":"2021-01-26T11:16:13","slug":"toteutuksien-luonti-ja-ajoitus","status":"publish","type":"page","link":"https:\/\/blogi.eoppimispalvelut.fi\/peppi-ohjeet\/koulutus-ja-opetussuunnittelu\/vuosisuunnittelu\/toteutuksien-luonti-ja-ajoitus\/","title":{"rendered":"Toteutuksien luonti ja ajoitus"},"content":{"rendered":"<p>Katso <a href=\"https:\/\/youtu.be\/_W81ibR8bjk\" target=\"_blank\" rel=\"noopener noreferrer\">video<\/a> (tekstityksen saa p\u00e4\u00e4lle [cc]-painikkeesta).<\/p>\n<p>Ensin luodaan uusi toteutus klikkaamalla hiirell\u00e4 opintojakson nime\u00e4 ja valitsemalla Luo uusi toteutus.<\/p>\n<p>&nbsp;<\/p>\n<div id=\"attachment_2828\" class=\"wp-caption alignnone\">\n<p><a href=\"https:\/\/blogi.eoppimispalvelut.fi\/peppi-ohjeet\/koulutus-ja-opetussuunnittelu\/vuosisuunnittelu\/opsien-mukaisen-opetustarjonnan-suunnittelu\/luo-uusi-toteutus\/\" rel=\"attachment wp-att-2828\" data-slb-active=\"1\" data-slb-asset=\"1941605585\" data-slb-internal=\"2828\" data-slb-group=\"2178\"><img loading=\"lazy\" decoding=\"async\" class=\"size-large wp-image-2828\" src=\"https:\/\/blogi.eoppimispalvelut.fi\/peppi-ohjeet\/files\/2020\/05\/Luo-uusi-toteutus-1280x393.png\" alt=\"Luo uusi toteutus\" width=\"584\" height=\"179\" aria-describedby=\"caption-attachment-2828\" srcset=\"https:\/\/blogi.eoppimispalvelut.fi\/peppi-ohjeet\/files\/2020\/05\/Luo-uusi-toteutus-1280x393.png 1280w, https:\/\/blogi.eoppimispalvelut.fi\/peppi-ohjeet\/files\/2020\/05\/Luo-uusi-toteutus-900x276.png 900w, https:\/\/blogi.eoppimispalvelut.fi\/peppi-ohjeet\/files\/2020\/05\/Luo-uusi-toteutus-768x236.png 768w, https:\/\/blogi.eoppimispalvelut.fi\/peppi-ohjeet\/files\/2020\/05\/Luo-uusi-toteutus-1536x471.png 1536w, https:\/\/blogi.eoppimispalvelut.fi\/peppi-ohjeet\/files\/2020\/05\/Luo-uusi-toteutus-500x153.png 500w, https:\/\/blogi.eoppimispalvelut.fi\/peppi-ohjeet\/files\/2020\/05\/Luo-uusi-toteutus.png 1682w\" sizes=\"auto, (max-width: 584px) 100vw, 584px\" \/><\/a><\/p>\n<p id=\"caption-attachment-2828\" class=\"wp-caption-text\">Klikkaa kuva suuremmaksi<\/p>\n<\/div>\n<p>&nbsp;<\/p>\n<p>Ajoita toteutus halutulle periodille.<\/p>\n<p>&nbsp;<\/p>\n<div id=\"attachment_2829\" class=\"wp-caption alignnone\">\n<p><a href=\"https:\/\/blogi.eoppimispalvelut.fi\/peppi-ohjeet\/koulutus-ja-opetussuunnittelu\/vuosisuunnittelu\/opsien-mukaisen-opetustarjonnan-suunnittelu\/ajoita-toteutus-periodille\/\" rel=\"attachment wp-att-2829\" data-slb-active=\"1\" data-slb-asset=\"1006578418\" data-slb-internal=\"2829\" data-slb-group=\"2178\"><img loading=\"lazy\" decoding=\"async\" class=\"size-full wp-image-2829\" src=\"https:\/\/blogi.eoppimispalvelut.fi\/peppi-ohjeet\/files\/2020\/05\/Ajoita-toteutus-periodille.png\" alt=\"Ajoita toteutus periodille\" width=\"1280\" height=\"310\" aria-describedby=\"caption-attachment-2829\" srcset=\"https:\/\/blogi.eoppimispalvelut.fi\/peppi-ohjeet\/files\/2020\/05\/Ajoita-toteutus-periodille.png 1280w, https:\/\/blogi.eoppimispalvelut.fi\/peppi-ohjeet\/files\/2020\/05\/Ajoita-toteutus-periodille-900x218.png 900w, https:\/\/blogi.eoppimispalvelut.fi\/peppi-ohjeet\/files\/2020\/05\/Ajoita-toteutus-periodille-768x186.png 768w, https:\/\/blogi.eoppimispalvelut.fi\/peppi-ohjeet\/files\/2020\/05\/Ajoita-toteutus-periodille-500x121.png 500w\" sizes=\"auto, (max-width: 1280px) 100vw, 1280px\" \/><\/a><\/p>\n<p id=\"caption-attachment-2829\" class=\"wp-caption-text\">Klikkaa kuva suuremmaksi<\/p>\n<\/div>\n<p>&nbsp;<\/p>\n<p>Mik\u00e4li teet suunnittelua aikav\u00e4lille, jossa on k\u00e4ytett\u00e4viss\u00e4 useita periodeja, valitse haluamasi periodi klikkaamalla periodia. T\u00e4ss\u00e4 esimerkiss\u00e4 suunnittelua tehd\u00e4\u00e4n\u00a0 syyslukukaudelle, jossa on vain yksi periodi, joten ajoitus on jo oikein.<\/p>\n<p>Luo uusi toteutus ja tallenna ajoitus valitsemalla Luo toteutus.<\/p>\n<p>Toteutus luodaan vastaavalla tavalla jokaiselle suunnitteluajankohdalle toteutettavalle opinnolle.<\/p>\n<p>Voit hy\u00f6dynt\u00e4\u00e4 suunnittelussa esimerkiksi my\u00f6s koko opetussuunnitelman voimassaoloajan laajuista suunnittelun\u00e4kym\u00e4\u00e4. Saat n\u00e4kym\u00e4n k\u00e4ytt\u00f6\u00f6si kun valitset lukukaudet haluamasi aikaikkunan mukaisesti. Voit hy\u00f6dynt\u00e4\u00e4 t\u00e4t\u00e4 n\u00e4kym\u00e4\u00e4 my\u00f6s toteutusten tarkastamisessa eli onko kaikille opetussuunnitelman mukaisille opinnoille luotu toteutus.<\/p>\n<p>&nbsp;<\/p>\n<div id=\"attachment_2911\" style=\"width: 1290px\" class=\"wp-caption alignnone\"><a href=\"https:\/\/blogi.eoppimispalvelut.fi\/peppi-ohjeet\/koulutus-ja-opetussuunnittelu\/vuosisuunnittelu\/toteutuksien-luonti-ja-ajoitus\/toteutusten-suunnittelu-opsin-voimassaolon-mukaisesti\/\" rel=\"attachment wp-att-2911\"><img loading=\"lazy\" decoding=\"async\" aria-describedby=\"caption-attachment-2911\" class=\"size-full wp-image-2911\" src=\"https:\/\/blogi.eoppimispalvelut.fi\/peppi-ohjeet\/files\/2020\/05\/Toteutusten-suunnittelu-opsin-voimassaolon-mukaisesti.png\" alt=\"Toteutusten suunnittelu opsin voimassaolon mukaisesti\" width=\"1280\" height=\"508\" srcset=\"https:\/\/blogi.eoppimispalvelut.fi\/peppi-ohjeet\/files\/2020\/05\/Toteutusten-suunnittelu-opsin-voimassaolon-mukaisesti.png 1280w, https:\/\/blogi.eoppimispalvelut.fi\/peppi-ohjeet\/files\/2020\/05\/Toteutusten-suunnittelu-opsin-voimassaolon-mukaisesti-900x357.png 900w, https:\/\/blogi.eoppimispalvelut.fi\/peppi-ohjeet\/files\/2020\/05\/Toteutusten-suunnittelu-opsin-voimassaolon-mukaisesti-768x305.png 768w, https:\/\/blogi.eoppimispalvelut.fi\/peppi-ohjeet\/files\/2020\/05\/Toteutusten-suunnittelu-opsin-voimassaolon-mukaisesti-500x198.png 500w\" sizes=\"auto, (max-width: 1280px) 100vw, 1280px\" \/><\/a><p id=\"caption-attachment-2911\" class=\"wp-caption-text\">Klikkaa kuva suuremmaksi<\/p><\/div>\n<p>&nbsp;<\/p>\n<hr \/>\n<p>Takaisin <a href=\"https:\/\/blogi.eoppimispalvelut.fi\/peppi-ohjeet\/koulutus-ja-opetussuunnittelu\/\">Koulutus- ja opetussuunnittelu<\/a>\u00a0\u2013 sivulle<\/p>\n","protected":false},"excerpt":{"rendered":"<p>Katso video (tekstityksen saa p\u00e4\u00e4lle [cc]-painikkeesta). Ensin luodaan uusi toteutus klikkaamalla hiirell\u00e4 opintojakson nime\u00e4 ja valitsemalla Luo uusi toteutus. &nbsp; Klikkaa kuva suuremmaksi &nbsp; Ajoita toteutus halutulle periodille. &nbsp; Klikkaa kuva suuremmaksi &nbsp; Mik\u00e4li teet suunnittelua aikav\u00e4lille, jossa on k\u00e4ytett\u00e4viss\u00e4 &hellip; <a href=\"https:\/\/blogi.eoppimispalvelut.fi\/peppi-ohjeet\/koulutus-ja-opetussuunnittelu\/vuosisuunnittelu\/toteutuksien-luonti-ja-ajoitus\/\">Continue reading <span class=\"meta-nav\">&rarr;<\/span><\/a><\/p>\n","protected":false},"author":4339,"featured_media":0,"parent":2147,"menu_order":0,"comment_status":"closed","ping_status":"closed","template":"","meta":{"_monsterinsights_skip_tracking":false,"_monsterinsights_sitenote_active":false,"_monsterinsights_sitenote_note":"","_monsterinsights_sitenote_category":0,"footnotes":""},"class_list":["post-2863","page","type-page","status-publish","hentry"],"_links":{"self":[{"href":"https:\/\/blogi.eoppimispalvelut.fi\/peppi-ohjeet\/wp-json\/wp\/v2\/pages\/2863","targetHints":{"allow":["GET"]}}],"collection":[{"href":"https:\/\/blogi.eoppimispalvelut.fi\/peppi-ohjeet\/wp-json\/wp\/v2\/pages"}],"about":[{"href":"https:\/\/blogi.eoppimispalvelut.fi\/peppi-ohjeet\/wp-json\/wp\/v2\/types\/page"}],"author":[{"embeddable":true,"href":"https:\/\/blogi.eoppimispalvelut.fi\/peppi-ohjeet\/wp-json\/wp\/v2\/users\/4339"}],"replies":[{"embeddable":true,"href":"https:\/\/blogi.eoppimispalvelut.fi\/peppi-ohjeet\/wp-json\/wp\/v2\/comments?post=2863"}],"version-history":[{"count":10,"href":"https:\/\/blogi.eoppimispalvelut.fi\/peppi-ohjeet\/wp-json\/wp\/v2\/pages\/2863\/revisions"}],"predecessor-version":[{"id":4730,"href":"https:\/\/blogi.eoppimispalvelut.fi\/peppi-ohjeet\/wp-json\/wp\/v2\/pages\/2863\/revisions\/4730"}],"up":[{"embeddable":true,"href":"https:\/\/blogi.eoppimispalvelut.fi\/peppi-ohjeet\/wp-json\/wp\/v2\/pages\/2147"}],"wp:attachment":[{"href":"https:\/\/blogi.eoppimispalvelut.fi\/peppi-ohjeet\/wp-json\/wp\/v2\/media?parent=2863"}],"curies":[{"name":"wp","href":"https:\/\/api.w.org\/{rel}","templated":true}]}}