{"id":2865,"date":"2020-05-16T11:45:13","date_gmt":"2020-05-16T08:45:13","guid":{"rendered":"https:\/\/blogi.eoppimispalvelut.fi\/peppi-ohjeet\/?page_id=2865"},"modified":"2020-07-01T13:39:46","modified_gmt":"2020-07-01T10:39:46","slug":"toteutuksen-perustietojen-asettaminen","status":"publish","type":"page","link":"https:\/\/blogi.eoppimispalvelut.fi\/peppi-ohjeet\/koulutus-ja-opetussuunnittelu\/vuosisuunnittelu\/toteutuksen-perustietojen-asettaminen\/","title":{"rendered":"Toteutuksen perustietojen asettaminen"},"content":{"rendered":"<p>Katso <a href=\"https:\/\/youtu.be\/dffZAKSZI1A\" target=\"_blank\" rel=\"noopener noreferrer\">video<\/a> (tekstityksen saa p\u00e4\u00e4lle [cc]-painikkeesta).<\/p>\n<p>Osaamisp\u00e4\u00e4llikk\u00f6 asettaa toteutuksen perustiedot.<\/p>\n<p>Ryhm\u00e4t kentt\u00e4\u00e4n kiinnitet\u00e4\u00e4n ne saapumis- ja\/tai hallinnolliset ryhm\u00e4t, joille toteutus tarjotaan.<\/p>\n<p>&nbsp;<\/p>\n<div id=\"attachment_2830\" class=\"wp-caption alignnone\">\n<p><a href=\"https:\/\/blogi.eoppimispalvelut.fi\/peppi-ohjeet\/koulutus-ja-opetussuunnittelu\/vuosisuunnittelu\/opsien-mukaisen-opetustarjonnan-suunnittelu\/toteutuksen-luonti-perustietojen-tallentaminen\/\" rel=\"attachment wp-att-2830\" data-slb-active=\"1\" data-slb-asset=\"687650389\" data-slb-internal=\"2830\" data-slb-group=\"2178\"><img loading=\"lazy\" decoding=\"async\" class=\"size-full wp-image-2830\" src=\"https:\/\/blogi.eoppimispalvelut.fi\/peppi-ohjeet\/files\/2020\/05\/Toteutuksen-luonti-perustietojen-tallentaminen.png\" alt=\"Toteutuksen luonti perustietojen tallentaminen\" width=\"1280\" height=\"546\" aria-describedby=\"caption-attachment-2830\" srcset=\"https:\/\/blogi.eoppimispalvelut.fi\/peppi-ohjeet\/files\/2020\/05\/Toteutuksen-luonti-perustietojen-tallentaminen.png 1280w, https:\/\/blogi.eoppimispalvelut.fi\/peppi-ohjeet\/files\/2020\/05\/Toteutuksen-luonti-perustietojen-tallentaminen-900x384.png 900w, https:\/\/blogi.eoppimispalvelut.fi\/peppi-ohjeet\/files\/2020\/05\/Toteutuksen-luonti-perustietojen-tallentaminen-768x328.png 768w, https:\/\/blogi.eoppimispalvelut.fi\/peppi-ohjeet\/files\/2020\/05\/Toteutuksen-luonti-perustietojen-tallentaminen-500x213.png 500w\" sizes=\"auto, (max-width: 1280px) 100vw, 1280px\" \/><\/a><\/p>\n<p id=\"caption-attachment-2830\" class=\"wp-caption-text\">Klikkaa kuva suuremmaksi<\/p>\n<\/div>\n<p>&nbsp;<\/p>\n<p>Perustietojen lis\u00e4ksi osaamisp\u00e4\u00e4llikk\u00f6 p\u00e4ivitt\u00e4\u00e4 vastuunjaon ja koulutusalat.<\/p>\n<p>Vastuunjako ja koulutusalat -v\u00e4lilehdell\u00e4 pystyy m\u00e4\u00e4rittelem\u00e4\u00e4n toteutuksen vastuutahot sek\u00e4 siihen liittyv\u00e4t koulutusalat. Voit m\u00e4\u00e4ritt\u00e4\u00e4 vastuunjaon ja koulutusalat OPS:lle, jolta ne oletusarvoisesti periytyv\u00e4t OPS:n liitetyille opintojaksoille ja toteutuksille. Tarvittaessa voit m\u00e4\u00e4ritt\u00e4\u00e4 vastuunjaon ja koulutusalat my\u00f6s toteutuskohtaisesti.<\/p>\n<p>&nbsp;<\/p>\n<div id=\"attachment_2609\" class=\"wp-caption alignnone\">\n<p><a href=\"https:\/\/blogi.eoppimispalvelut.fi\/peppi-ohjeet\/koulutus-ja-opetussuunnittelu\/opetussuunnitelmat\/opetussuunnitelman-rakentaminen\/vastuunjako-ja-koulutusalat\/vastuunjako-ja-koulutusalat-opsissa\/\" rel=\"attachment wp-att-2609\" data-slb-active=\"1\" data-slb-asset=\"69467351\" data-slb-internal=\"2609\" data-slb-group=\"2178_2132\"><img loading=\"lazy\" decoding=\"async\" class=\"size-full wp-image-2609\" src=\"https:\/\/blogi.eoppimispalvelut.fi\/peppi-ohjeet\/files\/2020\/05\/Vastuunjako-ja-koulutusalat-opsissa.png\" alt=\"Vastuunjako ja koulutusala opetussuunnitelmassa\" width=\"1061\" height=\"526\" aria-describedby=\"caption-attachment-2609\" srcset=\"https:\/\/blogi.eoppimispalvelut.fi\/peppi-ohjeet\/files\/2020\/05\/Vastuunjako-ja-koulutusalat-opsissa.png 1061w, https:\/\/blogi.eoppimispalvelut.fi\/peppi-ohjeet\/files\/2020\/05\/Vastuunjako-ja-koulutusalat-opsissa-900x446.png 900w, https:\/\/blogi.eoppimispalvelut.fi\/peppi-ohjeet\/files\/2020\/05\/Vastuunjako-ja-koulutusalat-opsissa-768x381.png 768w, https:\/\/blogi.eoppimispalvelut.fi\/peppi-ohjeet\/files\/2020\/05\/Vastuunjako-ja-koulutusalat-opsissa-500x248.png 500w\" sizes=\"auto, (max-width: 1061px) 100vw, 1061px\" \/><\/a><\/p>\n<p id=\"caption-attachment-2609\" class=\"wp-caption-text\">Klikkaa kuva suuremmaksi<\/p>\n<\/div>\n<p>&nbsp;<\/p>\n<p>Vastuunjaon ja koulutusalan lis\u00e4\u00e4minen aloitetaan valitsemalla Lis\u00e4\u00e4 uusi ajanjakso.<\/p>\n<p>&nbsp;<\/p>\n<div id=\"attachment_2613\" class=\"wp-caption alignnone\">\n<p><a href=\"https:\/\/blogi.eoppimispalvelut.fi\/peppi-ohjeet\/koulutus-ja-opetussuunnittelu\/opetussuunnitelmat\/opetussuunnitelman-rakentaminen\/vastuunjako-ja-koulutusalat\/vastuunjaon-ja-koulutusalojen-maarittely-opsissa\/\" rel=\"attachment wp-att-2613\" data-slb-active=\"1\" data-slb-asset=\"414585445\" data-slb-internal=\"2613\" data-slb-group=\"2178_2132\"><img loading=\"lazy\" decoding=\"async\" class=\"size-full wp-image-2613\" src=\"https:\/\/blogi.eoppimispalvelut.fi\/peppi-ohjeet\/files\/2020\/05\/Vastuunjaon-ja-koulutusalojen-m%C3%A4%C3%A4rittely-Opsissa.png\" alt=\"Vastuunjaon ja koulutusalojen m\u00e4\u00e4rittely Opetussuunnitelmalle\" width=\"1280\" height=\"544\" aria-describedby=\"caption-attachment-2613\" \/><\/a><\/p>\n<p id=\"caption-attachment-2613\" class=\"wp-caption-text\">Klikkaa kuva suuremmaksi<\/p>\n<\/div>\n<p>&nbsp;<\/p>\n<ol>\n<li>Lis\u00e4\u00e4 voimassaoloaika (v\u00e4hint\u00e4\u00e4n alkamisaika)<\/li>\n<li>Vastuunjaon osalta t\u00e4ydennet\u00e4\u00e4n\n<ul>\n<li>yksikk\u00f6, jonka vastuulla koulutuksen toteutus on<\/li>\n<li>yksik\u00f6n kustannuspaikka<\/li>\n<li>vastuun jako-osuus.<\/li>\n<li>Mik\u00e4li koulutuksesta vastaa useampi yksikk\u00f6, merkit\u00e4\u00e4n kaikkien yksi\u00f6iden tiedot, kustannuspaikat sek\u00e4 prosentuaalinen osuus vastuusta.<\/li>\n<\/ul>\n<\/li>\n<\/ol>\n<p>Lis\u00e4ksi m\u00e4\u00e4ritell\u00e4\u00e4n Koulutusala viranomaisraportointeja varten.<\/p>\n<ol>\n<li>Koulutusalan osalta t\u00e4ydennet\u00e4\u00e4n\n<ul>\n<li>koulutusala<\/li>\n<li>jako-osuus<\/li>\n<li>Mik\u00e4li koulutuksesta vastaa useampi yksikk\u00f6 merkit\u00e4\u00e4n kaikkien yksi\u00f6iden koulutusalat sek\u00e4 prosentuaalinen osuus vastuusta.<\/li>\n<\/ul>\n<\/li>\n<\/ol>\n<p>Tallenna tiedot.<\/p>\n<hr \/>\n<p>Takaisin\u00a0<a href=\"https:\/\/blogi.eoppimispalvelut.fi\/peppi-ohjeet\/koulutus-ja-opetussuunnittelu\/\">Koulutus- ja opetussuunnittelu<\/a> -sivulle<\/p>\n","protected":false},"excerpt":{"rendered":"<p>Katso video (tekstityksen saa p\u00e4\u00e4lle [cc]-painikkeesta). Osaamisp\u00e4\u00e4llikk\u00f6 asettaa toteutuksen perustiedot. Ryhm\u00e4t kentt\u00e4\u00e4n kiinnitet\u00e4\u00e4n ne saapumis- ja\/tai hallinnolliset ryhm\u00e4t, joille toteutus tarjotaan. &nbsp; Klikkaa kuva suuremmaksi &nbsp; Perustietojen lis\u00e4ksi osaamisp\u00e4\u00e4llikk\u00f6 p\u00e4ivitt\u00e4\u00e4 vastuunjaon ja koulutusalat. Vastuunjako ja koulutusalat -v\u00e4lilehdell\u00e4 pystyy m\u00e4\u00e4rittelem\u00e4\u00e4n toteutuksen &hellip; <a href=\"https:\/\/blogi.eoppimispalvelut.fi\/peppi-ohjeet\/koulutus-ja-opetussuunnittelu\/vuosisuunnittelu\/toteutuksen-perustietojen-asettaminen\/\">Continue reading <span class=\"meta-nav\">&rarr;<\/span><\/a><\/p>\n","protected":false},"author":4339,"featured_media":0,"parent":2147,"menu_order":0,"comment_status":"closed","ping_status":"closed","template":"","meta":{"_monsterinsights_skip_tracking":false,"_monsterinsights_sitenote_active":false,"_monsterinsights_sitenote_note":"","_monsterinsights_sitenote_category":0,"footnotes":""},"class_list":["post-2865","page","type-page","status-publish","hentry"],"_links":{"self":[{"href":"https:\/\/blogi.eoppimispalvelut.fi\/peppi-ohjeet\/wp-json\/wp\/v2\/pages\/2865","targetHints":{"allow":["GET"]}}],"collection":[{"href":"https:\/\/blogi.eoppimispalvelut.fi\/peppi-ohjeet\/wp-json\/wp\/v2\/pages"}],"about":[{"href":"https:\/\/blogi.eoppimispalvelut.fi\/peppi-ohjeet\/wp-json\/wp\/v2\/types\/page"}],"author":[{"embeddable":true,"href":"https:\/\/blogi.eoppimispalvelut.fi\/peppi-ohjeet\/wp-json\/wp\/v2\/users\/4339"}],"replies":[{"embeddable":true,"href":"https:\/\/blogi.eoppimispalvelut.fi\/peppi-ohjeet\/wp-json\/wp\/v2\/comments?post=2865"}],"version-history":[{"count":9,"href":"https:\/\/blogi.eoppimispalvelut.fi\/peppi-ohjeet\/wp-json\/wp\/v2\/pages\/2865\/revisions"}],"predecessor-version":[{"id":3711,"href":"https:\/\/blogi.eoppimispalvelut.fi\/peppi-ohjeet\/wp-json\/wp\/v2\/pages\/2865\/revisions\/3711"}],"up":[{"embeddable":true,"href":"https:\/\/blogi.eoppimispalvelut.fi\/peppi-ohjeet\/wp-json\/wp\/v2\/pages\/2147"}],"wp:attachment":[{"href":"https:\/\/blogi.eoppimispalvelut.fi\/peppi-ohjeet\/wp-json\/wp\/v2\/media?parent=2865"}],"curies":[{"name":"wp","href":"https:\/\/api.w.org\/{rel}","templated":true}]}}