{"id":2869,"date":"2020-05-16T11:46:30","date_gmt":"2020-05-16T08:46:30","guid":{"rendered":"https:\/\/blogi.eoppimispalvelut.fi\/peppi-ohjeet\/?page_id=2869"},"modified":"2020-07-02T09:47:09","modified_gmt":"2020-07-02T06:47:09","slug":"toteutuksen-julkaiseminen-opettajalle-opettajatiimille","status":"publish","type":"page","link":"https:\/\/blogi.eoppimispalvelut.fi\/peppi-ohjeet\/koulutus-ja-opetussuunnittelu\/vuosisuunnittelu\/opsien-mukaisen-opetustarjonnan-suunnittelu\/toteutuksen-julkaiseminen-opettajalle-opettajatiimille\/","title":{"rendered":"Toteutuksen julkaiseminen opettajalle\/opettajatiimille"},"content":{"rendered":"<p>Katso <a href=\"https:\/\/youtu.be\/kvK5gDRCV2w\" \" target=\"_blank\"\n>video<\/a> (tekstityksen saa p\u00e4\u00e4lle [cc]-painikkeesta).<\/p>\n<p>Kun toteutuksen perustiedot, vastuunjako ja koulutusalat sek\u00e4 resurssit on merkitty, julkaistaan toteutukset opettajille t\u00e4ydent\u00e4mist\u00e4 varten.<\/p>\n<p>Kes\u00e4n ja syksyn toteutukset julkaistaan opettajille viikolla 4. Opettaja tai opettajatiimi t\u00e4ydent\u00e4\u00e4 sovitut toteutuksen tiedot <strong>viikon 9<\/strong> loppuun menness\u00e4.<\/p>\n<p>Kev\u00e4\u00e4n toteutukset julkaistaan opettajille viikolla 31. Opettaja tai opettajatiimi t\u00e4ydent\u00e4\u00e4 sovitut toteutuksen tiedot <strong>\u00a0viikon 37<\/strong>\u00a0loppuun menness\u00e4.<\/p>\n<p>Toteutuksen julkaiseminen opettajalle \/ opettajatiimille tehd\u00e4\u00e4n toteutussuunnitelman p\u00e4\u00e4n\u00e4kym\u00e4ss\u00e4 valitsemalla N\u00e4yt\u00e4 opettajalle.<\/p>\n<p>&nbsp;<\/p>\n<div id=\"attachment_2838\" class=\"wp-caption alignnone\">\n<p><a href=\"https:\/\/blogi.eoppimispalvelut.fi\/peppi-ohjeet\/koulutus-ja-opetussuunnittelu\/vuosisuunnittelu\/opsien-mukaisen-opetustarjonnan-suunnittelu\/toteutuksen-julkaiseminen-opettajalle\/\" rel=\"attachment wp-att-2838\" data-slb-active=\"1\" data-slb-asset=\"122548039\" data-slb-internal=\"2838\" data-slb-group=\"2178\"><img loading=\"lazy\" decoding=\"async\" class=\"size-large wp-image-2838\" src=\"https:\/\/blogi.eoppimispalvelut.fi\/peppi-ohjeet\/files\/2020\/05\/Toteutuksen-julkaiseminen-opettajalle-1280x415.png\" alt=\"Toteutuksen julkaiseminen opettajalle\" width=\"584\" height=\"189\" aria-describedby=\"caption-attachment-2838\" srcset=\"https:\/\/blogi.eoppimispalvelut.fi\/peppi-ohjeet\/files\/2020\/05\/Toteutuksen-julkaiseminen-opettajalle-1280x415.png 1280w, https:\/\/blogi.eoppimispalvelut.fi\/peppi-ohjeet\/files\/2020\/05\/Toteutuksen-julkaiseminen-opettajalle-900x292.png 900w, https:\/\/blogi.eoppimispalvelut.fi\/peppi-ohjeet\/files\/2020\/05\/Toteutuksen-julkaiseminen-opettajalle-768x249.png 768w, https:\/\/blogi.eoppimispalvelut.fi\/peppi-ohjeet\/files\/2020\/05\/Toteutuksen-julkaiseminen-opettajalle-1536x498.png 1536w, https:\/\/blogi.eoppimispalvelut.fi\/peppi-ohjeet\/files\/2020\/05\/Toteutuksen-julkaiseminen-opettajalle-500x162.png 500w, https:\/\/blogi.eoppimispalvelut.fi\/peppi-ohjeet\/files\/2020\/05\/Toteutuksen-julkaiseminen-opettajalle.png 2000w\" sizes=\"auto, (max-width: 584px) 100vw, 584px\" \/><\/a><\/p>\n<p id=\"caption-attachment-2838\" class=\"wp-caption-text\">Klikkaa kuva suuremmaksi<\/p>\n<\/div>\n<p>&nbsp;<\/p>\n<p>Voit julkaista toteutukset yksitt\u00e4in tai hy\u00f6dynt\u00e4m\u00e4ll\u00e4 toteutusten massamuokkausta.<\/p>\n<p>&nbsp;<\/p>\n<hr \/>\n<p>Takaisin\u00a0<a href=\"https:\/\/blogi.eoppimispalvelut.fi\/peppi-ohjeet\/koulutus-ja-opetussuunnittelu\/\">Koulutus- ja opetussuunnittelu<\/a>\u00a0\u2013 sivulle<\/p>\n","protected":false},"excerpt":{"rendered":"<p>Katso<\/p>\n","protected":false},"author":4339,"featured_media":0,"parent":2178,"menu_order":0,"comment_status":"closed","ping_status":"closed","template":"","meta":{"_monsterinsights_skip_tracking":false,"_monsterinsights_sitenote_active":false,"_monsterinsights_sitenote_note":"","_monsterinsights_sitenote_category":0,"footnotes":""},"class_list":["post-2869","page","type-page","status-publish","hentry"],"_links":{"self":[{"href":"https:\/\/blogi.eoppimispalvelut.fi\/peppi-ohjeet\/wp-json\/wp\/v2\/pages\/2869","targetHints":{"allow":["GET"]}}],"collection":[{"href":"https:\/\/blogi.eoppimispalvelut.fi\/peppi-ohjeet\/wp-json\/wp\/v2\/pages"}],"about":[{"href":"https:\/\/blogi.eoppimispalvelut.fi\/peppi-ohjeet\/wp-json\/wp\/v2\/types\/page"}],"author":[{"embeddable":true,"href":"https:\/\/blogi.eoppimispalvelut.fi\/peppi-ohjeet\/wp-json\/wp\/v2\/users\/4339"}],"replies":[{"embeddable":true,"href":"https:\/\/blogi.eoppimispalvelut.fi\/peppi-ohjeet\/wp-json\/wp\/v2\/comments?post=2869"}],"version-history":[{"count":8,"href":"https:\/\/blogi.eoppimispalvelut.fi\/peppi-ohjeet\/wp-json\/wp\/v2\/pages\/2869\/revisions"}],"predecessor-version":[{"id":3765,"href":"https:\/\/blogi.eoppimispalvelut.fi\/peppi-ohjeet\/wp-json\/wp\/v2\/pages\/2869\/revisions\/3765"}],"up":[{"embeddable":true,"href":"https:\/\/blogi.eoppimispalvelut.fi\/peppi-ohjeet\/wp-json\/wp\/v2\/pages\/2178"}],"wp:attachment":[{"href":"https:\/\/blogi.eoppimispalvelut.fi\/peppi-ohjeet\/wp-json\/wp\/v2\/media?parent=2869"}],"curies":[{"name":"wp","href":"https:\/\/api.w.org\/{rel}","templated":true}]}}