{"id":2871,"date":"2020-05-16T11:46:56","date_gmt":"2020-05-16T08:46:56","guid":{"rendered":"https:\/\/blogi.eoppimispalvelut.fi\/peppi-ohjeet\/?page_id=2871"},"modified":"2020-07-02T11:49:50","modified_gmt":"2020-07-02T08:49:50","slug":"toteutusten-muokkaaminen","status":"publish","type":"page","link":"https:\/\/blogi.eoppimispalvelut.fi\/peppi-ohjeet\/koulutus-ja-opetussuunnittelu\/vuosisuunnittelu\/toteutusten-muokkaaminen\/","title":{"rendered":"Toteutusten muokkaaminen"},"content":{"rendered":"<p>Katso <a href=\"https:\/\/youtu.be\/gx32n0SfK8U\" \" target=\"_blank\"\n>video<\/a> (tekstityksen saa p\u00e4\u00e4lle [cc]-painikkeesta).<\/p>\n<p><strong>Yksitt\u00e4isen toteutuksen tietojen muokkaaminen<\/strong><\/p>\n<p>Voit muokata yksitt\u00e4isen toteutuksen tietoja valitsemalla Vuosisuunnittelu-valikon alta Toteutuksien haku.<\/p>\n<p>Avautuvassa Haku-ikkunassa voit hakea haluamasi toteutukset erilaisten kriteerien avulla.<\/p>\n<p>&nbsp;<\/p>\n<div id=\"attachment_2895\" style=\"width: 1278px\" class=\"wp-caption alignnone\"><a href=\"https:\/\/blogi.eoppimispalvelut.fi\/peppi-ohjeet\/koulutus-ja-opetussuunnittelu\/vuosisuunnittelu\/toteutusten-muokkaaminen\/yksittaisen-toteutuksen-haku\/\" rel=\"attachment wp-att-2895\"><img loading=\"lazy\" decoding=\"async\" aria-describedby=\"caption-attachment-2895\" class=\"size-full wp-image-2895\" src=\"https:\/\/blogi.eoppimispalvelut.fi\/peppi-ohjeet\/files\/2020\/05\/\u00ddksitt\u00e4isen-toteutuksen-haku.png\" alt=\"\u00ddksitt\u00e4isen toteutuksen haku\" width=\"1268\" height=\"528\" srcset=\"https:\/\/blogi.eoppimispalvelut.fi\/peppi-ohjeet\/files\/2020\/05\/\u00ddksitt\u00e4isen-toteutuksen-haku.png 1268w, https:\/\/blogi.eoppimispalvelut.fi\/peppi-ohjeet\/files\/2020\/05\/\u00ddksitt\u00e4isen-toteutuksen-haku-900x375.png 900w, https:\/\/blogi.eoppimispalvelut.fi\/peppi-ohjeet\/files\/2020\/05\/\u00ddksitt\u00e4isen-toteutuksen-haku-768x320.png 768w, https:\/\/blogi.eoppimispalvelut.fi\/peppi-ohjeet\/files\/2020\/05\/\u00ddksitt\u00e4isen-toteutuksen-haku-500x208.png 500w\" sizes=\"auto, (max-width: 1268px) 100vw, 1268px\" \/><\/a><p id=\"caption-attachment-2895\" class=\"wp-caption-text\">Klikkaa kuva suuremmaksi<\/p><\/div>\n<p>&nbsp;<\/p>\n<p>Avaa toteutus muokkausta varten valitsemalla toteutuksen nimen oikeasta reunasta Toiminnot &#8211; N\u00e4yt\u00e4 toteutus.<\/p>\n<p>&nbsp;<\/p>\n<div id=\"attachment_2896\" style=\"width: 594px\" class=\"wp-caption alignnone\"><a href=\"https:\/\/blogi.eoppimispalvelut.fi\/peppi-ohjeet\/koulutus-ja-opetussuunnittelu\/vuosisuunnittelu\/toteutusten-muokkaaminen\/toteutuksen-muokkaaminen\/\" rel=\"attachment wp-att-2896\"><img loading=\"lazy\" decoding=\"async\" aria-describedby=\"caption-attachment-2896\" class=\"size-large wp-image-2896\" src=\"https:\/\/blogi.eoppimispalvelut.fi\/peppi-ohjeet\/files\/2020\/05\/Toteutuksen-muokkaaminen-1280x397.png\" alt=\"Toteutuksen muokkaaminen\" width=\"584\" height=\"181\" srcset=\"https:\/\/blogi.eoppimispalvelut.fi\/peppi-ohjeet\/files\/2020\/05\/Toteutuksen-muokkaaminen-1280x397.png 1280w, https:\/\/blogi.eoppimispalvelut.fi\/peppi-ohjeet\/files\/2020\/05\/Toteutuksen-muokkaaminen-900x279.png 900w, https:\/\/blogi.eoppimispalvelut.fi\/peppi-ohjeet\/files\/2020\/05\/Toteutuksen-muokkaaminen-768x238.png 768w, https:\/\/blogi.eoppimispalvelut.fi\/peppi-ohjeet\/files\/2020\/05\/Toteutuksen-muokkaaminen-1536x477.png 1536w, https:\/\/blogi.eoppimispalvelut.fi\/peppi-ohjeet\/files\/2020\/05\/Toteutuksen-muokkaaminen-500x155.png 500w, https:\/\/blogi.eoppimispalvelut.fi\/peppi-ohjeet\/files\/2020\/05\/Toteutuksen-muokkaaminen.png 2000w\" sizes=\"auto, (max-width: 584px) 100vw, 584px\" \/><\/a><p id=\"caption-attachment-2896\" class=\"wp-caption-text\">Klikkaa kuva suuremmaksi<\/p><\/div>\n<p>&nbsp;<\/p>\n<p>Voit muokata tietoja valitsemalla Muokkaa.<\/p>\n<hr \/>\n<p>&nbsp;<\/p>\n<p><strong>Useiden toteutusten tietojen muokkaaminen samalla kertaa<\/strong><\/p>\n<p>Voit my\u00f6s muokata useiden laadittujen toteutusten tietoja samalla kertaa. Voit muokata joko toteutusten tietoja tai toteutusten teht\u00e4vi\u00e4.<\/p>\n<p><strong>Toteutusten tietojen muokkaaminen<\/strong><\/p>\n<p>Valitse ensin Vuosisuunnittelu-valikon alta Toteutuksien haku.<\/p>\n<p>Avautuvassa Haku-ikkunassa voit hakea haluamasi toteutukset erilaisten kriteerien avulla.<\/p>\n<p>&nbsp;<\/p>\n<div id=\"attachment_2842\" class=\"wp-caption alignnone\">\n<p><a href=\"https:\/\/blogi.eoppimispalvelut.fi\/peppi-ohjeet\/koulutus-ja-opetussuunnittelu\/vuosisuunnittelu\/opsien-mukaisen-opetustarjonnan-suunnittelu\/toteutusten-haku\/\" rel=\"attachment wp-att-2842\" data-slb-active=\"1\" data-slb-asset=\"1543254204\" data-slb-internal=\"2842\" data-slb-group=\"2178\"><img loading=\"lazy\" decoding=\"async\" class=\"size-large wp-image-2842\" src=\"https:\/\/blogi.eoppimispalvelut.fi\/peppi-ohjeet\/files\/2020\/05\/Toteutusten-haku-1280x593.png\" alt=\"Toteutusten haku\" width=\"584\" height=\"271\" aria-describedby=\"caption-attachment-2842\" srcset=\"https:\/\/blogi.eoppimispalvelut.fi\/peppi-ohjeet\/files\/2020\/05\/Toteutusten-haku-1280x593.png 1280w, https:\/\/blogi.eoppimispalvelut.fi\/peppi-ohjeet\/files\/2020\/05\/Toteutusten-haku-900x417.png 900w, https:\/\/blogi.eoppimispalvelut.fi\/peppi-ohjeet\/files\/2020\/05\/Toteutusten-haku-768x356.png 768w, https:\/\/blogi.eoppimispalvelut.fi\/peppi-ohjeet\/files\/2020\/05\/Toteutusten-haku-1536x712.png 1536w, https:\/\/blogi.eoppimispalvelut.fi\/peppi-ohjeet\/files\/2020\/05\/Toteutusten-haku-500x232.png 500w, https:\/\/blogi.eoppimispalvelut.fi\/peppi-ohjeet\/files\/2020\/05\/Toteutusten-haku.png 2000w\" sizes=\"auto, (max-width: 584px) 100vw, 584px\" \/><\/a><\/p>\n<p id=\"caption-attachment-2842\" class=\"wp-caption-text\">Klikkaa kuva suuremmaksi<\/p>\n<\/div>\n<p>&nbsp;<\/p>\n<p>M\u00e4\u00e4rittele haluamasi hakukriteerit ja valitse Hae. Haun tulokset tulevat n\u00e4kyviin Haku-ikkunan alapuolelle. Voit muokata useiden toteutuksien tietoja samalla kertaa valitsemalla toteutukset, joihin haluat tehd\u00e4 muutoksia. Valitse t\u00e4m\u00e4n j\u00e4lkeen Siirry muokkaamaan toteutuksia.<\/p>\n<p>&nbsp;<\/p>\n<div id=\"attachment_2851\" class=\"wp-caption alignnone\">\n<p><a href=\"https:\/\/blogi.eoppimispalvelut.fi\/peppi-ohjeet\/koulutus-ja-opetussuunnittelu\/vuosisuunnittelu\/opsien-mukaisen-opetustarjonnan-suunnittelu\/toteutusten-tietojen-muokkaaminen\/\" rel=\"attachment wp-att-2851\" data-slb-active=\"1\" data-slb-asset=\"1905176502\" data-slb-internal=\"2851\" data-slb-group=\"2178\"><img loading=\"lazy\" decoding=\"async\" class=\"size-large wp-image-2851\" src=\"https:\/\/blogi.eoppimispalvelut.fi\/peppi-ohjeet\/files\/2020\/05\/Toteutusten-tietojen-muokkaaminen-1280x248.png\" alt=\"Toteutusten tietojen muokkaaminen\" width=\"584\" height=\"113\" aria-describedby=\"caption-attachment-2851\" srcset=\"https:\/\/blogi.eoppimispalvelut.fi\/peppi-ohjeet\/files\/2020\/05\/Toteutusten-tietojen-muokkaaminen-1280x248.png 1280w, https:\/\/blogi.eoppimispalvelut.fi\/peppi-ohjeet\/files\/2020\/05\/Toteutusten-tietojen-muokkaaminen-900x175.png 900w, https:\/\/blogi.eoppimispalvelut.fi\/peppi-ohjeet\/files\/2020\/05\/Toteutusten-tietojen-muokkaaminen-768x149.png 768w, https:\/\/blogi.eoppimispalvelut.fi\/peppi-ohjeet\/files\/2020\/05\/Toteutusten-tietojen-muokkaaminen-1536x298.png 1536w, https:\/\/blogi.eoppimispalvelut.fi\/peppi-ohjeet\/files\/2020\/05\/Toteutusten-tietojen-muokkaaminen-500x97.png 500w, https:\/\/blogi.eoppimispalvelut.fi\/peppi-ohjeet\/files\/2020\/05\/Toteutusten-tietojen-muokkaaminen.png 2004w\" sizes=\"auto, (max-width: 584px) 100vw, 584px\" \/><\/a><\/p>\n<p id=\"caption-attachment-2851\" class=\"wp-caption-text\">Klikkaa kuva suuremmaksi<\/p>\n<\/div>\n<p>&nbsp;<\/p>\n<p>Avautuvassa taulukkon\u00e4kym\u00e4ss\u00e4 voit muokata toteutuksen tietoja toteutuskohtaisesti.<\/p>\n<p>&nbsp;<\/p>\n<div id=\"attachment_2852\" class=\"wp-caption alignnone\">\n<p><a href=\"https:\/\/blogi.eoppimispalvelut.fi\/peppi-ohjeet\/koulutus-ja-opetussuunnittelu\/vuosisuunnittelu\/opsien-mukaisen-opetustarjonnan-suunnittelu\/toteutusten-tietojen-muokkaaminen-2\/\" rel=\"attachment wp-att-2852\" data-slb-active=\"1\" data-slb-asset=\"1196712908\" data-slb-internal=\"2852\" data-slb-group=\"2178\"><img loading=\"lazy\" decoding=\"async\" class=\"size-full wp-image-2852\" src=\"https:\/\/blogi.eoppimispalvelut.fi\/peppi-ohjeet\/files\/2020\/05\/Toteutusten-tietojen-muokkaaminen-2.png\" alt=\"Toteutusten tietojen muokkaaminen toteutuksittain\" width=\"1280\" height=\"254\" aria-describedby=\"caption-attachment-2852\" srcset=\"https:\/\/blogi.eoppimispalvelut.fi\/peppi-ohjeet\/files\/2020\/05\/Toteutusten-tietojen-muokkaaminen-2.png 1280w, https:\/\/blogi.eoppimispalvelut.fi\/peppi-ohjeet\/files\/2020\/05\/Toteutusten-tietojen-muokkaaminen-2-900x179.png 900w, https:\/\/blogi.eoppimispalvelut.fi\/peppi-ohjeet\/files\/2020\/05\/Toteutusten-tietojen-muokkaaminen-2-768x152.png 768w, https:\/\/blogi.eoppimispalvelut.fi\/peppi-ohjeet\/files\/2020\/05\/Toteutusten-tietojen-muokkaaminen-2-500x99.png 500w\" sizes=\"auto, (max-width: 1280px) 100vw, 1280px\" \/><\/a><\/p>\n<p id=\"caption-attachment-2852\" class=\"wp-caption-text\">Klikkaa kuva suuremmaksi<\/p>\n<\/div>\n<p>&nbsp;<\/p>\n<p>Mik\u00e4li haluat asettaa saman arvon, kuten ilmoittautumisen alkamisajan tai lis\u00e4t\u00e4 kaikille toteutuksille ryhm\u00e4n, voit hy\u00f6dynt\u00e4\u00e4 Massamuokkausta. Valitse toteutusten tietojen muokkausn\u00e4kym\u00e4ss\u00e4 Tee massamuutos.<\/p>\n<p>&nbsp;<\/p>\n<div id=\"attachment_2853\" class=\"wp-caption alignnone\">\n<p><a href=\"https:\/\/blogi.eoppimispalvelut.fi\/peppi-ohjeet\/koulutus-ja-opetussuunnittelu\/vuosisuunnittelu\/opsien-mukaisen-opetustarjonnan-suunnittelu\/toteutusten-massamuutos\/\" rel=\"attachment wp-att-2853\" data-slb-active=\"1\" data-slb-asset=\"1505230199\" data-slb-internal=\"2853\" data-slb-group=\"2178\"><img loading=\"lazy\" decoding=\"async\" class=\"size-large wp-image-2853\" src=\"https:\/\/blogi.eoppimispalvelut.fi\/peppi-ohjeet\/files\/2020\/05\/Toteutusten-massamuutos-1280x257.png\" alt=\"Toteutusten massamuutos\" width=\"584\" height=\"117\" aria-describedby=\"caption-attachment-2853\" srcset=\"https:\/\/blogi.eoppimispalvelut.fi\/peppi-ohjeet\/files\/2020\/05\/Toteutusten-massamuutos-1280x257.png 1280w, https:\/\/blogi.eoppimispalvelut.fi\/peppi-ohjeet\/files\/2020\/05\/Toteutusten-massamuutos-900x181.png 900w, https:\/\/blogi.eoppimispalvelut.fi\/peppi-ohjeet\/files\/2020\/05\/Toteutusten-massamuutos-768x154.png 768w, https:\/\/blogi.eoppimispalvelut.fi\/peppi-ohjeet\/files\/2020\/05\/Toteutusten-massamuutos-1536x308.png 1536w, https:\/\/blogi.eoppimispalvelut.fi\/peppi-ohjeet\/files\/2020\/05\/Toteutusten-massamuutos-500x100.png 500w, https:\/\/blogi.eoppimispalvelut.fi\/peppi-ohjeet\/files\/2020\/05\/Toteutusten-massamuutos.png 2018w\" sizes=\"auto, (max-width: 584px) 100vw, 584px\" \/><\/a><\/p>\n<p id=\"caption-attachment-2853\" class=\"wp-caption-text\">Klikkaa kuva suuremmaksi<\/p>\n<\/div>\n<p>&nbsp;<\/p>\n<p>Voit asettaa haluamasi arvon avautuvassa ikkunassa.<\/p>\n<p>&nbsp;<\/p>\n<div id=\"attachment_2854\" class=\"wp-caption alignnone\">\n<p><a href=\"https:\/\/blogi.eoppimispalvelut.fi\/peppi-ohjeet\/koulutus-ja-opetussuunnittelu\/vuosisuunnittelu\/opsien-mukaisen-opetustarjonnan-suunnittelu\/toteutusten-massamuutoksen-tekeminen\/\" rel=\"attachment wp-att-2854\" data-slb-active=\"1\" data-slb-asset=\"789074533\" data-slb-internal=\"2854\" data-slb-group=\"2178\"><img loading=\"lazy\" decoding=\"async\" class=\"size-full wp-image-2854\" src=\"https:\/\/blogi.eoppimispalvelut.fi\/peppi-ohjeet\/files\/2020\/05\/Toteutusten-massamuutoksen-tekeminen.png\" alt=\"Toteutusten massamuutoksen tekeminen\" width=\"822\" height=\"720\" aria-describedby=\"caption-attachment-2854\" srcset=\"https:\/\/blogi.eoppimispalvelut.fi\/peppi-ohjeet\/files\/2020\/05\/Toteutusten-massamuutoksen-tekeminen.png 822w, https:\/\/blogi.eoppimispalvelut.fi\/peppi-ohjeet\/files\/2020\/05\/Toteutusten-massamuutoksen-tekeminen-768x673.png 768w, https:\/\/blogi.eoppimispalvelut.fi\/peppi-ohjeet\/files\/2020\/05\/Toteutusten-massamuutoksen-tekeminen-343x300.png 343w\" sizes=\"auto, (max-width: 822px) 100vw, 822px\" \/><\/a><\/p>\n<p id=\"caption-attachment-2854\" class=\"wp-caption-text\">Klikkaa kuva suuremmaksi<\/p>\n<\/div>\n<p>&nbsp;<\/p>\n<p>Muista tallentaa asetetut arvot klikkaamalla taulukon alla olevaa Tee muutokset-painiketta.<\/p>\n<p><strong>Toteutusten teht\u00e4vien muokkaaminen<\/strong><\/p>\n<p>Valitse ensin Vuosisuunnittelu-valikon alta Toteutuksien haku.<\/p>\n<p>Avautuvassa Haku-ikkunassa voit hakea haluamasi toteutukset erilaisten kriteerien avulla.<\/p>\n<p>&nbsp;<\/p>\n<div id=\"attachment_2842\" class=\"wp-caption alignnone\">\n<p><a href=\"https:\/\/blogi.eoppimispalvelut.fi\/peppi-ohjeet\/koulutus-ja-opetussuunnittelu\/vuosisuunnittelu\/opsien-mukaisen-opetustarjonnan-suunnittelu\/toteutusten-haku\/\" rel=\"attachment wp-att-2842\" data-slb-active=\"1\" data-slb-asset=\"1543254204\" data-slb-internal=\"2842\" data-slb-group=\"2178\"><img loading=\"lazy\" decoding=\"async\" class=\"size-large wp-image-2842\" src=\"https:\/\/blogi.eoppimispalvelut.fi\/peppi-ohjeet\/files\/2020\/05\/Toteutusten-haku-1280x593.png\" alt=\"Toteutusten haku\" width=\"584\" height=\"271\" aria-describedby=\"caption-attachment-2842\" srcset=\"https:\/\/blogi.eoppimispalvelut.fi\/peppi-ohjeet\/files\/2020\/05\/Toteutusten-haku-1280x593.png 1280w, https:\/\/blogi.eoppimispalvelut.fi\/peppi-ohjeet\/files\/2020\/05\/Toteutusten-haku-900x417.png 900w, https:\/\/blogi.eoppimispalvelut.fi\/peppi-ohjeet\/files\/2020\/05\/Toteutusten-haku-768x356.png 768w, https:\/\/blogi.eoppimispalvelut.fi\/peppi-ohjeet\/files\/2020\/05\/Toteutusten-haku-1536x712.png 1536w, https:\/\/blogi.eoppimispalvelut.fi\/peppi-ohjeet\/files\/2020\/05\/Toteutusten-haku-500x232.png 500w, https:\/\/blogi.eoppimispalvelut.fi\/peppi-ohjeet\/files\/2020\/05\/Toteutusten-haku.png 2000w\" sizes=\"auto, (max-width: 584px) 100vw, 584px\" \/><\/a><\/p>\n<p id=\"caption-attachment-2842\" class=\"wp-caption-text\">Klikkaa kuva suuremmaksi<\/p>\n<\/div>\n<p>&nbsp;<\/p>\n<p>M\u00e4\u00e4rittele haluamasi hakukriteerit ja valitse Hae. Haun tulokset tulevat n\u00e4kyviin Haku-ikkunan alapuolelle. Voit muokata useiden toteutuksien tietoja samalla kertaa valitsemalla toteutukset, joihin haluat tehd\u00e4 muutoksia. Valitse t\u00e4m\u00e4n j\u00e4lkeen Muokkaa toteutusten teht\u00e4vi\u00e4.<\/p>\n<p>&nbsp;<\/p>\n<div id=\"attachment_2847\" class=\"wp-caption alignnone\">\n<p><a href=\"https:\/\/blogi.eoppimispalvelut.fi\/peppi-ohjeet\/koulutus-ja-opetussuunnittelu\/vuosisuunnittelu\/opsien-mukaisen-opetustarjonnan-suunnittelu\/toteutusten-tehtavien-muokkaus-toteutusten-valinta\/\" rel=\"attachment wp-att-2847\" data-slb-active=\"1\" data-slb-asset=\"1476651091\" data-slb-internal=\"2847\" data-slb-group=\"2178\"><img loading=\"lazy\" decoding=\"async\" class=\"size-large wp-image-2847\" src=\"https:\/\/blogi.eoppimispalvelut.fi\/peppi-ohjeet\/files\/2020\/05\/Toteutusten-teht%C3%A4vien-muokkaus-toteutusten-valinta-1280x248.png\" alt=\"Toteutusten teht\u00e4vien muokkaus, toteutusten valinta\" width=\"584\" height=\"113\" aria-describedby=\"caption-attachment-2847\" \/><\/a><\/p>\n<p id=\"caption-attachment-2847\" class=\"wp-caption-text\">Klikkaa kuva suuremmaksi<\/p>\n<\/div>\n<p>&nbsp;<\/p>\n<p>Avautuvassa taulukkon\u00e4kym\u00e4ss\u00e4 voit nimet\u00e4 teht\u00e4v\u00e4n uudelleen, lis\u00e4t\u00e4 tai poistaa opettajia, muuttaa aloitus- ja loppumisaikoja, resursseja ja lis\u00e4t\u00e4 tai poistaa kustannuspaikkoja.<\/p>\n<p>&nbsp;<\/p>\n<div id=\"attachment_2848\" class=\"wp-caption alignnone\">\n<p><a href=\"https:\/\/blogi.eoppimispalvelut.fi\/peppi-ohjeet\/koulutus-ja-opetussuunnittelu\/vuosisuunnittelu\/opsien-mukaisen-opetustarjonnan-suunnittelu\/toteutusten-tehtavat\/\" rel=\"attachment wp-att-2848\" data-slb-active=\"1\" data-slb-asset=\"167840851\" data-slb-internal=\"2848\" data-slb-group=\"2178\"><img loading=\"lazy\" decoding=\"async\" class=\"size-full wp-image-2848\" src=\"https:\/\/blogi.eoppimispalvelut.fi\/peppi-ohjeet\/files\/2020\/05\/Toteutusten-teht%C3%A4v%C3%A4t.png\" alt=\"Toteutusten teht\u00e4v\u00e4t, muokkausn\u00e4kym\u00e4\" width=\"1280\" height=\"174\" aria-describedby=\"caption-attachment-2848\" \/><\/a><\/p>\n<p id=\"caption-attachment-2848\" class=\"wp-caption-text\">Klikkaa kuva suuremmaksi<\/p>\n<\/div>\n<p>&nbsp;<\/p>\n<p>Muuttaessasi tietoja, tiedot tallentuvat automaattisesti.<\/p>\n<hr \/>\n<p>Takaisin\u00a0<a href=\"https:\/\/blogi.eoppimispalvelut.fi\/peppi-ohjeet\/koulutus-ja-opetussuunnittelu\/\">Koulutus- ja opetussuunnittelu<\/a>\u00a0\u2013 sivulle<\/p>\n","protected":false},"excerpt":{"rendered":"<p>Katso<\/p>\n","protected":false},"author":4339,"featured_media":0,"parent":2147,"menu_order":0,"comment_status":"closed","ping_status":"closed","template":"","meta":{"_monsterinsights_skip_tracking":false,"_monsterinsights_sitenote_active":false,"_monsterinsights_sitenote_note":"","_monsterinsights_sitenote_category":0,"footnotes":""},"class_list":["post-2871","page","type-page","status-publish","hentry"],"_links":{"self":[{"href":"https:\/\/blogi.eoppimispalvelut.fi\/peppi-ohjeet\/wp-json\/wp\/v2\/pages\/2871","targetHints":{"allow":["GET"]}}],"collection":[{"href":"https:\/\/blogi.eoppimispalvelut.fi\/peppi-ohjeet\/wp-json\/wp\/v2\/pages"}],"about":[{"href":"https:\/\/blogi.eoppimispalvelut.fi\/peppi-ohjeet\/wp-json\/wp\/v2\/types\/page"}],"author":[{"embeddable":true,"href":"https:\/\/blogi.eoppimispalvelut.fi\/peppi-ohjeet\/wp-json\/wp\/v2\/users\/4339"}],"replies":[{"embeddable":true,"href":"https:\/\/blogi.eoppimispalvelut.fi\/peppi-ohjeet\/wp-json\/wp\/v2\/comments?post=2871"}],"version-history":[{"count":15,"href":"https:\/\/blogi.eoppimispalvelut.fi\/peppi-ohjeet\/wp-json\/wp\/v2\/pages\/2871\/revisions"}],"predecessor-version":[{"id":3776,"href":"https:\/\/blogi.eoppimispalvelut.fi\/peppi-ohjeet\/wp-json\/wp\/v2\/pages\/2871\/revisions\/3776"}],"up":[{"embeddable":true,"href":"https:\/\/blogi.eoppimispalvelut.fi\/peppi-ohjeet\/wp-json\/wp\/v2\/pages\/2147"}],"wp:attachment":[{"href":"https:\/\/blogi.eoppimispalvelut.fi\/peppi-ohjeet\/wp-json\/wp\/v2\/media?parent=2871"}],"curies":[{"name":"wp","href":"https:\/\/api.w.org\/{rel}","templated":true}]}}