{"id":2873,"date":"2020-05-16T11:47:24","date_gmt":"2020-05-16T08:47:24","guid":{"rendered":"https:\/\/blogi.eoppimispalvelut.fi\/peppi-ohjeet\/?page_id=2873"},"modified":"2020-07-02T12:51:47","modified_gmt":"2020-07-02T09:51:47","slug":"toteutusten-tarkastaminen","status":"publish","type":"page","link":"https:\/\/blogi.eoppimispalvelut.fi\/peppi-ohjeet\/koulutus-ja-opetussuunnittelu\/vuosisuunnittelu\/toteutusten-tarkastaminen\/","title":{"rendered":"Toteutusten tarkastaminen"},"content":{"rendered":"<p>Katso <a href=\"https:\/\/youtu.be\/lrBBw3e10K8\" target=\"_blank\" rel=\"noopener noreferrer\">video<\/a> (tekstityksen saa p\u00e4\u00e4lle [cc]-painikkeesta).<\/p>\n<p>Osaamisp\u00e4\u00e4llikk\u00f6 tarkastaa toteutusten tiedot.\u00a0Jos l\u00f6ytyy puutteita, osaamisp\u00e4\u00e4llikk\u00f6 ohjeistaa opettajia toteutusten t\u00e4ydent\u00e4misen osalta.<\/p>\n<p>Opettaja tai opettajatiimi t\u00e4ydent\u00e4\u00e4 sovitut toteutuksen tiedot kes\u00e4n ja syksyn toteutusten osalta\u00a0<strong>viikon 9<\/strong>\u00a0loppuun menness\u00e4 ja kev\u00e4\u00e4n toteutusten osalta<strong>\u00a0viikon 37<\/strong>\u00a0loppuun menness\u00e4 tarkastamista varten. Toteutukset julkaistaan kes\u00e4n ja syksyn osalta\u00a0<strong>viikon 11<\/strong>\u00a0lopussa ja kev\u00e4\u00e4n osalta\u00a0<strong>viikon 39<\/strong>\u00a0lopussa. Opettajat laativat toteutukset valmiiksi.<\/p>\n<p>P\u00e4\u00e4k\u00e4ytt\u00e4j\u00e4t asettavat ilmoittautumisajat oikein ennen toteutusten julkaisua.<\/p>\n<p>Voit tarkastaa haluttujen toteutuksien tietoja yhdell\u00e4 kertaa. Valitse ensin Vuosisuunnittelu-valikon alta Toteutusten haku.<\/p>\n<p>&nbsp;<\/p>\n<div id=\"attachment_2842\" class=\"wp-caption alignnone\">\n<p><a href=\"https:\/\/blogi.eoppimispalvelut.fi\/peppi-ohjeet\/koulutus-ja-opetussuunnittelu\/vuosisuunnittelu\/opsien-mukaisen-opetustarjonnan-suunnittelu\/toteutusten-haku\/\" rel=\"attachment wp-att-2842\" data-slb-active=\"1\" data-slb-asset=\"1543254204\" data-slb-internal=\"2842\" data-slb-group=\"2178\"><img loading=\"lazy\" decoding=\"async\" class=\"size-large wp-image-2842\" src=\"https:\/\/blogi.eoppimispalvelut.fi\/peppi-ohjeet\/files\/2020\/05\/Toteutusten-haku-1280x593.png\" alt=\"Toteutusten haku\" width=\"584\" height=\"271\" aria-describedby=\"caption-attachment-2842\" srcset=\"https:\/\/blogi.eoppimispalvelut.fi\/peppi-ohjeet\/files\/2020\/05\/Toteutusten-haku-1280x593.png 1280w, https:\/\/blogi.eoppimispalvelut.fi\/peppi-ohjeet\/files\/2020\/05\/Toteutusten-haku-900x417.png 900w, https:\/\/blogi.eoppimispalvelut.fi\/peppi-ohjeet\/files\/2020\/05\/Toteutusten-haku-768x356.png 768w, https:\/\/blogi.eoppimispalvelut.fi\/peppi-ohjeet\/files\/2020\/05\/Toteutusten-haku-1536x712.png 1536w, https:\/\/blogi.eoppimispalvelut.fi\/peppi-ohjeet\/files\/2020\/05\/Toteutusten-haku-500x232.png 500w, https:\/\/blogi.eoppimispalvelut.fi\/peppi-ohjeet\/files\/2020\/05\/Toteutusten-haku.png 2000w\" sizes=\"auto, (max-width: 584px) 100vw, 584px\" \/><\/a><\/p>\n<p id=\"caption-attachment-2842\" class=\"wp-caption-text\">Klikkaa kuva suuremmaksi<\/p>\n<\/div>\n<p>&nbsp;<\/p>\n<p>M\u00e4\u00e4rittele haluamasi hakukriteerit ja valitse Hae. Haun tulokset tulevat n\u00e4kyviin Haku-ikkunan alapuolelle<\/p>\n<p>&nbsp;<\/p>\n<p><a href=\"https:\/\/blogi.eoppimispalvelut.fi\/peppi-ohjeet\/koulutus-ja-opetussuunnittelu\/vuosisuunnittelu\/opsien-mukaisen-opetustarjonnan-suunnittelu\/toteutusten-haun-tulokset\/\" rel=\"attachment wp-att-2845\" data-slb-active=\"1\" data-slb-asset=\"1044074962\" data-slb-internal=\"2845\" data-slb-group=\"2178\"><img loading=\"lazy\" decoding=\"async\" class=\"alignnone size-large wp-image-2845\" src=\"https:\/\/blogi.eoppimispalvelut.fi\/peppi-ohjeet\/files\/2020\/05\/Toteutusten-haun-tulokset-1280x238.png\" alt=\"Toteutusten haun tulokset\" width=\"584\" height=\"109\" srcset=\"https:\/\/blogi.eoppimispalvelut.fi\/peppi-ohjeet\/files\/2020\/05\/Toteutusten-haun-tulokset-1280x238.png 1280w, https:\/\/blogi.eoppimispalvelut.fi\/peppi-ohjeet\/files\/2020\/05\/Toteutusten-haun-tulokset-900x168.png 900w, https:\/\/blogi.eoppimispalvelut.fi\/peppi-ohjeet\/files\/2020\/05\/Toteutusten-haun-tulokset-768x143.png 768w, https:\/\/blogi.eoppimispalvelut.fi\/peppi-ohjeet\/files\/2020\/05\/Toteutusten-haun-tulokset-1536x286.png 1536w, https:\/\/blogi.eoppimispalvelut.fi\/peppi-ohjeet\/files\/2020\/05\/Toteutusten-haun-tulokset-500x93.png 500w, https:\/\/blogi.eoppimispalvelut.fi\/peppi-ohjeet\/files\/2020\/05\/Toteutusten-haun-tulokset.png 2004w\" sizes=\"auto, (max-width: 584px) 100vw, 584px\" \/><\/a><\/p>\n<p>&nbsp;<\/p>\n<p>Valitse hakutulosten tarkastelu Exceliss\u00e4.<\/p>\n<p>&nbsp;<\/p>\n<div id=\"attachment_2846\" class=\"wp-caption alignnone\">\n<p><a href=\"https:\/\/blogi.eoppimispalvelut.fi\/peppi-ohjeet\/koulutus-ja-opetussuunnittelu\/vuosisuunnittelu\/opsien-mukaisen-opetustarjonnan-suunnittelu\/toteutusten-tietojen-tarkastaminen-excelissa\/\" rel=\"attachment wp-att-2846\" data-slb-active=\"1\" data-slb-asset=\"622121640\" data-slb-internal=\"2846\" data-slb-group=\"2178\"><img loading=\"lazy\" decoding=\"async\" class=\"size-full wp-image-2846\" src=\"https:\/\/blogi.eoppimispalvelut.fi\/peppi-ohjeet\/files\/2020\/05\/Toteutusten-tietojen-tarkastaminen-Exceliss%C3%A4.png\" alt=\"Toteutusten tietojen tarkastaminen Exceliss\u00e4\" width=\"1280\" height=\"308\" aria-describedby=\"caption-attachment-2846\" \/><\/a><\/p>\n<p id=\"caption-attachment-2846\" class=\"wp-caption-text\">Klikkaa kuva suuremmaksi<\/p>\n<\/div>\n<p>&nbsp;<\/p>\n<p>Sarakkeissa n\u00e4kyv\u00e4t toteutuksen tiedot. Mik\u00e4li tiedot ovat puutteellisia esim. TKI- osuus tai Virtuaalinen\u00a0 pyyd\u00e4 toteutuksen opettajia t\u00e4ydent\u00e4m\u00e4\u00e4n tiedot.<\/p>\n<p>Kun toteutusten tiedot ovat kunnossa voit julkaista toteutukset.<\/p>\n<hr \/>\n<p>Takaisin\u00a0<a href=\"https:\/\/blogi.eoppimispalvelut.fi\/peppi-ohjeet\/koulutus-ja-opetussuunnittelu\/\">Koulutus- ja opetussuunnittelu<\/a>\u00a0\u2013 sivulle<\/p>\n","protected":false},"excerpt":{"rendered":"<p>Katso video (tekstityksen saa p\u00e4\u00e4lle [cc]-painikkeesta). Osaamisp\u00e4\u00e4llikk\u00f6 tarkastaa toteutusten tiedot.\u00a0Jos l\u00f6ytyy puutteita, osaamisp\u00e4\u00e4llikk\u00f6 ohjeistaa opettajia toteutusten t\u00e4ydent\u00e4misen osalta. Opettaja tai opettajatiimi t\u00e4ydent\u00e4\u00e4 sovitut toteutuksen tiedot kes\u00e4n ja syksyn toteutusten osalta\u00a0viikon 9\u00a0loppuun menness\u00e4 ja kev\u00e4\u00e4n toteutusten osalta\u00a0viikon 37\u00a0loppuun menness\u00e4 tarkastamista varten. &hellip; <a href=\"https:\/\/blogi.eoppimispalvelut.fi\/peppi-ohjeet\/koulutus-ja-opetussuunnittelu\/vuosisuunnittelu\/toteutusten-tarkastaminen\/\">Continue reading <span class=\"meta-nav\">&rarr;<\/span><\/a><\/p>\n","protected":false},"author":4339,"featured_media":0,"parent":2147,"menu_order":0,"comment_status":"closed","ping_status":"closed","template":"","meta":{"_monsterinsights_skip_tracking":false,"_monsterinsights_sitenote_active":false,"_monsterinsights_sitenote_note":"","_monsterinsights_sitenote_category":0,"footnotes":""},"class_list":["post-2873","page","type-page","status-publish","hentry"],"_links":{"self":[{"href":"https:\/\/blogi.eoppimispalvelut.fi\/peppi-ohjeet\/wp-json\/wp\/v2\/pages\/2873","targetHints":{"allow":["GET"]}}],"collection":[{"href":"https:\/\/blogi.eoppimispalvelut.fi\/peppi-ohjeet\/wp-json\/wp\/v2\/pages"}],"about":[{"href":"https:\/\/blogi.eoppimispalvelut.fi\/peppi-ohjeet\/wp-json\/wp\/v2\/types\/page"}],"author":[{"embeddable":true,"href":"https:\/\/blogi.eoppimispalvelut.fi\/peppi-ohjeet\/wp-json\/wp\/v2\/users\/4339"}],"replies":[{"embeddable":true,"href":"https:\/\/blogi.eoppimispalvelut.fi\/peppi-ohjeet\/wp-json\/wp\/v2\/comments?post=2873"}],"version-history":[{"count":7,"href":"https:\/\/blogi.eoppimispalvelut.fi\/peppi-ohjeet\/wp-json\/wp\/v2\/pages\/2873\/revisions"}],"predecessor-version":[{"id":3780,"href":"https:\/\/blogi.eoppimispalvelut.fi\/peppi-ohjeet\/wp-json\/wp\/v2\/pages\/2873\/revisions\/3780"}],"up":[{"embeddable":true,"href":"https:\/\/blogi.eoppimispalvelut.fi\/peppi-ohjeet\/wp-json\/wp\/v2\/pages\/2147"}],"wp:attachment":[{"href":"https:\/\/blogi.eoppimispalvelut.fi\/peppi-ohjeet\/wp-json\/wp\/v2\/media?parent=2873"}],"curies":[{"name":"wp","href":"https:\/\/api.w.org\/{rel}","templated":true}]}}