{"id":2875,"date":"2020-05-16T11:48:18","date_gmt":"2020-05-16T08:48:18","guid":{"rendered":"https:\/\/blogi.eoppimispalvelut.fi\/peppi-ohjeet\/?page_id=2875"},"modified":"2020-07-02T13:32:19","modified_gmt":"2020-07-02T10:32:19","slug":"toteutusten-julkaiseminen","status":"publish","type":"page","link":"https:\/\/blogi.eoppimispalvelut.fi\/peppi-ohjeet\/koulutus-ja-opetussuunnittelu\/vuosisuunnittelu\/opsien-mukaisen-opetustarjonnan-suunnittelu\/toteutusten-julkaiseminen\/","title":{"rendered":"Toteutusten julkaiseminen"},"content":{"rendered":"<p>Katso <a href=\"https:\/\/youtu.be\/fMihduBA1yM\" \" target=\"_blank\"\n>video<\/a> (tekstityksen saa p\u00e4\u00e4lle [cc]-painikkeesta).<\/p>\n<p>P\u00e4\u00e4k\u00e4ytt\u00e4j\u00e4t asettavat ilmoittautumisajat oikein ennen toteutusten julkaisua.<\/p>\n<p>Osaamisp\u00e4\u00e4llikk\u00f6 julkaisee hyv\u00e4ksytyn toteutussuunnitelman. Toteutukset julkaistaan kes\u00e4n ja syksyn osalta\u00a0<strong>viikon 11<\/strong>\u00a0lopussa ja kev\u00e4\u00e4n osalta\u00a0<strong>viikon 39<\/strong>\u00a0lopussa.<\/p>\n<p>Voit julkaista toteutukset yksitt\u00e4in avaamalla toteutuksen ja painamalla Julkaise painiketta.<\/p>\n<p>&nbsp;<\/p>\n<p><a href=\"https:\/\/blogi.eoppimispalvelut.fi\/peppi-ohjeet\/koulutus-ja-opetussuunnittelu\/vuosisuunnittelu\/opsien-mukaisen-opetustarjonnan-suunnittelu\/toteutuksen-julkaiseminen\/\" rel=\"attachment wp-att-2856\" data-slb-active=\"1\" data-slb-asset=\"1495300741\" data-slb-internal=\"2856\" data-slb-group=\"2178\"><img loading=\"lazy\" decoding=\"async\" class=\"alignnone size-large wp-image-2856\" src=\"https:\/\/blogi.eoppimispalvelut.fi\/peppi-ohjeet\/files\/2020\/05\/Toteutuksen-julkaiseminen-1280x393.png\" alt=\"Toteutuksen julkaiseminen\" width=\"584\" height=\"179\" srcset=\"https:\/\/blogi.eoppimispalvelut.fi\/peppi-ohjeet\/files\/2020\/05\/Toteutuksen-julkaiseminen-1280x393.png 1280w, https:\/\/blogi.eoppimispalvelut.fi\/peppi-ohjeet\/files\/2020\/05\/Toteutuksen-julkaiseminen-900x276.png 900w, https:\/\/blogi.eoppimispalvelut.fi\/peppi-ohjeet\/files\/2020\/05\/Toteutuksen-julkaiseminen-768x236.png 768w, https:\/\/blogi.eoppimispalvelut.fi\/peppi-ohjeet\/files\/2020\/05\/Toteutuksen-julkaiseminen-1536x472.png 1536w, https:\/\/blogi.eoppimispalvelut.fi\/peppi-ohjeet\/files\/2020\/05\/Toteutuksen-julkaiseminen-500x153.png 500w, https:\/\/blogi.eoppimispalvelut.fi\/peppi-ohjeet\/files\/2020\/05\/Toteutuksen-julkaiseminen.png 2023w\" sizes=\"auto, (max-width: 584px) 100vw, 584px\" \/><\/a><\/p>\n<p>Vaihtoehtoisesti voit julkaista kaikki toteutukset yhdell\u00e4 kertaa k\u00e4ytt\u00e4m\u00e4ll\u00e4 toteutusten massamuokkausta.<\/p>\n<p>Valitse ensin Vuosisuunnittelu-valikon alta Toteutuksien haku.<\/p>\n<p>Avautuvassa Haku-ikkunassa voit hakea haluamasi toteutukset erilaisten kriteerien avulla.<\/p>\n<p>&nbsp;<\/p>\n<div id=\"attachment_2842\" class=\"wp-caption alignnone\">\n<p><a href=\"https:\/\/blogi.eoppimispalvelut.fi\/peppi-ohjeet\/koulutus-ja-opetussuunnittelu\/vuosisuunnittelu\/opsien-mukaisen-opetustarjonnan-suunnittelu\/toteutusten-haku\/\" rel=\"attachment wp-att-2842\" data-slb-active=\"1\" data-slb-asset=\"1543254204\" data-slb-internal=\"2842\" data-slb-group=\"2178\"><img loading=\"lazy\" decoding=\"async\" class=\"size-large wp-image-2842\" src=\"https:\/\/blogi.eoppimispalvelut.fi\/peppi-ohjeet\/files\/2020\/05\/Toteutusten-haku-1280x593.png\" alt=\"Toteutusten haku\" width=\"584\" height=\"271\" aria-describedby=\"caption-attachment-2842\" srcset=\"https:\/\/blogi.eoppimispalvelut.fi\/peppi-ohjeet\/files\/2020\/05\/Toteutusten-haku-1280x593.png 1280w, https:\/\/blogi.eoppimispalvelut.fi\/peppi-ohjeet\/files\/2020\/05\/Toteutusten-haku-900x417.png 900w, https:\/\/blogi.eoppimispalvelut.fi\/peppi-ohjeet\/files\/2020\/05\/Toteutusten-haku-768x356.png 768w, https:\/\/blogi.eoppimispalvelut.fi\/peppi-ohjeet\/files\/2020\/05\/Toteutusten-haku-1536x712.png 1536w, https:\/\/blogi.eoppimispalvelut.fi\/peppi-ohjeet\/files\/2020\/05\/Toteutusten-haku-500x232.png 500w, https:\/\/blogi.eoppimispalvelut.fi\/peppi-ohjeet\/files\/2020\/05\/Toteutusten-haku.png 2000w\" sizes=\"auto, (max-width: 584px) 100vw, 584px\" \/><\/a><\/p>\n<p id=\"caption-attachment-2842\" class=\"wp-caption-text\">Klikkaa kuva suuremmaksi<\/p>\n<\/div>\n<p>&nbsp;<\/p>\n<p>M\u00e4\u00e4rittele haluamasi hakukriteerit ja valitse Hae. Haun tulokset tulevat n\u00e4kyviin Haku-ikkunan alapuolelle. Voit muokata useiden toteutuksen tietoja samalla kertaa valitsemalla toteutukset, joihin haluat tehd\u00e4 muutoksia. Valitse t\u00e4m\u00e4n j\u00e4lkeen Siirry muokkaamaan toteutuksia.<\/p>\n<p>&nbsp;<\/p>\n<div id=\"attachment_2851\" class=\"wp-caption alignnone\">\n<p><a href=\"https:\/\/blogi.eoppimispalvelut.fi\/peppi-ohjeet\/koulutus-ja-opetussuunnittelu\/vuosisuunnittelu\/opsien-mukaisen-opetustarjonnan-suunnittelu\/toteutusten-tietojen-muokkaaminen\/\" rel=\"attachment wp-att-2851\" data-slb-active=\"1\" data-slb-asset=\"1905176502\" data-slb-internal=\"2851\" data-slb-group=\"2178\"><img loading=\"lazy\" decoding=\"async\" class=\"size-large wp-image-2851\" src=\"https:\/\/blogi.eoppimispalvelut.fi\/peppi-ohjeet\/files\/2020\/05\/Toteutusten-tietojen-muokkaaminen-1280x248.png\" alt=\"Toteutusten tietojen muokkaaminen\" width=\"584\" height=\"113\" aria-describedby=\"caption-attachment-2851\" srcset=\"https:\/\/blogi.eoppimispalvelut.fi\/peppi-ohjeet\/files\/2020\/05\/Toteutusten-tietojen-muokkaaminen-1280x248.png 1280w, https:\/\/blogi.eoppimispalvelut.fi\/peppi-ohjeet\/files\/2020\/05\/Toteutusten-tietojen-muokkaaminen-900x175.png 900w, https:\/\/blogi.eoppimispalvelut.fi\/peppi-ohjeet\/files\/2020\/05\/Toteutusten-tietojen-muokkaaminen-768x149.png 768w, https:\/\/blogi.eoppimispalvelut.fi\/peppi-ohjeet\/files\/2020\/05\/Toteutusten-tietojen-muokkaaminen-1536x298.png 1536w, https:\/\/blogi.eoppimispalvelut.fi\/peppi-ohjeet\/files\/2020\/05\/Toteutusten-tietojen-muokkaaminen-500x97.png 500w, https:\/\/blogi.eoppimispalvelut.fi\/peppi-ohjeet\/files\/2020\/05\/Toteutusten-tietojen-muokkaaminen.png 2004w\" sizes=\"auto, (max-width: 584px) 100vw, 584px\" \/><\/a><\/p>\n<p id=\"caption-attachment-2851\" class=\"wp-caption-text\">Klikkaa kuva suuremmaksi<\/p>\n<\/div>\n<p>&nbsp;<\/p>\n<p>Valitse toteutusten tietojen muokkausn\u00e4kym\u00e4ss\u00e4 Tee massamuutos.<\/p>\n<p>&nbsp;<\/p>\n<div id=\"attachment_2853\" class=\"wp-caption alignnone\">\n<p><a href=\"https:\/\/blogi.eoppimispalvelut.fi\/peppi-ohjeet\/koulutus-ja-opetussuunnittelu\/vuosisuunnittelu\/opsien-mukaisen-opetustarjonnan-suunnittelu\/toteutusten-massamuutos\/\" rel=\"attachment wp-att-2853\" data-slb-active=\"1\" data-slb-asset=\"1505230199\" data-slb-internal=\"2853\" data-slb-group=\"2178\"><img loading=\"lazy\" decoding=\"async\" class=\"size-large wp-image-2853\" src=\"https:\/\/blogi.eoppimispalvelut.fi\/peppi-ohjeet\/files\/2020\/05\/Toteutusten-massamuutos-1280x257.png\" alt=\"Toteutusten massamuutos\" width=\"584\" height=\"117\" aria-describedby=\"caption-attachment-2853\" srcset=\"https:\/\/blogi.eoppimispalvelut.fi\/peppi-ohjeet\/files\/2020\/05\/Toteutusten-massamuutos-1280x257.png 1280w, https:\/\/blogi.eoppimispalvelut.fi\/peppi-ohjeet\/files\/2020\/05\/Toteutusten-massamuutos-900x181.png 900w, https:\/\/blogi.eoppimispalvelut.fi\/peppi-ohjeet\/files\/2020\/05\/Toteutusten-massamuutos-768x154.png 768w, https:\/\/blogi.eoppimispalvelut.fi\/peppi-ohjeet\/files\/2020\/05\/Toteutusten-massamuutos-1536x308.png 1536w, https:\/\/blogi.eoppimispalvelut.fi\/peppi-ohjeet\/files\/2020\/05\/Toteutusten-massamuutos-500x100.png 500w, https:\/\/blogi.eoppimispalvelut.fi\/peppi-ohjeet\/files\/2020\/05\/Toteutusten-massamuutos.png 2018w\" sizes=\"auto, (max-width: 584px) 100vw, 584px\" \/><\/a><\/p>\n<p id=\"caption-attachment-2853\" class=\"wp-caption-text\">Klikkaa kuva suuremmaksi<\/p>\n<\/div>\n<p>&nbsp;<\/p>\n<p>Voit asettaa haluamasi arvon avautuvassa ikkunassa.<\/p>\n<p>&nbsp;<\/p>\n<div id=\"attachment_2858\" class=\"wp-caption alignnone\">\n<p><a href=\"https:\/\/blogi.eoppimispalvelut.fi\/peppi-ohjeet\/koulutus-ja-opetussuunnittelu\/vuosisuunnittelu\/opsien-mukaisen-opetustarjonnan-suunnittelu\/toteutusten-julkaiseminen-massamuokkausena\/\" rel=\"attachment wp-att-2858\" data-slb-active=\"1\" data-slb-asset=\"997504228\" data-slb-internal=\"2858\" data-slb-group=\"2178\"><img loading=\"lazy\" decoding=\"async\" class=\"size-full wp-image-2858\" src=\"https:\/\/blogi.eoppimispalvelut.fi\/peppi-ohjeet\/files\/2020\/05\/Toteutusten-julkaiseminen-massamuokkausena.png\" alt=\"Toteutusten julkaiseminen massamuokkausena\" width=\"578\" height=\"477\" aria-describedby=\"caption-attachment-2858\" srcset=\"https:\/\/blogi.eoppimispalvelut.fi\/peppi-ohjeet\/files\/2020\/05\/Toteutusten-julkaiseminen-massamuokkausena.png 578w, https:\/\/blogi.eoppimispalvelut.fi\/peppi-ohjeet\/files\/2020\/05\/Toteutusten-julkaiseminen-massamuokkausena-364x300.png 364w\" sizes=\"auto, (max-width: 578px) 100vw, 578px\" \/><\/a><\/p>\n<p id=\"caption-attachment-2858\" class=\"wp-caption-text\">Klikkaa kuva suuremmaksi<\/p>\n<\/div>\n<div class=\"mceTemp\"><\/div>\n<p>Muista tallentaa asetetut arvot klikkaamalla taulukon alla olevaa Tee muutokset-painiketta.<\/p>\n<hr \/>\n<p>Takaisin\u00a0<a href=\"https:\/\/blogi.eoppimispalvelut.fi\/peppi-ohjeet\/koulutus-ja-opetussuunnittelu\/\">Koulutus- ja opetussuunnittelu<\/a> -sivulle<\/p>\n","protected":false},"excerpt":{"rendered":"<p>Katso<\/p>\n","protected":false},"author":4339,"featured_media":0,"parent":2178,"menu_order":0,"comment_status":"closed","ping_status":"closed","template":"","meta":{"_monsterinsights_skip_tracking":false,"_monsterinsights_sitenote_active":false,"_monsterinsights_sitenote_note":"","_monsterinsights_sitenote_category":0,"footnotes":""},"class_list":["post-2875","page","type-page","status-publish","hentry"],"_links":{"self":[{"href":"https:\/\/blogi.eoppimispalvelut.fi\/peppi-ohjeet\/wp-json\/wp\/v2\/pages\/2875","targetHints":{"allow":["GET"]}}],"collection":[{"href":"https:\/\/blogi.eoppimispalvelut.fi\/peppi-ohjeet\/wp-json\/wp\/v2\/pages"}],"about":[{"href":"https:\/\/blogi.eoppimispalvelut.fi\/peppi-ohjeet\/wp-json\/wp\/v2\/types\/page"}],"author":[{"embeddable":true,"href":"https:\/\/blogi.eoppimispalvelut.fi\/peppi-ohjeet\/wp-json\/wp\/v2\/users\/4339"}],"replies":[{"embeddable":true,"href":"https:\/\/blogi.eoppimispalvelut.fi\/peppi-ohjeet\/wp-json\/wp\/v2\/comments?post=2875"}],"version-history":[{"count":7,"href":"https:\/\/blogi.eoppimispalvelut.fi\/peppi-ohjeet\/wp-json\/wp\/v2\/pages\/2875\/revisions"}],"predecessor-version":[{"id":3785,"href":"https:\/\/blogi.eoppimispalvelut.fi\/peppi-ohjeet\/wp-json\/wp\/v2\/pages\/2875\/revisions\/3785"}],"up":[{"embeddable":true,"href":"https:\/\/blogi.eoppimispalvelut.fi\/peppi-ohjeet\/wp-json\/wp\/v2\/pages\/2178"}],"wp:attachment":[{"href":"https:\/\/blogi.eoppimispalvelut.fi\/peppi-ohjeet\/wp-json\/wp\/v2\/media?parent=2875"}],"curies":[{"name":"wp","href":"https:\/\/api.w.org\/{rel}","templated":true}]}}