{"id":290,"date":"2020-02-10T13:29:07","date_gmt":"2020-02-10T11:29:07","guid":{"rendered":"https:\/\/blogi.eoppimispalvelut.fi\/peppi-ohjeet\/?page_id=290"},"modified":"2024-07-04T16:31:35","modified_gmt":"2024-07-04T13:31:35","slug":"opiskelijoiden-ilmoittautuminen","status":"publish","type":"page","link":"https:\/\/blogi.eoppimispalvelut.fi\/peppi-ohjeet\/opetus_ohjaus\/opiskelijoiden-ilmoittautuminen\/","title":{"rendered":"Ilmoittautumisten hallinta"},"content":{"rendered":"<p>Katso <a href=\"https:\/\/youtu.be\/5qj8FuxI6lI\" target=\"_blank\" rel=\"noopener noreferrer\">video<\/a> (tekstityksen saa p\u00e4\u00e4lle [cc]-painikkeesta).<\/p>\n<ul>\n<li>Osaamisp\u00e4\u00e4llikk\u00f6 julkaisee toteutussuunnitelman.<\/li>\n<li>Opiskelijoiden ilmoittautuminen on mahdollista vain, jos toteutus on julkaistu.<\/li>\n<li>Opiskelijat voivat ilmoittautua toteutukselle toteutussuunnitelmassa m\u00e4\u00e4riteltyn\u00e4 ilmoittautumisaikana.<\/li>\n<li>Ilmoittautumisaika asetetaan toteutusajan perusteella kaikille toteutuksille p\u00e4\u00e4k\u00e4ytt\u00e4jien toimesta.<\/li>\n<li>Opiskelijat ilmoittautuvat toteutuksille Pepiss\u00e4. Ilmoittautumisaika alkaa toteutuksen julkaisemisesta alkaen. AMK-opintoihin ilmoittautuminen sulkeutuu p\u00e4iv\u00e4\u00e4 ennen opintojakson toteutuksen alkua.\n<ul>\n<li>Syksyn toteutukset julkaistaan viikolla 12<\/li>\n<li>Kev\u00e4\u00e4n ja kes\u00e4n toteutukset julkaistaan viikolla 40<\/li>\n<\/ul>\n<\/li>\n<li>Opiskelija voi\u00a0perua osallistumisensa niin kauan kuin ilmoittautumista ei ole hyv\u00e4ksytty ja h\u00e4nelle ei ole kirjattu merkint\u00f6j\u00e4 toteutuksen arviointi -sivulla.<\/li>\n<li>Opettaja vahvistaa opiskelijan oikeuden osallistua toteutukseen hyv\u00e4ksym\u00e4ll\u00e4 ilmoittautumisen.<\/li>\n<li>Ilmoittautumisen my\u00f6t\u00e4 opiskelijalle syntyy oikeus arviointiin ja h\u00e4n saa k\u00e4ytt\u00f6\u00f6ns\u00e4 kaikki toteutukseen liittyv\u00e4t materiaalit sek\u00e4 p\u00e4\u00e4syn toteutuksen aikana k\u00e4yt\u00f6ss\u00e4 oleviin oppimisymp\u00e4rist\u00f6ihin.<\/li>\n<li>Toteutuksen lukuj\u00e4rjestysvaraukset n\u00e4kyv\u00e4t opiskelijan lukuj\u00e4rjestyksess\u00e4 vain, jos opiskelija on ilmoittautunut toteutukselle.<\/li>\n<li>Lukuj\u00e4rjestystiedot siirtyv\u00e4t opiskelijan Outlook-kalenteriin vain jos opettaja on hyv\u00e4ksynyt opiskelijan ilmoittautumisen toteutukselle.<\/li>\n<\/ul>\n<h2>Ilmoittautumisia ohjaa Lapin ammattikorkeakoulun tutkintos\u00e4\u00e4nt\u00f6<\/h2>\n<p><strong>Opetukseen osallistuminen ja opintojen suorittaminen<\/strong><\/p>\n<p>Katso <a href=\"https:\/\/youtu.be\/ijdI0d2hzxU\" target=\"_blank\" rel=\"noopener noreferrer\">video<\/a> (tekstityksen saa p\u00e4\u00e4lle [cc]-painikkeesta).<\/p>\n<ul>\n<li>Oikeus suorittaa tutkintoon johtavia opintoja, osallistua opetukseen ja harjoitteluun sek\u00e4 saada suoritusmerkint\u00f6j\u00e4 on vain opiskelijalla, joka on ilmoittautunut opiskelijaksi Lapin ammattikorkeakouluun ja joka on tehnyt kyseist\u00e4 lukuvuotta koskevan l\u00e4sn\u00e4oloilmoituksen.<\/li>\n<li>Opiskelijan on ilmoittauduttava ammattikorkeakoulun m\u00e4\u00e4r\u00e4\u00e4m\u00e4ll\u00e4 tavalla jokaiselle opintojaksolle, jolle h\u00e4n aikoo osallistua ja jonka h\u00e4n aikoo suorittaa.<\/li>\n<li>Erillisilmoittautumisista ilmoitetaan opiskelijoille erikseen.<\/li>\n<li>Ilmoittautuminen on sitova.<\/li>\n<li>Mik\u00e4li\u00a0<strong>opiskelija ei ole osallistunut opetukseen tai ei ole tehnyt mit\u00e4\u00e4n suorituksia<\/strong>\u00a0opintojaksototeutuksen aikana, opiskelijan\u00a0<strong>ilmoittautuminen hyl\u00e4t\u00e4\u00e4n<\/strong>.<\/li>\n<li>Ilmoittautumisajan j\u00e4lkeen ilmoittautumisen voi perua ainoastaan syyst\u00e4, joka est\u00e4\u00e4 opintojaksolle osallistumisen.<\/li>\n<li>Opintojakson vastuullinen opettaja hyv\u00e4ksyy ilmoittautuneet opiskelijat opintojaksolle toteutussuunnitelman mukaisesti.<\/li>\n<li>Opiskelijat ilmoittautuvat toteutuksille Pepiss\u00e4.<\/li>\n<\/ul>\n<p><strong>Ilmoittautumisten hallinta<\/strong><\/p>\n<p>Katso <a href=\"https:\/\/youtu.be\/1A4GRX5XneY\" target=\"_blank\" rel=\"noopener noreferrer\">video<\/a> (tekstityksen saa p\u00e4\u00e4lle [cc]-painikkeesta).<\/p>\n<ul>\n<li>Ilmoittautumisten hallinta tapahtuu opintojaksototeutuksen kautta.<\/li>\n<li>Opettajan tulee olla kiinnitettyn\u00e4 toteutukselle, jotta h\u00e4n voi k\u00e4sitell\u00e4 ilmoittautumisia.<\/li>\n<li>Opettaja hyv\u00e4ksyy tai hylk\u00e4\u00e4 opiskelijan mukaan toteutukseen.<\/li>\n<li>Kun opiskelija hyl\u00e4t\u00e4\u00e4n toteutukselta, opettaja voi hylk\u00e4yksen yhteydess\u00e4 l\u00e4hett\u00e4\u00e4 opiskelijalle viestin hylk\u00e4yksen syyst\u00e4. Oletusviesti hylk\u00e4yksest\u00e4 l\u00e4hetet\u00e4\u00e4n aina Pepin viestikanavaan (sis\u00e4inen viesti) ja se n\u00e4kyy opiskelijoille heid\u00e4n sopimuspankissaan. Oletusviesti hylk\u00e4yksest\u00e4 kertoo, ett\u00e4 ilmoittautuminen on hyl\u00e4tty sek\u00e4 toteutuksen nimen ja tunnuksen. Oletusviestin kieli m\u00e4\u00e4r\u00e4ytyy sen mukaan (suomi tai englanti), mik\u00e4 on opiskelijan opiskeluoikeuden opetuskieli. Mik\u00e4li haluat oletusviestin lis\u00e4ksi kirjoittaa hylk\u00e4yksen perusteen, valitse avautuvasta ponnahdusikkunasta OK. Kirjoita avautuvaan ikkunaan hylk\u00e4\u00e4misen syy. T\u00e4m\u00e4n j\u00e4lkeen voit valita, l\u00e4hetet\u00e4\u00e4nk\u00f6 hylk\u00e4yksen syy sis\u00e4isell\u00e4 viestill\u00e4 vai sen lis\u00e4ksi my\u00f6s s\u00e4hk\u00f6postilla. S\u00e4hk\u00f6postiin ei voi vastata.<\/li>\n<li>Opettaja voi my\u00f6s itse lis\u00e4t\u00e4 opiskelijoita toteutukselle joko ryhm\u00e4haulla tai yksitt\u00e4in.<\/li>\n<li>Ilmoittautuneista syntyy arviointilomake, jossa on valmiina ilmoittautuneiden tiedot.<\/li>\n<\/ul>\n<p><strong>Ilmoittautumisn\u00e4kym\u00e4n toimintojen esittely<\/strong><\/p>\n<p>Katso <a href=\"https:\/\/youtu.be\/xaFYuHcmxj0\" target=\"_blank\" rel=\"noopener\">video<\/a> (tekstityksen saa p\u00e4\u00e4lle [cc]-painikkeesta).<\/p>\n<div id=\"attachment_1079\" style=\"width: 594px\" class=\"wp-caption alignnone\"><a href=\"https:\/\/blogi.eoppimispalvelut.fi\/peppi-ohjeet\/opetus_ohjaus\/opiskelijoiden-ilmoittautuminen\/painikkeidenselitykset-2\/\" rel=\"attachment wp-att-1079\"><img loading=\"lazy\" decoding=\"async\" aria-describedby=\"caption-attachment-1079\" class=\"wp-image-1079 size-large\" src=\"https:\/\/blogi.eoppimispalvelut.fi\/peppi-ohjeet\/files\/2020\/03\/PainikkeidenSelitykset-1-1024x485.png\" alt=\"Painikkeiden selitykset\" width=\"584\" height=\"277\" srcset=\"https:\/\/blogi.eoppimispalvelut.fi\/peppi-ohjeet\/files\/2020\/03\/PainikkeidenSelitykset-1-1024x485.png 1024w, https:\/\/blogi.eoppimispalvelut.fi\/peppi-ohjeet\/files\/2020\/03\/PainikkeidenSelitykset-1-300x142.png 300w, https:\/\/blogi.eoppimispalvelut.fi\/peppi-ohjeet\/files\/2020\/03\/PainikkeidenSelitykset-1-768x364.png 768w, https:\/\/blogi.eoppimispalvelut.fi\/peppi-ohjeet\/files\/2020\/03\/PainikkeidenSelitykset-1.png 1436w\" sizes=\"auto, (max-width: 584px) 100vw, 584px\" \/><\/a><p id=\"caption-attachment-1079\" class=\"wp-caption-text\">Klikkaa kuva suuremmaksi<\/p><\/div>\n<p>&nbsp;<\/p>\n<hr \/>\n<p>Takaisin <a href=\"https:\/\/blogi.eoppimispalvelut.fi\/peppi-ohjeet\/opetus_ohjaus\/\">Opetus ja ohjaus -sivulle<\/a><\/p>\n","protected":false},"excerpt":{"rendered":"<p>Katso video (tekstityksen saa p\u00e4\u00e4lle [cc]-painikkeesta). Osaamisp\u00e4\u00e4llikk\u00f6 julkaisee toteutussuunnitelman. Opiskelijoiden ilmoittautuminen on mahdollista vain, jos toteutus on julkaistu. Opiskelijat voivat ilmoittautua toteutukselle toteutussuunnitelmassa m\u00e4\u00e4riteltyn\u00e4 ilmoittautumisaikana. Ilmoittautumisaika asetetaan toteutusajan perusteella kaikille toteutuksille p\u00e4\u00e4k\u00e4ytt\u00e4jien toimesta. Opiskelijat ilmoittautuvat toteutuksille Pepiss\u00e4. Ilmoittautumisaika alkaa toteutuksen &hellip; <a href=\"https:\/\/blogi.eoppimispalvelut.fi\/peppi-ohjeet\/opetus_ohjaus\/opiskelijoiden-ilmoittautuminen\/\">Continue reading <span class=\"meta-nav\">&rarr;<\/span><\/a><\/p>\n","protected":false},"author":6,"featured_media":0,"parent":2,"menu_order":0,"comment_status":"closed","ping_status":"closed","template":"","meta":{"_monsterinsights_skip_tracking":false,"_monsterinsights_sitenote_active":false,"_monsterinsights_sitenote_note":"","_monsterinsights_sitenote_category":0,"footnotes":""},"class_list":["post-290","page","type-page","status-publish","hentry"],"_links":{"self":[{"href":"https:\/\/blogi.eoppimispalvelut.fi\/peppi-ohjeet\/wp-json\/wp\/v2\/pages\/290","targetHints":{"allow":["GET"]}}],"collection":[{"href":"https:\/\/blogi.eoppimispalvelut.fi\/peppi-ohjeet\/wp-json\/wp\/v2\/pages"}],"about":[{"href":"https:\/\/blogi.eoppimispalvelut.fi\/peppi-ohjeet\/wp-json\/wp\/v2\/types\/page"}],"author":[{"embeddable":true,"href":"https:\/\/blogi.eoppimispalvelut.fi\/peppi-ohjeet\/wp-json\/wp\/v2\/users\/6"}],"replies":[{"embeddable":true,"href":"https:\/\/blogi.eoppimispalvelut.fi\/peppi-ohjeet\/wp-json\/wp\/v2\/comments?post=290"}],"version-history":[{"count":73,"href":"https:\/\/blogi.eoppimispalvelut.fi\/peppi-ohjeet\/wp-json\/wp\/v2\/pages\/290\/revisions"}],"predecessor-version":[{"id":6851,"href":"https:\/\/blogi.eoppimispalvelut.fi\/peppi-ohjeet\/wp-json\/wp\/v2\/pages\/290\/revisions\/6851"}],"up":[{"embeddable":true,"href":"https:\/\/blogi.eoppimispalvelut.fi\/peppi-ohjeet\/wp-json\/wp\/v2\/pages\/2"}],"wp:attachment":[{"href":"https:\/\/blogi.eoppimispalvelut.fi\/peppi-ohjeet\/wp-json\/wp\/v2\/media?parent=290"}],"curies":[{"name":"wp","href":"https:\/\/api.w.org\/{rel}","templated":true}]}}