{"id":2953,"date":"2020-05-16T17:05:13","date_gmt":"2020-05-16T14:05:13","guid":{"rendered":"https:\/\/blogi.eoppimispalvelut.fi\/peppi-ohjeet\/?page_id=2953"},"modified":"2025-11-20T16:56:27","modified_gmt":"2025-11-20T14:56:27","slug":"opetustarjonnan-suunnittelu","status":"publish","type":"page","link":"https:\/\/blogi.eoppimispalvelut.fi\/peppi-ohjeet\/koulutus-ja-opetussuunnittelu\/vuosisuunnittelu\/opetustarjonnan-suunnittelu\/","title":{"rendered":"Opetustarjonnan suunnittelu"},"content":{"rendered":"<p>Katso <a href=\"https:\/\/youtu.be\/QjkfTefFlAk\" target=\"_blank\" rel=\"noopener\">video<\/a> (tekstityksen saa p\u00e4\u00e4lle [cc]-painikkeesta).<\/p>\n<p>Opetustarjonnan suunnittelu sis\u00e4lt\u00e4\u00e4:<\/p>\n<p>Opetussuunnitelmien mukaisen tarjonnan suunnittelun:<\/p>\n<ul>\n<li>OPSien mukainen tarjonta<\/li>\n<li>Muuntokoulutusten tarjonta<\/li>\n<li>Erikoistumiskoulutusten tarjonta<\/li>\n<\/ul>\n<p>Avoimen ammattikorkeakoulun opetustarjonnan suunnittelun<\/p>\n<p>Muun opetustarjonnan suunnittelun:<\/p>\n<ul>\n<li>Kes\u00e4opintotarjonta<\/li>\n<li>Vapaasti valittavien opintojen tarjonta AMK<\/li>\n<li>Vapaasti valittavien opintojen tarjonta YAMK<\/li>\n<li>Yhteisty\u00f6verkostojen tarjonta<\/li>\n<li>Vaihto-opintotarjonta<\/li>\n<\/ul>\n<hr \/>\n<p>Takaisin\u00a0<a href=\"https:\/\/blogi.eoppimispalvelut.fi\/peppi-ohjeet\/koulutus-ja-opetussuunnittelu\/\">Koulutus- ja opetussuunnittelu<\/a> -sivulle<\/p>\n","protected":false},"excerpt":{"rendered":"<p>Katso video (tekstityksen saa p\u00e4\u00e4lle [cc]-painikkeesta). Opetustarjonnan suunnittelu sis\u00e4lt\u00e4\u00e4: Opetussuunnitelmien mukaisen tarjonnan suunnittelun: OPSien mukainen tarjonta Muuntokoulutusten tarjonta Erikoistumiskoulutusten tarjonta Avoimen ammattikorkeakoulun opetustarjonnan suunnittelun Muun opetustarjonnan suunnittelun: Kes\u00e4opintotarjonta Vapaasti valittavien opintojen tarjonta AMK Vapaasti valittavien opintojen tarjonta YAMK Yhteisty\u00f6verkostojen tarjonta &hellip; <a href=\"https:\/\/blogi.eoppimispalvelut.fi\/peppi-ohjeet\/koulutus-ja-opetussuunnittelu\/vuosisuunnittelu\/opetustarjonnan-suunnittelu\/\">Continue reading <span class=\"meta-nav\">&rarr;<\/span><\/a><\/p>\n","protected":false},"author":4339,"featured_media":0,"parent":2147,"menu_order":0,"comment_status":"closed","ping_status":"closed","template":"","meta":{"_monsterinsights_skip_tracking":false,"_monsterinsights_sitenote_active":false,"_monsterinsights_sitenote_note":"","_monsterinsights_sitenote_category":0,"footnotes":""},"class_list":["post-2953","page","type-page","status-publish","hentry"],"_links":{"self":[{"href":"https:\/\/blogi.eoppimispalvelut.fi\/peppi-ohjeet\/wp-json\/wp\/v2\/pages\/2953","targetHints":{"allow":["GET"]}}],"collection":[{"href":"https:\/\/blogi.eoppimispalvelut.fi\/peppi-ohjeet\/wp-json\/wp\/v2\/pages"}],"about":[{"href":"https:\/\/blogi.eoppimispalvelut.fi\/peppi-ohjeet\/wp-json\/wp\/v2\/types\/page"}],"author":[{"embeddable":true,"href":"https:\/\/blogi.eoppimispalvelut.fi\/peppi-ohjeet\/wp-json\/wp\/v2\/users\/4339"}],"replies":[{"embeddable":true,"href":"https:\/\/blogi.eoppimispalvelut.fi\/peppi-ohjeet\/wp-json\/wp\/v2\/comments?post=2953"}],"version-history":[{"count":9,"href":"https:\/\/blogi.eoppimispalvelut.fi\/peppi-ohjeet\/wp-json\/wp\/v2\/pages\/2953\/revisions"}],"predecessor-version":[{"id":7283,"href":"https:\/\/blogi.eoppimispalvelut.fi\/peppi-ohjeet\/wp-json\/wp\/v2\/pages\/2953\/revisions\/7283"}],"up":[{"embeddable":true,"href":"https:\/\/blogi.eoppimispalvelut.fi\/peppi-ohjeet\/wp-json\/wp\/v2\/pages\/2147"}],"wp:attachment":[{"href":"https:\/\/blogi.eoppimispalvelut.fi\/peppi-ohjeet\/wp-json\/wp\/v2\/media?parent=2953"}],"curies":[{"name":"wp","href":"https:\/\/api.w.org\/{rel}","templated":true}]}}