{"id":296,"date":"2020-02-10T13:33:31","date_gmt":"2020-02-10T11:33:31","guid":{"rendered":"https:\/\/blogi.eoppimispalvelut.fi\/peppi-ohjeet\/?page_id=296"},"modified":"2024-08-05T11:37:05","modified_gmt":"2024-08-05T08:37:05","slug":"arviointi-2","status":"publish","type":"page","link":"https:\/\/blogi.eoppimispalvelut.fi\/peppi-ohjeet\/opetus_ohjaus\/arviointi-2\/","title":{"rendered":"Arviointi"},"content":{"rendered":"<p>Katso <a href=\"https:\/\/youtu.be\/bV0X4zd6Czw\" target=\"_blank\" rel=\"noopener noreferrer\">video<\/a> (tekstityksen saa p\u00e4\u00e4lle [cc]-painikkeesta).<\/p>\n<ul>\n<li>Arviointi tapahtuu opintojaksototeutuksen kautta.<\/li>\n<li>Opettajan tulee olla kiinnitettyn\u00e4 toteutukselle, jotta h\u00e4n voi kirjata arvosanoja.<\/li>\n<li>Arvioinnin edellytyksen\u00e4 on, ett\u00e4 toteutussuunnitelma on julkaistu.<\/li>\n<li>Opettaja voi my\u00f6s itse lis\u00e4t\u00e4 opiskelijoita toteutukselle joko ryhm\u00e4haulla tai yksitt\u00e4in.<\/li>\n<li>Ilmoittautuneista syntyy arviointilomake, jossa on valmiina ilmoittautuneiden tiedot.<\/li>\n<li>Samalle toteutukselle voi tehd\u00e4 vain yhden kirjauksen. Mik\u00e4li opiskelijalla on toteutusta koskeva osittainen hyv\u00e4ksiluku, kirjataan puuttuvan suorituksen arviointi toiselle, vastaavalle toteutukselle.<\/li>\n<li>Suorituksen arviointi tehd\u00e4\u00e4n p\u00e4\u00e4s\u00e4\u00e4nt\u00f6isesti sille toteutukselle, jolle opiskelija on osallistunut. Mik\u00e4li opiskelijalla on jo arvosana kirjattuna toisella toteutuksella, niin h\u00e4nen suoritustietojaan ei siirret\u00e4. Jos on tarpeen esimerkiksi kirjata uusintasuoritus, niin se k\u00e4yd\u00e4\u00e4n kirjaamassa alkuper\u00e4iseen toteutukseen.<\/li>\n<\/ul>\n<h2>Arviointia ohjaa Lapin ammattikorkeakoulun tutkintos\u00e4\u00e4nt\u00f6<\/h2>\n<p>Katso <a href=\"https:\/\/youtu.be\/Ejy2IzBtKFw\" target=\"_blank\" rel=\"noopener noreferrer\">video<\/a> (tekstityksen saa p\u00e4\u00e4lle [cc]-painikkeesta).<\/p>\n<p><strong>Opetukseen osallistuminen ja opintojen suorittaminen<\/strong><\/p>\n<ul>\n<li>Lukukauden ja\/tai opintojakson alussa k\u00e4yd\u00e4\u00e4n l\u00e4vitse osaamistavoitteet ja sis\u00e4lt\u00f6, erilaiset suoritustavat ja arviointiperusteet, ohjausk\u00e4yt\u00e4nteet sek\u00e4 sovitaan mahdollisen arvioinnin\/arviointien ajankohta ja palautettavien teht\u00e4vien osalta palautusp\u00e4iv\u00e4m\u00e4\u00e4r\u00e4t<\/li>\n<\/ul>\n<p><strong>Osaamisen arviointi ja opintosuoritusten merkitseminen<\/strong><\/p>\n<ul>\n<li>Opiskelijoiden osaamisen ja oppimisen arviointi perustuu opetussuunnitelmissa oleviin osaamistavoitteisiin ja arviointikriteereihin. Arviointikriteerit kuvataan opintojakson kuvauksessa. Opiskelun eri vaiheissa tapahtuvan arvioinnin tulee muodostaa johdonmukainen kokonaisuus, joka tukee koulutuksen tavoitteena olevan osaamisen saavuttamista. Arviointiperusteiden, menetelmien ja kriteerien l\u00e4ht\u00f6kohtana ovat kyseisen lukukauden\/opintojaksojen osaamistavoitteet.<\/li>\n<li>Opiskelija voi hankkia lukukauden\/opintojakson osaamistavoitteiden mukaisen osaamisen my\u00f6s muuten, kuin osallistumalla Lapin ammattikorkeakoulun j\u00e4rjest\u00e4m\u00e4\u00e4n opetukseen. Muualla hankittu osaaminen arvioidaan Lapin ammattikorkeakoulun hankitun osaamisen arviointi ja hyv\u00e4ksilukeminen \u2013ohjeen mukaisesti<\/li>\n<li>Opintosuoritukset arvioidaan asteikolla kiitett\u00e4v\u00e4 (5), hyv\u00e4 (3-4), tyydytt\u00e4v\u00e4 (1-2), hyl\u00e4tty (0) tai asteikolla hyv\u00e4ksytty (HYV) \u2013 hyl\u00e4tty (HYL)<\/li>\n<li>Mik\u00e4li <strong>opiskelija ei ole osallistunut opetukseen tai ei ole tehnyt mit\u00e4\u00e4n suorituksia<\/strong> opintojaksototeutuksen aikana, opiskelijan <strong>ilmoittautuminen hyl\u00e4t\u00e4\u00e4n<\/strong>.<\/li>\n<li>Mik\u00e4li opiskelijalta <strong>puuttuu suorituksia, merkit\u00e4\u00e4n arvosanaksi hyl\u00e4tty<\/strong>. <strong>Hyl\u00e4tyn arvioinnin perustelut kirjataan Pepin arviointi n\u00e4kym\u00e4ss\u00e4 Huomiot- \u00a0kentt\u00e4\u00e4n.<\/strong> Puuttuvien suoritusten tekemisen j\u00e4lkeen, suoritetaan arviointi uudelleen sille toteutukselle, joka on j\u00e4\u00e4nyt kesken.<\/li>\n<\/ul>\n<p>Katso <a href=\"https:\/\/youtu.be\/RanV8YoUEls\" target=\"_blank\" rel=\"noopener noreferrer\">video<\/a> (tekstityksen saa p\u00e4\u00e4lle [cc]-painikkeesta).<\/p>\n<p><strong>Opintojakson uusiminen tai arvosanan korottaminen<\/strong><\/p>\n<ul>\n<li>Tutkintoon johtavassa koulutuksessa hyl\u00e4tyn arvioinnin saatuaan opiskelijalla on oikeus kahteen uusintasuorituskertaan opintojaksototeutuksen p\u00e4\u00e4ttymist\u00e4 seuraavan lukukauden loppuun menness\u00e4.<\/li>\n<li>Mik\u00e4li opiskelija ei kolmella (3) suorituskerralla saa hyv\u00e4ksytty\u00e4 arvosanaa, h\u00e4nen on aloitettava opintojakson\/lukukauden opiskelu uudelleen mahdollisesti muuttuneiden vaatimusten mukaisesti.<\/li>\n<li>Hyv\u00e4ksytty\u00e4 arvosanaa voi korottaa yhden (1) kerran opintojaksototeutuksen p\u00e4\u00e4ttymisajankohtaa seuraavan lukukauden loppuun menness\u00e4<\/li>\n<\/ul>\n<p><strong>Opinn\u00e4ytety\u00f6n arvosana<\/strong><\/p>\n<ul>\n<li>Tarkastettavaksi j\u00e4tetyn opinn\u00e4ytety\u00f6n arvosanaa ei voi korottaa. Mik\u00e4li opiskelija on tyytym\u00e4t\u00f6n saamaansa opinn\u00e4ytety\u00f6n arvosanaan, voi h\u00e4n tehd\u00e4 siit\u00e4 kirjallisen oikaisupyynn\u00f6n.<\/li>\n<\/ul>\n<p><strong>Arviointiaika ja suoritusten s\u00e4ilytt\u00e4minen<\/strong><\/p>\n<ul>\n<li>Opiskelijalla on oikeus saada tieto arviointiperusteiden soveltamisesta opintosuoritukseensa (932\/2014 37\u00a7). H\u00e4nelle on varattava tilaisuus tutustua arvioituun kirjalliseen tai muuten tallennettuun opintosuoritukseen. Kirjalliset ja muulla tavoin tallennetut opintosuoritukset on s\u00e4ilytett\u00e4v\u00e4 v\u00e4hint\u00e4\u00e4n kuuden kuukauden ajan tulosten julkistamisesta.<\/li>\n<li>Opintojaksoon\/lukukauteen kuuluva yksitt\u00e4inen opintosuoritus on arvioitava mahdollisimman pian, kuitenkin viimeist\u00e4\u00e4n yhden kuukauden kuluessa (1 kk) arviointitilanteesta (esim. oppimisteht\u00e4v\u00e4, raportti, tentti; aika lasketaan annetusta palautusp\u00e4iv\u00e4m\u00e4\u00e4r\u00e4st\u00e4 alkaen).<\/li>\n<li>Opintosuoritusrekisteriin merkitt\u00e4v\u00e4n opintosuorituksen arviointip\u00e4iv\u00e4m\u00e4\u00e4r\u00e4 on arvioitavan suorituksen suoritusp\u00e4iv\u00e4 tai harjoitusty\u00f6n, raportin tai vastaavan palautusp\u00e4iv\u00e4. Opintosuoritusrekisteriin merkitt\u00e4v\u00e4n opintosuorituksen viemisest\u00e4 rekisteriin vastaa opintojaksosta vastaava opettaja.<\/li>\n<li>Kaikki opinn\u00e4ytety\u00f6t s\u00e4ilytet\u00e4\u00e4n pysyv\u00e4sti. Kaikki muut opintosuoritukset s\u00e4ilytet\u00e4\u00e4n Lapin ammattikorkeakoulun arkistonmuodostussuunnitelman mukaisesti.<\/li>\n<\/ul>\n<hr \/>\n<p><strong>Arviointin\u00e4kym\u00e4n toimintojen esittely<\/strong><\/p>\n<p>Katso <a href=\"https:\/\/youtu.be\/oz6RIWZRn6I\" target=\"_blank\" rel=\"noopener\">video<\/a> (tekstityksen saa p\u00e4\u00e4lle [cc]-painikkeesta).<\/p>\n<div id=\"attachment_6878\" style=\"width: 594px\" class=\"wp-caption alignnone\"><a href=\"https:\/\/blogi.eoppimispalvelut.fi\/peppi-ohjeet\/files\/2024\/08\/Toteutuksen-arviointinakyman-toiminnallisuudet-1.png\" rel=\"attachment wp-att-1194\"><img loading=\"lazy\" decoding=\"async\" aria-describedby=\"caption-attachment-6878\" class=\"wp-image-6878 size-large\" src=\"https:\/\/blogi.eoppimispalvelut.fi\/peppi-ohjeet\/files\/2024\/08\/Toteutuksen-arviointinakyman-toiminnallisuudet-1-1280x206.png\" alt=\"Toteutuksen arviointin\u00e4kym\u00e4n toiminnallisuudet\" width=\"584\" height=\"94\" srcset=\"https:\/\/blogi.eoppimispalvelut.fi\/peppi-ohjeet\/files\/2024\/08\/Toteutuksen-arviointinakyman-toiminnallisuudet-1-1280x206.png 1280w, https:\/\/blogi.eoppimispalvelut.fi\/peppi-ohjeet\/files\/2024\/08\/Toteutuksen-arviointinakyman-toiminnallisuudet-1-600x97.png 600w, https:\/\/blogi.eoppimispalvelut.fi\/peppi-ohjeet\/files\/2024\/08\/Toteutuksen-arviointinakyman-toiminnallisuudet-1-768x124.png 768w, https:\/\/blogi.eoppimispalvelut.fi\/peppi-ohjeet\/files\/2024\/08\/Toteutuksen-arviointinakyman-toiminnallisuudet-1-1536x248.png 1536w, https:\/\/blogi.eoppimispalvelut.fi\/peppi-ohjeet\/files\/2024\/08\/Toteutuksen-arviointinakyman-toiminnallisuudet-1-500x81.png 500w, https:\/\/blogi.eoppimispalvelut.fi\/peppi-ohjeet\/files\/2024\/08\/Toteutuksen-arviointinakyman-toiminnallisuudet-1.png 1848w\" sizes=\"auto, (max-width: 584px) 100vw, 584px\" \/><\/a><p id=\"caption-attachment-6878\" class=\"wp-caption-text\">Klikkaa kuvaa suuremmaksi<\/p><\/div>\n<ul>\n<li><strong>Lis\u00e4\u00e4 opiskelija:<\/strong> Voit opettajana lis\u00e4t\u00e4 toteutukselle opiskelijoita, jotka eiv\u00e4t ole itse ilmoittautuneet.<\/li>\n<li><strong>Lis\u00e4\u00e4 toteutuksen osa:<\/strong> Voit lis\u00e4t\u00e4 toteutukselle osia. Huomioi kuitenkin, ett\u00e4\u00a0 toteutuksen osa saa olla minimiss\u00e4\u00e4n 5 op.<\/li>\n<li><strong>Muokkaa toteutuksen osia:<\/strong> Voit muokata toteutuksen osan tietoja esim. osien j\u00e4rjestyst\u00e4.<\/li>\n<li><strong>Aseta oletusarvioija: <\/strong>Voit asettaa toteutukselle oletusarvioijan.<\/li>\n<li><strong>Aseta oletussuoritusp\u00e4iv\u00e4:<\/strong> Voit asettaa suorituksen oletussuoritusp\u00e4iv\u00e4m\u00e4\u00e4r\u00e4n. T\u00e4ll\u00f6in kaikille suorituksille kirjautuu sama suoritusp\u00e4iv\u00e4.<\/li>\n<li><strong>Aktivoi massa-arviointi:<\/strong> Voit massa-arvioida kerralla useamman suorituksen esim. jos toteutus arvioidaan arvosanalla HYV.<\/li>\n<li><strong>Aktivoi massa-muokkaus:<\/strong> Voit massamuokata suoritusten tietoja.<\/li>\n<li><strong>Organisaatio:<\/strong> Lapin AMKin Opettajan ty\u00f6p\u00f6yd\u00e4ll\u00e4 n\u00e4kyy automaattisesti ammattikorkeakoulun ilmoittautuneet opiskelijat. T\u00e4m\u00e4 toiminnallisuus helpottaa opiskelijoiden selaamista, mik\u00e4li kyseess\u00e4 on Lapin AMKin ja Lapin yliopiston yhteinen toteutus.<\/li>\n<li><strong>Raportit:<\/strong> Voit ladata ilmoittautuneista ja arvioinneista erilaisia raportteja.<\/li>\n<li><strong>N\u00e4yt\u00e4\/piilota osat:<\/strong> Mik\u00e4li toteutuksella on toteutuksen osia, voit valita haluatko niiden n\u00e4kyv\u00e4n arviointin\u00e4kym\u00e4ss\u00e4.<\/li>\n<li><strong>Sarakkeet: <\/strong>Sarakkeet-painikkeen kautta p\u00e4\u00e4set lis\u00e4\u00e4m\u00e4\u00e4n arviointin\u00e4kym\u00e4\u00e4n sarakkeita lis\u00e4tietotarpeen mukaan.<\/li>\n<\/ul>\n<p>Yl\u00e4valikon alle listautuu toteutukselle ilmoittautuneet opiskelijat. Yksitt\u00e4isen opiskelijan kohdalla on mahdollista muuttaa suorituksen eri tietoja ja <strong>Sarakkeet-toiminnon<\/strong> kautta saat tarvittavat lis\u00e4tiedot n\u00e4kyviin. Ilmoittautumiset-n\u00e4kym\u00e4ss\u00e4 hyl\u00e4tyt opiskelijat eiv\u00e4t n\u00e4y Toteutuksen arviointi -n\u00e4kym\u00e4ss\u00e4. Voit my\u00f6s muokata yksitt\u00e4isen opiskelijan suorituksen tietoja opiskelijarivin lopussa avautuvasta alasvetovalikosta valitsemalla &#8220;Muokkaa&#8221;.<\/p>\n<ul>\n<li><strong>Opintopistem\u00e4\u00e4r\u00e4:<\/strong> Mik\u00e4li opiskelija suorittaa poikkeavan m\u00e4\u00e4r\u00e4n opintopisteit\u00e4, voit muokata laajuutta opiskelijakohtaisesti.<\/li>\n<li><strong> Arviointi:<\/strong> Arvosana valitaan alasvetovalikosta ja arvosana perustuu opintojaksolla m\u00e4\u00e4riteltyyn arviointiasteikkoon.<\/li>\n<li><strong>Suoritusp\u00e4iv\u00e4m\u00e4\u00e4r\u00e4:<\/strong> Suoritusp\u00e4iv\u00e4m\u00e4\u00e4r\u00e4 on arvioitavan suorituksen suoritusp\u00e4iv\u00e4 tai harjoitusty\u00f6n, raportin tai vastaavan palautusp\u00e4iv\u00e4. Suoritusp\u00e4iv\u00e4ksi tulee automaattisesti kuluva p\u00e4iv\u00e4. Mik\u00e4li sit\u00e4 on tarpeen muuttaa, tehd\u00e4\u00e4n se suoritusp\u00e4iv\u00e4m\u00e4\u00e4r\u00e4-laatikkoon opiskelijakohtaisesti.<\/li>\n<li><strong>Suoritusmerkinn\u00e4n antaja:<\/strong> Suoritusmerkinn\u00e4n antajaksi tulee automaattisesti Peppiin kirjautuneen henkil\u00f6n nimi. Suoritusmerkinn\u00e4n antajaa voi tarvittaessa muuttaa kyn\u00e4-ikonin kautta.<\/li>\n<\/ul>\n<p>&nbsp;<\/p>\n<hr \/>\n<p>Takaisin <a href=\"https:\/\/blogi.eoppimispalvelut.fi\/peppi-ohjeet\/opetus_ohjaus\/\">Opetus ja ohjaus -sivulle<\/a><\/p>\n","protected":false},"excerpt":{"rendered":"<p>Katso video (tekstityksen saa p\u00e4\u00e4lle [cc]-painikkeesta). Arviointi tapahtuu opintojaksototeutuksen kautta. Opettajan tulee olla kiinnitettyn\u00e4 toteutukselle, jotta h\u00e4n voi kirjata arvosanoja. Arvioinnin edellytyksen\u00e4 on, ett\u00e4 toteutussuunnitelma on julkaistu. Opettaja voi my\u00f6s itse lis\u00e4t\u00e4 opiskelijoita toteutukselle joko ryhm\u00e4haulla tai yksitt\u00e4in. Ilmoittautuneista syntyy &hellip; <a href=\"https:\/\/blogi.eoppimispalvelut.fi\/peppi-ohjeet\/opetus_ohjaus\/arviointi-2\/\">Continue reading <span class=\"meta-nav\">&rarr;<\/span><\/a><\/p>\n","protected":false},"author":6,"featured_media":0,"parent":2,"menu_order":0,"comment_status":"closed","ping_status":"closed","template":"","meta":{"_monsterinsights_skip_tracking":false,"_monsterinsights_sitenote_active":false,"_monsterinsights_sitenote_note":"","_monsterinsights_sitenote_category":0,"footnotes":""},"class_list":["post-296","page","type-page","status-publish","hentry"],"_links":{"self":[{"href":"https:\/\/blogi.eoppimispalvelut.fi\/peppi-ohjeet\/wp-json\/wp\/v2\/pages\/296","targetHints":{"allow":["GET"]}}],"collection":[{"href":"https:\/\/blogi.eoppimispalvelut.fi\/peppi-ohjeet\/wp-json\/wp\/v2\/pages"}],"about":[{"href":"https:\/\/blogi.eoppimispalvelut.fi\/peppi-ohjeet\/wp-json\/wp\/v2\/types\/page"}],"author":[{"embeddable":true,"href":"https:\/\/blogi.eoppimispalvelut.fi\/peppi-ohjeet\/wp-json\/wp\/v2\/users\/6"}],"replies":[{"embeddable":true,"href":"https:\/\/blogi.eoppimispalvelut.fi\/peppi-ohjeet\/wp-json\/wp\/v2\/comments?post=296"}],"version-history":[{"count":69,"href":"https:\/\/blogi.eoppimispalvelut.fi\/peppi-ohjeet\/wp-json\/wp\/v2\/pages\/296\/revisions"}],"predecessor-version":[{"id":6879,"href":"https:\/\/blogi.eoppimispalvelut.fi\/peppi-ohjeet\/wp-json\/wp\/v2\/pages\/296\/revisions\/6879"}],"up":[{"embeddable":true,"href":"https:\/\/blogi.eoppimispalvelut.fi\/peppi-ohjeet\/wp-json\/wp\/v2\/pages\/2"}],"wp:attachment":[{"href":"https:\/\/blogi.eoppimispalvelut.fi\/peppi-ohjeet\/wp-json\/wp\/v2\/media?parent=296"}],"curies":[{"name":"wp","href":"https:\/\/api.w.org\/{rel}","templated":true}]}}