{"id":2989,"date":"2020-05-18T13:26:33","date_gmt":"2020-05-18T10:26:33","guid":{"rendered":"https:\/\/blogi.eoppimispalvelut.fi\/peppi-ohjeet\/?page_id=2989"},"modified":"2021-06-23T12:19:49","modified_gmt":"2021-06-23T09:19:49","slug":"patevyys","status":"publish","type":"page","link":"https:\/\/blogi.eoppimispalvelut.fi\/peppi-ohjeet\/oppimis-ja-ohjauspalvelut\/patevyys\/","title":{"rendered":"P\u00e4tevyys"},"content":{"rendered":"<div id=\"attachment_3581\" style=\"width: 1177px\" class=\"wp-caption alignnone\"><a href=\"https:\/\/blogi.eoppimispalvelut.fi\/peppi-ohjeet\/files\/2020\/06\/korkeakoulu-42.png\"><img loading=\"lazy\" decoding=\"async\" aria-describedby=\"caption-attachment-3581\" class=\"size-full wp-image-3581\" src=\"https:\/\/blogi.eoppimispalvelut.fi\/peppi-ohjeet\/files\/2020\/06\/korkeakoulu-42.png\" alt=\"P\u00e4tevyys\" width=\"1167\" height=\"821\" srcset=\"https:\/\/blogi.eoppimispalvelut.fi\/peppi-ohjeet\/files\/2020\/06\/korkeakoulu-42.png 1167w, https:\/\/blogi.eoppimispalvelut.fi\/peppi-ohjeet\/files\/2020\/06\/korkeakoulu-42-900x633.png 900w, https:\/\/blogi.eoppimispalvelut.fi\/peppi-ohjeet\/files\/2020\/06\/korkeakoulu-42-768x540.png 768w, https:\/\/blogi.eoppimispalvelut.fi\/peppi-ohjeet\/files\/2020\/06\/korkeakoulu-42-426x300.png 426w\" sizes=\"auto, (max-width: 1167px) 100vw, 1167px\" \/><\/a><p id=\"caption-attachment-3581\" class=\"wp-caption-text\">Klikkaa kuvaa suuremmaksi<\/p><\/div>\n<div id=\"attachment_3582\" style=\"width: 594px\" class=\"wp-caption alignnone\"><a href=\"https:\/\/blogi.eoppimispalvelut.fi\/peppi-ohjeet\/files\/2020\/06\/korkeakoulu-43.png\"><img loading=\"lazy\" decoding=\"async\" aria-describedby=\"caption-attachment-3582\" class=\"size-large wp-image-3582\" src=\"https:\/\/blogi.eoppimispalvelut.fi\/peppi-ohjeet\/files\/2020\/06\/korkeakoulu-43-1280x108.png\" alt=\"P\u00e4tevyys\" width=\"584\" height=\"49\" srcset=\"https:\/\/blogi.eoppimispalvelut.fi\/peppi-ohjeet\/files\/2020\/06\/korkeakoulu-43-1280x108.png 1280w, https:\/\/blogi.eoppimispalvelut.fi\/peppi-ohjeet\/files\/2020\/06\/korkeakoulu-43-900x76.png 900w, https:\/\/blogi.eoppimispalvelut.fi\/peppi-ohjeet\/files\/2020\/06\/korkeakoulu-43-768x65.png 768w, https:\/\/blogi.eoppimispalvelut.fi\/peppi-ohjeet\/files\/2020\/06\/korkeakoulu-43-1536x130.png 1536w, https:\/\/blogi.eoppimispalvelut.fi\/peppi-ohjeet\/files\/2020\/06\/korkeakoulu-43-500x42.png 500w, https:\/\/blogi.eoppimispalvelut.fi\/peppi-ohjeet\/files\/2020\/06\/korkeakoulu-43.png 1962w\" sizes=\"auto, (max-width: 584px) 100vw, 584px\" \/><\/a><p id=\"caption-attachment-3582\" class=\"wp-caption-text\">Klikkaa kuvaa suuremmaksi<\/p><\/div>\n<p>Voit lis\u00e4t\u00e4 p\u00e4tevyyden Opiskelutiedot-v\u00e4lilehdell\u00e4 joko sivun yl\u00e4laidasta Toiminnot-painikkeen kautta tai selaamalla sivun loppuun ja klikkaamalla \u201dLis\u00e4\u00e4 p\u00e4tevyys\u201d.<\/p>\n<p>&nbsp;<\/p>\n<div id=\"attachment_3583\" style=\"width: 668px\" class=\"wp-caption alignnone\"><a href=\"https:\/\/blogi.eoppimispalvelut.fi\/peppi-ohjeet\/files\/2020\/06\/korkeakoulu-44.png\"><img loading=\"lazy\" decoding=\"async\" aria-describedby=\"caption-attachment-3583\" class=\"size-full wp-image-3583\" src=\"https:\/\/blogi.eoppimispalvelut.fi\/peppi-ohjeet\/files\/2020\/06\/korkeakoulu-44.png\" alt=\"P\u00e4tevyys\" width=\"658\" height=\"425\" srcset=\"https:\/\/blogi.eoppimispalvelut.fi\/peppi-ohjeet\/files\/2020\/06\/korkeakoulu-44.png 658w, https:\/\/blogi.eoppimispalvelut.fi\/peppi-ohjeet\/files\/2020\/06\/korkeakoulu-44-464x300.png 464w\" sizes=\"auto, (max-width: 658px) 100vw, 658px\" \/><\/a><p id=\"caption-attachment-3583\" class=\"wp-caption-text\">Klikkaa kuvaa suuremmaksi<\/p><\/div>\n<p>Valitse oikea p\u00e4tevyys avautuvasta valikosta.<\/p>\n<p>&nbsp;<\/p>\n<p><em>P\u00e4tevyyden lis\u00e4\u00e4minen massamuokkauksen kautta<\/em><\/p>\n<div id=\"attachment_3543\" class=\"wp-caption alignnone\">\n<p><a href=\"https:\/\/blogi.eoppimispalvelut.fi\/peppi-ohjeet\/files\/2020\/06\/korkeakoulu-30.png\" data-slb-active=\"1\" data-slb-asset=\"1065847565\" data-slb-internal=\"0\" data-slb-group=\"2991_3067\"><img loading=\"lazy\" decoding=\"async\" class=\"size-large wp-image-3543\" src=\"https:\/\/blogi.eoppimispalvelut.fi\/peppi-ohjeet\/files\/2020\/06\/korkeakoulu-30-1280x504.png\" alt=\"Valmistuttaminen massamuokkauksen kautta\" width=\"584\" height=\"230\" aria-describedby=\"caption-attachment-3543\" srcset=\"https:\/\/blogi.eoppimispalvelut.fi\/peppi-ohjeet\/files\/2020\/06\/korkeakoulu-30-1280x504.png 1280w, https:\/\/blogi.eoppimispalvelut.fi\/peppi-ohjeet\/files\/2020\/06\/korkeakoulu-30-900x355.png 900w, https:\/\/blogi.eoppimispalvelut.fi\/peppi-ohjeet\/files\/2020\/06\/korkeakoulu-30-768x303.png 768w, https:\/\/blogi.eoppimispalvelut.fi\/peppi-ohjeet\/files\/2020\/06\/korkeakoulu-30-1536x605.png 1536w, https:\/\/blogi.eoppimispalvelut.fi\/peppi-ohjeet\/files\/2020\/06\/korkeakoulu-30-500x197.png 500w, https:\/\/blogi.eoppimispalvelut.fi\/peppi-ohjeet\/files\/2020\/06\/korkeakoulu-30.png 1896w\" sizes=\"auto, (max-width: 584px) 100vw, 584px\" \/><\/a><\/p>\n<p id=\"caption-attachment-3543\" class=\"wp-caption-text\">Klikkaa kuvaa suuremmaksi<\/p>\n<\/div>\n<p>Voit lis\u00e4t\u00e4 useamman opiskelijan p\u00e4tevyyden kerrallaan k\u00e4ytt\u00e4m\u00e4ll\u00e4 Massamuokkaus-toimintoa. Tee tarvittava haku ja valitse rasti niiden opiskelijoiden kohdalle, joille p\u00e4tevyys lis\u00e4t\u00e4\u00e4n. Klikkaa sitten Massamuokkaa.<\/p>\n<p>&nbsp;<\/p>\n<div id=\"attachment_3541\" class=\"wp-caption alignnone\">\n<p><a href=\"https:\/\/blogi.eoppimispalvelut.fi\/peppi-ohjeet\/files\/2020\/06\/korkeakoulu-31.png\" data-slb-active=\"1\" data-slb-asset=\"189883739\" data-slb-internal=\"0\" data-slb-group=\"2991_3067\"><img loading=\"lazy\" decoding=\"async\" class=\"size-large wp-image-3541\" src=\"https:\/\/blogi.eoppimispalvelut.fi\/peppi-ohjeet\/files\/2020\/06\/korkeakoulu-31-1280x290.png\" alt=\"Valmistuttaminen massamuokkauksen kautta\" width=\"584\" height=\"132\" aria-describedby=\"caption-attachment-3541\" srcset=\"https:\/\/blogi.eoppimispalvelut.fi\/peppi-ohjeet\/files\/2020\/06\/korkeakoulu-31-1280x290.png 1280w, https:\/\/blogi.eoppimispalvelut.fi\/peppi-ohjeet\/files\/2020\/06\/korkeakoulu-31-900x204.png 900w, https:\/\/blogi.eoppimispalvelut.fi\/peppi-ohjeet\/files\/2020\/06\/korkeakoulu-31-768x174.png 768w, https:\/\/blogi.eoppimispalvelut.fi\/peppi-ohjeet\/files\/2020\/06\/korkeakoulu-31-1536x348.png 1536w, https:\/\/blogi.eoppimispalvelut.fi\/peppi-ohjeet\/files\/2020\/06\/korkeakoulu-31-500x113.png 500w, https:\/\/blogi.eoppimispalvelut.fi\/peppi-ohjeet\/files\/2020\/06\/korkeakoulu-31.png 2002w\" sizes=\"auto, (max-width: 584px) 100vw, 584px\" \/><\/a><\/p>\n<p id=\"caption-attachment-3541\" class=\"wp-caption-text\">Klikkaa kuvaa suuremmaksi<\/p>\n<\/div>\n<p>Valitse sen j\u00e4lkeen avautuvassa n\u00e4kym\u00e4ss\u00e4 \u201dMuokkaa arvoja\u201d.<\/p>\n<p>&nbsp;<\/p>\n<div id=\"attachment_3587\" style=\"width: 1015px\" class=\"wp-caption alignnone\"><a href=\"https:\/\/blogi.eoppimispalvelut.fi\/peppi-ohjeet\/files\/2020\/06\/korkeakoulu-45.png\"><img loading=\"lazy\" decoding=\"async\" aria-describedby=\"caption-attachment-3587\" class=\"size-full wp-image-3587\" src=\"https:\/\/blogi.eoppimispalvelut.fi\/peppi-ohjeet\/files\/2020\/06\/korkeakoulu-45.png\" alt=\"P\u00e4tevyys\" width=\"1005\" height=\"639\" srcset=\"https:\/\/blogi.eoppimispalvelut.fi\/peppi-ohjeet\/files\/2020\/06\/korkeakoulu-45.png 1005w, https:\/\/blogi.eoppimispalvelut.fi\/peppi-ohjeet\/files\/2020\/06\/korkeakoulu-45-900x572.png 900w, https:\/\/blogi.eoppimispalvelut.fi\/peppi-ohjeet\/files\/2020\/06\/korkeakoulu-45-768x488.png 768w, https:\/\/blogi.eoppimispalvelut.fi\/peppi-ohjeet\/files\/2020\/06\/korkeakoulu-45-472x300.png 472w\" sizes=\"auto, (max-width: 1005px) 100vw, 1005px\" \/><\/a><p id=\"caption-attachment-3587\" class=\"wp-caption-text\">Klikkaa kuvaa suuremmaksi<\/p><\/div>\n<p>Lis\u00e4\u00e4 haluttu p\u00e4tevyys ja klikkaa &#8220;Tee muutokset&#8221;.<\/p>\n<p>&nbsp;<\/p>\n<p><em>P\u00e4tevyydet<\/em><\/p>\n<p><strong>iq<\/strong> &#8211; p\u00e4\u00e4aineena varhaiskasvatuksen teht\u00e4viin ammatillisia valmiuksia antavat opinnot\u00a0 \u00a0 \u00a0 \u00a0 \u00a0 \u00a0 (YO) ja varhaiskasvatuksen ja sosiaalipedagogiikan opinnot (AMK)<\/p>\n<p>Koodia k\u00e4ytet\u00e4\u00e4n sosiaalialan opinnoille lain 540\/2018 siirtym\u00e4s\u00e4\u00e4nn\u00f6sajan sis\u00e4ll\u00e4 (<strong>opinnot\u00a0 aloitettu ennen 31.8.2019 ja valmistuneet viimeist\u00e4\u00e4n 31.7.2023).<\/strong><\/p>\n<p>&nbsp;<\/p>\n<p><strong>vs<\/strong> &#8211; tutkintoon sis\u00e4ltyy varhaiskasvatukseen ja sosiaalipedagogiikkaan suuntautuneet\u00a0 \u00a0 \u00a0 \u00a0 \u00a0 \u00a0v\u00e4hint\u00e4\u00e4n 60 opintopisteen laajuiset opinnot (AMK)<\/p>\n<p>Lain 540\/2018 27 \u00a7 mukainen varhaiskasvatuksen sosionomi. K\u00e4ytet\u00e4\u00e4n sosionomi (AMK) tutkinnon suorittaneille, jotka ovat aloittaneet opinnot 1.9.2019 j\u00e4lkeen sek\u00e4 niille, jotka ovat aiemmin suorittaneet sosionomi (AMK) tutkinnon ja t\u00e4ydent\u00e4v\u00e4t opinnot 1.9.2019 j\u00e4lkeen varhaiskasvatuksen ja sosiaalipedagogiikkaan suuntautuneille opinnoilla ja lis\u00e4ksi niille, joiden opinnot ovat lain voimaan tullessa kesken ja jotka eiv\u00e4t suorita opintoja loppuun 31.7.2023 menness\u00e4.<\/p>\n<p>P\u00e4tevyydet <strong>iq<\/strong> ja <strong>vs<\/strong> merkit\u00e4\u00e4n <strong>20.9. menness\u00e4 <\/strong>opiskelijan tilanteen mukaisesti. <strong>Kyseiset p\u00e4tevyydet tulevat Sosionomi (AMK) -tutkintoa suorittaville opiskelijoille.<\/strong><\/p>\n<p>&nbsp;<\/p>\n<p><strong>tta<\/strong> &#8211; ty\u00f6terveyshuollon asiantuntija<\/p>\n<p>Kyseist\u00e4 p\u00e4tevyytt\u00e4 on k\u00e4ytetty Sosiaali- ja terveysalan t\u00e4ydennyskoulutuksessa olleille opiskelijoille.<\/p>\n<p>&nbsp;<\/p>\n<hr \/>\n<p>Takaisin\u00a0<a href=\"https:\/\/blogi.eoppimispalvelut.fi\/peppi-ohjeet\/oppimis-ja-ohjauspalvelut\/\">Oppimis- ja ohjauspalveluiden<\/a>\u00a0\u2013 sivulle<\/p>\n","protected":false},"excerpt":{"rendered":"<p>Voit lis\u00e4t\u00e4 p\u00e4tevyyden Opiskelutiedot-v\u00e4lilehdell\u00e4 joko sivun yl\u00e4laidasta Toiminnot-painikkeen kautta tai selaamalla sivun loppuun ja klikkaamalla \u201dLis\u00e4\u00e4 p\u00e4tevyys\u201d. &nbsp; Valitse oikea p\u00e4tevyys avautuvasta valikosta. &nbsp; P\u00e4tevyyden lis\u00e4\u00e4minen massamuokkauksen kautta Klikkaa kuvaa suuremmaksi Voit lis\u00e4t\u00e4 useamman opiskelijan p\u00e4tevyyden kerrallaan k\u00e4ytt\u00e4m\u00e4ll\u00e4 Massamuokkaus-toimintoa. Tee &hellip; <a href=\"https:\/\/blogi.eoppimispalvelut.fi\/peppi-ohjeet\/oppimis-ja-ohjauspalvelut\/patevyys\/\">Continue reading <span class=\"meta-nav\">&rarr;<\/span><\/a><\/p>\n","protected":false},"author":2214,"featured_media":0,"parent":211,"menu_order":0,"comment_status":"closed","ping_status":"closed","template":"","meta":{"_monsterinsights_skip_tracking":false,"_monsterinsights_sitenote_active":false,"_monsterinsights_sitenote_note":"","_monsterinsights_sitenote_category":0,"footnotes":""},"class_list":["post-2989","page","type-page","status-publish","hentry"],"_links":{"self":[{"href":"https:\/\/blogi.eoppimispalvelut.fi\/peppi-ohjeet\/wp-json\/wp\/v2\/pages\/2989","targetHints":{"allow":["GET"]}}],"collection":[{"href":"https:\/\/blogi.eoppimispalvelut.fi\/peppi-ohjeet\/wp-json\/wp\/v2\/pages"}],"about":[{"href":"https:\/\/blogi.eoppimispalvelut.fi\/peppi-ohjeet\/wp-json\/wp\/v2\/types\/page"}],"author":[{"embeddable":true,"href":"https:\/\/blogi.eoppimispalvelut.fi\/peppi-ohjeet\/wp-json\/wp\/v2\/users\/2214"}],"replies":[{"embeddable":true,"href":"https:\/\/blogi.eoppimispalvelut.fi\/peppi-ohjeet\/wp-json\/wp\/v2\/comments?post=2989"}],"version-history":[{"count":7,"href":"https:\/\/blogi.eoppimispalvelut.fi\/peppi-ohjeet\/wp-json\/wp\/v2\/pages\/2989\/revisions"}],"predecessor-version":[{"id":4898,"href":"https:\/\/blogi.eoppimispalvelut.fi\/peppi-ohjeet\/wp-json\/wp\/v2\/pages\/2989\/revisions\/4898"}],"up":[{"embeddable":true,"href":"https:\/\/blogi.eoppimispalvelut.fi\/peppi-ohjeet\/wp-json\/wp\/v2\/pages\/211"}],"wp:attachment":[{"href":"https:\/\/blogi.eoppimispalvelut.fi\/peppi-ohjeet\/wp-json\/wp\/v2\/media?parent=2989"}],"curies":[{"name":"wp","href":"https:\/\/api.w.org\/{rel}","templated":true}]}}