{"id":2991,"date":"2020-05-18T13:27:19","date_gmt":"2020-05-18T10:27:19","guid":{"rendered":"https:\/\/blogi.eoppimispalvelut.fi\/peppi-ohjeet\/?page_id=2991"},"modified":"2022-03-09T14:33:29","modified_gmt":"2022-03-09T12:33:29","slug":"todistusmerkinnat","status":"publish","type":"page","link":"https:\/\/blogi.eoppimispalvelut.fi\/peppi-ohjeet\/oppimis-ja-ohjauspalvelut\/todistusmerkinnat\/","title":{"rendered":"Todistusmerkinn\u00e4t"},"content":{"rendered":"<div id=\"attachment_3555\" style=\"width: 594px\" class=\"wp-caption alignnone\"><a href=\"https:\/\/blogi.eoppimispalvelut.fi\/peppi-ohjeet\/files\/2020\/06\/korkeakoulu-35.png\"><img loading=\"lazy\" decoding=\"async\" aria-describedby=\"caption-attachment-3555\" class=\"size-large wp-image-3555\" src=\"https:\/\/blogi.eoppimispalvelut.fi\/peppi-ohjeet\/files\/2020\/06\/korkeakoulu-35-1280x206.png\" alt=\"Kielilauseke\" width=\"584\" height=\"94\" srcset=\"https:\/\/blogi.eoppimispalvelut.fi\/peppi-ohjeet\/files\/2020\/06\/korkeakoulu-35-1280x206.png 1280w, https:\/\/blogi.eoppimispalvelut.fi\/peppi-ohjeet\/files\/2020\/06\/korkeakoulu-35-900x145.png 900w, https:\/\/blogi.eoppimispalvelut.fi\/peppi-ohjeet\/files\/2020\/06\/korkeakoulu-35-768x124.png 768w, https:\/\/blogi.eoppimispalvelut.fi\/peppi-ohjeet\/files\/2020\/06\/korkeakoulu-35-500x80.png 500w, https:\/\/blogi.eoppimispalvelut.fi\/peppi-ohjeet\/files\/2020\/06\/korkeakoulu-35.png 1479w\" sizes=\"auto, (max-width: 584px) 100vw, 584px\" \/><\/a><p id=\"caption-attachment-3555\" class=\"wp-caption-text\">Klikkaa kuvaa suuremmaksi<\/p><\/div>\n<p>Valmistuvalle opiskelijalle tehd\u00e4\u00e4n todistusmerkint\u00f6ihin kielilauseke, joka osoittaa opiskelijan saavuttaneen ammattikorkeakoulun kielitaitovaatimukset. Kielilauseke tulee n\u00e4kyville tutkintotodistuksen liitteisiin.<\/p>\n<p>Kielilausekkeessa on ensimm\u00e4isen\u00e4 tieto toisen kotimaisen kielen suorittamisesta sek\u00e4 suullisen ja kirjallisen taidon arvosana. Jos opiskelijalla on vapautus toisesta kotimaisesta kielest\u00e4, tulee h\u00e4nelle lausekkeeseen tieto vapautuksesta. Toisen kotimaisen kielen j\u00e4lkeen tulee maininta vaaditusta englannin kielen taidosta tai vapautuksesta, mik\u00e4li opiskelijalla sellainen on.<\/p>\n<p>T\u00e4m\u00e4n j\u00e4lkeen kerrotaan, mill\u00e4 kielell\u00e4 opiskelija on saanut koulutusivistyksens\u00e4 ja kirjoittanut kypsyysn\u00e4ytteen. Tieto kypsyysn\u00e4ytteen kielest\u00e4 tulee opinn\u00e4ytety\u00f6n arvioinnista. Opettaja merkitsee kypsyysn\u00e4ytteen kielen arviointia tehdess\u00e4\u00e4n. Kypsyysn\u00e4ytteen kieli m\u00e4\u00e4r\u00e4ytyy aina opiskelijan koulusivistyskielen mukaan. Mik\u00e4li opinn\u00e4ytety\u00f6 on korvattu, voi opinn\u00e4ytety\u00f6n kielen k\u00e4yd\u00e4 viem\u00e4ss\u00e4 opinn\u00e4ytety\u00f6n arvioinnin kautta, jotta se tulee kielilausekkeeseen.<\/p>\n<p>Suomenkielisiss\u00e4 koulutuksissa kypsyysn\u00e4yte kirjoitetaan suomen tai ruotsin kielell\u00e4, riippuen opiskelijan koulusivistyskielest\u00e4. Jos opiskelija opiskelee suomenkielisess\u00e4 koulutuksessa ja h\u00e4nen koulusivistyskielens\u00e4 on jokin muu kuin suomi tai ruotsi, opiskelija kirjoittaa kypsyysn\u00e4ytteen suomeksi. Jos opiskelija opiskelee englanninkielisess\u00e4 koulutusohjelmassa ja h\u00e4nen \u00e4idinkielens\u00e4 on jokin muu kuin suomi tai ruotsi, kypsyysn\u00e4ytteen kieli on aina englanti. Jos opiskelijan koulusivistyskieli on suomi tai ruotsi ja h\u00e4n opiskelee englanninkielisess\u00e4 koulutuksessa, kypsyysn\u00e4yte kirjoitetaan koulusivistyskielell\u00e4.<\/p>\n<p>&nbsp;<\/p>\n<p><em>Kielitaitovaatimukset<\/em><\/p>\n<p>Ammattikorkeakoulututkintojen kielitaitovaatimukset on m\u00e4\u00e4ritelty asetuksessa ammattikorkeakouluopinnoista (1129\/2014, 7\u00a7). Asetuksen edellytt\u00e4m\u00e4 vaatimus suomen ja ruotsin kielest\u00e4 ei koske opiskelijaa, joka on saanut koulusivistyksens\u00e4 muulla kuin suomen tai ruotsin kielell\u00e4, eik\u00e4 opiskelijaa, joka on saanut koulusivistyksens\u00e4 ulkomailla. T\u00e4llaiselta opiskelijalta vaadittavasta kielitaidosta p\u00e4\u00e4tt\u00e4\u00e4 vastuullinen osaamisp\u00e4\u00e4llikk\u00f6.<\/p>\n<p>Virkamiesruotsi tai -suomi arvioidaan asteikolla tyydytt\u00e4v\u00e4 \/ hyv\u00e4. T\u00e4ss\u00e4 tapauksessa arvioinnit 1-3 tarkoittavat tyydytt\u00e4v\u00e4\u00e4 ja 4-5 hyv\u00e4\u00e4.<\/p>\n<p>Mik\u00e4li opiskelijan koulusivistyskieli on jokin muu kuin suomi tai ruotsi, kielilausekkeeseen tulee automaattisesti tieto vapautuksesta.<\/p>\n<p>Kielilausekkeen muoto m\u00e4\u00e4r\u00e4ytyy automaattisesti opiskelijan koulusivistyskielen mukaan, mik\u00e4 my\u00f6s m\u00e4\u00e4rittelee, pit\u00e4\u00e4k\u00f6 opiskelijan suorittaa virkamiesruotsi tai -suomi.<\/p>\n<p>Koulusivistyskielen tieto l\u00f6ytyy opiskelijan henkil\u00f6tiedoista.<\/p>\n<p>Mik\u00e4li englanninkielest\u00e4 ei ole vapautusta, kielilausekkeeseen tulee automaattisesti tieto sen suorittamisesta.<\/p>\n<p><em>Vapautus<\/em><\/p>\n<p>Asetuksessa s\u00e4\u00e4detyist\u00e4 ammattikorkeakouluopintojen kielitaitovaatimuksista osittaisesta tai kokonaan vapauttamisesta p\u00e4\u00e4tt\u00e4\u00e4 rehtori vastuullisen osaamisp\u00e4\u00e4llik\u00f6n esityksest\u00e4. Pepin p\u00e4\u00e4k\u00e4ytt\u00e4j\u00e4 tekee kirjaukset vapautuksista.<\/p>\n<p><em><br \/>\nKielilausekkeet<\/em><\/p>\n<ul>\n<li>KIELILAUSEKE \u2013 tulee AMK-tutkinnoista valmistuville, lausekkeen muoto m\u00e4\u00e4r\u00e4ytyy opiskelijan koulusivistyskielen tai mahdollisten vapautusten mukaan automaattisesti<\/li>\n<li>LYLEMPI \u2013 kaikille YAMK-opiskelijoille<\/li>\n<li>KAKSOIS &#8211; Kaksoistutkinnon suorittaneille opiskelijoille (yhteisty\u00f6 Turiban kanssa)<\/li>\n<li>UAS Technikum Wien &#8211; Kaksoitutkinnon suorittaneille opiskelijoille (yhteisty\u00f6 UAS Technikum Wienin kanssa)<\/li>\n<li>Maanmittauksen viestinn\u00e4n opinnot &#8211; Eriteltyn\u00e4 maanmittauksen koulutuksessa tehdyt viestinn\u00e4n opinnot. Lis\u00e4t\u00e4\u00e4n vain maamittauksen koulutuksesta valmistuville.<\/li>\n<\/ul>\n<p>Kielilausekkeen lis\u00e4ksi Sairaanhoitaja (AMK), Terveydenhoitaja (AMK), Geronomi (AMK), Fysioterapeutti (AMK) tai Sosionomi (AMK) -tutkinnoille voi tulla tutkinnosta riippuen kielilausekkeen lis\u00e4ksi jokin seuraavista:<\/p>\n<ul>\n<li>LTSOSIAALI<\/li>\n<li>LGERSOS<\/li>\n<\/ul>\n<p><strong>Lis\u00e4ksi opiskelijoille, jotka valmistuvat sairaanhoitaja (AMK) tutkintoon, lis\u00e4t\u00e4\u00e4n tieto syvent\u00e4vist\u00e4 opinnoista (laajuus 30 op). T\u00e4m\u00e4 koskee opiskelijoita, jotka ovat aloittaneet opinnot ennen syksy\u00e4 2022.\u00a0<\/strong><\/p>\n<p>Kielilausekkeen j\u00e4lkeen j\u00e4lkeen lis\u00e4t\u00e4\u00e4n viel\u00e4 tutkinnon laajuus joka on joko 60 op, 90 op, 210 op tai 240 op.<\/p>\n<p>&nbsp;<\/p>\n<p><em>Todistusmerkinn\u00e4n lis\u00e4\u00e4minen<\/em><\/p>\n<div id=\"attachment_3559\" style=\"width: 1169px\" class=\"wp-caption alignnone\"><a href=\"https:\/\/blogi.eoppimispalvelut.fi\/peppi-ohjeet\/files\/2020\/06\/korkeakoulu-37.png\"><img loading=\"lazy\" decoding=\"async\" aria-describedby=\"caption-attachment-3559\" class=\"size-full wp-image-3559\" src=\"https:\/\/blogi.eoppimispalvelut.fi\/peppi-ohjeet\/files\/2020\/06\/korkeakoulu-37.png\" alt=\"Todistusmerkinn\u00e4n lis\u00e4\u00e4minen\" width=\"1159\" height=\"775\" srcset=\"https:\/\/blogi.eoppimispalvelut.fi\/peppi-ohjeet\/files\/2020\/06\/korkeakoulu-37.png 1159w, https:\/\/blogi.eoppimispalvelut.fi\/peppi-ohjeet\/files\/2020\/06\/korkeakoulu-37-900x602.png 900w, https:\/\/blogi.eoppimispalvelut.fi\/peppi-ohjeet\/files\/2020\/06\/korkeakoulu-37-768x514.png 768w, https:\/\/blogi.eoppimispalvelut.fi\/peppi-ohjeet\/files\/2020\/06\/korkeakoulu-37-449x300.png 449w\" sizes=\"auto, (max-width: 1159px) 100vw, 1159px\" \/><\/a><p id=\"caption-attachment-3559\" class=\"wp-caption-text\">Klikkaa kuvaa suuremmaksi<\/p><\/div>\n<div id=\"attachment_3561\" style=\"width: 594px\" class=\"wp-caption alignnone\"><a href=\"https:\/\/blogi.eoppimispalvelut.fi\/peppi-ohjeet\/files\/2020\/06\/korkeakoulu-38.png\"><img loading=\"lazy\" decoding=\"async\" aria-describedby=\"caption-attachment-3561\" class=\"size-large wp-image-3561\" src=\"https:\/\/blogi.eoppimispalvelut.fi\/peppi-ohjeet\/files\/2020\/06\/korkeakoulu-38-1280x390.png\" alt=\"Todistusmerkinn\u00e4n lis\u00e4\u00e4minen\" width=\"584\" height=\"178\" srcset=\"https:\/\/blogi.eoppimispalvelut.fi\/peppi-ohjeet\/files\/2020\/06\/korkeakoulu-38-1280x390.png 1280w, https:\/\/blogi.eoppimispalvelut.fi\/peppi-ohjeet\/files\/2020\/06\/korkeakoulu-38-900x274.png 900w, https:\/\/blogi.eoppimispalvelut.fi\/peppi-ohjeet\/files\/2020\/06\/korkeakoulu-38-768x234.png 768w, https:\/\/blogi.eoppimispalvelut.fi\/peppi-ohjeet\/files\/2020\/06\/korkeakoulu-38-1536x468.png 1536w, https:\/\/blogi.eoppimispalvelut.fi\/peppi-ohjeet\/files\/2020\/06\/korkeakoulu-38-500x152.png 500w, https:\/\/blogi.eoppimispalvelut.fi\/peppi-ohjeet\/files\/2020\/06\/korkeakoulu-38.png 1905w\" sizes=\"auto, (max-width: 584px) 100vw, 584px\" \/><\/a><p id=\"caption-attachment-3561\" class=\"wp-caption-text\">Klikkaa kuvaa suuremmaksi<\/p><\/div>\n<p>Voit lis\u00e4t\u00e4 todistusmerkinn\u00e4n Opiskelutiedot-v\u00e4lilehdell\u00e4 kahdesta paikasta joko sivun yl\u00e4laidasta Toiminnot-painikkeen kautta tai selaamalla sivun loppuun ja klikkaamalla &#8220;Lis\u00e4\u00e4 todistusmerkint\u00e4&#8221;. Valitse oikea kielilauseke avautuvasta valikosta. P\u00e4\u00e4set lis\u00e4\u00e4m\u00e4\u00e4n toisen kotimaisen kielen suullisen ja kirjallisen arvioinnin Muokkaa-painikkeen kautta. Voit lis\u00e4t\u00e4 useamman todistusmerkinn\u00e4n ja vaihtaa tarvittaessa niiden j\u00e4rjestyst\u00e4 sivussa olevien nuolin\u00e4pp\u00e4inten avulla.<\/p>\n<p>&nbsp;<\/p>\n<p><em>Henkil\u00f6kohtaisen todistusmerkinn\u00e4n lis\u00e4\u00e4minen<\/em><\/p>\n<div id=\"attachment_3563\" style=\"width: 1176px\" class=\"wp-caption alignnone\"><a href=\"https:\/\/blogi.eoppimispalvelut.fi\/peppi-ohjeet\/files\/2020\/06\/korkeakoulu-40.png\"><img loading=\"lazy\" decoding=\"async\" aria-describedby=\"caption-attachment-3563\" class=\"size-full wp-image-3563\" src=\"https:\/\/blogi.eoppimispalvelut.fi\/peppi-ohjeet\/files\/2020\/06\/korkeakoulu-40.png\" alt=\"Henkil\u00f6kohtainen todistusmerkint\u00e4\" width=\"1166\" height=\"821\" srcset=\"https:\/\/blogi.eoppimispalvelut.fi\/peppi-ohjeet\/files\/2020\/06\/korkeakoulu-40.png 1166w, https:\/\/blogi.eoppimispalvelut.fi\/peppi-ohjeet\/files\/2020\/06\/korkeakoulu-40-900x634.png 900w, https:\/\/blogi.eoppimispalvelut.fi\/peppi-ohjeet\/files\/2020\/06\/korkeakoulu-40-768x541.png 768w, https:\/\/blogi.eoppimispalvelut.fi\/peppi-ohjeet\/files\/2020\/06\/korkeakoulu-40-426x300.png 426w\" sizes=\"auto, (max-width: 1166px) 100vw, 1166px\" \/><\/a><p id=\"caption-attachment-3563\" class=\"wp-caption-text\">Klikkaa kuvaa suuremmaksi<\/p><\/div>\n<div id=\"attachment_3562\" style=\"width: 594px\" class=\"wp-caption alignnone\"><a href=\"https:\/\/blogi.eoppimispalvelut.fi\/peppi-ohjeet\/files\/2020\/06\/korkeakoulu-39.png\"><img loading=\"lazy\" decoding=\"async\" aria-describedby=\"caption-attachment-3562\" class=\"size-large wp-image-3562\" src=\"https:\/\/blogi.eoppimispalvelut.fi\/peppi-ohjeet\/files\/2020\/06\/korkeakoulu-39-1280x346.png\" alt=\"Henkil\u00f6kohtainen todistusmerkint\u00e4\" width=\"584\" height=\"158\" srcset=\"https:\/\/blogi.eoppimispalvelut.fi\/peppi-ohjeet\/files\/2020\/06\/korkeakoulu-39-1280x346.png 1280w, https:\/\/blogi.eoppimispalvelut.fi\/peppi-ohjeet\/files\/2020\/06\/korkeakoulu-39-900x243.png 900w, https:\/\/blogi.eoppimispalvelut.fi\/peppi-ohjeet\/files\/2020\/06\/korkeakoulu-39-768x208.png 768w, https:\/\/blogi.eoppimispalvelut.fi\/peppi-ohjeet\/files\/2020\/06\/korkeakoulu-39-1536x415.png 1536w, https:\/\/blogi.eoppimispalvelut.fi\/peppi-ohjeet\/files\/2020\/06\/korkeakoulu-39-500x135.png 500w, https:\/\/blogi.eoppimispalvelut.fi\/peppi-ohjeet\/files\/2020\/06\/korkeakoulu-39.png 1987w\" sizes=\"auto, (max-width: 584px) 100vw, 584px\" \/><\/a><p id=\"caption-attachment-3562\" class=\"wp-caption-text\">Klikkaa kuvaa suuremmaksi<\/p><\/div>\n<p>Voit lis\u00e4t\u00e4 opiskelijalle henkil\u00f6kohtaisen todistusmerkinn\u00e4n. Henkil\u00f6kohtainen todistusmerkint\u00e4 voi olla esimerkiksi tieto opiskelijan suorittamasta s\u00e4teilysuojelukoulutuksesta (1 op) tai rokotusosaamisen perusteista (2op).<\/p>\n<p>&nbsp;<\/p>\n<p><em>Todistusmerkinn\u00e4n lis\u00e4\u00e4minen massamuokkauksen kautta<\/em><\/p>\n<div id=\"attachment_3543\" class=\"wp-caption alignnone\">\n<p><a href=\"https:\/\/blogi.eoppimispalvelut.fi\/peppi-ohjeet\/files\/2020\/06\/korkeakoulu-30.png\" data-slb-active=\"1\" data-slb-asset=\"137423751\" data-slb-internal=\"0\" data-slb-group=\"3067\"><img loading=\"lazy\" decoding=\"async\" class=\"size-large wp-image-3543\" src=\"https:\/\/blogi.eoppimispalvelut.fi\/peppi-ohjeet\/files\/2020\/06\/korkeakoulu-30-1280x504.png\" alt=\"Valmistuttaminen massamuokkauksen kautta\" width=\"584\" height=\"230\" aria-describedby=\"caption-attachment-3543\" srcset=\"https:\/\/blogi.eoppimispalvelut.fi\/peppi-ohjeet\/files\/2020\/06\/korkeakoulu-30-1280x504.png 1280w, https:\/\/blogi.eoppimispalvelut.fi\/peppi-ohjeet\/files\/2020\/06\/korkeakoulu-30-900x355.png 900w, https:\/\/blogi.eoppimispalvelut.fi\/peppi-ohjeet\/files\/2020\/06\/korkeakoulu-30-768x303.png 768w, https:\/\/blogi.eoppimispalvelut.fi\/peppi-ohjeet\/files\/2020\/06\/korkeakoulu-30-1536x605.png 1536w, https:\/\/blogi.eoppimispalvelut.fi\/peppi-ohjeet\/files\/2020\/06\/korkeakoulu-30-500x197.png 500w, https:\/\/blogi.eoppimispalvelut.fi\/peppi-ohjeet\/files\/2020\/06\/korkeakoulu-30.png 1896w\" sizes=\"auto, (max-width: 584px) 100vw, 584px\" \/><\/a><\/p>\n<p id=\"caption-attachment-3543\" class=\"wp-caption-text\">Klikkaa kuvaa suuremmaksi<\/p>\n<\/div>\n<p>Voit lis\u00e4t\u00e4 todistusmerkinn\u00e4n useammalle opiskelijalle kerrallaan k\u00e4ytt\u00e4m\u00e4ll\u00e4 Massamuokkaus-toimintoa. Tee tarvittava haku ja valitse rasti niiden opiskelijoiden kohdalle, joille todistusmerkint\u00e4 lis\u00e4t\u00e4\u00e4n. Klikkaa sitten Massamuokkaa.<\/p>\n<p>&nbsp;<\/p>\n<div id=\"attachment_3541\" class=\"wp-caption alignnone\">\n<p><a href=\"https:\/\/blogi.eoppimispalvelut.fi\/peppi-ohjeet\/files\/2020\/06\/korkeakoulu-31.png\" data-slb-active=\"1\" data-slb-asset=\"1939346186\" data-slb-internal=\"0\" data-slb-group=\"3067\"><img loading=\"lazy\" decoding=\"async\" class=\"size-large wp-image-3541\" src=\"https:\/\/blogi.eoppimispalvelut.fi\/peppi-ohjeet\/files\/2020\/06\/korkeakoulu-31-1280x290.png\" alt=\"Valmistuttaminen massamuokkauksen kautta\" width=\"584\" height=\"132\" aria-describedby=\"caption-attachment-3541\" srcset=\"https:\/\/blogi.eoppimispalvelut.fi\/peppi-ohjeet\/files\/2020\/06\/korkeakoulu-31-1280x290.png 1280w, https:\/\/blogi.eoppimispalvelut.fi\/peppi-ohjeet\/files\/2020\/06\/korkeakoulu-31-900x204.png 900w, https:\/\/blogi.eoppimispalvelut.fi\/peppi-ohjeet\/files\/2020\/06\/korkeakoulu-31-768x174.png 768w, https:\/\/blogi.eoppimispalvelut.fi\/peppi-ohjeet\/files\/2020\/06\/korkeakoulu-31-1536x348.png 1536w, https:\/\/blogi.eoppimispalvelut.fi\/peppi-ohjeet\/files\/2020\/06\/korkeakoulu-31-500x113.png 500w, https:\/\/blogi.eoppimispalvelut.fi\/peppi-ohjeet\/files\/2020\/06\/korkeakoulu-31.png 2002w\" sizes=\"auto, (max-width: 584px) 100vw, 584px\" \/><\/a><\/p>\n<p id=\"caption-attachment-3541\" class=\"wp-caption-text\">Klikkaa kuvaa suuremmaksi<\/p>\n<\/div>\n<p>Valitse sen j\u00e4lkeen avautuvassa n\u00e4kym\u00e4ss\u00e4 \u201dMuokkaa arvoja\u201d.<\/p>\n<p>&nbsp;<\/p>\n<div id=\"attachment_3566\" style=\"width: 1008px\" class=\"wp-caption alignnone\"><a href=\"https:\/\/blogi.eoppimispalvelut.fi\/peppi-ohjeet\/files\/2020\/06\/korkeakoulu-41.png\"><img loading=\"lazy\" decoding=\"async\" aria-describedby=\"caption-attachment-3566\" class=\"size-full wp-image-3566\" src=\"https:\/\/blogi.eoppimispalvelut.fi\/peppi-ohjeet\/files\/2020\/06\/korkeakoulu-41.png\" alt=\"Todistusmerkint\u00e4 massamuokkauksen kautta\" width=\"998\" height=\"824\" srcset=\"https:\/\/blogi.eoppimispalvelut.fi\/peppi-ohjeet\/files\/2020\/06\/korkeakoulu-41.png 998w, https:\/\/blogi.eoppimispalvelut.fi\/peppi-ohjeet\/files\/2020\/06\/korkeakoulu-41-900x743.png 900w, https:\/\/blogi.eoppimispalvelut.fi\/peppi-ohjeet\/files\/2020\/06\/korkeakoulu-41-768x634.png 768w, https:\/\/blogi.eoppimispalvelut.fi\/peppi-ohjeet\/files\/2020\/06\/korkeakoulu-41-363x300.png 363w\" sizes=\"auto, (max-width: 998px) 100vw, 998px\" \/><\/a><p id=\"caption-attachment-3566\" class=\"wp-caption-text\">Klikkaa kuvaa suuremmaksi<\/p><\/div>\n<p>Lis\u00e4\u00e4 halutut kielilausekkeet ja klikkaa &#8220;Tee muutokset&#8221;. Voit my\u00f6s korvata olemassa olevia kielilausekkeita.<\/p>\n<p>&nbsp;<\/p>\n<hr \/>\n<p>Takaisin\u00a0<a href=\"https:\/\/blogi.eoppimispalvelut.fi\/peppi-ohjeet\/oppimis-ja-ohjauspalvelut\/\">Oppimis- ja ohjauspalveluiden<\/a>\u00a0\u2013 sivulle<\/p>\n","protected":false},"excerpt":{"rendered":"<p>Valmistuvalle opiskelijalle tehd\u00e4\u00e4n todistusmerkint\u00f6ihin kielilauseke, joka osoittaa opiskelijan saavuttaneen ammattikorkeakoulun kielitaitovaatimukset. Kielilauseke tulee n\u00e4kyville tutkintotodistuksen liitteisiin. Kielilausekkeessa on ensimm\u00e4isen\u00e4 tieto toisen kotimaisen kielen suorittamisesta sek\u00e4 suullisen ja kirjallisen taidon arvosana. Jos opiskelijalla on vapautus toisesta kotimaisesta kielest\u00e4, tulee h\u00e4nelle lausekkeeseen &hellip; <a href=\"https:\/\/blogi.eoppimispalvelut.fi\/peppi-ohjeet\/oppimis-ja-ohjauspalvelut\/todistusmerkinnat\/\">Continue reading <span class=\"meta-nav\">&rarr;<\/span><\/a><\/p>\n","protected":false},"author":2214,"featured_media":0,"parent":211,"menu_order":0,"comment_status":"closed","ping_status":"closed","template":"","meta":{"_monsterinsights_skip_tracking":false,"_monsterinsights_sitenote_active":false,"_monsterinsights_sitenote_note":"","_monsterinsights_sitenote_category":0,"footnotes":""},"class_list":["post-2991","page","type-page","status-publish","hentry"],"_links":{"self":[{"href":"https:\/\/blogi.eoppimispalvelut.fi\/peppi-ohjeet\/wp-json\/wp\/v2\/pages\/2991","targetHints":{"allow":["GET"]}}],"collection":[{"href":"https:\/\/blogi.eoppimispalvelut.fi\/peppi-ohjeet\/wp-json\/wp\/v2\/pages"}],"about":[{"href":"https:\/\/blogi.eoppimispalvelut.fi\/peppi-ohjeet\/wp-json\/wp\/v2\/types\/page"}],"author":[{"embeddable":true,"href":"https:\/\/blogi.eoppimispalvelut.fi\/peppi-ohjeet\/wp-json\/wp\/v2\/users\/2214"}],"replies":[{"embeddable":true,"href":"https:\/\/blogi.eoppimispalvelut.fi\/peppi-ohjeet\/wp-json\/wp\/v2\/comments?post=2991"}],"version-history":[{"count":16,"href":"https:\/\/blogi.eoppimispalvelut.fi\/peppi-ohjeet\/wp-json\/wp\/v2\/pages\/2991\/revisions"}],"predecessor-version":[{"id":5827,"href":"https:\/\/blogi.eoppimispalvelut.fi\/peppi-ohjeet\/wp-json\/wp\/v2\/pages\/2991\/revisions\/5827"}],"up":[{"embeddable":true,"href":"https:\/\/blogi.eoppimispalvelut.fi\/peppi-ohjeet\/wp-json\/wp\/v2\/pages\/211"}],"wp:attachment":[{"href":"https:\/\/blogi.eoppimispalvelut.fi\/peppi-ohjeet\/wp-json\/wp\/v2\/media?parent=2991"}],"curies":[{"name":"wp","href":"https:\/\/api.w.org\/{rel}","templated":true}]}}