{"id":2994,"date":"2020-05-18T13:27:56","date_gmt":"2020-05-18T10:27:56","guid":{"rendered":"https:\/\/blogi.eoppimispalvelut.fi\/peppi-ohjeet\/?page_id=2994"},"modified":"2022-03-07T12:00:24","modified_gmt":"2022-03-07T10:00:24","slug":"lasnaolotiedot","status":"publish","type":"page","link":"https:\/\/blogi.eoppimispalvelut.fi\/peppi-ohjeet\/oppimis-ja-ohjauspalvelut\/lasnaolotiedot\/","title":{"rendered":"L\u00e4sn\u00e4olotiedot"},"content":{"rendered":"<div id=\"attachment_5781\" style=\"width: 594px\" class=\"wp-caption alignnone\"><a href=\"https:\/\/blogi.eoppimispalvelut.fi\/peppi-ohjeet\/files\/2022\/03\/oppimis-11.png\"><img loading=\"lazy\" decoding=\"async\" aria-describedby=\"caption-attachment-5781\" class=\"size-large wp-image-5781\" src=\"https:\/\/blogi.eoppimispalvelut.fi\/peppi-ohjeet\/files\/2022\/03\/oppimis-11-1280x561.png\" alt=\"L\u00e4sn\u00e4olotiedot\" width=\"584\" height=\"256\" srcset=\"https:\/\/blogi.eoppimispalvelut.fi\/peppi-ohjeet\/files\/2022\/03\/oppimis-11-1280x561.png 1280w, https:\/\/blogi.eoppimispalvelut.fi\/peppi-ohjeet\/files\/2022\/03\/oppimis-11-600x263.png 600w, https:\/\/blogi.eoppimispalvelut.fi\/peppi-ohjeet\/files\/2022\/03\/oppimis-11-768x337.png 768w, https:\/\/blogi.eoppimispalvelut.fi\/peppi-ohjeet\/files\/2022\/03\/oppimis-11-1536x673.png 1536w, https:\/\/blogi.eoppimispalvelut.fi\/peppi-ohjeet\/files\/2022\/03\/oppimis-11-500x219.png 500w, https:\/\/blogi.eoppimispalvelut.fi\/peppi-ohjeet\/files\/2022\/03\/oppimis-11.png 1914w\" sizes=\"auto, (max-width: 584px) 100vw, 584px\" \/><\/a><p id=\"caption-attachment-5781\" class=\"wp-caption-text\">Klikkaa kuvaa suuremmaksi<\/p><\/div>\n<p>L\u00e4sn\u00e4olotiedot-v\u00e4lilehdell\u00e4 voit tarkastella opiskelijan l\u00e4sn\u00e4olotietoja.<\/p>\n<p>Klikkaamalla rastin \u201dN\u00e4yt\u00e4 historiatiedot\u201d -kohtaan, voit tarkastella mahdollisia tehtyj\u00e4 muutoksia l\u00e4sn\u00e4olotiedoissa. L\u00e4sn\u00e4olorivin tietoja voi muokata Toiminnot-valikon kautta.<\/p>\n<div id=\"attachment_5782\" style=\"width: 594px\" class=\"wp-caption alignnone\"><a href=\"https:\/\/blogi.eoppimispalvelut.fi\/peppi-ohjeet\/files\/2022\/03\/oppimis-12.png\"><img loading=\"lazy\" decoding=\"async\" aria-describedby=\"caption-attachment-5782\" class=\"size-large wp-image-5782\" src=\"https:\/\/blogi.eoppimispalvelut.fi\/peppi-ohjeet\/files\/2022\/03\/oppimis-12-1280x561.png\" alt=\"L\u00e4sn\u00e4olotiedot\" width=\"584\" height=\"256\" srcset=\"https:\/\/blogi.eoppimispalvelut.fi\/peppi-ohjeet\/files\/2022\/03\/oppimis-12-1280x561.png 1280w, https:\/\/blogi.eoppimispalvelut.fi\/peppi-ohjeet\/files\/2022\/03\/oppimis-12-600x263.png 600w, https:\/\/blogi.eoppimispalvelut.fi\/peppi-ohjeet\/files\/2022\/03\/oppimis-12-768x337.png 768w, https:\/\/blogi.eoppimispalvelut.fi\/peppi-ohjeet\/files\/2022\/03\/oppimis-12-1536x673.png 1536w, https:\/\/blogi.eoppimispalvelut.fi\/peppi-ohjeet\/files\/2022\/03\/oppimis-12-500x219.png 500w, https:\/\/blogi.eoppimispalvelut.fi\/peppi-ohjeet\/files\/2022\/03\/oppimis-12.png 1914w\" sizes=\"auto, (max-width: 584px) 100vw, 584px\" \/><\/a><p id=\"caption-attachment-5782\" class=\"wp-caption-text\">Klikkaa kuvaa suuremmaksi<\/p><\/div>\n<p>Voit lis\u00e4t\u00e4 l\u00e4sn\u00e4 tai poissaolon, opintojen p\u00e4\u00e4ttymisen, eroamisen tai valmistumisen v\u00e4lilehden yl\u00e4reunassa olevien painikkeiden kautta.<\/p>\n<p><strong>L\u00e4sn\u00e4olon tai poissaolon lis\u00e4\u00e4minen<\/strong><\/p>\n<div id=\"attachment_5779\" style=\"width: 1148px\" class=\"wp-caption alignnone\"><a href=\"https:\/\/blogi.eoppimispalvelut.fi\/peppi-ohjeet\/files\/2022\/03\/oppimis-10.png\"><img loading=\"lazy\" decoding=\"async\" aria-describedby=\"caption-attachment-5779\" class=\"size-full wp-image-5779\" src=\"https:\/\/blogi.eoppimispalvelut.fi\/peppi-ohjeet\/files\/2022\/03\/oppimis-10.png\" alt=\"L\u00e4sn\u00e4olotiedot\" width=\"1138\" height=\"345\" srcset=\"https:\/\/blogi.eoppimispalvelut.fi\/peppi-ohjeet\/files\/2022\/03\/oppimis-10.png 1138w, https:\/\/blogi.eoppimispalvelut.fi\/peppi-ohjeet\/files\/2022\/03\/oppimis-10-600x182.png 600w, https:\/\/blogi.eoppimispalvelut.fi\/peppi-ohjeet\/files\/2022\/03\/oppimis-10-768x233.png 768w, https:\/\/blogi.eoppimispalvelut.fi\/peppi-ohjeet\/files\/2022\/03\/oppimis-10-500x152.png 500w\" sizes=\"auto, (max-width: 1138px) 100vw, 1138px\" \/><\/a><p id=\"caption-attachment-5779\" class=\"wp-caption-text\">Klikkaa kuvaa suuremmaksi<\/p><\/div>\n<p>Voit lis\u00e4t\u00e4 &#8220;Lis\u00e4\u00e4 l\u00e4sn\u00e4olo&#8221; -painikkeen kautta opiskelijalle l\u00e4sn\u00e4- tai poissaolon halutulle lukukaudelle. Valitse oikea lukukausi ja m\u00e4\u00e4rittele p\u00e4iv\u00e4m\u00e4\u00e4r\u00e4\u00e4n, milloin l\u00e4sn\u00e4- tai poissaolo kyseisell\u00e4 kaudella alkaa. <strong>Jos virkailija p\u00e4ivitt\u00e4\u00e4 l\u00e4sn\u00e4olotiedon Peppiin, Lis\u00e4tiedot-kohtaan lis\u00e4t\u00e4\u00e4n t\u00e4st\u00e4 tieto.<\/strong> Tarvittaessa voidaan lis\u00e4t\u00e4 huomioita esim., jos opiskelija on toimittanut todistuksen poissaolostaan. Lis\u00e4tieto-kentt\u00e4\u00e4n ei kuitenkaan eritell\u00e4 poissaolon syyt\u00e4 tai mist\u00e4 todistuksesta on kyse.<\/p>\n<p><em>Lukuvuosimaksuvelvolliset<\/em><\/p>\n<p>Jos opiskelija on lukuvuosimaksuvelvollinen l\u00e4sn\u00e4oloa lis\u00e4tt\u00e4essa on my\u00f6s merkitt\u00e4v\u00e4 tieto lukuvuosimaksun maksusta. T\u00e4ll\u00f6in opiskelijalla on oltava opiskeluoikeuden tiedoissa Lukuvuosimaksuvelvollinen sek\u00e4 rahoituksessa, ett\u00e4 tarkenteessa.<\/p>\n<p><strong>Opinnot p\u00e4\u00e4ttyneet<\/strong><\/p>\n<div id=\"attachment_3423\" style=\"width: 1114px\" class=\"wp-caption alignnone\"><a href=\"https:\/\/blogi.eoppimispalvelut.fi\/peppi-ohjeet\/files\/2020\/06\/korkeakoulu-5.png\"><img loading=\"lazy\" decoding=\"async\" aria-describedby=\"caption-attachment-3423\" class=\"size-full wp-image-3423\" src=\"https:\/\/blogi.eoppimispalvelut.fi\/peppi-ohjeet\/files\/2020\/06\/korkeakoulu-5.png\" alt=\"Opinnot p\u00e4\u00e4ttyneet\" width=\"1104\" height=\"268\" srcset=\"https:\/\/blogi.eoppimispalvelut.fi\/peppi-ohjeet\/files\/2020\/06\/korkeakoulu-5.png 1104w, https:\/\/blogi.eoppimispalvelut.fi\/peppi-ohjeet\/files\/2020\/06\/korkeakoulu-5-900x218.png 900w, https:\/\/blogi.eoppimispalvelut.fi\/peppi-ohjeet\/files\/2020\/06\/korkeakoulu-5-768x186.png 768w, https:\/\/blogi.eoppimispalvelut.fi\/peppi-ohjeet\/files\/2020\/06\/korkeakoulu-5-500x121.png 500w\" sizes=\"auto, (max-width: 1104px) 100vw, 1104px\" \/><\/a><p id=\"caption-attachment-3423\" class=\"wp-caption-text\">Klikkaa kuvaa suuremmaksi<\/p><\/div>\n<p>Klikkaa &#8220;Opinnot p\u00e4\u00e4ttyneet&#8221; -painiketta. Valitse lukukausi, jolloin opinnot p\u00e4\u00e4ttyv\u00e4t. Opiskeluoikeuden p\u00e4\u00e4ttymisp\u00e4iv\u00e4 merkit\u00e4\u00e4n ensimm\u00e4iseen p\u00e4iv\u00e4m\u00e4\u00e4r\u00e4laatikkoon (kuvan mukaisesti). P\u00e4\u00e4ttymiskoodina on automaattisesti \u201dOpinnot suoritettu\u201d. Lis\u00e4tiedot-kohtaan voi tarvittaessa lis\u00e4t\u00e4 huomioita. Opinnot p\u00e4\u00e4ttyneet -toimintoa k\u00e4ytet\u00e4\u00e4n avoimen ammattikorkeakoulun opiskelijoille, CampusOnline-opiskelijoille ja vaihto-opiskelijoille.<\/p>\n<p><strong>Eroaminen<\/strong><\/p>\n<div id=\"attachment_3424\" style=\"width: 1114px\" class=\"wp-caption alignnone\"><a href=\"https:\/\/blogi.eoppimispalvelut.fi\/peppi-ohjeet\/files\/2020\/06\/korkeakoulu-6.png\"><img loading=\"lazy\" decoding=\"async\" aria-describedby=\"caption-attachment-3424\" class=\"size-full wp-image-3424\" src=\"https:\/\/blogi.eoppimispalvelut.fi\/peppi-ohjeet\/files\/2020\/06\/korkeakoulu-6.png\" alt=\"Eroaminen\" width=\"1104\" height=\"262\" srcset=\"https:\/\/blogi.eoppimispalvelut.fi\/peppi-ohjeet\/files\/2020\/06\/korkeakoulu-6.png 1104w, https:\/\/blogi.eoppimispalvelut.fi\/peppi-ohjeet\/files\/2020\/06\/korkeakoulu-6-900x214.png 900w, https:\/\/blogi.eoppimispalvelut.fi\/peppi-ohjeet\/files\/2020\/06\/korkeakoulu-6-768x182.png 768w, https:\/\/blogi.eoppimispalvelut.fi\/peppi-ohjeet\/files\/2020\/06\/korkeakoulu-6-500x119.png 500w\" sizes=\"auto, (max-width: 1104px) 100vw, 1104px\" \/><\/a><p id=\"caption-attachment-3424\" class=\"wp-caption-text\">Klikkaa kuvaa suuremmaksi<\/p><\/div>\n<p>Opiskelija voi erota omasta tahdostaan t\u00e4ytt\u00e4m\u00e4ll\u00e4 Pepiss\u00e4 eroilmoituksen tai h\u00e4net erotetaan esimerkiksi korkeakoulun toimesta opiskeluoikeusajan p\u00e4\u00e4tytty\u00e4. Klikkaa &#8220;Lis\u00e4\u00e4 eroaminen&#8221; -painiketta. Valitse lukukausi, jolle erop\u00e4iv\u00e4 kirjataan ja valitse alasvetovalikosta erokoodi. Erop\u00e4iv\u00e4 merkit\u00e4\u00e4n ensimm\u00e4iseen p\u00e4iv\u00e4m\u00e4\u00e4r\u00e4laatikkoon (kuvan mukaisesti). Lis\u00e4tiedot-kohtaan voi tarvittaessa lis\u00e4t\u00e4 huomioita.<\/p>\n<p><strong>HUOM! Tarkista oikea erokoodi opiskelijan tekem\u00e4st\u00e4 eroilmoituksesta.<\/strong><\/p>\n<p><strong>Valmistuminen<\/strong><\/p>\n<div id=\"attachment_3425\" style=\"width: 754px\" class=\"wp-caption alignnone\"><a href=\"https:\/\/blogi.eoppimispalvelut.fi\/peppi-ohjeet\/files\/2020\/06\/korkeakoulu-7.png\"><img loading=\"lazy\" decoding=\"async\" aria-describedby=\"caption-attachment-3425\" class=\"size-full wp-image-3425\" src=\"https:\/\/blogi.eoppimispalvelut.fi\/peppi-ohjeet\/files\/2020\/06\/korkeakoulu-7.png\" alt=\"Valmistuminen\" width=\"744\" height=\"377\" srcset=\"https:\/\/blogi.eoppimispalvelut.fi\/peppi-ohjeet\/files\/2020\/06\/korkeakoulu-7.png 744w, https:\/\/blogi.eoppimispalvelut.fi\/peppi-ohjeet\/files\/2020\/06\/korkeakoulu-7-500x253.png 500w\" sizes=\"auto, (max-width: 744px) 100vw, 744px\" \/><\/a><p id=\"caption-attachment-3425\" class=\"wp-caption-text\">Klikkaa kuvaa suuremmaksi<\/p><\/div>\n<p>Valitse &#8220;Lis\u00e4\u00e4 valmistuminen&#8221; ja lis\u00e4\u00e4 opiskelijalle valmistumisp\u00e4iv\u00e4m\u00e4\u00e4r\u00e4 alasvetovalikosta.<\/p>\n<p>Opiskelijan valmistuneeksi kirjaamisen j\u00e4lkeen valmistumisp\u00e4iv\u00e4n j\u00e4lkeiset l\u00e4sn\u00e4olokaudet poistetaan ja opiskelijan opintosuoritukset lukitaan. Opiskeluoikeuden loppup\u00e4iv\u00e4m\u00e4\u00e4r\u00e4ksi asetetaan valitsemasi p\u00e4iv\u00e4m\u00e4\u00e4r\u00e4. Valmistumisp\u00e4iv\u00e4 on merkitt\u00e4v\u00e4, jotta tieto opiskelijan valmistumisesta siirtyy Virtaan ja tulee oikein my\u00f6s tutkintotodistuksen liitteisiin.<\/p>\n<div id=\"attachment_3426\" style=\"width: 1076px\" class=\"wp-caption alignnone\"><a href=\"https:\/\/blogi.eoppimispalvelut.fi\/peppi-ohjeet\/files\/2020\/06\/korkeakoulu-8.png\"><img loading=\"lazy\" decoding=\"async\" aria-describedby=\"caption-attachment-3426\" class=\"size-full wp-image-3426\" src=\"https:\/\/blogi.eoppimispalvelut.fi\/peppi-ohjeet\/files\/2020\/06\/korkeakoulu-8.png\" alt=\"Valmistuminen\" width=\"1066\" height=\"714\" srcset=\"https:\/\/blogi.eoppimispalvelut.fi\/peppi-ohjeet\/files\/2020\/06\/korkeakoulu-8.png 1066w, https:\/\/blogi.eoppimispalvelut.fi\/peppi-ohjeet\/files\/2020\/06\/korkeakoulu-8-900x603.png 900w, https:\/\/blogi.eoppimispalvelut.fi\/peppi-ohjeet\/files\/2020\/06\/korkeakoulu-8-768x514.png 768w, https:\/\/blogi.eoppimispalvelut.fi\/peppi-ohjeet\/files\/2020\/06\/korkeakoulu-8-448x300.png 448w\" sizes=\"auto, (max-width: 1066px) 100vw, 1066px\" \/><\/a><p id=\"caption-attachment-3426\" class=\"wp-caption-text\">Klikkaa kuvaa suuremmaksi<\/p><\/div>\n<p>Opiskelijan voi valmistuttaa my\u00f6s HOPS-v\u00e4lilehdelt\u00e4, jos opiskelijalla on merkittyn\u00e4 valmistumishalukkuus.<\/p>\n<p>&nbsp;<\/p>\n<hr \/>\n<p>Takaisin\u00a0<a href=\"https:\/\/blogi.eoppimispalvelut.fi\/peppi-ohjeet\/oppimis-ja-ohjauspalvelut\/\">Oppimis- ja ohjauspalveluiden<\/a>\u00a0\u2013 sivulle<\/p>\n","protected":false},"excerpt":{"rendered":"<p>L\u00e4sn\u00e4olotiedot-v\u00e4lilehdell\u00e4 voit tarkastella opiskelijan l\u00e4sn\u00e4olotietoja. Klikkaamalla rastin \u201dN\u00e4yt\u00e4 historiatiedot\u201d -kohtaan, voit tarkastella mahdollisia tehtyj\u00e4 muutoksia l\u00e4sn\u00e4olotiedoissa. L\u00e4sn\u00e4olorivin tietoja voi muokata Toiminnot-valikon kautta. Voit lis\u00e4t\u00e4 l\u00e4sn\u00e4 tai poissaolon, opintojen p\u00e4\u00e4ttymisen, eroamisen tai valmistumisen v\u00e4lilehden yl\u00e4reunassa olevien painikkeiden kautta. L\u00e4sn\u00e4olon tai poissaolon &hellip; <a href=\"https:\/\/blogi.eoppimispalvelut.fi\/peppi-ohjeet\/oppimis-ja-ohjauspalvelut\/lasnaolotiedot\/\">Continue reading <span class=\"meta-nav\">&rarr;<\/span><\/a><\/p>\n","protected":false},"author":2214,"featured_media":0,"parent":211,"menu_order":0,"comment_status":"closed","ping_status":"closed","template":"","meta":{"_monsterinsights_skip_tracking":false,"_monsterinsights_sitenote_active":false,"_monsterinsights_sitenote_note":"","_monsterinsights_sitenote_category":0,"footnotes":""},"class_list":["post-2994","page","type-page","status-publish","hentry"],"_links":{"self":[{"href":"https:\/\/blogi.eoppimispalvelut.fi\/peppi-ohjeet\/wp-json\/wp\/v2\/pages\/2994","targetHints":{"allow":["GET"]}}],"collection":[{"href":"https:\/\/blogi.eoppimispalvelut.fi\/peppi-ohjeet\/wp-json\/wp\/v2\/pages"}],"about":[{"href":"https:\/\/blogi.eoppimispalvelut.fi\/peppi-ohjeet\/wp-json\/wp\/v2\/types\/page"}],"author":[{"embeddable":true,"href":"https:\/\/blogi.eoppimispalvelut.fi\/peppi-ohjeet\/wp-json\/wp\/v2\/users\/2214"}],"replies":[{"embeddable":true,"href":"https:\/\/blogi.eoppimispalvelut.fi\/peppi-ohjeet\/wp-json\/wp\/v2\/comments?post=2994"}],"version-history":[{"count":9,"href":"https:\/\/blogi.eoppimispalvelut.fi\/peppi-ohjeet\/wp-json\/wp\/v2\/pages\/2994\/revisions"}],"predecessor-version":[{"id":5783,"href":"https:\/\/blogi.eoppimispalvelut.fi\/peppi-ohjeet\/wp-json\/wp\/v2\/pages\/2994\/revisions\/5783"}],"up":[{"embeddable":true,"href":"https:\/\/blogi.eoppimispalvelut.fi\/peppi-ohjeet\/wp-json\/wp\/v2\/pages\/211"}],"wp:attachment":[{"href":"https:\/\/blogi.eoppimispalvelut.fi\/peppi-ohjeet\/wp-json\/wp\/v2\/media?parent=2994"}],"curies":[{"name":"wp","href":"https:\/\/api.w.org\/{rel}","templated":true}]}}