{"id":2996,"date":"2020-05-18T13:28:21","date_gmt":"2020-05-18T10:28:21","guid":{"rendered":"https:\/\/blogi.eoppimispalvelut.fi\/peppi-ohjeet\/?page_id=2996"},"modified":"2022-03-07T12:02:34","modified_gmt":"2022-03-07T10:02:34","slug":"opiskeluoikeuden-lisatiedot","status":"publish","type":"page","link":"https:\/\/blogi.eoppimispalvelut.fi\/peppi-ohjeet\/oppimis-ja-ohjauspalvelut\/opiskeluoikeuden-lisatiedot\/","title":{"rendered":"Opiskeluoikeuden lis\u00e4tiedot"},"content":{"rendered":"<div id=\"attachment_3428\" style=\"width: 594px\" class=\"wp-caption alignnone\"><a href=\"https:\/\/blogi.eoppimispalvelut.fi\/peppi-ohjeet\/files\/2020\/06\/korkeakoulu-9.png\"><img loading=\"lazy\" decoding=\"async\" aria-describedby=\"caption-attachment-3428\" class=\"size-large wp-image-3428\" src=\"https:\/\/blogi.eoppimispalvelut.fi\/peppi-ohjeet\/files\/2020\/06\/korkeakoulu-9-1280x599.png\" alt=\"Opiskeluoikeuden lis\u00e4tiedot\" width=\"584\" height=\"273\" srcset=\"https:\/\/blogi.eoppimispalvelut.fi\/peppi-ohjeet\/files\/2020\/06\/korkeakoulu-9-1280x599.png 1280w, https:\/\/blogi.eoppimispalvelut.fi\/peppi-ohjeet\/files\/2020\/06\/korkeakoulu-9-900x421.png 900w, https:\/\/blogi.eoppimispalvelut.fi\/peppi-ohjeet\/files\/2020\/06\/korkeakoulu-9-768x359.png 768w, https:\/\/blogi.eoppimispalvelut.fi\/peppi-ohjeet\/files\/2020\/06\/korkeakoulu-9-500x234.png 500w, https:\/\/blogi.eoppimispalvelut.fi\/peppi-ohjeet\/files\/2020\/06\/korkeakoulu-9.png 1526w\" sizes=\"auto, (max-width: 584px) 100vw, 584px\" \/><\/a><p id=\"caption-attachment-3428\" class=\"wp-caption-text\">Klikkaa kuvaa suuremmaksi<\/p><\/div>\n<p>Opiskeluoikeuden lis\u00e4tietoihin voit kirjata halutessaan erilaisia huomioita. Kirjattavien huomioiden tulisi olla kuitenkin ns. \u201dyleisi\u00e4 asioita\u201d. \u00c4l\u00e4 siis lis\u00e4\u00e4 opiskeluoikeuden lis\u00e4tietoihin mit\u00e4\u00e4n henkil\u00f6kohtaista.<\/p>\n<p>P\u00e4\u00e4set lis\u00e4\u00e4m\u00e4\u00e4n huomion klikkaamalla &#8220;Lis\u00e4\u00e4 huomio&#8221;.<\/p>\n<p>Siirto-opiskelija-v\u00e4lilehdelt\u00e4 voi n\u00e4hd\u00e4, jos opiskelija on tullut siirto-opiskelijana toisesta ammattikorkeakoulusta.<\/p>\n<p>&nbsp;<\/p>\n<hr \/>\n<p>Takaisin\u00a0<a href=\"https:\/\/blogi.eoppimispalvelut.fi\/peppi-ohjeet\/oppimis-ja-ohjauspalvelut\/\">Oppimis- ja ohjauspalveluiden<\/a>\u00a0\u2013 sivulle<\/p>\n","protected":false},"excerpt":{"rendered":"<p>Opiskeluoikeuden lis\u00e4tietoihin voit kirjata halutessaan erilaisia huomioita. Kirjattavien huomioiden tulisi olla kuitenkin ns. \u201dyleisi\u00e4 asioita\u201d. \u00c4l\u00e4 siis lis\u00e4\u00e4 opiskeluoikeuden lis\u00e4tietoihin mit\u00e4\u00e4n henkil\u00f6kohtaista. P\u00e4\u00e4set lis\u00e4\u00e4m\u00e4\u00e4n huomion klikkaamalla &#8220;Lis\u00e4\u00e4 huomio&#8221;. Siirto-opiskelija-v\u00e4lilehdelt\u00e4 voi n\u00e4hd\u00e4, jos opiskelija on tullut siirto-opiskelijana toisesta ammattikorkeakoulusta. &nbsp; Takaisin\u00a0Oppimis- &hellip; <a href=\"https:\/\/blogi.eoppimispalvelut.fi\/peppi-ohjeet\/oppimis-ja-ohjauspalvelut\/opiskeluoikeuden-lisatiedot\/\">Continue reading <span class=\"meta-nav\">&rarr;<\/span><\/a><\/p>\n","protected":false},"author":2214,"featured_media":0,"parent":211,"menu_order":0,"comment_status":"closed","ping_status":"closed","template":"","meta":{"_monsterinsights_skip_tracking":false,"_monsterinsights_sitenote_active":false,"_monsterinsights_sitenote_note":"","_monsterinsights_sitenote_category":0,"footnotes":""},"class_list":["post-2996","page","type-page","status-publish","hentry"],"_links":{"self":[{"href":"https:\/\/blogi.eoppimispalvelut.fi\/peppi-ohjeet\/wp-json\/wp\/v2\/pages\/2996","targetHints":{"allow":["GET"]}}],"collection":[{"href":"https:\/\/blogi.eoppimispalvelut.fi\/peppi-ohjeet\/wp-json\/wp\/v2\/pages"}],"about":[{"href":"https:\/\/blogi.eoppimispalvelut.fi\/peppi-ohjeet\/wp-json\/wp\/v2\/types\/page"}],"author":[{"embeddable":true,"href":"https:\/\/blogi.eoppimispalvelut.fi\/peppi-ohjeet\/wp-json\/wp\/v2\/users\/2214"}],"replies":[{"embeddable":true,"href":"https:\/\/blogi.eoppimispalvelut.fi\/peppi-ohjeet\/wp-json\/wp\/v2\/comments?post=2996"}],"version-history":[{"count":5,"href":"https:\/\/blogi.eoppimispalvelut.fi\/peppi-ohjeet\/wp-json\/wp\/v2\/pages\/2996\/revisions"}],"predecessor-version":[{"id":5784,"href":"https:\/\/blogi.eoppimispalvelut.fi\/peppi-ohjeet\/wp-json\/wp\/v2\/pages\/2996\/revisions\/5784"}],"up":[{"embeddable":true,"href":"https:\/\/blogi.eoppimispalvelut.fi\/peppi-ohjeet\/wp-json\/wp\/v2\/pages\/211"}],"wp:attachment":[{"href":"https:\/\/blogi.eoppimispalvelut.fi\/peppi-ohjeet\/wp-json\/wp\/v2\/media?parent=2996"}],"curies":[{"name":"wp","href":"https:\/\/api.w.org\/{rel}","templated":true}]}}