{"id":3000,"date":"2020-05-18T13:29:10","date_gmt":"2020-05-18T10:29:10","guid":{"rendered":"https:\/\/blogi.eoppimispalvelut.fi\/peppi-ohjeet\/?page_id=3000"},"modified":"2022-03-07T13:46:25","modified_gmt":"2022-03-07T11:46:25","slug":"opintosuoritukset","status":"publish","type":"page","link":"https:\/\/blogi.eoppimispalvelut.fi\/peppi-ohjeet\/oppimis-ja-ohjauspalvelut\/opintosuoritukset\/","title":{"rendered":"Opintosuoritukset"},"content":{"rendered":"<div id=\"attachment_5787\" style=\"width: 594px\" class=\"wp-caption alignnone\"><a href=\"https:\/\/blogi.eoppimispalvelut.fi\/peppi-ohjeet\/files\/2022\/03\/oppimis-13.png\"><img loading=\"lazy\" decoding=\"async\" aria-describedby=\"caption-attachment-5787\" class=\"size-large wp-image-5787\" src=\"https:\/\/blogi.eoppimispalvelut.fi\/peppi-ohjeet\/files\/2022\/03\/oppimis-13-1280x631.png\" alt=\"Opintosuoritukset\" width=\"584\" height=\"288\" srcset=\"https:\/\/blogi.eoppimispalvelut.fi\/peppi-ohjeet\/files\/2022\/03\/oppimis-13-1280x631.png 1280w, https:\/\/blogi.eoppimispalvelut.fi\/peppi-ohjeet\/files\/2022\/03\/oppimis-13-600x296.png 600w, https:\/\/blogi.eoppimispalvelut.fi\/peppi-ohjeet\/files\/2022\/03\/oppimis-13-768x379.png 768w, https:\/\/blogi.eoppimispalvelut.fi\/peppi-ohjeet\/files\/2022\/03\/oppimis-13-1536x758.png 1536w, https:\/\/blogi.eoppimispalvelut.fi\/peppi-ohjeet\/files\/2022\/03\/oppimis-13-500x247.png 500w, https:\/\/blogi.eoppimispalvelut.fi\/peppi-ohjeet\/files\/2022\/03\/oppimis-13.png 1948w\" sizes=\"auto, (max-width: 584px) 100vw, 584px\" \/><\/a><p id=\"caption-attachment-5787\" class=\"wp-caption-text\">Klikkaa kuvaa suuremmaksi<\/p><\/div>\n<p>Voit tarkastella opiskelijan opintosuorituksia \u201dOpintosuoritukset\u201d-v\u00e4lilehdell\u00e4. T\u00e4ss\u00e4 n\u00e4kym\u00e4ss\u00e4 voit lis\u00e4ksi ladata opintosuoritusotteen, suodattaa opintoja eri vaihtoehdoilla, siirt\u00e4\u00e4 suorituksia roolilta toiselle tai tuoda n\u00e4kym\u00e4\u00e4n lis\u00e4\u00e4 tietoja suoritetuista opinnoista. P\u00e4\u00e4set tarvittaessa muokkaamaan opintosuorituksia Toiminnot-painikkeen kautta. Voit my\u00f6s lukita opintosuoritukset, mutta sen j\u00e4lkeen muokkauksia ei voi en\u00e4\u00e4 tehd\u00e4. Opintosuorituksia voi tarkastella my\u00f6s opiskelijan HOPSilta.<\/p>\n<div id=\"attachment_5788\" style=\"width: 964px\" class=\"wp-caption alignnone\"><a href=\"https:\/\/blogi.eoppimispalvelut.fi\/peppi-ohjeet\/files\/2022\/03\/oppimis-14.png\"><img loading=\"lazy\" decoding=\"async\" aria-describedby=\"caption-attachment-5788\" class=\"size-full wp-image-5788\" src=\"https:\/\/blogi.eoppimispalvelut.fi\/peppi-ohjeet\/files\/2022\/03\/oppimis-14.png\" alt=\"Opintosuoritukset\" width=\"954\" height=\"433\" srcset=\"https:\/\/blogi.eoppimispalvelut.fi\/peppi-ohjeet\/files\/2022\/03\/oppimis-14.png 954w, https:\/\/blogi.eoppimispalvelut.fi\/peppi-ohjeet\/files\/2022\/03\/oppimis-14-600x272.png 600w, https:\/\/blogi.eoppimispalvelut.fi\/peppi-ohjeet\/files\/2022\/03\/oppimis-14-768x349.png 768w, https:\/\/blogi.eoppimispalvelut.fi\/peppi-ohjeet\/files\/2022\/03\/oppimis-14-500x227.png 500w\" sizes=\"auto, (max-width: 954px) 100vw, 954px\" \/><\/a><p id=\"caption-attachment-5788\" class=\"wp-caption-text\">Klikkaa kuvaa suuremmaksi<\/p><\/div>\n<p>Suodata-valikon takaa p\u00e4\u00e4set valitsemaan, miss\u00e4 tilassa olevia opintoja n\u00e4ytet\u00e4\u00e4n Opintosuoritukset-n\u00e4kym\u00e4ss\u00e4. Valitsemalla rastin kohtaan &#8220;Hyl\u00e4tyt&#8221; tai &#8220;Keskener\u00e4iset\u201d, n\u00e4et opiskelijan suoritukset, joista on annettu arvioinniksi HYL (hyl\u00e4tty) tai ne ovat keskener\u00e4isi\u00e4. Keskener\u00e4isi\u00e4 opintoja voivat olla sellaiset suoritukset, joissa on toteutuksenosia, mutta vain osa niist\u00e4 on arvioitu ja kokonaisarvosana puuttuu.<\/p>\n<div id=\"attachment_5789\" style=\"width: 850px\" class=\"wp-caption alignnone\"><a href=\"https:\/\/blogi.eoppimispalvelut.fi\/peppi-ohjeet\/files\/2022\/03\/oppimis-15.png\"><img loading=\"lazy\" decoding=\"async\" aria-describedby=\"caption-attachment-5789\" class=\"size-full wp-image-5789\" src=\"https:\/\/blogi.eoppimispalvelut.fi\/peppi-ohjeet\/files\/2022\/03\/oppimis-15.png\" alt=\"Opintosuoritukset\" width=\"840\" height=\"895\" srcset=\"https:\/\/blogi.eoppimispalvelut.fi\/peppi-ohjeet\/files\/2022\/03\/oppimis-15.png 840w, https:\/\/blogi.eoppimispalvelut.fi\/peppi-ohjeet\/files\/2022\/03\/oppimis-15-600x639.png 600w, https:\/\/blogi.eoppimispalvelut.fi\/peppi-ohjeet\/files\/2022\/03\/oppimis-15-768x818.png 768w, https:\/\/blogi.eoppimispalvelut.fi\/peppi-ohjeet\/files\/2022\/03\/oppimis-15-282x300.png 282w\" sizes=\"auto, (max-width: 840px) 100vw, 840px\" \/><\/a><p id=\"caption-attachment-5789\" class=\"wp-caption-text\">Klikkaa kuvaa suuremmaksi<\/p><\/div>\n<p>Siirra suorituksia -toiminnolla voit siirt\u00e4\u00e4 opiskelijan eri opiskeluoikeksilla olevia opintoja toiselle opiskeluoikeudelle.<\/p>\n<p><strong>HUOM! T\u00e4t\u00e4 toimintoa voidaan k\u00e4ytt\u00e4\u00e4 vain tutkinto-opiskelijoilla. Suorituksia siirrett\u00e4ess\u00e4 opiskeluoikeuksien koulutusohjelman ja tutkintonimikkeen tulee olla samoja.<\/strong><\/p>\n<div id=\"attachment_5790\" style=\"width: 440px\" class=\"wp-caption alignnone\"><a href=\"https:\/\/blogi.eoppimispalvelut.fi\/peppi-ohjeet\/files\/2022\/03\/oppimis-16.png\"><img loading=\"lazy\" decoding=\"async\" aria-describedby=\"caption-attachment-5790\" class=\"size-full wp-image-5790\" src=\"https:\/\/blogi.eoppimispalvelut.fi\/peppi-ohjeet\/files\/2022\/03\/oppimis-16.png\" alt=\"Opintosuoritukset\" width=\"430\" height=\"488\" srcset=\"https:\/\/blogi.eoppimispalvelut.fi\/peppi-ohjeet\/files\/2022\/03\/oppimis-16.png 430w, https:\/\/blogi.eoppimispalvelut.fi\/peppi-ohjeet\/files\/2022\/03\/oppimis-16-264x300.png 264w\" sizes=\"auto, (max-width: 430px) 100vw, 430px\" \/><\/a><p id=\"caption-attachment-5790\" class=\"wp-caption-text\">Klikkaa kuvaa suuremmaksi<\/p><\/div>\n<p>Sarakkeet-kohdasta voit valita, mit\u00e4 tietoja arvioinnista haluat n\u00e4kyville.<\/p>\n<div id=\"attachment_3444\" style=\"width: 1007px\" class=\"wp-caption alignnone\"><a href=\"https:\/\/blogi.eoppimispalvelut.fi\/peppi-ohjeet\/files\/2020\/06\/korkeakoulu-19.png\"><img loading=\"lazy\" decoding=\"async\" aria-describedby=\"caption-attachment-3444\" class=\"size-full wp-image-3444\" src=\"https:\/\/blogi.eoppimispalvelut.fi\/peppi-ohjeet\/files\/2020\/06\/korkeakoulu-19.png\" alt=\"Opintosuoritukset\" width=\"997\" height=\"367\" srcset=\"https:\/\/blogi.eoppimispalvelut.fi\/peppi-ohjeet\/files\/2020\/06\/korkeakoulu-19.png 997w, https:\/\/blogi.eoppimispalvelut.fi\/peppi-ohjeet\/files\/2020\/06\/korkeakoulu-19-900x331.png 900w, https:\/\/blogi.eoppimispalvelut.fi\/peppi-ohjeet\/files\/2020\/06\/korkeakoulu-19-768x283.png 768w, https:\/\/blogi.eoppimispalvelut.fi\/peppi-ohjeet\/files\/2020\/06\/korkeakoulu-19-500x184.png 500w\" sizes=\"auto, (max-width: 997px) 100vw, 997px\" \/><\/a><p id=\"caption-attachment-3444\" class=\"wp-caption-text\">Klikkaa kuvaa suuremmaksi<\/p><\/div>\n<p>Lis\u00e4ksi Opintosuoritukset -v\u00e4lilehdell\u00e4 voi lis\u00e4t\u00e4 <a href=\"https:\/\/blogi.eoppimispalvelut.fi\/peppi-ohjeet\/opetus_ohjaus\/arviointi-2\/opinnaytetyon-arviointi\/\">opinn\u00e4ytety\u00f6n arvioinnin<\/a>, <a href=\"https:\/\/blogi.eoppimispalvelut.fi\/peppi-ohjeet\/oppimis-ja-ohjauspalvelut\/todistusmerkinnat\/\">todistusmerkinn\u00e4n<\/a> tai henkil\u00f6kohtaisen todistusmerkinn\u00e4n.<\/p>\n<p>&nbsp;<\/p>\n<hr \/>\n<p>Takaisin\u00a0<a href=\"https:\/\/blogi.eoppimispalvelut.fi\/peppi-ohjeet\/oppimis-ja-ohjauspalvelut\/\">Oppimis- ja ohjauspalveluiden<\/a>\u00a0\u2013 sivulle<\/p>\n","protected":false},"excerpt":{"rendered":"<p>Voit tarkastella opiskelijan opintosuorituksia \u201dOpintosuoritukset\u201d-v\u00e4lilehdell\u00e4. T\u00e4ss\u00e4 n\u00e4kym\u00e4ss\u00e4 voit lis\u00e4ksi ladata opintosuoritusotteen, suodattaa opintoja eri vaihtoehdoilla, siirt\u00e4\u00e4 suorituksia roolilta toiselle tai tuoda n\u00e4kym\u00e4\u00e4n lis\u00e4\u00e4 tietoja suoritetuista opinnoista. P\u00e4\u00e4set tarvittaessa muokkaamaan opintosuorituksia Toiminnot-painikkeen kautta. Voit my\u00f6s lukita opintosuoritukset, mutta sen j\u00e4lkeen muokkauksia &hellip; <a href=\"https:\/\/blogi.eoppimispalvelut.fi\/peppi-ohjeet\/oppimis-ja-ohjauspalvelut\/opintosuoritukset\/\">Continue reading <span class=\"meta-nav\">&rarr;<\/span><\/a><\/p>\n","protected":false},"author":2214,"featured_media":0,"parent":211,"menu_order":0,"comment_status":"closed","ping_status":"closed","template":"","meta":{"_monsterinsights_skip_tracking":false,"_monsterinsights_sitenote_active":false,"_monsterinsights_sitenote_note":"","_monsterinsights_sitenote_category":0,"footnotes":""},"class_list":["post-3000","page","type-page","status-publish","hentry"],"_links":{"self":[{"href":"https:\/\/blogi.eoppimispalvelut.fi\/peppi-ohjeet\/wp-json\/wp\/v2\/pages\/3000","targetHints":{"allow":["GET"]}}],"collection":[{"href":"https:\/\/blogi.eoppimispalvelut.fi\/peppi-ohjeet\/wp-json\/wp\/v2\/pages"}],"about":[{"href":"https:\/\/blogi.eoppimispalvelut.fi\/peppi-ohjeet\/wp-json\/wp\/v2\/types\/page"}],"author":[{"embeddable":true,"href":"https:\/\/blogi.eoppimispalvelut.fi\/peppi-ohjeet\/wp-json\/wp\/v2\/users\/2214"}],"replies":[{"embeddable":true,"href":"https:\/\/blogi.eoppimispalvelut.fi\/peppi-ohjeet\/wp-json\/wp\/v2\/comments?post=3000"}],"version-history":[{"count":7,"href":"https:\/\/blogi.eoppimispalvelut.fi\/peppi-ohjeet\/wp-json\/wp\/v2\/pages\/3000\/revisions"}],"predecessor-version":[{"id":5791,"href":"https:\/\/blogi.eoppimispalvelut.fi\/peppi-ohjeet\/wp-json\/wp\/v2\/pages\/3000\/revisions\/5791"}],"up":[{"embeddable":true,"href":"https:\/\/blogi.eoppimispalvelut.fi\/peppi-ohjeet\/wp-json\/wp\/v2\/pages\/211"}],"wp:attachment":[{"href":"https:\/\/blogi.eoppimispalvelut.fi\/peppi-ohjeet\/wp-json\/wp\/v2\/media?parent=3000"}],"curies":[{"name":"wp","href":"https:\/\/api.w.org\/{rel}","templated":true}]}}