{"id":3002,"date":"2020-05-18T13:29:30","date_gmt":"2020-05-18T10:29:30","guid":{"rendered":"https:\/\/blogi.eoppimispalvelut.fi\/peppi-ohjeet\/?page_id=3002"},"modified":"2022-03-07T13:58:25","modified_gmt":"2022-03-07T11:58:25","slug":"kv-liikkuvuus","status":"publish","type":"page","link":"https:\/\/blogi.eoppimispalvelut.fi\/peppi-ohjeet\/oppimis-ja-ohjauspalvelut\/kv-liikkuvuus\/","title":{"rendered":"KV-liikkuvuus"},"content":{"rendered":"<div id=\"attachment_3454\" style=\"width: 1220px\" class=\"wp-caption alignnone\"><a href=\"https:\/\/blogi.eoppimispalvelut.fi\/peppi-ohjeet\/files\/2020\/06\/korkeakoulu-20.png\"><img loading=\"lazy\" decoding=\"async\" aria-describedby=\"caption-attachment-3454\" class=\"size-full wp-image-3454\" src=\"https:\/\/blogi.eoppimispalvelut.fi\/peppi-ohjeet\/files\/2020\/06\/korkeakoulu-20.png\" alt=\"KV-liikkuvuus\" width=\"1210\" height=\"174\" srcset=\"https:\/\/blogi.eoppimispalvelut.fi\/peppi-ohjeet\/files\/2020\/06\/korkeakoulu-20.png 1210w, https:\/\/blogi.eoppimispalvelut.fi\/peppi-ohjeet\/files\/2020\/06\/korkeakoulu-20-900x129.png 900w, https:\/\/blogi.eoppimispalvelut.fi\/peppi-ohjeet\/files\/2020\/06\/korkeakoulu-20-768x110.png 768w, https:\/\/blogi.eoppimispalvelut.fi\/peppi-ohjeet\/files\/2020\/06\/korkeakoulu-20-500x72.png 500w\" sizes=\"auto, (max-width: 1210px) 100vw, 1210px\" \/><\/a><p id=\"caption-attachment-3454\" class=\"wp-caption-text\">Klikkaa kuvaa suuremmaksi<\/p><\/div>\n<p>Jos opiskelija suorittaa opiskelijavaihdon tai harjoitteluvaihdon, tieto n\u00e4kyy KV-liikkuvuus -v\u00e4lilehdell\u00e4. Tiedot p\u00e4ivittyv\u00e4t Peppiin SoleMovesta.<\/p>\n<p>Lis\u00e4\u00e4 liikkuvuustieto -painikkeen kautta tietoja voi tuoda my\u00f6s manuaalisesti.<\/p>\n<hr \/>\n<p>Takaisin\u00a0<a href=\"https:\/\/blogi.eoppimispalvelut.fi\/peppi-ohjeet\/oppimis-ja-ohjauspalvelut\/\">Oppimis- ja ohjauspalveluiden<\/a>\u00a0\u2013 sivulle<\/p>\n","protected":false},"excerpt":{"rendered":"<p>Jos opiskelija suorittaa opiskelijavaihdon tai harjoitteluvaihdon, tieto n\u00e4kyy KV-liikkuvuus -v\u00e4lilehdell\u00e4. Tiedot p\u00e4ivittyv\u00e4t Peppiin SoleMovesta. Lis\u00e4\u00e4 liikkuvuustieto -painikkeen kautta tietoja voi tuoda my\u00f6s manuaalisesti. Takaisin\u00a0Oppimis- ja ohjauspalveluiden\u00a0\u2013 sivulle<\/p>\n","protected":false},"author":2214,"featured_media":0,"parent":211,"menu_order":0,"comment_status":"closed","ping_status":"closed","template":"","meta":{"_monsterinsights_skip_tracking":false,"_monsterinsights_sitenote_active":false,"_monsterinsights_sitenote_note":"","_monsterinsights_sitenote_category":0,"footnotes":""},"class_list":["post-3002","page","type-page","status-publish","hentry"],"_links":{"self":[{"href":"https:\/\/blogi.eoppimispalvelut.fi\/peppi-ohjeet\/wp-json\/wp\/v2\/pages\/3002","targetHints":{"allow":["GET"]}}],"collection":[{"href":"https:\/\/blogi.eoppimispalvelut.fi\/peppi-ohjeet\/wp-json\/wp\/v2\/pages"}],"about":[{"href":"https:\/\/blogi.eoppimispalvelut.fi\/peppi-ohjeet\/wp-json\/wp\/v2\/types\/page"}],"author":[{"embeddable":true,"href":"https:\/\/blogi.eoppimispalvelut.fi\/peppi-ohjeet\/wp-json\/wp\/v2\/users\/2214"}],"replies":[{"embeddable":true,"href":"https:\/\/blogi.eoppimispalvelut.fi\/peppi-ohjeet\/wp-json\/wp\/v2\/comments?post=3002"}],"version-history":[{"count":4,"href":"https:\/\/blogi.eoppimispalvelut.fi\/peppi-ohjeet\/wp-json\/wp\/v2\/pages\/3002\/revisions"}],"predecessor-version":[{"id":5794,"href":"https:\/\/blogi.eoppimispalvelut.fi\/peppi-ohjeet\/wp-json\/wp\/v2\/pages\/3002\/revisions\/5794"}],"up":[{"embeddable":true,"href":"https:\/\/blogi.eoppimispalvelut.fi\/peppi-ohjeet\/wp-json\/wp\/v2\/pages\/211"}],"wp:attachment":[{"href":"https:\/\/blogi.eoppimispalvelut.fi\/peppi-ohjeet\/wp-json\/wp\/v2\/media?parent=3002"}],"curies":[{"name":"wp","href":"https:\/\/api.w.org\/{rel}","templated":true}]}}