{"id":3010,"date":"2020-05-18T13:31:05","date_gmt":"2020-05-18T10:31:05","guid":{"rendered":"https:\/\/blogi.eoppimispalvelut.fi\/peppi-ohjeet\/?page_id=3010"},"modified":"2022-03-07T14:01:56","modified_gmt":"2022-03-07T12:01:56","slug":"opiskelijan-lisatiedot","status":"publish","type":"page","link":"https:\/\/blogi.eoppimispalvelut.fi\/peppi-ohjeet\/oppimis-ja-ohjauspalvelut\/opiskelijan-lisatiedot\/","title":{"rendered":"Opiskelijan lis\u00e4tiedot"},"content":{"rendered":"<div id=\"attachment_3465\" style=\"width: 941px\" class=\"wp-caption alignnone\"><a href=\"https:\/\/blogi.eoppimispalvelut.fi\/peppi-ohjeet\/files\/2020\/06\/korkeakoulu-24.png\"><img loading=\"lazy\" decoding=\"async\" aria-describedby=\"caption-attachment-3465\" class=\"size-full wp-image-3465\" src=\"https:\/\/blogi.eoppimispalvelut.fi\/peppi-ohjeet\/files\/2020\/06\/korkeakoulu-24.png\" alt=\"Opiskelijan lis\u00e4tiedot\" width=\"931\" height=\"540\" srcset=\"https:\/\/blogi.eoppimispalvelut.fi\/peppi-ohjeet\/files\/2020\/06\/korkeakoulu-24.png 931w, https:\/\/blogi.eoppimispalvelut.fi\/peppi-ohjeet\/files\/2020\/06\/korkeakoulu-24-900x522.png 900w, https:\/\/blogi.eoppimispalvelut.fi\/peppi-ohjeet\/files\/2020\/06\/korkeakoulu-24-768x445.png 768w, https:\/\/blogi.eoppimispalvelut.fi\/peppi-ohjeet\/files\/2020\/06\/korkeakoulu-24-500x290.png 500w\" sizes=\"auto, (max-width: 931px) 100vw, 931px\" \/><\/a><p id=\"caption-attachment-3465\" class=\"wp-caption-text\">Klikkaa kuvaa suuremmaksi<\/p><\/div>\n<p>Opiskelijalle voi lis\u00e4t\u00e4 tarvittaessa lis\u00e4tietoja tai tarkastella aikaisemmin lis\u00e4ttyj\u00e4 tietoja. N\u00e4it\u00e4 voivat olla esimerkiksi Winhassa Opiskelija-taulussa, &#8220;Lis\u00e4tiedot&#8221;-v\u00e4lilehdelle lis\u00e4tyt tiedot. Lis\u00e4tietoihin ei kuitenkaan ole tarkoitus kirjata opiskelijan henkil\u00f6kohtaisia tietoja.<\/p>\n<p>&nbsp;<\/p>\n<hr \/>\n<p>Takaisin\u00a0<a href=\"https:\/\/blogi.eoppimispalvelut.fi\/peppi-ohjeet\/oppimis-ja-ohjauspalvelut\/\">Oppimis- ja ohjauspalveluiden<\/a>\u00a0\u2013 sivulle<\/p>\n","protected":false},"excerpt":{"rendered":"<p>Opiskelijalle voi lis\u00e4t\u00e4 tarvittaessa lis\u00e4tietoja tai tarkastella aikaisemmin lis\u00e4ttyj\u00e4 tietoja. N\u00e4it\u00e4 voivat olla esimerkiksi Winhassa Opiskelija-taulussa, &#8220;Lis\u00e4tiedot&#8221;-v\u00e4lilehdelle lis\u00e4tyt tiedot. Lis\u00e4tietoihin ei kuitenkaan ole tarkoitus kirjata opiskelijan henkil\u00f6kohtaisia tietoja. &nbsp; Takaisin\u00a0Oppimis- ja ohjauspalveluiden\u00a0\u2013 sivulle<\/p>\n","protected":false},"author":2214,"featured_media":0,"parent":211,"menu_order":0,"comment_status":"closed","ping_status":"closed","template":"","meta":{"_monsterinsights_skip_tracking":false,"_monsterinsights_sitenote_active":false,"_monsterinsights_sitenote_note":"","_monsterinsights_sitenote_category":0,"footnotes":""},"class_list":["post-3010","page","type-page","status-publish","hentry"],"_links":{"self":[{"href":"https:\/\/blogi.eoppimispalvelut.fi\/peppi-ohjeet\/wp-json\/wp\/v2\/pages\/3010","targetHints":{"allow":["GET"]}}],"collection":[{"href":"https:\/\/blogi.eoppimispalvelut.fi\/peppi-ohjeet\/wp-json\/wp\/v2\/pages"}],"about":[{"href":"https:\/\/blogi.eoppimispalvelut.fi\/peppi-ohjeet\/wp-json\/wp\/v2\/types\/page"}],"author":[{"embeddable":true,"href":"https:\/\/blogi.eoppimispalvelut.fi\/peppi-ohjeet\/wp-json\/wp\/v2\/users\/2214"}],"replies":[{"embeddable":true,"href":"https:\/\/blogi.eoppimispalvelut.fi\/peppi-ohjeet\/wp-json\/wp\/v2\/comments?post=3010"}],"version-history":[{"count":6,"href":"https:\/\/blogi.eoppimispalvelut.fi\/peppi-ohjeet\/wp-json\/wp\/v2\/pages\/3010\/revisions"}],"predecessor-version":[{"id":5796,"href":"https:\/\/blogi.eoppimispalvelut.fi\/peppi-ohjeet\/wp-json\/wp\/v2\/pages\/3010\/revisions\/5796"}],"up":[{"embeddable":true,"href":"https:\/\/blogi.eoppimispalvelut.fi\/peppi-ohjeet\/wp-json\/wp\/v2\/pages\/211"}],"wp:attachment":[{"href":"https:\/\/blogi.eoppimispalvelut.fi\/peppi-ohjeet\/wp-json\/wp\/v2\/media?parent=3010"}],"curies":[{"name":"wp","href":"https:\/\/api.w.org\/{rel}","templated":true}]}}