{"id":3014,"date":"2020-05-18T13:32:27","date_gmt":"2020-05-18T10:32:27","guid":{"rendered":"https:\/\/blogi.eoppimispalvelut.fi\/peppi-ohjeet\/?page_id=3014"},"modified":"2022-03-07T14:51:09","modified_gmt":"2022-03-07T12:51:09","slug":"opintosuoritusote","status":"publish","type":"page","link":"https:\/\/blogi.eoppimispalvelut.fi\/peppi-ohjeet\/oppimis-ja-ohjauspalvelut\/opintosuoritusote\/","title":{"rendered":"Opintosuoritusote"},"content":{"rendered":"<p>Opintosuoritusotteella n\u00e4kyy opiskelijan suorittamat opintojaksot, arvosanat, suoritettu opintopistem\u00e4\u00e4r\u00e4 ja mahdolliset hyv\u00e4ksiluvut.<\/p>\n<p><em>Opintosuoritusote yksitt\u00e4iselle opiskelijalle<\/em><\/p>\n<div id=\"attachment_3630\" style=\"width: 594px\" class=\"wp-caption alignnone\"><a href=\"https:\/\/blogi.eoppimispalvelut.fi\/peppi-ohjeet\/files\/2020\/06\/korkeakoulu-58.png\"><img loading=\"lazy\" decoding=\"async\" aria-describedby=\"caption-attachment-3630\" class=\"size-large wp-image-3630\" src=\"https:\/\/blogi.eoppimispalvelut.fi\/peppi-ohjeet\/files\/2020\/06\/korkeakoulu-58-1280x721.png\" alt=\"Opintosuoritusote\" width=\"584\" height=\"329\" srcset=\"https:\/\/blogi.eoppimispalvelut.fi\/peppi-ohjeet\/files\/2020\/06\/korkeakoulu-58-1280x721.png 1280w, https:\/\/blogi.eoppimispalvelut.fi\/peppi-ohjeet\/files\/2020\/06\/korkeakoulu-58-900x507.png 900w, https:\/\/blogi.eoppimispalvelut.fi\/peppi-ohjeet\/files\/2020\/06\/korkeakoulu-58-768x433.png 768w, https:\/\/blogi.eoppimispalvelut.fi\/peppi-ohjeet\/files\/2020\/06\/korkeakoulu-58-1536x865.png 1536w, https:\/\/blogi.eoppimispalvelut.fi\/peppi-ohjeet\/files\/2020\/06\/korkeakoulu-58-500x282.png 500w, https:\/\/blogi.eoppimispalvelut.fi\/peppi-ohjeet\/files\/2020\/06\/korkeakoulu-58.png 1802w\" sizes=\"auto, (max-width: 584px) 100vw, 584px\" \/><\/a><p id=\"caption-attachment-3630\" class=\"wp-caption-text\">Klikkaa kuvaa suuremmaksi<\/p><\/div>\n<p>Hae opiskelijan tiedot perushaun kautta. Tulostettavat todistukset l\u00f6ytyv\u00e4t &#8220;Raportit&#8221;-kohdasta opiskelijan Opiskelutiedot-v\u00e4lilehdelt\u00e4. Klikkaa haluttua todistusta ja valitse muodoksi PDF.<\/p>\n<div id=\"attachment_3632\" style=\"width: 925px\" class=\"wp-caption alignnone\"><a href=\"https:\/\/blogi.eoppimispalvelut.fi\/peppi-ohjeet\/files\/2020\/06\/korkeakoulu-59.png\"><img loading=\"lazy\" decoding=\"async\" aria-describedby=\"caption-attachment-3632\" class=\"size-full wp-image-3632\" src=\"https:\/\/blogi.eoppimispalvelut.fi\/peppi-ohjeet\/files\/2020\/06\/korkeakoulu-59.png\" alt=\"Opintosuoritusote\" width=\"915\" height=\"818\" srcset=\"https:\/\/blogi.eoppimispalvelut.fi\/peppi-ohjeet\/files\/2020\/06\/korkeakoulu-59.png 915w, https:\/\/blogi.eoppimispalvelut.fi\/peppi-ohjeet\/files\/2020\/06\/korkeakoulu-59-900x805.png 900w, https:\/\/blogi.eoppimispalvelut.fi\/peppi-ohjeet\/files\/2020\/06\/korkeakoulu-59-768x687.png 768w, https:\/\/blogi.eoppimispalvelut.fi\/peppi-ohjeet\/files\/2020\/06\/korkeakoulu-59-336x300.png 336w\" sizes=\"auto, (max-width: 915px) 100vw, 915px\" \/><\/a><p id=\"caption-attachment-3632\" class=\"wp-caption-text\">Klikkaa kuvaa suuremmaksi<\/p><\/div>\n<p>Tee tarvittavat valinnat ja kirjoita allekirjoittajan tiedot. Todistukselle voi halutessaan kirjoittaa lis\u00e4tietoja tai tehd\u00e4 sivunvaihdon. Klikkaa &#8220;Aja raportti&#8221;.<\/p>\n<p>&nbsp;<\/p>\n<p><em>Opintosuoritusotteen tulostaminen usealle opiskelijalle<\/em><\/p>\n<div id=\"attachment_3637\" style=\"width: 594px\" class=\"wp-caption alignnone\"><a href=\"https:\/\/blogi.eoppimispalvelut.fi\/peppi-ohjeet\/files\/2020\/06\/korkeakoulu-64.png\"><img loading=\"lazy\" decoding=\"async\" aria-describedby=\"caption-attachment-3637\" class=\"size-large wp-image-3637\" src=\"https:\/\/blogi.eoppimispalvelut.fi\/peppi-ohjeet\/files\/2020\/06\/korkeakoulu-64-1280x286.png\" alt=\"Opintosuoritusote\" width=\"584\" height=\"130\" srcset=\"https:\/\/blogi.eoppimispalvelut.fi\/peppi-ohjeet\/files\/2020\/06\/korkeakoulu-64-1280x286.png 1280w, https:\/\/blogi.eoppimispalvelut.fi\/peppi-ohjeet\/files\/2020\/06\/korkeakoulu-64-900x201.png 900w, https:\/\/blogi.eoppimispalvelut.fi\/peppi-ohjeet\/files\/2020\/06\/korkeakoulu-64-768x172.png 768w, https:\/\/blogi.eoppimispalvelut.fi\/peppi-ohjeet\/files\/2020\/06\/korkeakoulu-64-1536x343.png 1536w, https:\/\/blogi.eoppimispalvelut.fi\/peppi-ohjeet\/files\/2020\/06\/korkeakoulu-64-500x112.png 500w, https:\/\/blogi.eoppimispalvelut.fi\/peppi-ohjeet\/files\/2020\/06\/korkeakoulu-64.png 1915w\" sizes=\"auto, (max-width: 584px) 100vw, 584px\" \/><\/a><p id=\"caption-attachment-3637\" class=\"wp-caption-text\">Klikkaa kuvaa suuremmaksi<\/p><\/div>\n<p>Hae halutut opiskelijat joko perushaun tai rakenteisen haun kautta. Laita rasti niiden opiskelijoiden kohdalle, joille haluat tulostaa opintosuoritusotteen. Klikkaa sen j\u00e4lkeen hakutulosten yl\u00e4puolelta &#8220;Raportit&#8221;.<\/p>\n<div id=\"attachment_3639\" style=\"width: 1053px\" class=\"wp-caption alignnone\"><a href=\"https:\/\/blogi.eoppimispalvelut.fi\/peppi-ohjeet\/files\/2020\/06\/korkeakoulu-65.png\"><img loading=\"lazy\" decoding=\"async\" aria-describedby=\"caption-attachment-3639\" class=\"size-full wp-image-3639\" src=\"https:\/\/blogi.eoppimispalvelut.fi\/peppi-ohjeet\/files\/2020\/06\/korkeakoulu-65.png\" alt=\"Opintosuoritusote\" width=\"1043\" height=\"719\" srcset=\"https:\/\/blogi.eoppimispalvelut.fi\/peppi-ohjeet\/files\/2020\/06\/korkeakoulu-65.png 1043w, https:\/\/blogi.eoppimispalvelut.fi\/peppi-ohjeet\/files\/2020\/06\/korkeakoulu-65-900x620.png 900w, https:\/\/blogi.eoppimispalvelut.fi\/peppi-ohjeet\/files\/2020\/06\/korkeakoulu-65-768x529.png 768w, https:\/\/blogi.eoppimispalvelut.fi\/peppi-ohjeet\/files\/2020\/06\/korkeakoulu-65-435x300.png 435w\" sizes=\"auto, (max-width: 1043px) 100vw, 1043px\" \/><\/a><p id=\"caption-attachment-3639\" class=\"wp-caption-text\">Klikkaa kuvaa suuremmaksi<\/p><\/div>\n<p>Tee tarvittavat valinnat ja kirjoita allekirjoittajan tiedot. Todistukselle voi halutessaan kirjoittaa lis\u00e4tietoja tai tehd\u00e4 sivunvaihdon.<\/p>\n<div id=\"attachment_3638\" style=\"width: 702px\" class=\"wp-caption alignnone\"><a href=\"https:\/\/blogi.eoppimispalvelut.fi\/peppi-ohjeet\/files\/2020\/06\/korkeakoulu-66.png\"><img loading=\"lazy\" decoding=\"async\" aria-describedby=\"caption-attachment-3638\" class=\"size-full wp-image-3638\" src=\"https:\/\/blogi.eoppimispalvelut.fi\/peppi-ohjeet\/files\/2020\/06\/korkeakoulu-66.png\" alt=\"Opintosuoritusote\" width=\"692\" height=\"104\" srcset=\"https:\/\/blogi.eoppimispalvelut.fi\/peppi-ohjeet\/files\/2020\/06\/korkeakoulu-66.png 692w, https:\/\/blogi.eoppimispalvelut.fi\/peppi-ohjeet\/files\/2020\/06\/korkeakoulu-66-500x75.png 500w\" sizes=\"auto, (max-width: 692px) 100vw, 692px\" \/><\/a><p id=\"caption-attachment-3638\" class=\"wp-caption-text\">Klikkaa kuvaa suuremmaksi<\/p><\/div>\n<p>Valitse lopuksi raporttilistan lopusta, haluatko kaikki todistukset yhdelle tiedostolle vai kaikki omilleen. Klikkaa &#8220;Tulosta valitut raportit valituille henkil\u00f6ille&#8221;.<\/p>\n<p>&nbsp;<\/p>\n<p><em>Opintosuoritusote Atomista<\/em><\/p>\n<div id=\"attachment_3641\" style=\"width: 594px\" class=\"wp-caption alignnone\"><a href=\"https:\/\/blogi.eoppimispalvelut.fi\/peppi-ohjeet\/files\/2020\/06\/korkeakoulu-67.png\"><img loading=\"lazy\" decoding=\"async\" aria-describedby=\"caption-attachment-3641\" class=\"size-large wp-image-3641\" src=\"https:\/\/blogi.eoppimispalvelut.fi\/peppi-ohjeet\/files\/2020\/06\/korkeakoulu-67-1280x351.png\" alt=\"Opintosuoritusote\" width=\"584\" height=\"160\" srcset=\"https:\/\/blogi.eoppimispalvelut.fi\/peppi-ohjeet\/files\/2020\/06\/korkeakoulu-67-1280x351.png 1280w, https:\/\/blogi.eoppimispalvelut.fi\/peppi-ohjeet\/files\/2020\/06\/korkeakoulu-67-900x247.png 900w, https:\/\/blogi.eoppimispalvelut.fi\/peppi-ohjeet\/files\/2020\/06\/korkeakoulu-67-768x210.png 768w, https:\/\/blogi.eoppimispalvelut.fi\/peppi-ohjeet\/files\/2020\/06\/korkeakoulu-67-1536x421.png 1536w, https:\/\/blogi.eoppimispalvelut.fi\/peppi-ohjeet\/files\/2020\/06\/korkeakoulu-67-500x137.png 500w, https:\/\/blogi.eoppimispalvelut.fi\/peppi-ohjeet\/files\/2020\/06\/korkeakoulu-67.png 2000w\" sizes=\"auto, (max-width: 584px) 100vw, 584px\" \/><\/a><p id=\"caption-attachment-3641\" class=\"wp-caption-text\">Klikkaa kuvaa suuremmaksi<\/p><\/div>\n<p>P\u00e4\u00e4set tulostamaan todistuksen s\u00e4hk\u00f6isell\u00e4 allekirjoituksella Atomissa joko etusivun &#8220;ATOMI&#8221;-painikkeen tai yl\u00e4valikon &#8220;Tilaukset&#8221;-painikkeen kautta.<\/p>\n<div id=\"attachment_3635\" style=\"width: 1077px\" class=\"wp-caption alignnone\"><a href=\"https:\/\/blogi.eoppimispalvelut.fi\/peppi-ohjeet\/files\/2020\/06\/korkeakoulu-63.png\"><img loading=\"lazy\" decoding=\"async\" aria-describedby=\"caption-attachment-3635\" class=\"size-full wp-image-3635\" src=\"https:\/\/blogi.eoppimispalvelut.fi\/peppi-ohjeet\/files\/2020\/06\/korkeakoulu-63.png\" alt=\"Opintosuoritusote\" width=\"1067\" height=\"230\" srcset=\"https:\/\/blogi.eoppimispalvelut.fi\/peppi-ohjeet\/files\/2020\/06\/korkeakoulu-63.png 1067w, https:\/\/blogi.eoppimispalvelut.fi\/peppi-ohjeet\/files\/2020\/06\/korkeakoulu-63-900x194.png 900w, https:\/\/blogi.eoppimispalvelut.fi\/peppi-ohjeet\/files\/2020\/06\/korkeakoulu-63-768x166.png 768w, https:\/\/blogi.eoppimispalvelut.fi\/peppi-ohjeet\/files\/2020\/06\/korkeakoulu-63-500x108.png 500w\" sizes=\"auto, (max-width: 1067px) 100vw, 1067px\" \/><\/a><p id=\"caption-attachment-3635\" class=\"wp-caption-text\">Klikkaa kuvaa suuremmaksi<\/p><\/div>\n<p>Avautuvassa n\u00e4kym\u00e4ss\u00e4 voit hakea opiskelijoita eri hakuehdoilla. &#8220;Allekirjoitetut dokumentit&#8221; -v\u00e4lilehdell\u00e4 n\u00e4et todistukset, joita opiskelijat ovat ladanneet itse Atomista.<\/p>\n<div id=\"attachment_3646\" style=\"width: 594px\" class=\"wp-caption alignnone\"><a href=\"https:\/\/blogi.eoppimispalvelut.fi\/peppi-ohjeet\/files\/2020\/06\/korkeakoulu-68.png\"><img loading=\"lazy\" decoding=\"async\" aria-describedby=\"caption-attachment-3646\" class=\"size-large wp-image-3646\" src=\"https:\/\/blogi.eoppimispalvelut.fi\/peppi-ohjeet\/files\/2020\/06\/korkeakoulu-68-1280x485.png\" alt=\"Opintosuoritusote\" width=\"584\" height=\"221\" srcset=\"https:\/\/blogi.eoppimispalvelut.fi\/peppi-ohjeet\/files\/2020\/06\/korkeakoulu-68-1280x485.png 1280w, https:\/\/blogi.eoppimispalvelut.fi\/peppi-ohjeet\/files\/2020\/06\/korkeakoulu-68-900x341.png 900w, https:\/\/blogi.eoppimispalvelut.fi\/peppi-ohjeet\/files\/2020\/06\/korkeakoulu-68-768x291.png 768w, https:\/\/blogi.eoppimispalvelut.fi\/peppi-ohjeet\/files\/2020\/06\/korkeakoulu-68-500x190.png 500w, https:\/\/blogi.eoppimispalvelut.fi\/peppi-ohjeet\/files\/2020\/06\/korkeakoulu-68.png 1342w\" sizes=\"auto, (max-width: 584px) 100vw, 584px\" \/><\/a><p id=\"caption-attachment-3646\" class=\"wp-caption-text\">Klikkaa kuvaa suuremmaksi<\/p><\/div>\n<p>Valitse hakutuloksista oikea henkil\u00f6 ja klikkaa opiskelijan kohdalta.<\/p>\n<div id=\"attachment_3648\" style=\"width: 594px\" class=\"wp-caption alignnone\"><a href=\"https:\/\/blogi.eoppimispalvelut.fi\/peppi-ohjeet\/files\/2020\/06\/korkeakoulu-70.png\"><img loading=\"lazy\" decoding=\"async\" aria-describedby=\"caption-attachment-3648\" class=\"size-large wp-image-3648\" src=\"https:\/\/blogi.eoppimispalvelut.fi\/peppi-ohjeet\/files\/2020\/06\/korkeakoulu-70-1280x298.png\" alt=\"Opintosuoritusote\" width=\"584\" height=\"136\" srcset=\"https:\/\/blogi.eoppimispalvelut.fi\/peppi-ohjeet\/files\/2020\/06\/korkeakoulu-70-1280x298.png 1280w, https:\/\/blogi.eoppimispalvelut.fi\/peppi-ohjeet\/files\/2020\/06\/korkeakoulu-70-900x209.png 900w, https:\/\/blogi.eoppimispalvelut.fi\/peppi-ohjeet\/files\/2020\/06\/korkeakoulu-70-768x179.png 768w, https:\/\/blogi.eoppimispalvelut.fi\/peppi-ohjeet\/files\/2020\/06\/korkeakoulu-70-1536x357.png 1536w, https:\/\/blogi.eoppimispalvelut.fi\/peppi-ohjeet\/files\/2020\/06\/korkeakoulu-70-500x116.png 500w, https:\/\/blogi.eoppimispalvelut.fi\/peppi-ohjeet\/files\/2020\/06\/korkeakoulu-70.png 1646w\" sizes=\"auto, (max-width: 584px) 100vw, 584px\" \/><\/a><p id=\"caption-attachment-3648\" class=\"wp-caption-text\">Klikkaa kuvaa suuremmaksi<\/p><\/div>\n<p>Klikkaa &#8220;Luo dokumentti&#8221;.<\/p>\n<div id=\"attachment_3649\" style=\"width: 1078px\" class=\"wp-caption alignnone\"><a href=\"https:\/\/blogi.eoppimispalvelut.fi\/peppi-ohjeet\/files\/2020\/06\/korkeakoulu-71.png\"><img loading=\"lazy\" decoding=\"async\" aria-describedby=\"caption-attachment-3649\" class=\"size-full wp-image-3649\" src=\"https:\/\/blogi.eoppimispalvelut.fi\/peppi-ohjeet\/files\/2020\/06\/korkeakoulu-71.png\" alt=\"Opintosuoritusote\" width=\"1068\" height=\"334\" srcset=\"https:\/\/blogi.eoppimispalvelut.fi\/peppi-ohjeet\/files\/2020\/06\/korkeakoulu-71.png 1068w, https:\/\/blogi.eoppimispalvelut.fi\/peppi-ohjeet\/files\/2020\/06\/korkeakoulu-71-900x281.png 900w, https:\/\/blogi.eoppimispalvelut.fi\/peppi-ohjeet\/files\/2020\/06\/korkeakoulu-71-768x240.png 768w, https:\/\/blogi.eoppimispalvelut.fi\/peppi-ohjeet\/files\/2020\/06\/korkeakoulu-71-500x156.png 500w\" sizes=\"auto, (max-width: 1068px) 100vw, 1068px\" \/><\/a><p id=\"caption-attachment-3649\" class=\"wp-caption-text\">Klikkaa kuvaa suuremmaksi<\/p><\/div>\n<p>Valitse haluttu todistus ja kieli ja valitse &#8220;Luo dokumentti&#8221;.<\/p>\n<div id=\"attachment_3651\" style=\"width: 594px\" class=\"wp-caption alignnone\"><a href=\"https:\/\/blogi.eoppimispalvelut.fi\/peppi-ohjeet\/files\/2020\/06\/korkeakoulu-72.png\"><img loading=\"lazy\" decoding=\"async\" aria-describedby=\"caption-attachment-3651\" class=\"size-large wp-image-3651\" src=\"https:\/\/blogi.eoppimispalvelut.fi\/peppi-ohjeet\/files\/2020\/06\/korkeakoulu-72-1280x423.png\" alt=\"Opintosuoritusote\" width=\"584\" height=\"193\" srcset=\"https:\/\/blogi.eoppimispalvelut.fi\/peppi-ohjeet\/files\/2020\/06\/korkeakoulu-72-1280x423.png 1280w, https:\/\/blogi.eoppimispalvelut.fi\/peppi-ohjeet\/files\/2020\/06\/korkeakoulu-72-900x297.png 900w, https:\/\/blogi.eoppimispalvelut.fi\/peppi-ohjeet\/files\/2020\/06\/korkeakoulu-72-768x254.png 768w, https:\/\/blogi.eoppimispalvelut.fi\/peppi-ohjeet\/files\/2020\/06\/korkeakoulu-72-1536x508.png 1536w, https:\/\/blogi.eoppimispalvelut.fi\/peppi-ohjeet\/files\/2020\/06\/korkeakoulu-72-500x165.png 500w, https:\/\/blogi.eoppimispalvelut.fi\/peppi-ohjeet\/files\/2020\/06\/korkeakoulu-72.png 1943w\" sizes=\"auto, (max-width: 584px) 100vw, 584px\" \/><\/a><p id=\"caption-attachment-3651\" class=\"wp-caption-text\">Klikkaa kuvaa suuremmaksi<\/p><\/div>\n<p>Atomi muodostaa dokumentin, jonka voit ladata tai l\u00e4hett\u00e4\u00e4.<br \/>\nLadatun dokumentin voit avata PDF:n\u00e4. L\u00e4hett\u00e4minen tarkoittaa l\u00e4hett\u00e4mist\u00e4 opiskelijan ty\u00f6p\u00f6yd\u00e4n vastaavaan palveluun opiskelijan Dokumentit-v\u00e4lilehdelle.<\/p>\n<div id=\"attachment_3654\" style=\"width: 979px\" class=\"wp-caption alignnone\"><a href=\"https:\/\/blogi.eoppimispalvelut.fi\/peppi-ohjeet\/files\/2020\/06\/korkeakoulu-73.png\"><img loading=\"lazy\" decoding=\"async\" aria-describedby=\"caption-attachment-3654\" class=\"size-full wp-image-3654\" src=\"https:\/\/blogi.eoppimispalvelut.fi\/peppi-ohjeet\/files\/2020\/06\/korkeakoulu-73.png\" alt=\"Opintosuoritusote\" width=\"969\" height=\"292\" srcset=\"https:\/\/blogi.eoppimispalvelut.fi\/peppi-ohjeet\/files\/2020\/06\/korkeakoulu-73.png 969w, https:\/\/blogi.eoppimispalvelut.fi\/peppi-ohjeet\/files\/2020\/06\/korkeakoulu-73-900x271.png 900w, https:\/\/blogi.eoppimispalvelut.fi\/peppi-ohjeet\/files\/2020\/06\/korkeakoulu-73-768x231.png 768w, https:\/\/blogi.eoppimispalvelut.fi\/peppi-ohjeet\/files\/2020\/06\/korkeakoulu-73-500x151.png 500w\" sizes=\"auto, (max-width: 969px) 100vw, 969px\" \/><\/a><p id=\"caption-attachment-3654\" class=\"wp-caption-text\">Klikkaa kuvaa suuremmaksi<\/p><\/div>\n<p>Todistuksessa on s\u00e4hk\u00f6inen allekirjoitus, jonka aitouden voi halutessaan varmistaa kuvassa n\u00e4kyv\u00e4ss\u00e4 osoitteessa.<\/p>\n<p>&nbsp;<\/p>\n<hr \/>\n<p>Takaisin\u00a0<a href=\"https:\/\/blogi.eoppimispalvelut.fi\/peppi-ohjeet\/oppimis-ja-ohjauspalvelut\/\">Oppimis- ja ohjauspalveluiden<\/a> sivulle<\/p>\n","protected":false},"excerpt":{"rendered":"<p>Opintosuoritusotteella n\u00e4kyy opiskelijan suorittamat opintojaksot, arvosanat, suoritettu opintopistem\u00e4\u00e4r\u00e4 ja mahdolliset hyv\u00e4ksiluvut. Opintosuoritusote yksitt\u00e4iselle opiskelijalle Hae opiskelijan tiedot perushaun kautta. Tulostettavat todistukset l\u00f6ytyv\u00e4t &#8220;Raportit&#8221;-kohdasta opiskelijan Opiskelutiedot-v\u00e4lilehdelt\u00e4. Klikkaa haluttua todistusta ja valitse muodoksi PDF. Tee tarvittavat valinnat ja kirjoita allekirjoittajan tiedot. Todistukselle &hellip; <a href=\"https:\/\/blogi.eoppimispalvelut.fi\/peppi-ohjeet\/oppimis-ja-ohjauspalvelut\/opintosuoritusote\/\">Continue reading <span class=\"meta-nav\">&rarr;<\/span><\/a><\/p>\n","protected":false},"author":2214,"featured_media":0,"parent":211,"menu_order":0,"comment_status":"closed","ping_status":"closed","template":"","meta":{"_monsterinsights_skip_tracking":false,"_monsterinsights_sitenote_active":false,"_monsterinsights_sitenote_note":"","_monsterinsights_sitenote_category":0,"footnotes":""},"class_list":["post-3014","page","type-page","status-publish","hentry"],"_links":{"self":[{"href":"https:\/\/blogi.eoppimispalvelut.fi\/peppi-ohjeet\/wp-json\/wp\/v2\/pages\/3014","targetHints":{"allow":["GET"]}}],"collection":[{"href":"https:\/\/blogi.eoppimispalvelut.fi\/peppi-ohjeet\/wp-json\/wp\/v2\/pages"}],"about":[{"href":"https:\/\/blogi.eoppimispalvelut.fi\/peppi-ohjeet\/wp-json\/wp\/v2\/types\/page"}],"author":[{"embeddable":true,"href":"https:\/\/blogi.eoppimispalvelut.fi\/peppi-ohjeet\/wp-json\/wp\/v2\/users\/2214"}],"replies":[{"embeddable":true,"href":"https:\/\/blogi.eoppimispalvelut.fi\/peppi-ohjeet\/wp-json\/wp\/v2\/comments?post=3014"}],"version-history":[{"count":12,"href":"https:\/\/blogi.eoppimispalvelut.fi\/peppi-ohjeet\/wp-json\/wp\/v2\/pages\/3014\/revisions"}],"predecessor-version":[{"id":5808,"href":"https:\/\/blogi.eoppimispalvelut.fi\/peppi-ohjeet\/wp-json\/wp\/v2\/pages\/3014\/revisions\/5808"}],"up":[{"embeddable":true,"href":"https:\/\/blogi.eoppimispalvelut.fi\/peppi-ohjeet\/wp-json\/wp\/v2\/pages\/211"}],"wp:attachment":[{"href":"https:\/\/blogi.eoppimispalvelut.fi\/peppi-ohjeet\/wp-json\/wp\/v2\/media?parent=3014"}],"curies":[{"name":"wp","href":"https:\/\/api.w.org\/{rel}","templated":true}]}}