{"id":3016,"date":"2020-05-18T13:32:46","date_gmt":"2020-05-18T10:32:46","guid":{"rendered":"https:\/\/blogi.eoppimispalvelut.fi\/peppi-ohjeet\/?page_id=3016"},"modified":"2022-03-07T14:53:06","modified_gmt":"2022-03-07T12:53:06","slug":"opiskelutodistus","status":"publish","type":"page","link":"https:\/\/blogi.eoppimispalvelut.fi\/peppi-ohjeet\/oppimis-ja-ohjauspalvelut\/opiskelutodistus\/","title":{"rendered":"Opiskelutodistus"},"content":{"rendered":"<p>Opiskelutodistuksella n\u00e4kyv\u00e4t opiskelijan opiskeluoikeuden perustiedot ja l\u00e4sn\u00e4olotiedot.<\/p>\n<p><em>Opiskelutodistus yksitt\u00e4iselle opiskelijalle<\/em><\/p>\n<div id=\"attachment_3664\" style=\"width: 594px\" class=\"wp-caption alignnone\"><a href=\"https:\/\/blogi.eoppimispalvelut.fi\/peppi-ohjeet\/files\/2020\/06\/korkeakoulu-75.png\"><img loading=\"lazy\" decoding=\"async\" aria-describedby=\"caption-attachment-3664\" class=\"size-large wp-image-3664\" src=\"https:\/\/blogi.eoppimispalvelut.fi\/peppi-ohjeet\/files\/2020\/06\/korkeakoulu-75-1280x613.png\" alt=\"Opiskelutodistus\" width=\"584\" height=\"280\" srcset=\"https:\/\/blogi.eoppimispalvelut.fi\/peppi-ohjeet\/files\/2020\/06\/korkeakoulu-75-1280x613.png 1280w, https:\/\/blogi.eoppimispalvelut.fi\/peppi-ohjeet\/files\/2020\/06\/korkeakoulu-75-900x431.png 900w, https:\/\/blogi.eoppimispalvelut.fi\/peppi-ohjeet\/files\/2020\/06\/korkeakoulu-75-768x368.png 768w, https:\/\/blogi.eoppimispalvelut.fi\/peppi-ohjeet\/files\/2020\/06\/korkeakoulu-75-1536x735.png 1536w, https:\/\/blogi.eoppimispalvelut.fi\/peppi-ohjeet\/files\/2020\/06\/korkeakoulu-75-500x239.png 500w, https:\/\/blogi.eoppimispalvelut.fi\/peppi-ohjeet\/files\/2020\/06\/korkeakoulu-75.png 1941w\" sizes=\"auto, (max-width: 584px) 100vw, 584px\" \/><\/a><p id=\"caption-attachment-3664\" class=\"wp-caption-text\">Klikkaa kuvaa suuremmaksi<\/p><\/div>\n<p>Hae opiskelijan tiedot perushaun kautta. Tulostettavat todistukset l\u00f6ytyv\u00e4t \u201dRaportit\u201d-kohdasta opiskelijan Opiskelutiedoista. Klikkaa haluttua todistusta ja valitse muodoksi PDF.<\/p>\n<div id=\"attachment_3665\" style=\"width: 1012px\" class=\"wp-caption alignnone\"><a href=\"https:\/\/blogi.eoppimispalvelut.fi\/peppi-ohjeet\/files\/2020\/06\/korkeakoulu-76.png\"><img loading=\"lazy\" decoding=\"async\" aria-describedby=\"caption-attachment-3665\" class=\"size-full wp-image-3665\" src=\"https:\/\/blogi.eoppimispalvelut.fi\/peppi-ohjeet\/files\/2020\/06\/korkeakoulu-76.png\" alt=\"Opiskelutodistus\" width=\"1002\" height=\"448\" srcset=\"https:\/\/blogi.eoppimispalvelut.fi\/peppi-ohjeet\/files\/2020\/06\/korkeakoulu-76.png 1002w, https:\/\/blogi.eoppimispalvelut.fi\/peppi-ohjeet\/files\/2020\/06\/korkeakoulu-76-900x402.png 900w, https:\/\/blogi.eoppimispalvelut.fi\/peppi-ohjeet\/files\/2020\/06\/korkeakoulu-76-768x343.png 768w, https:\/\/blogi.eoppimispalvelut.fi\/peppi-ohjeet\/files\/2020\/06\/korkeakoulu-76-500x224.png 500w\" sizes=\"auto, (max-width: 1002px) 100vw, 1002px\" \/><\/a><p id=\"caption-attachment-3665\" class=\"wp-caption-text\">Klikkaa kuvaa suuremmaksi<\/p><\/div>\n<p>Lis\u00e4\u00e4 allekirjoittajan tiedot ja allekirjoitusp\u00e4iv\u00e4m\u00e4\u00e4r\u00e4. Todistukselle voi lis\u00e4t\u00e4 halutessaan my\u00f6s lis\u00e4tietoja. Klikkaa &#8220;Aja raportti&#8221;.<\/p>\n<p><em>Opiskelutodistuksen tulostaminen usealle opiskelijalle<\/em><\/p>\n<div id=\"attachment_3637\" class=\"wp-caption alignnone\">\n<p><a href=\"https:\/\/blogi.eoppimispalvelut.fi\/peppi-ohjeet\/files\/2020\/06\/korkeakoulu-64.png\" data-slb-active=\"1\" data-slb-asset=\"918281907\" data-slb-internal=\"0\" data-slb-group=\"3014\"><img loading=\"lazy\" decoding=\"async\" class=\"size-large wp-image-3637\" src=\"https:\/\/blogi.eoppimispalvelut.fi\/peppi-ohjeet\/files\/2020\/06\/korkeakoulu-64-1280x286.png\" alt=\"Opintosuoritusote\" width=\"584\" height=\"130\" aria-describedby=\"caption-attachment-3637\" srcset=\"https:\/\/blogi.eoppimispalvelut.fi\/peppi-ohjeet\/files\/2020\/06\/korkeakoulu-64-1280x286.png 1280w, https:\/\/blogi.eoppimispalvelut.fi\/peppi-ohjeet\/files\/2020\/06\/korkeakoulu-64-900x201.png 900w, https:\/\/blogi.eoppimispalvelut.fi\/peppi-ohjeet\/files\/2020\/06\/korkeakoulu-64-768x172.png 768w, https:\/\/blogi.eoppimispalvelut.fi\/peppi-ohjeet\/files\/2020\/06\/korkeakoulu-64-1536x343.png 1536w, https:\/\/blogi.eoppimispalvelut.fi\/peppi-ohjeet\/files\/2020\/06\/korkeakoulu-64-500x112.png 500w, https:\/\/blogi.eoppimispalvelut.fi\/peppi-ohjeet\/files\/2020\/06\/korkeakoulu-64.png 1915w\" sizes=\"auto, (max-width: 584px) 100vw, 584px\" \/><\/a><\/p>\n<p id=\"caption-attachment-3637\" class=\"wp-caption-text\">Klikkaa kuvaa suuremmaksi<\/p>\n<\/div>\n<p>Hae halutut opiskelijat perushaun tai rakenteisen haun kautta. Laita rasti niiden opiskelijoiden kohdalle, joille haluat tulostaa opintosuoritusotteen. Klikkaa sen j\u00e4lkeen hakutulosten yl\u00e4puolelta \u201dRaportit\u201d.<\/p>\n<div id=\"attachment_3668\" style=\"width: 594px\" class=\"wp-caption alignnone\"><a href=\"https:\/\/blogi.eoppimispalvelut.fi\/peppi-ohjeet\/files\/2020\/06\/korkeakoulu-77.png\"><img loading=\"lazy\" decoding=\"async\" aria-describedby=\"caption-attachment-3668\" class=\"size-large wp-image-3668\" src=\"https:\/\/blogi.eoppimispalvelut.fi\/peppi-ohjeet\/files\/2020\/06\/korkeakoulu-77-1280x647.png\" alt=\"Opiskelutodistus\" width=\"584\" height=\"295\" srcset=\"https:\/\/blogi.eoppimispalvelut.fi\/peppi-ohjeet\/files\/2020\/06\/korkeakoulu-77-1280x647.png 1280w, https:\/\/blogi.eoppimispalvelut.fi\/peppi-ohjeet\/files\/2020\/06\/korkeakoulu-77-900x455.png 900w, https:\/\/blogi.eoppimispalvelut.fi\/peppi-ohjeet\/files\/2020\/06\/korkeakoulu-77-768x388.png 768w, https:\/\/blogi.eoppimispalvelut.fi\/peppi-ohjeet\/files\/2020\/06\/korkeakoulu-77-500x253.png 500w, https:\/\/blogi.eoppimispalvelut.fi\/peppi-ohjeet\/files\/2020\/06\/korkeakoulu-77.png 1365w\" sizes=\"auto, (max-width: 584px) 100vw, 584px\" \/><\/a><p id=\"caption-attachment-3668\" class=\"wp-caption-text\">Klikkaa kuvaa suuremmaksi<\/p><\/div>\n<p>Lis\u00e4\u00e4 allekirjoittajan tiedot ja allekirjoitusp\u00e4iv\u00e4m\u00e4\u00e4r\u00e4. Todistukselle voi lis\u00e4t\u00e4 halutessaan my\u00f6s lis\u00e4tietoja.<\/p>\n<div id=\"attachment_3638\" class=\"wp-caption alignnone\">\n<p><a href=\"https:\/\/blogi.eoppimispalvelut.fi\/peppi-ohjeet\/files\/2020\/06\/korkeakoulu-66.png\" data-slb-active=\"1\" data-slb-asset=\"530678864\" data-slb-internal=\"0\" data-slb-group=\"3014\"><img loading=\"lazy\" decoding=\"async\" class=\"size-full wp-image-3638\" src=\"https:\/\/blogi.eoppimispalvelut.fi\/peppi-ohjeet\/files\/2020\/06\/korkeakoulu-66.png\" alt=\"Opintosuoritusote\" width=\"692\" height=\"104\" aria-describedby=\"caption-attachment-3638\" srcset=\"https:\/\/blogi.eoppimispalvelut.fi\/peppi-ohjeet\/files\/2020\/06\/korkeakoulu-66.png 692w, https:\/\/blogi.eoppimispalvelut.fi\/peppi-ohjeet\/files\/2020\/06\/korkeakoulu-66-500x75.png 500w\" sizes=\"auto, (max-width: 692px) 100vw, 692px\" \/><\/a><\/p>\n<p id=\"caption-attachment-3638\" class=\"wp-caption-text\">Klikkaa kuvaa suuremmaksi<\/p>\n<\/div>\n<p>Valitse lopuksi raporttilistan lopusta, haluatko kaikki todistukset yhdelle tiedostolle vai kaikki omilleen. Klikkaa \u201dTulosta valitut raportit valituille henkil\u00f6ille\u201d.<\/p>\n<p><em>Opiskelutodistus Atomista<\/em><\/p>\n<div id=\"attachment_3641\" class=\"wp-caption alignnone\">\n<p><a href=\"https:\/\/blogi.eoppimispalvelut.fi\/peppi-ohjeet\/files\/2020\/06\/korkeakoulu-67.png\" data-slb-active=\"1\" data-slb-asset=\"1150201702\" data-slb-internal=\"0\" data-slb-group=\"3014\"><img loading=\"lazy\" decoding=\"async\" class=\"size-large wp-image-3641\" src=\"https:\/\/blogi.eoppimispalvelut.fi\/peppi-ohjeet\/files\/2020\/06\/korkeakoulu-67-1280x351.png\" alt=\"Opintosuoritusote\" width=\"584\" height=\"160\" aria-describedby=\"caption-attachment-3641\" srcset=\"https:\/\/blogi.eoppimispalvelut.fi\/peppi-ohjeet\/files\/2020\/06\/korkeakoulu-67-1280x351.png 1280w, https:\/\/blogi.eoppimispalvelut.fi\/peppi-ohjeet\/files\/2020\/06\/korkeakoulu-67-900x247.png 900w, https:\/\/blogi.eoppimispalvelut.fi\/peppi-ohjeet\/files\/2020\/06\/korkeakoulu-67-768x210.png 768w, https:\/\/blogi.eoppimispalvelut.fi\/peppi-ohjeet\/files\/2020\/06\/korkeakoulu-67-1536x421.png 1536w, https:\/\/blogi.eoppimispalvelut.fi\/peppi-ohjeet\/files\/2020\/06\/korkeakoulu-67-500x137.png 500w, https:\/\/blogi.eoppimispalvelut.fi\/peppi-ohjeet\/files\/2020\/06\/korkeakoulu-67.png 2000w\" sizes=\"auto, (max-width: 584px) 100vw, 584px\" \/><\/a><\/p>\n<p id=\"caption-attachment-3641\" class=\"wp-caption-text\">Klikkaa kuvaa suuremmaksi<\/p>\n<\/div>\n<p>P\u00e4\u00e4set tulostamaan todistuksen s\u00e4hk\u00f6isell\u00e4 allekirjoituksella Atomissa joko etusivun \u201dATOMI\u201d-painikkeen tai yl\u00e4valikon \u201dTilaukset\u201d-painikkeen kautta.<\/p>\n<div id=\"attachment_3635\" class=\"wp-caption alignnone\">\n<p><a href=\"https:\/\/blogi.eoppimispalvelut.fi\/peppi-ohjeet\/files\/2020\/06\/korkeakoulu-63.png\" data-slb-active=\"1\" data-slb-asset=\"1351065208\" data-slb-internal=\"0\" data-slb-group=\"3014\"><img loading=\"lazy\" decoding=\"async\" class=\"size-full wp-image-3635\" src=\"https:\/\/blogi.eoppimispalvelut.fi\/peppi-ohjeet\/files\/2020\/06\/korkeakoulu-63.png\" alt=\"Opintosuoritusote\" width=\"1067\" height=\"230\" aria-describedby=\"caption-attachment-3635\" srcset=\"https:\/\/blogi.eoppimispalvelut.fi\/peppi-ohjeet\/files\/2020\/06\/korkeakoulu-63.png 1067w, https:\/\/blogi.eoppimispalvelut.fi\/peppi-ohjeet\/files\/2020\/06\/korkeakoulu-63-900x194.png 900w, https:\/\/blogi.eoppimispalvelut.fi\/peppi-ohjeet\/files\/2020\/06\/korkeakoulu-63-768x166.png 768w, https:\/\/blogi.eoppimispalvelut.fi\/peppi-ohjeet\/files\/2020\/06\/korkeakoulu-63-500x108.png 500w\" sizes=\"auto, (max-width: 1067px) 100vw, 1067px\" \/><\/a><\/p>\n<p id=\"caption-attachment-3635\" class=\"wp-caption-text\">Klikkaa kuvaa suuremmaksi<\/p>\n<\/div>\n<p>Avautuvassa n\u00e4kym\u00e4ss\u00e4 voit hakea opiskelijoita eri hakuehdoilla. \u201dAllekirjoitetut dokumentit\u201d -v\u00e4lilehdell\u00e4 n\u00e4et todistukset, joita opiskelijat ovat ladanneet itse Atomista.<\/p>\n<div id=\"attachment_3646\" class=\"wp-caption alignnone\">\n<p><a href=\"https:\/\/blogi.eoppimispalvelut.fi\/peppi-ohjeet\/files\/2020\/06\/korkeakoulu-68.png\" data-slb-active=\"1\" data-slb-asset=\"1938687810\" data-slb-internal=\"0\" data-slb-group=\"3014\"><img loading=\"lazy\" decoding=\"async\" class=\"size-large wp-image-3646\" src=\"https:\/\/blogi.eoppimispalvelut.fi\/peppi-ohjeet\/files\/2020\/06\/korkeakoulu-68-1280x485.png\" alt=\"Opintosuoritusote\" width=\"584\" height=\"221\" aria-describedby=\"caption-attachment-3646\" srcset=\"https:\/\/blogi.eoppimispalvelut.fi\/peppi-ohjeet\/files\/2020\/06\/korkeakoulu-68-1280x485.png 1280w, https:\/\/blogi.eoppimispalvelut.fi\/peppi-ohjeet\/files\/2020\/06\/korkeakoulu-68-900x341.png 900w, https:\/\/blogi.eoppimispalvelut.fi\/peppi-ohjeet\/files\/2020\/06\/korkeakoulu-68-768x291.png 768w, https:\/\/blogi.eoppimispalvelut.fi\/peppi-ohjeet\/files\/2020\/06\/korkeakoulu-68-500x190.png 500w, https:\/\/blogi.eoppimispalvelut.fi\/peppi-ohjeet\/files\/2020\/06\/korkeakoulu-68.png 1342w\" sizes=\"auto, (max-width: 584px) 100vw, 584px\" \/><\/a><\/p>\n<p id=\"caption-attachment-3646\" class=\"wp-caption-text\">Klikkaa kuvaa suuremmaksi<\/p>\n<\/div>\n<p>Valitse hakutuloksista oikea henkil\u00f6 ja klikkaa opiskelijan kohdalta.<\/p>\n<div id=\"attachment_3648\" class=\"wp-caption alignnone\">\n<p><a href=\"https:\/\/blogi.eoppimispalvelut.fi\/peppi-ohjeet\/files\/2020\/06\/korkeakoulu-70.png\" data-slb-active=\"1\" data-slb-asset=\"2086231948\" data-slb-internal=\"0\" data-slb-group=\"3014\"><img loading=\"lazy\" decoding=\"async\" class=\"size-large wp-image-3648\" src=\"https:\/\/blogi.eoppimispalvelut.fi\/peppi-ohjeet\/files\/2020\/06\/korkeakoulu-70-1280x298.png\" alt=\"Opintosuoritusote\" width=\"584\" height=\"136\" aria-describedby=\"caption-attachment-3648\" srcset=\"https:\/\/blogi.eoppimispalvelut.fi\/peppi-ohjeet\/files\/2020\/06\/korkeakoulu-70-1280x298.png 1280w, https:\/\/blogi.eoppimispalvelut.fi\/peppi-ohjeet\/files\/2020\/06\/korkeakoulu-70-900x209.png 900w, https:\/\/blogi.eoppimispalvelut.fi\/peppi-ohjeet\/files\/2020\/06\/korkeakoulu-70-768x179.png 768w, https:\/\/blogi.eoppimispalvelut.fi\/peppi-ohjeet\/files\/2020\/06\/korkeakoulu-70-1536x357.png 1536w, https:\/\/blogi.eoppimispalvelut.fi\/peppi-ohjeet\/files\/2020\/06\/korkeakoulu-70-500x116.png 500w, https:\/\/blogi.eoppimispalvelut.fi\/peppi-ohjeet\/files\/2020\/06\/korkeakoulu-70.png 1646w\" sizes=\"auto, (max-width: 584px) 100vw, 584px\" \/><\/a><\/p>\n<p id=\"caption-attachment-3648\" class=\"wp-caption-text\">Klikkaa kuvaa suuremmaksi<\/p>\n<\/div>\n<p>Klikkaa \u201dLuo dokumentti\u201d.<\/p>\n<div id=\"attachment_3673\" style=\"width: 1150px\" class=\"wp-caption alignnone\"><a href=\"https:\/\/blogi.eoppimispalvelut.fi\/peppi-ohjeet\/files\/2020\/06\/korkeakoulu-82.png\"><img loading=\"lazy\" decoding=\"async\" aria-describedby=\"caption-attachment-3673\" class=\"size-full wp-image-3673\" src=\"https:\/\/blogi.eoppimispalvelut.fi\/peppi-ohjeet\/files\/2020\/06\/korkeakoulu-82.png\" alt=\"Opiskelutodistus\" width=\"1140\" height=\"359\" srcset=\"https:\/\/blogi.eoppimispalvelut.fi\/peppi-ohjeet\/files\/2020\/06\/korkeakoulu-82.png 1140w, https:\/\/blogi.eoppimispalvelut.fi\/peppi-ohjeet\/files\/2020\/06\/korkeakoulu-82-900x283.png 900w, https:\/\/blogi.eoppimispalvelut.fi\/peppi-ohjeet\/files\/2020\/06\/korkeakoulu-82-768x242.png 768w, https:\/\/blogi.eoppimispalvelut.fi\/peppi-ohjeet\/files\/2020\/06\/korkeakoulu-82-500x157.png 500w\" sizes=\"auto, (max-width: 1140px) 100vw, 1140px\" \/><\/a><p id=\"caption-attachment-3673\" class=\"wp-caption-text\">Klikkaa kuvaa suuremmaksi<\/p><\/div>\n<p>Valitse haluttu todistus ja kieli ja valitse \u201dLuo dokumentti\u201d.<\/p>\n<div id=\"attachment_3674\" style=\"width: 594px\" class=\"wp-caption alignnone\"><a href=\"https:\/\/blogi.eoppimispalvelut.fi\/peppi-ohjeet\/files\/2020\/06\/korkeakoulu-83.png\"><img loading=\"lazy\" decoding=\"async\" aria-describedby=\"caption-attachment-3674\" class=\"size-large wp-image-3674\" src=\"https:\/\/blogi.eoppimispalvelut.fi\/peppi-ohjeet\/files\/2020\/06\/korkeakoulu-83-1280x412.png\" alt=\"Opiskelutodistus\" width=\"584\" height=\"188\" srcset=\"https:\/\/blogi.eoppimispalvelut.fi\/peppi-ohjeet\/files\/2020\/06\/korkeakoulu-83-1280x412.png 1280w, https:\/\/blogi.eoppimispalvelut.fi\/peppi-ohjeet\/files\/2020\/06\/korkeakoulu-83-900x290.png 900w, https:\/\/blogi.eoppimispalvelut.fi\/peppi-ohjeet\/files\/2020\/06\/korkeakoulu-83-768x247.png 768w, https:\/\/blogi.eoppimispalvelut.fi\/peppi-ohjeet\/files\/2020\/06\/korkeakoulu-83-1536x495.png 1536w, https:\/\/blogi.eoppimispalvelut.fi\/peppi-ohjeet\/files\/2020\/06\/korkeakoulu-83-500x161.png 500w, https:\/\/blogi.eoppimispalvelut.fi\/peppi-ohjeet\/files\/2020\/06\/korkeakoulu-83.png 2000w\" sizes=\"auto, (max-width: 584px) 100vw, 584px\" \/><\/a><p id=\"caption-attachment-3674\" class=\"wp-caption-text\">Klikkaa kuvaa suuremmaksi<\/p><\/div>\n<p>Atomi muodostaa dokumentin, jonka voit ladata tai l\u00e4hett\u00e4\u00e4.<br \/>\nLadatun dokumentin voit avata PDF:n\u00e4. L\u00e4hett\u00e4minen tarkoittaa l\u00e4hett\u00e4mist\u00e4 opiskelijan ty\u00f6p\u00f6yd\u00e4n vastaavaan palveluun opiskelijan Dokumentit-v\u00e4lilehdelle.<\/p>\n<div id=\"attachment_3654\" class=\"wp-caption alignnone\">\n<p><a href=\"https:\/\/blogi.eoppimispalvelut.fi\/peppi-ohjeet\/files\/2020\/06\/korkeakoulu-73.png\" data-slb-active=\"1\" data-slb-asset=\"1253981456\" data-slb-internal=\"0\" data-slb-group=\"3014\"><img loading=\"lazy\" decoding=\"async\" class=\"size-full wp-image-3654\" src=\"https:\/\/blogi.eoppimispalvelut.fi\/peppi-ohjeet\/files\/2020\/06\/korkeakoulu-73.png\" alt=\"Opintosuoritusote\" width=\"969\" height=\"292\" aria-describedby=\"caption-attachment-3654\" srcset=\"https:\/\/blogi.eoppimispalvelut.fi\/peppi-ohjeet\/files\/2020\/06\/korkeakoulu-73.png 969w, https:\/\/blogi.eoppimispalvelut.fi\/peppi-ohjeet\/files\/2020\/06\/korkeakoulu-73-900x271.png 900w, https:\/\/blogi.eoppimispalvelut.fi\/peppi-ohjeet\/files\/2020\/06\/korkeakoulu-73-768x231.png 768w, https:\/\/blogi.eoppimispalvelut.fi\/peppi-ohjeet\/files\/2020\/06\/korkeakoulu-73-500x151.png 500w\" sizes=\"auto, (max-width: 969px) 100vw, 969px\" \/><\/a><\/p>\n<p id=\"caption-attachment-3654\" class=\"wp-caption-text\">Klikkaa kuvaa suuremmaksi<\/p>\n<\/div>\n<p>Todistuksessa on s\u00e4hk\u00f6inen allekirjoitus, jonka aitouden voi halutessaan varmistaa kuvassa n\u00e4kyv\u00e4ss\u00e4 osoitteessa.<\/p>\n<p>&nbsp;<\/p>\n<hr \/>\n<p>Takaisin\u00a0<a href=\"https:\/\/blogi.eoppimispalvelut.fi\/peppi-ohjeet\/oppimis-ja-ohjauspalvelut\/\">Oppimis- ja ohjauspalveluiden<\/a>\u00a0sivulle<\/p>\n","protected":false},"excerpt":{"rendered":"<p>Opiskelutodistuksella n\u00e4kyv\u00e4t opiskelijan opiskeluoikeuden perustiedot ja l\u00e4sn\u00e4olotiedot. Opiskelutodistus yksitt\u00e4iselle opiskelijalle Hae opiskelijan tiedot perushaun kautta. Tulostettavat todistukset l\u00f6ytyv\u00e4t \u201dRaportit\u201d-kohdasta opiskelijan Opiskelutiedoista. Klikkaa haluttua todistusta ja valitse muodoksi PDF. Lis\u00e4\u00e4 allekirjoittajan tiedot ja allekirjoitusp\u00e4iv\u00e4m\u00e4\u00e4r\u00e4. Todistukselle voi lis\u00e4t\u00e4 halutessaan my\u00f6s lis\u00e4tietoja. Klikkaa &hellip; <a href=\"https:\/\/blogi.eoppimispalvelut.fi\/peppi-ohjeet\/oppimis-ja-ohjauspalvelut\/opiskelutodistus\/\">Continue reading <span class=\"meta-nav\">&rarr;<\/span><\/a><\/p>\n","protected":false},"author":2214,"featured_media":0,"parent":211,"menu_order":0,"comment_status":"closed","ping_status":"closed","template":"","meta":{"_monsterinsights_skip_tracking":false,"_monsterinsights_sitenote_active":false,"_monsterinsights_sitenote_note":"","_monsterinsights_sitenote_category":0,"footnotes":""},"class_list":["post-3016","page","type-page","status-publish","hentry"],"_links":{"self":[{"href":"https:\/\/blogi.eoppimispalvelut.fi\/peppi-ohjeet\/wp-json\/wp\/v2\/pages\/3016","targetHints":{"allow":["GET"]}}],"collection":[{"href":"https:\/\/blogi.eoppimispalvelut.fi\/peppi-ohjeet\/wp-json\/wp\/v2\/pages"}],"about":[{"href":"https:\/\/blogi.eoppimispalvelut.fi\/peppi-ohjeet\/wp-json\/wp\/v2\/types\/page"}],"author":[{"embeddable":true,"href":"https:\/\/blogi.eoppimispalvelut.fi\/peppi-ohjeet\/wp-json\/wp\/v2\/users\/2214"}],"replies":[{"embeddable":true,"href":"https:\/\/blogi.eoppimispalvelut.fi\/peppi-ohjeet\/wp-json\/wp\/v2\/comments?post=3016"}],"version-history":[{"count":7,"href":"https:\/\/blogi.eoppimispalvelut.fi\/peppi-ohjeet\/wp-json\/wp\/v2\/pages\/3016\/revisions"}],"predecessor-version":[{"id":5809,"href":"https:\/\/blogi.eoppimispalvelut.fi\/peppi-ohjeet\/wp-json\/wp\/v2\/pages\/3016\/revisions\/5809"}],"up":[{"embeddable":true,"href":"https:\/\/blogi.eoppimispalvelut.fi\/peppi-ohjeet\/wp-json\/wp\/v2\/pages\/211"}],"wp:attachment":[{"href":"https:\/\/blogi.eoppimispalvelut.fi\/peppi-ohjeet\/wp-json\/wp\/v2\/media?parent=3016"}],"curies":[{"name":"wp","href":"https:\/\/api.w.org\/{rel}","templated":true}]}}