{"id":3018,"date":"2020-05-18T13:33:03","date_gmt":"2020-05-18T10:33:03","guid":{"rendered":"https:\/\/blogi.eoppimispalvelut.fi\/peppi-ohjeet\/?page_id=3018"},"modified":"2022-03-07T14:59:34","modified_gmt":"2022-03-07T12:59:34","slug":"erotodistus","status":"publish","type":"page","link":"https:\/\/blogi.eoppimispalvelut.fi\/peppi-ohjeet\/oppimis-ja-ohjauspalvelut\/erotodistus\/","title":{"rendered":"Erotodistus"},"content":{"rendered":"<p>Erotodistus tehd\u00e4\u00e4n opiskelijalle seuraavissa tapauksissa:<\/p>\n<ul>\n<li>opiskelija on t\u00e4ytt\u00e4nyt eroilmoituksen E-lomakkeen kautta<\/li>\n<li>opiskelijan opiskeluoikeusaika on p\u00e4\u00e4ttynyt<\/li>\n<li>opiskelija on laiminly\u00f6nyt lukuvuosi-ilmoittautumisen<\/li>\n<\/ul>\n<p>L\u00e4het\u00e4 erotodistus opiskelijalle postitse. Tulosta erotodistuksen lis\u00e4ksi opintosuoritusote suomeksi ja englanniksi. Ohjeen opiskelijan eron kirjaamisesta l\u00f6yd\u00e4t <a href=\"https:\/\/blogi.eoppimispalvelut.fi\/peppi-ohjeet\/oppimis-ja-ohjauspalvelut\/lasnaolotiedot\/\">L\u00e4sn\u00e4olotiedot-ohjeesta<\/a> kohdasta Eroaminen.<\/p>\n<p><em>Erotodistus yksitt\u00e4iselle opiskelijalle<\/em><\/p>\n<div id=\"attachment_3679\" style=\"width: 594px\" class=\"wp-caption alignnone\"><a href=\"https:\/\/blogi.eoppimispalvelut.fi\/peppi-ohjeet\/files\/2020\/06\/korkeakoulu-84.png\"><img loading=\"lazy\" decoding=\"async\" aria-describedby=\"caption-attachment-3679\" class=\"size-large wp-image-3679\" src=\"https:\/\/blogi.eoppimispalvelut.fi\/peppi-ohjeet\/files\/2020\/06\/korkeakoulu-84-1280x721.png\" alt=\"Erotodistus\" width=\"584\" height=\"329\" srcset=\"https:\/\/blogi.eoppimispalvelut.fi\/peppi-ohjeet\/files\/2020\/06\/korkeakoulu-84-1280x721.png 1280w, https:\/\/blogi.eoppimispalvelut.fi\/peppi-ohjeet\/files\/2020\/06\/korkeakoulu-84-900x507.png 900w, https:\/\/blogi.eoppimispalvelut.fi\/peppi-ohjeet\/files\/2020\/06\/korkeakoulu-84-768x433.png 768w, https:\/\/blogi.eoppimispalvelut.fi\/peppi-ohjeet\/files\/2020\/06\/korkeakoulu-84-1536x865.png 1536w, https:\/\/blogi.eoppimispalvelut.fi\/peppi-ohjeet\/files\/2020\/06\/korkeakoulu-84-500x282.png 500w, https:\/\/blogi.eoppimispalvelut.fi\/peppi-ohjeet\/files\/2020\/06\/korkeakoulu-84.png 1802w\" sizes=\"auto, (max-width: 584px) 100vw, 584px\" \/><\/a><p id=\"caption-attachment-3679\" class=\"wp-caption-text\">Klikkaa kuvaa suuremmaksi<\/p><\/div>\n<p>Hae opiskelijan tiedot perushaun kautta. Tulostettavat todistukset l\u00f6ytyv\u00e4t \u201dRaportit\u201d-kohdasta opiskelijan Opiskelutiedoista. Klikkaa haluttua todistusta ja valitse muodoksi PDF.<\/p>\n<div id=\"attachment_3681\" style=\"width: 1010px\" class=\"wp-caption alignnone\"><a href=\"https:\/\/blogi.eoppimispalvelut.fi\/peppi-ohjeet\/files\/2020\/06\/korkeakoulu-85.png\"><img loading=\"lazy\" decoding=\"async\" aria-describedby=\"caption-attachment-3681\" class=\"size-full wp-image-3681\" src=\"https:\/\/blogi.eoppimispalvelut.fi\/peppi-ohjeet\/files\/2020\/06\/korkeakoulu-85.png\" alt=\"Erotodistus\" width=\"1000\" height=\"628\" srcset=\"https:\/\/blogi.eoppimispalvelut.fi\/peppi-ohjeet\/files\/2020\/06\/korkeakoulu-85.png 1000w, https:\/\/blogi.eoppimispalvelut.fi\/peppi-ohjeet\/files\/2020\/06\/korkeakoulu-85-900x565.png 900w, https:\/\/blogi.eoppimispalvelut.fi\/peppi-ohjeet\/files\/2020\/06\/korkeakoulu-85-768x482.png 768w, https:\/\/blogi.eoppimispalvelut.fi\/peppi-ohjeet\/files\/2020\/06\/korkeakoulu-85-478x300.png 478w\" sizes=\"auto, (max-width: 1000px) 100vw, 1000px\" \/><\/a><p id=\"caption-attachment-3681\" class=\"wp-caption-text\">Klikkaa kuvaa suuremmaksi<\/p><\/div>\n<p>Tee halutut valinnat ja lis\u00e4\u00e4 allekirjoittajan tiedot. Klikkaa &#8220;Aja raportti&#8221;.<\/p>\n<p><em>Opiskelutodistuksen tulostaminen usealle opiskelijalle<\/em><\/p>\n<div id=\"attachment_3637\" class=\"wp-caption alignnone\">\n<p><a href=\"https:\/\/blogi.eoppimispalvelut.fi\/peppi-ohjeet\/files\/2020\/06\/korkeakoulu-64.png\" data-slb-active=\"1\" data-slb-asset=\"358076782\" data-slb-internal=\"0\" data-slb-group=\"3016_3014\"><img loading=\"lazy\" decoding=\"async\" class=\"size-large wp-image-3637\" src=\"https:\/\/blogi.eoppimispalvelut.fi\/peppi-ohjeet\/files\/2020\/06\/korkeakoulu-64-1280x286.png\" alt=\"Opintosuoritusote\" width=\"584\" height=\"130\" aria-describedby=\"caption-attachment-3637\" srcset=\"https:\/\/blogi.eoppimispalvelut.fi\/peppi-ohjeet\/files\/2020\/06\/korkeakoulu-64-1280x286.png 1280w, https:\/\/blogi.eoppimispalvelut.fi\/peppi-ohjeet\/files\/2020\/06\/korkeakoulu-64-900x201.png 900w, https:\/\/blogi.eoppimispalvelut.fi\/peppi-ohjeet\/files\/2020\/06\/korkeakoulu-64-768x172.png 768w, https:\/\/blogi.eoppimispalvelut.fi\/peppi-ohjeet\/files\/2020\/06\/korkeakoulu-64-1536x343.png 1536w, https:\/\/blogi.eoppimispalvelut.fi\/peppi-ohjeet\/files\/2020\/06\/korkeakoulu-64-500x112.png 500w, https:\/\/blogi.eoppimispalvelut.fi\/peppi-ohjeet\/files\/2020\/06\/korkeakoulu-64.png 1915w\" sizes=\"auto, (max-width: 584px) 100vw, 584px\" \/><\/a><\/p>\n<p id=\"caption-attachment-3637\" class=\"wp-caption-text\">Klikkaa kuvaa suuremmaksi<\/p>\n<\/div>\n<p>Hae halutut opiskelijat ja laita rasti niiden opiskelijoiden kohdalle, joille haluat tulostaa erotodistuksen. Klikkaa sen j\u00e4lkeen hakutulosten yl\u00e4puolelta \u201dRaportit\u201d.<\/p>\n<div id=\"attachment_5810\" style=\"width: 594px\" class=\"wp-caption alignnone\"><a href=\"https:\/\/blogi.eoppimispalvelut.fi\/peppi-ohjeet\/files\/2022\/03\/oppimis-21.png\"><img loading=\"lazy\" decoding=\"async\" aria-describedby=\"caption-attachment-5810\" class=\"size-large wp-image-5810\" src=\"https:\/\/blogi.eoppimispalvelut.fi\/peppi-ohjeet\/files\/2022\/03\/oppimis-21-1280x796.png\" alt=\"Erotodistus\" width=\"584\" height=\"363\" srcset=\"https:\/\/blogi.eoppimispalvelut.fi\/peppi-ohjeet\/files\/2022\/03\/oppimis-21-1280x796.png 1280w, https:\/\/blogi.eoppimispalvelut.fi\/peppi-ohjeet\/files\/2022\/03\/oppimis-21-600x373.png 600w, https:\/\/blogi.eoppimispalvelut.fi\/peppi-ohjeet\/files\/2022\/03\/oppimis-21-768x477.png 768w, https:\/\/blogi.eoppimispalvelut.fi\/peppi-ohjeet\/files\/2022\/03\/oppimis-21-1536x955.png 1536w, https:\/\/blogi.eoppimispalvelut.fi\/peppi-ohjeet\/files\/2022\/03\/oppimis-21-483x300.png 483w, https:\/\/blogi.eoppimispalvelut.fi\/peppi-ohjeet\/files\/2022\/03\/oppimis-21.png 1541w\" sizes=\"auto, (max-width: 584px) 100vw, 584px\" \/><\/a><p id=\"caption-attachment-5810\" class=\"wp-caption-text\">Klikkaa kuvaa suuremmaksi<\/p><\/div>\n<p>Tee tarvittavat valinnat ja lis\u00e4\u00e4 allekirjoittajan tiedot. Todistukselle voi halutessaan kirjoittaa lis\u00e4tietoja. Valitse lopuksi raporttilistan lopusta, haluatko kaikki todistukset yhdelle tiedostolle vai kaikki omilleen. Klikkaa \u201dTulosta valitut raportit valituille henkil\u00f6ille\u201d.<\/p>\n<p>&nbsp;<\/p>\n<hr \/>\n<p>Takaisin\u00a0<a href=\"https:\/\/blogi.eoppimispalvelut.fi\/peppi-ohjeet\/oppimis-ja-ohjauspalvelut\/\">Oppimis- ja ohjauspalveluiden<\/a>\u00a0sivulle<\/p>\n","protected":false},"excerpt":{"rendered":"<p>Erotodistus tehd\u00e4\u00e4n opiskelijalle seuraavissa tapauksissa: opiskelija on t\u00e4ytt\u00e4nyt eroilmoituksen E-lomakkeen kautta opiskelijan opiskeluoikeusaika on p\u00e4\u00e4ttynyt opiskelija on laiminly\u00f6nyt lukuvuosi-ilmoittautumisen L\u00e4het\u00e4 erotodistus opiskelijalle postitse. Tulosta erotodistuksen lis\u00e4ksi opintosuoritusote suomeksi ja englanniksi. Ohjeen opiskelijan eron kirjaamisesta l\u00f6yd\u00e4t L\u00e4sn\u00e4olotiedot-ohjeesta kohdasta Eroaminen. Erotodistus yksitt\u00e4iselle &hellip; <a href=\"https:\/\/blogi.eoppimispalvelut.fi\/peppi-ohjeet\/oppimis-ja-ohjauspalvelut\/erotodistus\/\">Continue reading <span class=\"meta-nav\">&rarr;<\/span><\/a><\/p>\n","protected":false},"author":2214,"featured_media":0,"parent":211,"menu_order":0,"comment_status":"closed","ping_status":"closed","template":"","meta":{"_monsterinsights_skip_tracking":false,"_monsterinsights_sitenote_active":false,"_monsterinsights_sitenote_note":"","_monsterinsights_sitenote_category":0,"footnotes":""},"class_list":["post-3018","page","type-page","status-publish","hentry"],"_links":{"self":[{"href":"https:\/\/blogi.eoppimispalvelut.fi\/peppi-ohjeet\/wp-json\/wp\/v2\/pages\/3018","targetHints":{"allow":["GET"]}}],"collection":[{"href":"https:\/\/blogi.eoppimispalvelut.fi\/peppi-ohjeet\/wp-json\/wp\/v2\/pages"}],"about":[{"href":"https:\/\/blogi.eoppimispalvelut.fi\/peppi-ohjeet\/wp-json\/wp\/v2\/types\/page"}],"author":[{"embeddable":true,"href":"https:\/\/blogi.eoppimispalvelut.fi\/peppi-ohjeet\/wp-json\/wp\/v2\/users\/2214"}],"replies":[{"embeddable":true,"href":"https:\/\/blogi.eoppimispalvelut.fi\/peppi-ohjeet\/wp-json\/wp\/v2\/comments?post=3018"}],"version-history":[{"count":7,"href":"https:\/\/blogi.eoppimispalvelut.fi\/peppi-ohjeet\/wp-json\/wp\/v2\/pages\/3018\/revisions"}],"predecessor-version":[{"id":5811,"href":"https:\/\/blogi.eoppimispalvelut.fi\/peppi-ohjeet\/wp-json\/wp\/v2\/pages\/3018\/revisions\/5811"}],"up":[{"embeddable":true,"href":"https:\/\/blogi.eoppimispalvelut.fi\/peppi-ohjeet\/wp-json\/wp\/v2\/pages\/211"}],"wp:attachment":[{"href":"https:\/\/blogi.eoppimispalvelut.fi\/peppi-ohjeet\/wp-json\/wp\/v2\/media?parent=3018"}],"curies":[{"name":"wp","href":"https:\/\/api.w.org\/{rel}","templated":true}]}}