{"id":3020,"date":"2020-05-18T13:33:20","date_gmt":"2020-05-18T10:33:20","guid":{"rendered":"https:\/\/blogi.eoppimispalvelut.fi\/peppi-ohjeet\/?page_id=3020"},"modified":"2022-03-07T15:01:29","modified_gmt":"2022-03-07T13:01:29","slug":"selvitys-opinnoista","status":"publish","type":"page","link":"https:\/\/blogi.eoppimispalvelut.fi\/peppi-ohjeet\/oppimis-ja-ohjauspalvelut\/selvitys-opinnoista\/","title":{"rendered":"Selvitys opinnoista"},"content":{"rendered":"<p>Selvitys opinnoista -todistuksella n\u00e4kyv\u00e4t opiskelijan suorittamat opintopisteet ja lukukausittain tai vuosittain. Lis\u00e4ksi todistuksella n\u00e4kyv\u00e4t mahdollisten hyv\u00e4ksilukujen opintopistem\u00e4\u00e4r\u00e4t.<\/p>\n<div id=\"attachment_3686\" style=\"width: 594px\" class=\"wp-caption alignnone\"><a href=\"https:\/\/blogi.eoppimispalvelut.fi\/peppi-ohjeet\/files\/2020\/06\/korkeakoulu-86.png\"><img loading=\"lazy\" decoding=\"async\" aria-describedby=\"caption-attachment-3686\" class=\"size-large wp-image-3686\" src=\"https:\/\/blogi.eoppimispalvelut.fi\/peppi-ohjeet\/files\/2020\/06\/korkeakoulu-86-1280x812.png\" alt=\"Selvitys opinnoista\" width=\"584\" height=\"370\" srcset=\"https:\/\/blogi.eoppimispalvelut.fi\/peppi-ohjeet\/files\/2020\/06\/korkeakoulu-86-1280x812.png 1280w, https:\/\/blogi.eoppimispalvelut.fi\/peppi-ohjeet\/files\/2020\/06\/korkeakoulu-86-900x571.png 900w, https:\/\/blogi.eoppimispalvelut.fi\/peppi-ohjeet\/files\/2020\/06\/korkeakoulu-86-768x487.png 768w, https:\/\/blogi.eoppimispalvelut.fi\/peppi-ohjeet\/files\/2020\/06\/korkeakoulu-86-1536x975.png 1536w, https:\/\/blogi.eoppimispalvelut.fi\/peppi-ohjeet\/files\/2020\/06\/korkeakoulu-86-473x300.png 473w, https:\/\/blogi.eoppimispalvelut.fi\/peppi-ohjeet\/files\/2020\/06\/korkeakoulu-86.png 1628w\" sizes=\"auto, (max-width: 584px) 100vw, 584px\" \/><\/a><p id=\"caption-attachment-3686\" class=\"wp-caption-text\">Klikkaa kuvaa suuremmaksi<\/p><\/div>\n<p>Hae opiskelijan tiedot. Tulostettavat todistukset l\u00f6ytyv\u00e4t \u201dRaportit\u201d-kohdasta opiskelijan Opiskelutiedoista. Klikkaa haluttua todistusta ja valitse muodoksi PDF.<\/p>\n<div id=\"attachment_3687\" style=\"width: 1008px\" class=\"wp-caption alignnone\"><a href=\"https:\/\/blogi.eoppimispalvelut.fi\/peppi-ohjeet\/files\/2020\/06\/korkeakoulu-87.png\"><img loading=\"lazy\" decoding=\"async\" aria-describedby=\"caption-attachment-3687\" class=\"size-full wp-image-3687\" src=\"https:\/\/blogi.eoppimispalvelut.fi\/peppi-ohjeet\/files\/2020\/06\/korkeakoulu-87.png\" alt=\"Selvitys opinnoista\" width=\"998\" height=\"704\" srcset=\"https:\/\/blogi.eoppimispalvelut.fi\/peppi-ohjeet\/files\/2020\/06\/korkeakoulu-87.png 998w, https:\/\/blogi.eoppimispalvelut.fi\/peppi-ohjeet\/files\/2020\/06\/korkeakoulu-87-900x635.png 900w, https:\/\/blogi.eoppimispalvelut.fi\/peppi-ohjeet\/files\/2020\/06\/korkeakoulu-87-768x542.png 768w, https:\/\/blogi.eoppimispalvelut.fi\/peppi-ohjeet\/files\/2020\/06\/korkeakoulu-87-425x300.png 425w\" sizes=\"auto, (max-width: 998px) 100vw, 998px\" \/><\/a><p id=\"caption-attachment-3687\" class=\"wp-caption-text\">Klikkaa kuvaa suuremmaksi<\/p><\/div>\n<p>Tee halutut valinnat, lis\u00e4\u00e4 allekirjoittajan tiedot ja allekirjoitusp\u00e4iv\u00e4m\u00e4\u00e4r\u00e4. Klikkaa \u201dAja raportti\u201d.<\/p>\n<p>&nbsp;<\/p>\n<p><em>Selvitys opinnoista usealle opiskelijalle<\/em><\/p>\n<div id=\"attachment_3637\" class=\"wp-caption alignnone\">\n<p><a href=\"https:\/\/blogi.eoppimispalvelut.fi\/peppi-ohjeet\/files\/2020\/06\/korkeakoulu-64.png\" data-slb-active=\"1\" data-slb-asset=\"880931491\" data-slb-internal=\"0\" data-slb-group=\"3016_3014\"><img loading=\"lazy\" decoding=\"async\" class=\"size-large wp-image-3637\" src=\"https:\/\/blogi.eoppimispalvelut.fi\/peppi-ohjeet\/files\/2020\/06\/korkeakoulu-64-1280x286.png\" alt=\"Opintosuoritusote\" width=\"584\" height=\"130\" aria-describedby=\"caption-attachment-3637\" srcset=\"https:\/\/blogi.eoppimispalvelut.fi\/peppi-ohjeet\/files\/2020\/06\/korkeakoulu-64-1280x286.png 1280w, https:\/\/blogi.eoppimispalvelut.fi\/peppi-ohjeet\/files\/2020\/06\/korkeakoulu-64-900x201.png 900w, https:\/\/blogi.eoppimispalvelut.fi\/peppi-ohjeet\/files\/2020\/06\/korkeakoulu-64-768x172.png 768w, https:\/\/blogi.eoppimispalvelut.fi\/peppi-ohjeet\/files\/2020\/06\/korkeakoulu-64-1536x343.png 1536w, https:\/\/blogi.eoppimispalvelut.fi\/peppi-ohjeet\/files\/2020\/06\/korkeakoulu-64-500x112.png 500w, https:\/\/blogi.eoppimispalvelut.fi\/peppi-ohjeet\/files\/2020\/06\/korkeakoulu-64.png 1915w\" sizes=\"auto, (max-width: 584px) 100vw, 584px\" \/><\/a><\/p>\n<p id=\"caption-attachment-3637\" class=\"wp-caption-text\">Klikkaa kuvaa suuremmaksi<\/p>\n<\/div>\n<p>Hae halutut opiskelijat perushaun tai rakenteisen haun kautta ja laita rasti niiden opiskelijoiden kohdalle, joille haluat tulostaa selvityksen opinnoista. Klikkaa sen j\u00e4lkeen hakutulosten yl\u00e4puolelta \u201dRaportit\u201d.<\/p>\n<div id=\"attachment_3883\" style=\"width: 1090px\" class=\"wp-caption alignnone\"><a href=\"https:\/\/blogi.eoppimispalvelut.fi\/peppi-ohjeet\/files\/2020\/08\/korkeakoulu-118.png\"><img loading=\"lazy\" decoding=\"async\" aria-describedby=\"caption-attachment-3883\" class=\"size-full wp-image-3883\" src=\"https:\/\/blogi.eoppimispalvelut.fi\/peppi-ohjeet\/files\/2020\/08\/korkeakoulu-118.png\" alt=\"Selvitys opinnoista\" width=\"1080\" height=\"596\" srcset=\"https:\/\/blogi.eoppimispalvelut.fi\/peppi-ohjeet\/files\/2020\/08\/korkeakoulu-118.png 1080w, https:\/\/blogi.eoppimispalvelut.fi\/peppi-ohjeet\/files\/2020\/08\/korkeakoulu-118-900x497.png 900w, https:\/\/blogi.eoppimispalvelut.fi\/peppi-ohjeet\/files\/2020\/08\/korkeakoulu-118-768x424.png 768w, https:\/\/blogi.eoppimispalvelut.fi\/peppi-ohjeet\/files\/2020\/08\/korkeakoulu-118-500x276.png 500w\" sizes=\"auto, (max-width: 1080px) 100vw, 1080px\" \/><\/a><p id=\"caption-attachment-3883\" class=\"wp-caption-text\">Klikkaa kuvaa suuremmaksi<\/p><\/div>\n<p>Valitse Selvitys opinnoista aikav\u00e4lill\u00e4 X-Y ja tee halutut valinnat, lis\u00e4\u00e4 allekirjoittajan tiedot ja allekirjoitusp\u00e4iv\u00e4m\u00e4\u00e4r\u00e4.<\/p>\n<div id=\"attachment_3638\" class=\"wp-caption alignnone\">\n<p><a href=\"https:\/\/blogi.eoppimispalvelut.fi\/peppi-ohjeet\/files\/2020\/06\/korkeakoulu-66.png\" data-slb-active=\"1\" data-slb-asset=\"1791933856\" data-slb-internal=\"0\" data-slb-group=\"3016_3014\"><img loading=\"lazy\" decoding=\"async\" class=\"size-full wp-image-3638\" src=\"https:\/\/blogi.eoppimispalvelut.fi\/peppi-ohjeet\/files\/2020\/06\/korkeakoulu-66.png\" alt=\"Opintosuoritusote\" width=\"692\" height=\"104\" aria-describedby=\"caption-attachment-3638\" srcset=\"https:\/\/blogi.eoppimispalvelut.fi\/peppi-ohjeet\/files\/2020\/06\/korkeakoulu-66.png 692w, https:\/\/blogi.eoppimispalvelut.fi\/peppi-ohjeet\/files\/2020\/06\/korkeakoulu-66-500x75.png 500w\" sizes=\"auto, (max-width: 692px) 100vw, 692px\" \/><\/a><\/p>\n<p id=\"caption-attachment-3638\" class=\"wp-caption-text\">Klikkaa kuvaa suuremmaksi<\/p>\n<\/div>\n<p>Valitse lopuksi raporttilistan lopusta, haluatko kaikki todistukset yhdelle tiedostolle vai kaikki omilleen. Klikkaa \u201dTulosta valitut raportit valituille henkil\u00f6ille\u201d.<\/p>\n<p>&nbsp;<\/p>\n<hr \/>\n<p>Takaisin\u00a0<a href=\"https:\/\/blogi.eoppimispalvelut.fi\/peppi-ohjeet\/oppimis-ja-ohjauspalvelut\/\">Oppimis- ja ohjauspalveluiden<\/a> sivulle<\/p>\n","protected":false},"excerpt":{"rendered":"<p>Selvitys opinnoista -todistuksella n\u00e4kyv\u00e4t opiskelijan suorittamat opintopisteet ja lukukausittain tai vuosittain. Lis\u00e4ksi todistuksella n\u00e4kyv\u00e4t mahdollisten hyv\u00e4ksilukujen opintopistem\u00e4\u00e4r\u00e4t. Hae opiskelijan tiedot. Tulostettavat todistukset l\u00f6ytyv\u00e4t \u201dRaportit\u201d-kohdasta opiskelijan Opiskelutiedoista. Klikkaa haluttua todistusta ja valitse muodoksi PDF. Tee halutut valinnat, lis\u00e4\u00e4 allekirjoittajan tiedot ja &hellip; <a href=\"https:\/\/blogi.eoppimispalvelut.fi\/peppi-ohjeet\/oppimis-ja-ohjauspalvelut\/selvitys-opinnoista\/\">Continue reading <span class=\"meta-nav\">&rarr;<\/span><\/a><\/p>\n","protected":false},"author":2214,"featured_media":0,"parent":211,"menu_order":0,"comment_status":"closed","ping_status":"closed","template":"","meta":{"_monsterinsights_skip_tracking":false,"_monsterinsights_sitenote_active":false,"_monsterinsights_sitenote_note":"","_monsterinsights_sitenote_category":0,"footnotes":""},"class_list":["post-3020","page","type-page","status-publish","hentry"],"_links":{"self":[{"href":"https:\/\/blogi.eoppimispalvelut.fi\/peppi-ohjeet\/wp-json\/wp\/v2\/pages\/3020","targetHints":{"allow":["GET"]}}],"collection":[{"href":"https:\/\/blogi.eoppimispalvelut.fi\/peppi-ohjeet\/wp-json\/wp\/v2\/pages"}],"about":[{"href":"https:\/\/blogi.eoppimispalvelut.fi\/peppi-ohjeet\/wp-json\/wp\/v2\/types\/page"}],"author":[{"embeddable":true,"href":"https:\/\/blogi.eoppimispalvelut.fi\/peppi-ohjeet\/wp-json\/wp\/v2\/users\/2214"}],"replies":[{"embeddable":true,"href":"https:\/\/blogi.eoppimispalvelut.fi\/peppi-ohjeet\/wp-json\/wp\/v2\/comments?post=3020"}],"version-history":[{"count":8,"href":"https:\/\/blogi.eoppimispalvelut.fi\/peppi-ohjeet\/wp-json\/wp\/v2\/pages\/3020\/revisions"}],"predecessor-version":[{"id":5812,"href":"https:\/\/blogi.eoppimispalvelut.fi\/peppi-ohjeet\/wp-json\/wp\/v2\/pages\/3020\/revisions\/5812"}],"up":[{"embeddable":true,"href":"https:\/\/blogi.eoppimispalvelut.fi\/peppi-ohjeet\/wp-json\/wp\/v2\/pages\/211"}],"wp:attachment":[{"href":"https:\/\/blogi.eoppimispalvelut.fi\/peppi-ohjeet\/wp-json\/wp\/v2\/media?parent=3020"}],"curies":[{"name":"wp","href":"https:\/\/api.w.org\/{rel}","templated":true}]}}