{"id":3030,"date":"2020-05-18T13:34:58","date_gmt":"2020-05-18T10:34:58","guid":{"rendered":"https:\/\/blogi.eoppimispalvelut.fi\/peppi-ohjeet\/?page_id=3030"},"modified":"2021-06-23T13:27:38","modified_gmt":"2021-06-23T10:27:38","slug":"diploma-supplement","status":"publish","type":"page","link":"https:\/\/blogi.eoppimispalvelut.fi\/peppi-ohjeet\/oppimis-ja-ohjauspalvelut\/diploma-supplement\/","title":{"rendered":"Diploma Supplement"},"content":{"rendered":"<p>Diploma Supplement on tutkintotodistuksen liite, joka kuvaa valmistuneen henkil\u00f6n tutkinnon tason, opintojen rakenteen, suoritetut opinnot, niiden keston ja kelpoisuuden jatko-opintoihin ja ty\u00f6el\u00e4m\u00e4\u00e4n. Se on opiskelijan tutkinnosta tehty henkil\u00f6kohtainen dokumentti, jota k\u00e4ytet\u00e4\u00e4n yhdess\u00e4 tutkintotodistuksen kanssa sen liitteen\u00e4.<\/p>\n<p>Tutkintotodistuksen liite osoittaa tutkinnon aseman kansallisessa koulutusj\u00e4rjestelm\u00e4ss\u00e4 ja tutkinnon antaman kelpoisuuden sek\u00e4 helpottaa tutkintojen kansallista vertailua. Diploma Supplement ei takaa suoritetun tutkinnon tunnustamista toisessa maassa, mutta sen tarkoituksena on helpottaa korkeakoulututkintojen ammatillista ja akateemista tunnustamista erityisesti Euroopan alueella ja edist\u00e4\u00e4 valmistuneen kansainv\u00e4list\u00e4 liikkuvuutta, kuten ty\u00f6llistymist\u00e4 tai jatko-opintoja ulkomailla.<\/p>\n<p><strong>Jokainen Diploma Supplementin sivu tulee leimata ammattikorkeakoulun leimalla.<\/strong><\/p>\n<p>&nbsp;<\/p>\n<p><em>Diploma Supplementin tulostaminen yksitt\u00e4iselle opiskelijalle<\/em><\/p>\n<div id=\"attachment_3749\" style=\"width: 594px\" class=\"wp-caption alignnone\"><a href=\"https:\/\/blogi.eoppimispalvelut.fi\/peppi-ohjeet\/files\/2020\/07\/korkeakoulu-96.png\"><img loading=\"lazy\" decoding=\"async\" aria-describedby=\"caption-attachment-3749\" class=\"size-large wp-image-3749\" src=\"https:\/\/blogi.eoppimispalvelut.fi\/peppi-ohjeet\/files\/2020\/07\/korkeakoulu-96-1280x717.png\" alt=\"DS\" width=\"584\" height=\"327\" srcset=\"https:\/\/blogi.eoppimispalvelut.fi\/peppi-ohjeet\/files\/2020\/07\/korkeakoulu-96-1280x717.png 1280w, https:\/\/blogi.eoppimispalvelut.fi\/peppi-ohjeet\/files\/2020\/07\/korkeakoulu-96-900x504.png 900w, https:\/\/blogi.eoppimispalvelut.fi\/peppi-ohjeet\/files\/2020\/07\/korkeakoulu-96-768x430.png 768w, https:\/\/blogi.eoppimispalvelut.fi\/peppi-ohjeet\/files\/2020\/07\/korkeakoulu-96-1536x861.png 1536w, https:\/\/blogi.eoppimispalvelut.fi\/peppi-ohjeet\/files\/2020\/07\/korkeakoulu-96-500x280.png 500w, https:\/\/blogi.eoppimispalvelut.fi\/peppi-ohjeet\/files\/2020\/07\/korkeakoulu-96.png 1697w\" sizes=\"auto, (max-width: 584px) 100vw, 584px\" \/><\/a><p id=\"caption-attachment-3749\" class=\"wp-caption-text\">Klikkaa kuvaa suuremmaksi<\/p><\/div>\n<p>Hae opiskelijan tiedot. Tulostettavat todistukset l\u00f6ytyv\u00e4t \u201dRaportit\u201d-kohdasta opiskelijan Opiskelutiedoista. Klikkaa haluttua todistusta ja valitse muodoksi PDF.<\/p>\n<p>&nbsp;<\/p>\n<div id=\"attachment_3750\" style=\"width: 1010px\" class=\"wp-caption alignnone\"><a href=\"https:\/\/blogi.eoppimispalvelut.fi\/peppi-ohjeet\/files\/2020\/07\/korkeakoulu-97.png\"><img loading=\"lazy\" decoding=\"async\" aria-describedby=\"caption-attachment-3750\" class=\"size-full wp-image-3750\" src=\"https:\/\/blogi.eoppimispalvelut.fi\/peppi-ohjeet\/files\/2020\/07\/korkeakoulu-97.png\" alt=\"DS\" width=\"1000\" height=\"404\" srcset=\"https:\/\/blogi.eoppimispalvelut.fi\/peppi-ohjeet\/files\/2020\/07\/korkeakoulu-97.png 1000w, https:\/\/blogi.eoppimispalvelut.fi\/peppi-ohjeet\/files\/2020\/07\/korkeakoulu-97-900x364.png 900w, https:\/\/blogi.eoppimispalvelut.fi\/peppi-ohjeet\/files\/2020\/07\/korkeakoulu-97-768x310.png 768w, https:\/\/blogi.eoppimispalvelut.fi\/peppi-ohjeet\/files\/2020\/07\/korkeakoulu-97-500x202.png 500w\" sizes=\"auto, (max-width: 1000px) 100vw, 1000px\" \/><\/a><p id=\"caption-attachment-3750\" class=\"wp-caption-text\">Klikkaa kuvaa suuremmaksi<\/p><\/div>\n<p>Avautuvassa ikkunassa m\u00e4\u00e4rittell\u00e4\u00e4n suoritetun tutkinnon laajuus, tulostusp\u00e4iv\u00e4m\u00e4\u00e4r\u00e4 (valmistumisp\u00e4iv\u00e4m\u00e4\u00e4r\u00e4) ja allekirjoittajan tiedot. Diploma Supplementiin tulee n\u00e4kyville AMKin logo. Diploma Supplement on englanninkielinen, joten allekirjoittajan titteli tulee olla englanniksi.\u00a0Klikkaa lopuksi &#8220;Aja raportti&#8221;.<\/p>\n<p>&nbsp;<\/p>\n<p><em>Diploma Supplementin tulostaminen useammalle opiskelijalle<\/em><\/p>\n<div id=\"attachment_3637\" class=\"wp-caption alignnone\">\n<p><a href=\"https:\/\/blogi.eoppimispalvelut.fi\/peppi-ohjeet\/files\/2020\/06\/korkeakoulu-64.png\" data-slb-active=\"1\" data-slb-asset=\"1864810831\" data-slb-internal=\"0\" data-slb-group=\"3014\"><img loading=\"lazy\" decoding=\"async\" class=\"size-large wp-image-3637\" src=\"https:\/\/blogi.eoppimispalvelut.fi\/peppi-ohjeet\/files\/2020\/06\/korkeakoulu-64-1280x286.png\" alt=\"Opintosuoritusote\" width=\"584\" height=\"130\" aria-describedby=\"caption-attachment-3637\" srcset=\"https:\/\/blogi.eoppimispalvelut.fi\/peppi-ohjeet\/files\/2020\/06\/korkeakoulu-64-1280x286.png 1280w, https:\/\/blogi.eoppimispalvelut.fi\/peppi-ohjeet\/files\/2020\/06\/korkeakoulu-64-900x201.png 900w, https:\/\/blogi.eoppimispalvelut.fi\/peppi-ohjeet\/files\/2020\/06\/korkeakoulu-64-768x172.png 768w, https:\/\/blogi.eoppimispalvelut.fi\/peppi-ohjeet\/files\/2020\/06\/korkeakoulu-64-1536x343.png 1536w, https:\/\/blogi.eoppimispalvelut.fi\/peppi-ohjeet\/files\/2020\/06\/korkeakoulu-64-500x112.png 500w, https:\/\/blogi.eoppimispalvelut.fi\/peppi-ohjeet\/files\/2020\/06\/korkeakoulu-64.png 1915w\" sizes=\"auto, (max-width: 584px) 100vw, 584px\" \/><\/a><\/p>\n<p id=\"caption-attachment-3637\" class=\"wp-caption-text\">Klikkaa kuvaa suuremmaksi<\/p>\n<\/div>\n<p>Hae halutut opiskelijat ja laita rasti niiden opiskelijoiden kohdalle, joille haluat tulostaa Diploma Supplementin. Klikkaa sen j\u00e4lkeen hakutulosten yl\u00e4puolelta \u201dRaportit\u201d ja valitse Diploma Supplement.<\/p>\n<p>&nbsp;<\/p>\n<div id=\"attachment_3751\" style=\"width: 1288px\" class=\"wp-caption alignnone\"><a href=\"https:\/\/blogi.eoppimispalvelut.fi\/peppi-ohjeet\/files\/2020\/07\/korkeakoulu-98.png\"><img loading=\"lazy\" decoding=\"async\" aria-describedby=\"caption-attachment-3751\" class=\"size-full wp-image-3751\" src=\"https:\/\/blogi.eoppimispalvelut.fi\/peppi-ohjeet\/files\/2020\/07\/korkeakoulu-98.png\" alt=\"DS\" width=\"1278\" height=\"664\" srcset=\"https:\/\/blogi.eoppimispalvelut.fi\/peppi-ohjeet\/files\/2020\/07\/korkeakoulu-98.png 1278w, https:\/\/blogi.eoppimispalvelut.fi\/peppi-ohjeet\/files\/2020\/07\/korkeakoulu-98-900x468.png 900w, https:\/\/blogi.eoppimispalvelut.fi\/peppi-ohjeet\/files\/2020\/07\/korkeakoulu-98-768x399.png 768w, https:\/\/blogi.eoppimispalvelut.fi\/peppi-ohjeet\/files\/2020\/07\/korkeakoulu-98-500x260.png 500w\" sizes=\"auto, (max-width: 1278px) 100vw, 1278px\" \/><\/a><p id=\"caption-attachment-3751\" class=\"wp-caption-text\">Klikkaa kuvaa suuremmaksi<\/p><\/div>\n<p>Avautuvassa ikkunassa m\u00e4\u00e4rittell\u00e4\u00e4n suoritetun tutkinnon laajuus, tulostusp\u00e4iv\u00e4m\u00e4\u00e4r\u00e4 (valmistumisp\u00e4iv\u00e4m\u00e4\u00e4r\u00e4) ja allekirjoittajan tiedot. Diploma Supplementiin tulee n\u00e4kyville AMKin logo. Diploma Supplement on englanninkielinen, joten allekirjoittajan titteli tulee olla englanniksi.<\/p>\n<p>HUOM! Kun tulostat Diploma Supplementin useammalle opiskekelijalle kerrallaan, ota huomioon, ett\u00e4 kaikkien tutkinnon laajuus on oltava sama.<\/p>\n<p>&nbsp;<\/p>\n<div id=\"attachment_3638\" class=\"wp-caption alignnone\">\n<p><a href=\"https:\/\/blogi.eoppimispalvelut.fi\/peppi-ohjeet\/files\/2020\/06\/korkeakoulu-66.png\" data-slb-active=\"1\" data-slb-asset=\"220453147\" data-slb-internal=\"0\" data-slb-group=\"3014\"><img loading=\"lazy\" decoding=\"async\" class=\"size-full wp-image-3638\" src=\"https:\/\/blogi.eoppimispalvelut.fi\/peppi-ohjeet\/files\/2020\/06\/korkeakoulu-66.png\" alt=\"Opintosuoritusote\" width=\"692\" height=\"104\" aria-describedby=\"caption-attachment-3638\" srcset=\"https:\/\/blogi.eoppimispalvelut.fi\/peppi-ohjeet\/files\/2020\/06\/korkeakoulu-66.png 692w, https:\/\/blogi.eoppimispalvelut.fi\/peppi-ohjeet\/files\/2020\/06\/korkeakoulu-66-500x75.png 500w\" sizes=\"auto, (max-width: 692px) 100vw, 692px\" \/><\/a><\/p>\n<p id=\"caption-attachment-3638\" class=\"wp-caption-text\">Klikkaa kuvaa suuremmaksi<\/p>\n<\/div>\n<p>Valitse lopuksi raporttilistan lopusta, haluatko kaikki todistukset yhdelle tiedostolle vai kaikki omilleen. Klikkaa \u201dTulosta valitut raportit valituille henkil\u00f6ille\u201d.<\/p>\n<p>&nbsp;<\/p>\n<hr \/>\n<p>Takaisin\u00a0<a href=\"https:\/\/blogi.eoppimispalvelut.fi\/peppi-ohjeet\/oppimis-ja-ohjauspalvelut\/\">Oppimis- ja ohjauspalveluiden<\/a> sivulle<\/p>\n","protected":false},"excerpt":{"rendered":"<p>Diploma Supplement on tutkintotodistuksen liite, joka kuvaa valmistuneen henkil\u00f6n tutkinnon tason, opintojen rakenteen, suoritetut opinnot, niiden keston ja kelpoisuuden jatko-opintoihin ja ty\u00f6el\u00e4m\u00e4\u00e4n. Se on opiskelijan tutkinnosta tehty henkil\u00f6kohtainen dokumentti, jota k\u00e4ytet\u00e4\u00e4n yhdess\u00e4 tutkintotodistuksen kanssa sen liitteen\u00e4. Tutkintotodistuksen liite osoittaa tutkinnon &hellip; <a href=\"https:\/\/blogi.eoppimispalvelut.fi\/peppi-ohjeet\/oppimis-ja-ohjauspalvelut\/diploma-supplement\/\">Continue reading <span class=\"meta-nav\">&rarr;<\/span><\/a><\/p>\n","protected":false},"author":2214,"featured_media":0,"parent":211,"menu_order":0,"comment_status":"closed","ping_status":"closed","template":"","meta":{"_monsterinsights_skip_tracking":false,"_monsterinsights_sitenote_active":false,"_monsterinsights_sitenote_note":"","_monsterinsights_sitenote_category":0,"footnotes":""},"class_list":["post-3030","page","type-page","status-publish","hentry"],"_links":{"self":[{"href":"https:\/\/blogi.eoppimispalvelut.fi\/peppi-ohjeet\/wp-json\/wp\/v2\/pages\/3030","targetHints":{"allow":["GET"]}}],"collection":[{"href":"https:\/\/blogi.eoppimispalvelut.fi\/peppi-ohjeet\/wp-json\/wp\/v2\/pages"}],"about":[{"href":"https:\/\/blogi.eoppimispalvelut.fi\/peppi-ohjeet\/wp-json\/wp\/v2\/types\/page"}],"author":[{"embeddable":true,"href":"https:\/\/blogi.eoppimispalvelut.fi\/peppi-ohjeet\/wp-json\/wp\/v2\/users\/2214"}],"replies":[{"embeddable":true,"href":"https:\/\/blogi.eoppimispalvelut.fi\/peppi-ohjeet\/wp-json\/wp\/v2\/comments?post=3030"}],"version-history":[{"count":12,"href":"https:\/\/blogi.eoppimispalvelut.fi\/peppi-ohjeet\/wp-json\/wp\/v2\/pages\/3030\/revisions"}],"predecessor-version":[{"id":3748,"href":"https:\/\/blogi.eoppimispalvelut.fi\/peppi-ohjeet\/wp-json\/wp\/v2\/pages\/3030\/revisions\/3748"}],"up":[{"embeddable":true,"href":"https:\/\/blogi.eoppimispalvelut.fi\/peppi-ohjeet\/wp-json\/wp\/v2\/pages\/211"}],"wp:attachment":[{"href":"https:\/\/blogi.eoppimispalvelut.fi\/peppi-ohjeet\/wp-json\/wp\/v2\/media?parent=3030"}],"curies":[{"name":"wp","href":"https:\/\/api.w.org\/{rel}","templated":true}]}}