{"id":3032,"date":"2020-05-18T13:35:16","date_gmt":"2020-05-18T10:35:16","guid":{"rendered":"https:\/\/blogi.eoppimispalvelut.fi\/peppi-ohjeet\/?page_id=3032"},"modified":"2021-06-23T13:29:57","modified_gmt":"2021-06-23T10:29:57","slug":"tutkintotodistus","status":"publish","type":"page","link":"https:\/\/blogi.eoppimispalvelut.fi\/peppi-ohjeet\/oppimis-ja-ohjauspalvelut\/tutkintotodistus\/","title":{"rendered":"Tutkintotodistus"},"content":{"rendered":"<p>Ammattikorkeakoulututkinnon, ylemm\u00e4n ammattikorkeakoulututkinnon ja erikoistumiskoulutusten suorittamisen perusteena on vahvistetun opetussuunnitelman tai henkil\u00f6kohtaisen opetussuunnitelman mukaisten osaamistavoitteiden saavuttaminen.<\/p>\n<p>Tutkintotodistukset allekirjoittaa ammattikorkeakoulun rehtori ja tutkintotodistuksen liitteen\u00e4 olevan opintosuoritusotteen ja Diploma Supplementin opintosuunnittelija. Valmistumisp\u00e4iv\u00e4m\u00e4\u00e4r\u00e4 on rehtorin allekirjoitusp\u00e4iv\u00e4m\u00e4\u00e4r\u00e4.<\/p>\n<p>Suomen kielisest\u00e4 koulutuksesta valmistuva opiskelija saa tutkintotodistuksen ainoastaan suomen kielell\u00e4. Englannin kielisest\u00e4 koulutuksesta valmistuva opiskelija saa tutkintotodistuksen englanniksi ja suomeksi.<\/p>\n<p>Tutkintotodistukset tulostetaan opiskelijoille merkityn valmistumishalukkuuden mukaan kerran viikossa.<\/p>\n<p><em>Tutkintotodistus yksitt\u00e4iselle opiskelijalle<\/em><\/p>\n<div id=\"attachment_3799\" style=\"width: 594px\" class=\"wp-caption alignnone\"><a href=\"https:\/\/blogi.eoppimispalvelut.fi\/peppi-ohjeet\/files\/2020\/07\/korkeakoulu-106.png\"><img loading=\"lazy\" decoding=\"async\" aria-describedby=\"caption-attachment-3799\" class=\"size-large wp-image-3799\" src=\"https:\/\/blogi.eoppimispalvelut.fi\/peppi-ohjeet\/files\/2020\/07\/korkeakoulu-106-1280x949.png\" alt=\"Tutkintotodistus\" width=\"584\" height=\"433\" srcset=\"https:\/\/blogi.eoppimispalvelut.fi\/peppi-ohjeet\/files\/2020\/07\/korkeakoulu-106-1280x949.png 1280w, https:\/\/blogi.eoppimispalvelut.fi\/peppi-ohjeet\/files\/2020\/07\/korkeakoulu-106-900x667.png 900w, https:\/\/blogi.eoppimispalvelut.fi\/peppi-ohjeet\/files\/2020\/07\/korkeakoulu-106-768x569.png 768w, https:\/\/blogi.eoppimispalvelut.fi\/peppi-ohjeet\/files\/2020\/07\/korkeakoulu-106-405x300.png 405w, https:\/\/blogi.eoppimispalvelut.fi\/peppi-ohjeet\/files\/2020\/07\/korkeakoulu-106.png 1402w\" sizes=\"auto, (max-width: 584px) 100vw, 584px\" \/><\/a><p id=\"caption-attachment-3799\" class=\"wp-caption-text\">Klikkaa kuvaa suuremmaksi<\/p><\/div>\n<p>Hae opiskelijan tiedot. Tulostettavat todistukset l\u00f6ytyv\u00e4t \u201dRaportit\u201d -kohdasta opiskelijan Opiskelutiedoista. Klikkaa haluttua todistusta ja valitse muodoksi PDF.<\/p>\n<p>&nbsp;<\/p>\n<div id=\"attachment_3800\" style=\"width: 1100px\" class=\"wp-caption alignnone\"><a href=\"https:\/\/blogi.eoppimispalvelut.fi\/peppi-ohjeet\/files\/2020\/07\/korkeakoulu-107.png\"><img loading=\"lazy\" decoding=\"async\" aria-describedby=\"caption-attachment-3800\" class=\"size-full wp-image-3800\" src=\"https:\/\/blogi.eoppimispalvelut.fi\/peppi-ohjeet\/files\/2020\/07\/korkeakoulu-107.png\" alt=\"Tutkintotodistus\" width=\"1090\" height=\"332\" srcset=\"https:\/\/blogi.eoppimispalvelut.fi\/peppi-ohjeet\/files\/2020\/07\/korkeakoulu-107.png 1090w, https:\/\/blogi.eoppimispalvelut.fi\/peppi-ohjeet\/files\/2020\/07\/korkeakoulu-107-900x274.png 900w, https:\/\/blogi.eoppimispalvelut.fi\/peppi-ohjeet\/files\/2020\/07\/korkeakoulu-107-768x234.png 768w, https:\/\/blogi.eoppimispalvelut.fi\/peppi-ohjeet\/files\/2020\/07\/korkeakoulu-107-500x152.png 500w\" sizes=\"auto, (max-width: 1090px) 100vw, 1090px\" \/><\/a><p id=\"caption-attachment-3800\" class=\"wp-caption-text\">Klikkaa kuvaa suuremmaksi<\/p><\/div>\n<p>T\u00e4yt\u00e4 avautuvaan ikkunaan vaaditut tiedot. Allekirjoittaja on rehtori Riitta Rissanen. Allekirjoituksen paikkakunta on aina Rovaniemi. Suomenkielisess\u00e4 todistuksessa paikkakunta kirjoitetaan muodossa &#8220;Rovaniemell\u00e4&#8221; ja englanninkielisess\u00e4 &#8220;Rovaniemi&#8221;. Allekirjoittajan titteli on suomenkielisess\u00e4 todistuksessa &#8220;rehtori&#8221; ja englanninkielisess\u00e4 &#8220;Rector&#8221;. Allekirjoitusp\u00e4iv\u00e4m\u00e4\u00e4r\u00e4 on opiskelijan valmistumisp\u00e4iv\u00e4m\u00e4\u00e4r\u00e4.<\/p>\n<p>&nbsp;<\/p>\n<p><em>Tutkintotodistus useammalle opiskelijalle<\/em><\/p>\n<div id=\"attachment_3805\" style=\"width: 594px\" class=\"wp-caption alignnone\"><a href=\"https:\/\/blogi.eoppimispalvelut.fi\/peppi-ohjeet\/files\/2020\/07\/korkeakoulu-111.png\"><img loading=\"lazy\" decoding=\"async\" aria-describedby=\"caption-attachment-3805\" class=\"size-large wp-image-3805\" src=\"https:\/\/blogi.eoppimispalvelut.fi\/peppi-ohjeet\/files\/2020\/07\/korkeakoulu-111-1280x316.png\" alt=\"Tutkintotodistus\" width=\"584\" height=\"144\" srcset=\"https:\/\/blogi.eoppimispalvelut.fi\/peppi-ohjeet\/files\/2020\/07\/korkeakoulu-111-1280x316.png 1280w, https:\/\/blogi.eoppimispalvelut.fi\/peppi-ohjeet\/files\/2020\/07\/korkeakoulu-111-900x222.png 900w, https:\/\/blogi.eoppimispalvelut.fi\/peppi-ohjeet\/files\/2020\/07\/korkeakoulu-111-768x190.png 768w, https:\/\/blogi.eoppimispalvelut.fi\/peppi-ohjeet\/files\/2020\/07\/korkeakoulu-111-1536x380.png 1536w, https:\/\/blogi.eoppimispalvelut.fi\/peppi-ohjeet\/files\/2020\/07\/korkeakoulu-111-500x124.png 500w, https:\/\/blogi.eoppimispalvelut.fi\/peppi-ohjeet\/files\/2020\/07\/korkeakoulu-111.png 1586w\" sizes=\"auto, (max-width: 584px) 100vw, 584px\" \/><\/a><p id=\"caption-attachment-3805\" class=\"wp-caption-text\">Klikkaa kuvaa suuremmaksi<\/p><\/div>\n<p>Voit tulostaa tutkintotodistukset useammalle opiskelijalle yht\u00e4 aikaa k\u00e4ytt\u00e4en rakenteisessa haussa tavoitevalmistumisp\u00e4iv\u00e4m\u00e4\u00e4r\u00e4\u00e4. Rastita opiskelijat, joille haluat tulostaa tutkintotodistuksen. Klikkaa sitten hakutulosten yl\u00e4puolelta &#8220;Raportit&#8221; ja valitse Tutkintotodistuksen etusivu (PDF) &#8211; k\u00e4sin allekirjoitettu.<\/p>\n<p>&nbsp;<\/p>\n<div id=\"attachment_3806\" style=\"width: 1241px\" class=\"wp-caption alignnone\"><a href=\"https:\/\/blogi.eoppimispalvelut.fi\/peppi-ohjeet\/files\/2020\/07\/korkeakoulu-112.png\"><img loading=\"lazy\" decoding=\"async\" aria-describedby=\"caption-attachment-3806\" class=\"size-full wp-image-3806\" src=\"https:\/\/blogi.eoppimispalvelut.fi\/peppi-ohjeet\/files\/2020\/07\/korkeakoulu-112.png\" alt=\"Tutkintotodistus\" width=\"1231\" height=\"597\" srcset=\"https:\/\/blogi.eoppimispalvelut.fi\/peppi-ohjeet\/files\/2020\/07\/korkeakoulu-112.png 1231w, https:\/\/blogi.eoppimispalvelut.fi\/peppi-ohjeet\/files\/2020\/07\/korkeakoulu-112-900x436.png 900w, https:\/\/blogi.eoppimispalvelut.fi\/peppi-ohjeet\/files\/2020\/07\/korkeakoulu-112-768x372.png 768w, https:\/\/blogi.eoppimispalvelut.fi\/peppi-ohjeet\/files\/2020\/07\/korkeakoulu-112-500x242.png 500w\" sizes=\"auto, (max-width: 1231px) 100vw, 1231px\" \/><\/a><p id=\"caption-attachment-3806\" class=\"wp-caption-text\">Klikkaa kuvaa suuremmaksi<\/p><\/div>\n<p>Valitse tulostusmuodosta tutkintotodistuksen kieli ja t\u00e4yt\u00e4 muut vaaditut tiedot. Allekirjoittaja on rehtori Riitta Rissanen. Allekirjoituksen paikkakunta on aina Rovaniemi. Suomenkielisess\u00e4 todistuksessa paikkakunta kirjoitetaan muodossa &#8220;Rovaniemell\u00e4&#8221; ja englanninkielisess\u00e4 &#8220;Rovaniemi&#8221;. Allekirjoittajan titteli on suomenkielisess\u00e4 &#8220;rehtori&#8221; ja englanninkielisess\u00e4 &#8220;Rector&#8221;. Allekirjoitusp\u00e4iv\u00e4m\u00e4\u00e4r\u00e4 on opiskelijan valmistumisp\u00e4iv\u00e4m\u00e4\u00e4r\u00e4.<\/p>\n<p>&nbsp;<\/p>\n<div id=\"attachment_3638\" class=\"wp-caption alignnone\">\n<p><a href=\"https:\/\/blogi.eoppimispalvelut.fi\/peppi-ohjeet\/files\/2020\/06\/korkeakoulu-66.png\" data-slb-active=\"1\" data-slb-asset=\"1516330404\" data-slb-internal=\"0\" data-slb-group=\"3016_3014\"><img loading=\"lazy\" decoding=\"async\" class=\"size-full wp-image-3638\" src=\"https:\/\/blogi.eoppimispalvelut.fi\/peppi-ohjeet\/files\/2020\/06\/korkeakoulu-66.png\" alt=\"Opintosuoritusote\" width=\"692\" height=\"104\" aria-describedby=\"caption-attachment-3638\" srcset=\"https:\/\/blogi.eoppimispalvelut.fi\/peppi-ohjeet\/files\/2020\/06\/korkeakoulu-66.png 692w, https:\/\/blogi.eoppimispalvelut.fi\/peppi-ohjeet\/files\/2020\/06\/korkeakoulu-66-500x75.png 500w\" sizes=\"auto, (max-width: 692px) 100vw, 692px\" \/><\/a><\/p>\n<p id=\"caption-attachment-3638\" class=\"wp-caption-text\">Klikkaa kuvaa suuremmaksi<\/p>\n<\/div>\n<p>Valitse lopuksi raporttilistan lopusta, haluatko kaikki todistukset yhdelle tiedostolle vai kaikki omilleen. Klikkaa \u201dTulosta valitut raportit valituille henkil\u00f6ille\u201d.<\/p>\n<p><strong>Vinkki:<\/strong> Helpointa on valita kaikki todistukset yhteen tiedostoon ja tulostaa ne kerralla. Tulosta ensin kaikille suomenkieliset tutkintotodistukset. Jos valmistuvissa on englanninkielisest\u00e4 koulutuksesta valmistuvia, poimi heid\u00e4t viel\u00e4 uudelleen ja tee lis\u00e4ksi englanninkieliset todistukset.<\/p>\n<p>&nbsp;<\/p>\n<p><em>Erikoistumiskoulutukset ja muut koulutukset<\/em><\/p>\n<p>Erikoistumiskoulutusten todistuksen saamista varten on kaikkien suoritusten oltava opintosuoritusrekisteriss\u00e4. Osaamisaluejohtaja allekirjoittaa erikoistumiskoulutusten todistukset ja todistuksen liitteen\u00e4 oleva opintosuoritusotteen opintosuunnittelija. Muun koulutuksen todistukset allekirjoittaa osaamisaluejohtaja.<\/p>\n<p>&nbsp;<\/p>\n<hr \/>\n<p>Takaisin\u00a0<a href=\"https:\/\/blogi.eoppimispalvelut.fi\/peppi-ohjeet\/oppimis-ja-ohjauspalvelut\/\">Oppimis- ja ohjauspalveluiden<\/a> sivulle<\/p>\n","protected":false},"excerpt":{"rendered":"<p>Ammattikorkeakoulututkinnon, ylemm\u00e4n ammattikorkeakoulututkinnon ja erikoistumiskoulutusten suorittamisen perusteena on vahvistetun opetussuunnitelman tai henkil\u00f6kohtaisen opetussuunnitelman mukaisten osaamistavoitteiden saavuttaminen. Tutkintotodistukset allekirjoittaa ammattikorkeakoulun rehtori ja tutkintotodistuksen liitteen\u00e4 olevan opintosuoritusotteen ja Diploma Supplementin opintosuunnittelija. Valmistumisp\u00e4iv\u00e4m\u00e4\u00e4r\u00e4 on rehtorin allekirjoitusp\u00e4iv\u00e4m\u00e4\u00e4r\u00e4. Suomen kielisest\u00e4 koulutuksesta valmistuva opiskelija saa tutkintotodistuksen &hellip; <a href=\"https:\/\/blogi.eoppimispalvelut.fi\/peppi-ohjeet\/oppimis-ja-ohjauspalvelut\/tutkintotodistus\/\">Continue reading <span class=\"meta-nav\">&rarr;<\/span><\/a><\/p>\n","protected":false},"author":2214,"featured_media":0,"parent":211,"menu_order":0,"comment_status":"closed","ping_status":"closed","template":"","meta":{"_monsterinsights_skip_tracking":false,"_monsterinsights_sitenote_active":false,"_monsterinsights_sitenote_note":"","_monsterinsights_sitenote_category":0,"footnotes":""},"class_list":["post-3032","page","type-page","status-publish","hentry"],"_links":{"self":[{"href":"https:\/\/blogi.eoppimispalvelut.fi\/peppi-ohjeet\/wp-json\/wp\/v2\/pages\/3032","targetHints":{"allow":["GET"]}}],"collection":[{"href":"https:\/\/blogi.eoppimispalvelut.fi\/peppi-ohjeet\/wp-json\/wp\/v2\/pages"}],"about":[{"href":"https:\/\/blogi.eoppimispalvelut.fi\/peppi-ohjeet\/wp-json\/wp\/v2\/types\/page"}],"author":[{"embeddable":true,"href":"https:\/\/blogi.eoppimispalvelut.fi\/peppi-ohjeet\/wp-json\/wp\/v2\/users\/2214"}],"replies":[{"embeddable":true,"href":"https:\/\/blogi.eoppimispalvelut.fi\/peppi-ohjeet\/wp-json\/wp\/v2\/comments?post=3032"}],"version-history":[{"count":10,"href":"https:\/\/blogi.eoppimispalvelut.fi\/peppi-ohjeet\/wp-json\/wp\/v2\/pages\/3032\/revisions"}],"predecessor-version":[{"id":4920,"href":"https:\/\/blogi.eoppimispalvelut.fi\/peppi-ohjeet\/wp-json\/wp\/v2\/pages\/3032\/revisions\/4920"}],"up":[{"embeddable":true,"href":"https:\/\/blogi.eoppimispalvelut.fi\/peppi-ohjeet\/wp-json\/wp\/v2\/pages\/211"}],"wp:attachment":[{"href":"https:\/\/blogi.eoppimispalvelut.fi\/peppi-ohjeet\/wp-json\/wp\/v2\/media?parent=3032"}],"curies":[{"name":"wp","href":"https:\/\/api.w.org\/{rel}","templated":true}]}}