{"id":3034,"date":"2020-05-18T13:35:46","date_gmt":"2020-05-18T10:35:46","guid":{"rendered":"https:\/\/blogi.eoppimispalvelut.fi\/peppi-ohjeet\/?page_id=3034"},"modified":"2021-06-23T13:46:54","modified_gmt":"2021-06-23T10:46:54","slug":"tutkintotodistuksen-liitteet","status":"publish","type":"page","link":"https:\/\/blogi.eoppimispalvelut.fi\/peppi-ohjeet\/oppimis-ja-ohjauspalvelut\/tutkintotodistuksen-liitteet\/","title":{"rendered":"Tutkintotodistuksen liite"},"content":{"rendered":"<p>Tutkintotodistuksen lis\u00e4ksi valmistuva opiskelija saa tutkintotodistuksen liitteen ja Diploma Supplementin. Tutkintotodistuksen liitteess\u00e4 n\u00e4kyv\u00e4t opiskelijan suorittama opintopistem\u00e4\u00e4r\u00e4, suoritettujen opintojen arvosanat ja kielilauseke.<\/p>\n<p>Suomenkielisest\u00e4 koulutuksesta valmistuvalle opiskelijalle tehd\u00e4\u00e4n liite suomeksi ja englanniksi ja englanninkielisest\u00e4 koulutuksesta valmistuvalle opiskelijalle ainoastaan englanniksi. <strong>Jokainen tutkintotodistuksen liitteen sivu tulee leimata ammattikorkeakoulun leimalla.<\/strong><\/p>\n<p>Tarkista aina ennen tulostusta, ett\u00e4 liitteess\u00e4 on oikein seuraavat asiat:<\/p>\n<ul>\n<li>Tulostusp\u00e4iv\u00e4 (on oltava sama kuin opiskelijan valmistumisp\u00e4iv\u00e4m\u00e4\u00e4r\u00e4n)<\/li>\n<li>Opiskelijan valmistumisp\u00e4iv\u00e4m\u00e4\u00e4r\u00e4<\/li>\n<li>Kaikki arvioinnit on tehty<\/li>\n<li>Mahdolliset hyv\u00e4ksilukumerkinn\u00e4t ovat oikein<\/li>\n<li>Todistusmerkinn\u00e4t<\/li>\n<li>P\u00e4tevyydet, jos niit\u00e4 on<\/li>\n<\/ul>\n<p>&nbsp;<\/p>\n<p><em>Tutkintotodistuksen liite yksitt\u00e4iselle opiskelijalle<\/em><\/p>\n<div id=\"attachment_3814\" style=\"width: 594px\" class=\"wp-caption alignnone\"><a href=\"https:\/\/blogi.eoppimispalvelut.fi\/peppi-ohjeet\/files\/2020\/07\/korkeakoulu-113.png\"><img loading=\"lazy\" decoding=\"async\" aria-describedby=\"caption-attachment-3814\" class=\"size-large wp-image-3814\" src=\"https:\/\/blogi.eoppimispalvelut.fi\/peppi-ohjeet\/files\/2020\/07\/korkeakoulu-113-1280x949.png\" alt=\"Tutkintotodistuksen liite\" width=\"584\" height=\"433\" srcset=\"https:\/\/blogi.eoppimispalvelut.fi\/peppi-ohjeet\/files\/2020\/07\/korkeakoulu-113-1280x949.png 1280w, https:\/\/blogi.eoppimispalvelut.fi\/peppi-ohjeet\/files\/2020\/07\/korkeakoulu-113-900x667.png 900w, https:\/\/blogi.eoppimispalvelut.fi\/peppi-ohjeet\/files\/2020\/07\/korkeakoulu-113-768x569.png 768w, https:\/\/blogi.eoppimispalvelut.fi\/peppi-ohjeet\/files\/2020\/07\/korkeakoulu-113-405x300.png 405w, https:\/\/blogi.eoppimispalvelut.fi\/peppi-ohjeet\/files\/2020\/07\/korkeakoulu-113.png 1403w\" sizes=\"auto, (max-width: 584px) 100vw, 584px\" \/><\/a><p id=\"caption-attachment-3814\" class=\"wp-caption-text\">Klikkaa kuvaa suuremmaksi<\/p><\/div>\n<p>Yksitt\u00e4iselle opiskelijalle voit tulostaa liitteen Opiskelutiedot-v\u00e4lilehdelt\u00e4. Valitse Raportit ja Tutkintotodistuksen liite (PDF).<\/p>\n<p>&nbsp;<\/p>\n<div id=\"attachment_3815\" style=\"width: 840px\" class=\"wp-caption alignnone\"><a href=\"https:\/\/blogi.eoppimispalvelut.fi\/peppi-ohjeet\/files\/2020\/07\/korkeakoulu-114.png\"><img loading=\"lazy\" decoding=\"async\" aria-describedby=\"caption-attachment-3815\" class=\"size-full wp-image-3815\" src=\"https:\/\/blogi.eoppimispalvelut.fi\/peppi-ohjeet\/files\/2020\/07\/korkeakoulu-114.png\" alt=\"Tutkintotodistuksen liite\" width=\"830\" height=\"862\" srcset=\"https:\/\/blogi.eoppimispalvelut.fi\/peppi-ohjeet\/files\/2020\/07\/korkeakoulu-114.png 830w, https:\/\/blogi.eoppimispalvelut.fi\/peppi-ohjeet\/files\/2020\/07\/korkeakoulu-114-768x798.png 768w, https:\/\/blogi.eoppimispalvelut.fi\/peppi-ohjeet\/files\/2020\/07\/korkeakoulu-114-289x300.png 289w\" sizes=\"auto, (max-width: 830px) 100vw, 830px\" \/><\/a><p id=\"caption-attachment-3815\" class=\"wp-caption-text\">Klikkaa kuvaa suuremmaksi<\/p><\/div>\n<p>Liitteeseen lis\u00e4t\u00e4\u00e4n allekirjoittajan tiedot, allekirjoitusp\u00e4iv\u00e4m\u00e4\u00e4r\u00e4 ja paikkakunta.<\/p>\n<p>Voit my\u00f6s tarvittaessa pakottaa sivunvaihdon. Jokainen tutkintotodistuksen liite leimataan, joten sivunvaihdolla voi j\u00e4tt\u00e4\u00e4 tarvittaessa tilaa leimalle. Voit sy\u00f6tt\u00e4\u00e4 opinnon nimest\u00e4 sivunvaihtoon vain osan (esim. opinn\u00e4yte), mutta ota huomioon, ett\u00e4 sivunvaihto tulee jokaiseen t\u00e4m\u00e4n nimiseen kohtaan. Voit sy\u00f6tt\u00e4\u00e4 useita nimi\u00e4 omille riveilleen. Jos ymp\u00e4r\u00f6it opinnon nimen lainausmerkeill\u00e4, katkaisu tehd\u00e4\u00e4n vain tarkalleen saman nimisen ja saman kirjoitusasun omaavan opinnon tai tutkintorakenteen otsikon l\u00f6ytyess\u00e4 (esim. &#8220;VAPAASTI VALITTAVAT OPINNOT\u201d). Klikkaa sitten Aja raportti.<\/p>\n<p>&nbsp;<\/p>\n<p><em>Tutkintotodistuksen tulostaminen usealle opiskelijalle<\/em><\/p>\n<div id=\"attachment_3637\" class=\"wp-caption alignnone\">\n<p><a href=\"https:\/\/blogi.eoppimispalvelut.fi\/peppi-ohjeet\/files\/2020\/06\/korkeakoulu-64.png\" data-slb-active=\"1\" data-slb-asset=\"1793759588\" data-slb-internal=\"0\" data-slb-group=\"3016_3014\"><img loading=\"lazy\" decoding=\"async\" class=\"size-large wp-image-3637\" src=\"https:\/\/blogi.eoppimispalvelut.fi\/peppi-ohjeet\/files\/2020\/06\/korkeakoulu-64-1280x286.png\" alt=\"Opintosuoritusote\" width=\"584\" height=\"130\" aria-describedby=\"caption-attachment-3637\" srcset=\"https:\/\/blogi.eoppimispalvelut.fi\/peppi-ohjeet\/files\/2020\/06\/korkeakoulu-64-1280x286.png 1280w, https:\/\/blogi.eoppimispalvelut.fi\/peppi-ohjeet\/files\/2020\/06\/korkeakoulu-64-900x201.png 900w, https:\/\/blogi.eoppimispalvelut.fi\/peppi-ohjeet\/files\/2020\/06\/korkeakoulu-64-768x172.png 768w, https:\/\/blogi.eoppimispalvelut.fi\/peppi-ohjeet\/files\/2020\/06\/korkeakoulu-64-1536x343.png 1536w, https:\/\/blogi.eoppimispalvelut.fi\/peppi-ohjeet\/files\/2020\/06\/korkeakoulu-64-500x112.png 500w, https:\/\/blogi.eoppimispalvelut.fi\/peppi-ohjeet\/files\/2020\/06\/korkeakoulu-64.png 1915w\" sizes=\"auto, (max-width: 584px) 100vw, 584px\" \/><\/a><\/p>\n<p id=\"caption-attachment-3637\" class=\"wp-caption-text\">Klikkaa kuvaa suuremmaksi<\/p>\n<\/div>\n<p>Hae halutut opiskelijat ja laita rasti niiden opiskelijoiden kohdalle, joille haluat tulostaa tutkintotodistuksen liitteen. Klikkaa sen j\u00e4lkeen hakutulosten yl\u00e4puolelta \u201dRaportit\u201d. T\u00e4ss\u00e4 voi hy\u00f6dynt\u00e4\u00e4 my\u00f6s rakenteista hakua, mik\u00e4li haluaa tulostaa opiskelijoiden liitteet esim. valmistumisp\u00e4iv\u00e4n perusteella.<\/p>\n<p>&nbsp;<\/p>\n<div id=\"attachment_3821\" style=\"width: 1242px\" class=\"wp-caption alignnone\"><a href=\"https:\/\/blogi.eoppimispalvelut.fi\/peppi-ohjeet\/files\/2020\/07\/korkeakoulu-117.png\"><img loading=\"lazy\" decoding=\"async\" aria-describedby=\"caption-attachment-3821\" class=\"size-full wp-image-3821\" src=\"https:\/\/blogi.eoppimispalvelut.fi\/peppi-ohjeet\/files\/2020\/07\/korkeakoulu-117.png\" alt=\"Tutkintotodistuksen liite\" width=\"1232\" height=\"890\" srcset=\"https:\/\/blogi.eoppimispalvelut.fi\/peppi-ohjeet\/files\/2020\/07\/korkeakoulu-117.png 1232w, https:\/\/blogi.eoppimispalvelut.fi\/peppi-ohjeet\/files\/2020\/07\/korkeakoulu-117-900x650.png 900w, https:\/\/blogi.eoppimispalvelut.fi\/peppi-ohjeet\/files\/2020\/07\/korkeakoulu-117-768x555.png 768w, https:\/\/blogi.eoppimispalvelut.fi\/peppi-ohjeet\/files\/2020\/07\/korkeakoulu-117-415x300.png 415w\" sizes=\"auto, (max-width: 1232px) 100vw, 1232px\" \/><\/a><p id=\"caption-attachment-3821\" class=\"wp-caption-text\">Klikkaa kuvaa suuremmaksi<\/p><\/div>\n<p>Liitteeseen lis\u00e4t\u00e4\u00e4n allekirjoittajan tiedot, allekirjoitusp\u00e4iv\u00e4m\u00e4\u00e4r\u00e4 ja paikkakunta.<\/p>\n<p>Voit my\u00f6s tarvittaessa pakottaa sivunvaihdon. Jokainen tutkintotodistuksen liite leimataan, joten sivunvaihdolla voi j\u00e4tt\u00e4\u00e4 tarvittaessa tilaa leimalle. Voit sy\u00f6tt\u00e4\u00e4 opinnon nimest\u00e4 sivunvaihtoon vain osan (esim. opinn\u00e4yte), mutta ota huomioon, ett\u00e4 sivunvaihto tulee jokaiseen t\u00e4m\u00e4n nimiseen kohtaan. Voit sy\u00f6tt\u00e4\u00e4 useita nimi\u00e4 omille riveilleen. Jos ymp\u00e4r\u00f6it opinnon nimen lainausmerkeill\u00e4, katkaisu tehd\u00e4\u00e4n vain tarkalleen saman nimisen ja saman kirjoitusasun omaavan opinnon tai tutkintorakenteen otsikon l\u00f6ytyess\u00e4 (esim. &#8220;VAPAASTI VALITTAVAT OPINNOT\u201d). Mik\u00e4li k\u00e4yt\u00e4t massatoimintoa, raporttiin valitsemasi sivunvaihto tulee kaikille valituille opiskelijoille.<\/p>\n<p>&nbsp;<\/p>\n<div id=\"attachment_3638\" class=\"wp-caption alignnone\">\n<p><a href=\"https:\/\/blogi.eoppimispalvelut.fi\/peppi-ohjeet\/files\/2020\/06\/korkeakoulu-66.png\" data-slb-active=\"1\" data-slb-asset=\"60249520\" data-slb-internal=\"0\" data-slb-group=\"3016_3014\"><img loading=\"lazy\" decoding=\"async\" class=\"size-full wp-image-3638\" src=\"https:\/\/blogi.eoppimispalvelut.fi\/peppi-ohjeet\/files\/2020\/06\/korkeakoulu-66.png\" alt=\"Opintosuoritusote\" width=\"692\" height=\"104\" aria-describedby=\"caption-attachment-3638\" srcset=\"https:\/\/blogi.eoppimispalvelut.fi\/peppi-ohjeet\/files\/2020\/06\/korkeakoulu-66.png 692w, https:\/\/blogi.eoppimispalvelut.fi\/peppi-ohjeet\/files\/2020\/06\/korkeakoulu-66-500x75.png 500w\" sizes=\"auto, (max-width: 692px) 100vw, 692px\" \/><\/a><\/p>\n<p id=\"caption-attachment-3638\" class=\"wp-caption-text\">Klikkaa kuvaa suuremmaksi<\/p>\n<\/div>\n<p>Valitse lopuksi raporttilistan lopusta, haluatko kaikki todistukset yhdelle tiedostolle vai kaikki omilleen. Klikkaa \u201dTulosta valitut raportit valituille henkil\u00f6ille\u201d.<\/p>\n<p>&nbsp;<\/p>\n<hr \/>\n<p>Takaisin\u00a0<a href=\"https:\/\/blogi.eoppimispalvelut.fi\/peppi-ohjeet\/oppimis-ja-ohjauspalvelut\/\">Oppimis- ja ohjauspalveluiden<\/a> sivulle<\/p>\n","protected":false},"excerpt":{"rendered":"<p>Tutkintotodistuksen lis\u00e4ksi valmistuva opiskelija saa tutkintotodistuksen liitteen ja Diploma Supplementin. Tutkintotodistuksen liitteess\u00e4 n\u00e4kyv\u00e4t opiskelijan suorittama opintopistem\u00e4\u00e4r\u00e4, suoritettujen opintojen arvosanat ja kielilauseke. Suomenkielisest\u00e4 koulutuksesta valmistuvalle opiskelijalle tehd\u00e4\u00e4n liite suomeksi ja englanniksi ja englanninkielisest\u00e4 koulutuksesta valmistuvalle opiskelijalle ainoastaan englanniksi. Jokainen tutkintotodistuksen liitteen &hellip; <a href=\"https:\/\/blogi.eoppimispalvelut.fi\/peppi-ohjeet\/oppimis-ja-ohjauspalvelut\/tutkintotodistuksen-liitteet\/\">Continue reading <span class=\"meta-nav\">&rarr;<\/span><\/a><\/p>\n","protected":false},"author":2214,"featured_media":0,"parent":211,"menu_order":0,"comment_status":"closed","ping_status":"closed","template":"","meta":{"_monsterinsights_skip_tracking":false,"_monsterinsights_sitenote_active":false,"_monsterinsights_sitenote_note":"","_monsterinsights_sitenote_category":0,"footnotes":""},"class_list":["post-3034","page","type-page","status-publish","hentry"],"_links":{"self":[{"href":"https:\/\/blogi.eoppimispalvelut.fi\/peppi-ohjeet\/wp-json\/wp\/v2\/pages\/3034","targetHints":{"allow":["GET"]}}],"collection":[{"href":"https:\/\/blogi.eoppimispalvelut.fi\/peppi-ohjeet\/wp-json\/wp\/v2\/pages"}],"about":[{"href":"https:\/\/blogi.eoppimispalvelut.fi\/peppi-ohjeet\/wp-json\/wp\/v2\/types\/page"}],"author":[{"embeddable":true,"href":"https:\/\/blogi.eoppimispalvelut.fi\/peppi-ohjeet\/wp-json\/wp\/v2\/users\/2214"}],"replies":[{"embeddable":true,"href":"https:\/\/blogi.eoppimispalvelut.fi\/peppi-ohjeet\/wp-json\/wp\/v2\/comments?post=3034"}],"version-history":[{"count":10,"href":"https:\/\/blogi.eoppimispalvelut.fi\/peppi-ohjeet\/wp-json\/wp\/v2\/pages\/3034\/revisions"}],"predecessor-version":[{"id":4922,"href":"https:\/\/blogi.eoppimispalvelut.fi\/peppi-ohjeet\/wp-json\/wp\/v2\/pages\/3034\/revisions\/4922"}],"up":[{"embeddable":true,"href":"https:\/\/blogi.eoppimispalvelut.fi\/peppi-ohjeet\/wp-json\/wp\/v2\/pages\/211"}],"wp:attachment":[{"href":"https:\/\/blogi.eoppimispalvelut.fi\/peppi-ohjeet\/wp-json\/wp\/v2\/media?parent=3034"}],"curies":[{"name":"wp","href":"https:\/\/api.w.org\/{rel}","templated":true}]}}