{"id":3059,"date":"2020-05-18T13:44:06","date_gmt":"2020-05-18T10:44:06","guid":{"rendered":"https:\/\/blogi.eoppimispalvelut.fi\/peppi-ohjeet\/?page_id=3059"},"modified":"2021-06-23T11:09:27","modified_gmt":"2021-06-23T08:09:27","slug":"opiskeluoikeusaika","status":"publish","type":"page","link":"https:\/\/blogi.eoppimispalvelut.fi\/peppi-ohjeet\/oppimis-ja-ohjauspalvelut\/opiskeluoikeusaika\/","title":{"rendered":"Opiskeluoikeusaika"},"content":{"rendered":"<p>Tutkinto-opiskelijan opiskeluoikeusaika m\u00e4\u00e4r\u00e4ytyy suoritettavan tutkinnon mukaan.<\/p>\n<ul>\n<li>60 op, opiskeluoikeusaika 1 vuosi<\/li>\n<li>90 op, opiskeluoikeusaika 1,5 vuotta<\/li>\n<li>210 op, opiskeluoikeusaika 3,5 vuotta<\/li>\n<li>240 op, opiskeluoikeusaika 4 vuotta<\/li>\n<\/ul>\n<p>Tutkintoon johtamaton koulutus<\/p>\n<ul>\n<li>Erikoistumiskoulutukset, opiskeluoikeusaika koulutuskohtainen<\/li>\n<li>T\u00e4ydennyskoulutukset, opiskeluoikeusaika koulutuskohtainen<\/li>\n<li>CampusOnline, opiskeluoikeusaika on lukukausi<\/li>\n<li>Vaihto-opiskelijat, Learning Agreementissa m\u00e4\u00e4ritelty aika<\/li>\n<li>Avoin ammattikorkeakoulu, m\u00e4\u00e4ritell\u00e4\u00e4n suoritettavien opintojen mukaan<\/li>\n<\/ul>\n<p>Kokop\u00e4iv\u00e4opiskelijalla on oikeus suorittaa opinnot yht\u00e4 vuotta niiden tavoitteellista suorittamisaikaa pidemm\u00e4ss\u00e4 ajassa. Jos opiskelija ei valmistu lis\u00e4vuoden j\u00e4lkeen, on h\u00e4nell\u00e4 oikeus hakea opiskeluoikeuden jatkoaikaa.<\/p>\n<p>Jatkoaikaa on haettava hyviss\u00e4 ajoin ennen opiskeluoikeuden p\u00e4\u00e4ttymist\u00e4, kuitenkin viimeist\u00e4\u00e4n kaksi kuukautta ennen opiskeluoikeusajan p\u00e4\u00e4ttymist\u00e4.<\/p>\n<p>Opiskelijan on esitett\u00e4v\u00e4 hakemuksessa tavoitteellinen suunnitelma opintojen loppuun saattamiseksi. Suunnitelmassa opiskelijan tulee yksil\u00f6id\u00e4 suoritettavat opinnot ja aikataulu tutkinnon loppuun saattamiseksi. Opiskeluoikeutta jatketaan, jos opiskelijalla huomioon ottaen h\u00e4nen voimassa olevien ja puuttuvien opintosuoritustensa m\u00e4\u00e4r\u00e4 ja laajuus sek\u00e4 aikaisemmat p\u00e4\u00e4t\u00f6kset jatkoajan my\u00f6nt\u00e4misest\u00e4, on mahdollisuus saattaa opintonsa loppuun kohtuullisessa ajassa.<\/p>\n<p>Jatkoajan\u00a0 pituus\u00a0 m\u00e4\u00e4r\u00e4ytyy\u00a0 j\u00e4ljell\u00e4\u00a0 olevien,\u00a0 p\u00e4\u00e4toimisesti\u00a0 suoritettavien\u00a0 opintojen\u00a0 mukaan, kuitenkin maksimissaan kaksi lukukautta kerrallaan. Mik\u00e4li opiskelija ei noudata tekem\u00e4\u00e4ns\u00e4 suunnitelmaa opintojen loppuun saattamiseksi, uutta jatkoaikaa ei my\u00f6nnet\u00e4.<\/p>\n<p>Hakemuksen k\u00e4sittelymaksu on 50 \u20ac ja opiskelija t\u00e4ytt\u00e4\u00e4 sen Pepin Hakemukset-valikosta avautuvaan lomakkeeseen (Hakemus opiskeluoikeuden jatkamiseksi). Opinto-ohjaaja tekee hakemuksesta esityksen osaamisaluejohtajalle, joka p\u00e4\u00e4tt\u00e4\u00e4 jatkoajan my\u00f6nt\u00e4misest\u00e4. Pepin p\u00e4\u00e4k\u00e4ytt\u00e4j\u00e4 tekee kirjaukset Peppiin.<\/p>\n<div id=\"attachment_4888\" style=\"width: 610px\" class=\"wp-caption alignleft\"><a href=\"https:\/\/blogi.eoppimispalvelut.fi\/peppi-ohjeet\/oppimis-ja-ohjauspalvelut\/opiskeluoikeusaika\/hakemus_opiskeluoikeuden_jatkamiseksi\/\" rel=\"attachment wp-att-4888\"><img loading=\"lazy\" decoding=\"async\" aria-describedby=\"caption-attachment-4888\" class=\"size-medium wp-image-4888\" src=\"https:\/\/blogi.eoppimispalvelut.fi\/peppi-ohjeet\/files\/2021\/06\/Hakemus_opiskeluoikeuden_jatkamiseksi-600x198.png\" alt=\"Hakemus_opiskeluoikeuden_jatkamiseksi\" width=\"600\" height=\"198\" srcset=\"https:\/\/blogi.eoppimispalvelut.fi\/peppi-ohjeet\/files\/2021\/06\/Hakemus_opiskeluoikeuden_jatkamiseksi-600x198.png 600w, https:\/\/blogi.eoppimispalvelut.fi\/peppi-ohjeet\/files\/2021\/06\/Hakemus_opiskeluoikeuden_jatkamiseksi-768x253.png 768w, https:\/\/blogi.eoppimispalvelut.fi\/peppi-ohjeet\/files\/2021\/06\/Hakemus_opiskeluoikeuden_jatkamiseksi-500x165.png 500w, https:\/\/blogi.eoppimispalvelut.fi\/peppi-ohjeet\/files\/2021\/06\/Hakemus_opiskeluoikeuden_jatkamiseksi.png 890w\" sizes=\"auto, (max-width: 600px) 100vw, 600px\" \/><\/a><p id=\"caption-attachment-4888\" class=\"wp-caption-text\">Klikkaa kuva suuremmaksi<\/p><\/div>\n<p>Hakemus l\u00f6ytyy Opiskelijan ty\u00f6p\u00f6yd\u00e4n yl\u00e4valikosta kohdasta Hakemukset.<\/p>\n<p>&nbsp;<\/p>\n<p><strong>Erikoistumiskoulutus ja muut koulutukset<\/strong><\/p>\n<p>Erikoistumiskoulutus on suoritettava erikoistumiskoulutuskohtaisessa ajassa. Jos erikoistumiskoulutuksessa opiskelevalta puuttuu opintosuorituksia opintojen p\u00e4\u00e4ttymisp\u00e4iv\u00e4n\u00e4, tulee opiskelijan sopia erikoistumiskoulutuksesta vastaavan henkil\u00f6n kanssa mahdollisuudesta suorittaa opinnot loppuun. Hakemus jatkoajasta on teht\u00e4v\u00e4 ennen vahvistetun suoritusajan p\u00e4\u00e4ttymist\u00e4. Tilauskoulutuksen ja muun\u00a0 erikseen j\u00e4rjestett\u00e4v\u00e4n koulutuksen kohdalla opiskeluoikeus m\u00e4\u00e4r\u00e4ytyy koulutuskohtaisesti erikseen ilmoitettavalla tavalla.<\/p>\n<p>&nbsp;<\/p>\n<hr \/>\n<p>Takaisin\u00a0<a href=\"https:\/\/blogi.eoppimispalvelut.fi\/peppi-ohjeet\/oppimis-ja-ohjauspalvelut\/\">Oppimis- ja ohjauspalveluiden<\/a>\u00a0\u2013 sivulle<\/p>\n","protected":false},"excerpt":{"rendered":"<p>Tutkinto-opiskelijan opiskeluoikeusaika m\u00e4\u00e4r\u00e4ytyy suoritettavan tutkinnon mukaan. 60 op, opiskeluoikeusaika 1 vuosi 90 op, opiskeluoikeusaika 1,5 vuotta 210 op, opiskeluoikeusaika 3,5 vuotta 240 op, opiskeluoikeusaika 4 vuotta Tutkintoon johtamaton koulutus Erikoistumiskoulutukset, opiskeluoikeusaika koulutuskohtainen T\u00e4ydennyskoulutukset, opiskeluoikeusaika koulutuskohtainen CampusOnline, opiskeluoikeusaika on lukukausi Vaihto-opiskelijat, &hellip; <a href=\"https:\/\/blogi.eoppimispalvelut.fi\/peppi-ohjeet\/oppimis-ja-ohjauspalvelut\/opiskeluoikeusaika\/\">Continue reading <span class=\"meta-nav\">&rarr;<\/span><\/a><\/p>\n","protected":false},"author":2214,"featured_media":0,"parent":211,"menu_order":0,"comment_status":"closed","ping_status":"closed","template":"","meta":{"_monsterinsights_skip_tracking":false,"_monsterinsights_sitenote_active":false,"_monsterinsights_sitenote_note":"","_monsterinsights_sitenote_category":0,"footnotes":""},"class_list":["post-3059","page","type-page","status-publish","hentry"],"_links":{"self":[{"href":"https:\/\/blogi.eoppimispalvelut.fi\/peppi-ohjeet\/wp-json\/wp\/v2\/pages\/3059","targetHints":{"allow":["GET"]}}],"collection":[{"href":"https:\/\/blogi.eoppimispalvelut.fi\/peppi-ohjeet\/wp-json\/wp\/v2\/pages"}],"about":[{"href":"https:\/\/blogi.eoppimispalvelut.fi\/peppi-ohjeet\/wp-json\/wp\/v2\/types\/page"}],"author":[{"embeddable":true,"href":"https:\/\/blogi.eoppimispalvelut.fi\/peppi-ohjeet\/wp-json\/wp\/v2\/users\/2214"}],"replies":[{"embeddable":true,"href":"https:\/\/blogi.eoppimispalvelut.fi\/peppi-ohjeet\/wp-json\/wp\/v2\/comments?post=3059"}],"version-history":[{"count":8,"href":"https:\/\/blogi.eoppimispalvelut.fi\/peppi-ohjeet\/wp-json\/wp\/v2\/pages\/3059\/revisions"}],"predecessor-version":[{"id":4890,"href":"https:\/\/blogi.eoppimispalvelut.fi\/peppi-ohjeet\/wp-json\/wp\/v2\/pages\/3059\/revisions\/4890"}],"up":[{"embeddable":true,"href":"https:\/\/blogi.eoppimispalvelut.fi\/peppi-ohjeet\/wp-json\/wp\/v2\/pages\/211"}],"wp:attachment":[{"href":"https:\/\/blogi.eoppimispalvelut.fi\/peppi-ohjeet\/wp-json\/wp\/v2\/media?parent=3059"}],"curies":[{"name":"wp","href":"https:\/\/api.w.org\/{rel}","templated":true}]}}