{"id":3065,"date":"2020-05-18T13:51:35","date_gmt":"2020-05-18T10:51:35","guid":{"rendered":"https:\/\/blogi.eoppimispalvelut.fi\/peppi-ohjeet\/?page_id=3065"},"modified":"2022-03-07T13:57:02","modified_gmt":"2022-03-07T11:57:02","slug":"hops-2","status":"publish","type":"page","link":"https:\/\/blogi.eoppimispalvelut.fi\/peppi-ohjeet\/oppimis-ja-ohjauspalvelut\/hops-2\/","title":{"rendered":"HOPS"},"content":{"rendered":"<div id=\"attachment_3432\" style=\"width: 594px\" class=\"wp-caption alignnone\"><a href=\"https:\/\/blogi.eoppimispalvelut.fi\/peppi-ohjeet\/files\/2020\/06\/korkeakoulu-10.png\"><img loading=\"lazy\" decoding=\"async\" aria-describedby=\"caption-attachment-3432\" class=\"size-large wp-image-3432\" src=\"https:\/\/blogi.eoppimispalvelut.fi\/peppi-ohjeet\/files\/2020\/06\/korkeakoulu-10-1280x680.png\" alt=\"HOPS\" width=\"584\" height=\"310\" srcset=\"https:\/\/blogi.eoppimispalvelut.fi\/peppi-ohjeet\/files\/2020\/06\/korkeakoulu-10-1280x680.png 1280w, https:\/\/blogi.eoppimispalvelut.fi\/peppi-ohjeet\/files\/2020\/06\/korkeakoulu-10-900x478.png 900w, https:\/\/blogi.eoppimispalvelut.fi\/peppi-ohjeet\/files\/2020\/06\/korkeakoulu-10-768x408.png 768w, https:\/\/blogi.eoppimispalvelut.fi\/peppi-ohjeet\/files\/2020\/06\/korkeakoulu-10-500x266.png 500w, https:\/\/blogi.eoppimispalvelut.fi\/peppi-ohjeet\/files\/2020\/06\/korkeakoulu-10.png 1472w\" sizes=\"auto, (max-width: 584px) 100vw, 584px\" \/><\/a><p id=\"caption-attachment-3432\" class=\"wp-caption-text\">Klikkaa kuvaa suuremmaksi<\/p><\/div>\n<p>HOPS (henkil\u00f6kohtainen opetussuunnitelma) on ty\u00f6kalu opiskelijalle ja opinto-ohjaajalle opiskelijan opintojen suunnitteluun ja opintojen edistymisen seurantaan.<\/p>\n<p>HOPS -v\u00e4lilehdell\u00e4 voit asettaa opiskelijalle valmistumishalukkuuden, valmistumisp\u00e4iv\u00e4n (opiskelijalla on ensin oltava ensin merkittyn\u00e4 valmistumishalukkuus) ja p\u00e4\u00e4set siirtym\u00e4\u00e4n opiskelijan HOPSille. Lis\u00e4ksi voit tarvittaessa alustaa opiskelijan HOPSin uudelleen tai valita h\u00e4nelle HOPSin pohjaksi toisen opetussuunnitelman.<\/p>\n<p>P\u00e4\u00e4set tarkastelemaan tarkempia HOPS-ohjeita <a href=\"https:\/\/blogi.eoppimispalvelut.fi\/peppi-ohjeet\/opetus_ohjaus\/hops-ohjaus\/opiskelijan-ohjaus\/\">t\u00e4st\u00e4.<\/a><\/p>\n<p>Opiskelijoiden ohjeet HOPSin k\u00e4ytt\u00f6\u00f6n l\u00f6ytyv\u00e4t <a href=\"https:\/\/blogi.eoppimispalvelut.fi\/peppi-ohjeet\/opiskelijalle\/minun-opintoni\/hops-2\/\">t\u00e4st\u00e4.<\/a><\/p>\n<p>&nbsp;<\/p>\n<p><em>HOPSin alustaminen<\/em><\/p>\n<div id=\"attachment_3433\" style=\"width: 1290px\" class=\"wp-caption alignnone\"><a href=\"https:\/\/blogi.eoppimispalvelut.fi\/peppi-ohjeet\/files\/2020\/06\/korkeakoulu-11.png\"><img loading=\"lazy\" decoding=\"async\" aria-describedby=\"caption-attachment-3433\" class=\"size-full wp-image-3433\" src=\"https:\/\/blogi.eoppimispalvelut.fi\/peppi-ohjeet\/files\/2020\/06\/korkeakoulu-11.png\" alt=\"HOPSin alustaminen\" width=\"1280\" height=\"538\" srcset=\"https:\/\/blogi.eoppimispalvelut.fi\/peppi-ohjeet\/files\/2020\/06\/korkeakoulu-11.png 1280w, https:\/\/blogi.eoppimispalvelut.fi\/peppi-ohjeet\/files\/2020\/06\/korkeakoulu-11-900x378.png 900w, https:\/\/blogi.eoppimispalvelut.fi\/peppi-ohjeet\/files\/2020\/06\/korkeakoulu-11-768x323.png 768w, https:\/\/blogi.eoppimispalvelut.fi\/peppi-ohjeet\/files\/2020\/06\/korkeakoulu-11-500x210.png 500w\" sizes=\"auto, (max-width: 1280px) 100vw, 1280px\" \/><\/a><p id=\"caption-attachment-3433\" class=\"wp-caption-text\">Klikkaa kuvaa suuremmaksi<\/p><\/div>\n<p>Jos haluat vaihtaa opiskelijan HOPSin pohjaksi toisen opetussuunnitelman, hae ensin valikosta haluttu opetussuunnitelma ja paina Tallenna. Mik\u00e4li et halua vaihtaa opetussuunnitelmaa, klikkaa suoraan &#8220;Alusta HOPS uudelleen&#8221;.<\/p>\n<div id=\"attachment_3434\" style=\"width: 689px\" class=\"wp-caption alignnone\"><a href=\"https:\/\/blogi.eoppimispalvelut.fi\/peppi-ohjeet\/files\/2020\/06\/korkeakoulu-12.png\"><img loading=\"lazy\" decoding=\"async\" aria-describedby=\"caption-attachment-3434\" class=\"size-full wp-image-3434\" src=\"https:\/\/blogi.eoppimispalvelut.fi\/peppi-ohjeet\/files\/2020\/06\/korkeakoulu-12.png\" alt=\"HOPSin alustaminen\" width=\"679\" height=\"365\" srcset=\"https:\/\/blogi.eoppimispalvelut.fi\/peppi-ohjeet\/files\/2020\/06\/korkeakoulu-12.png 679w, https:\/\/blogi.eoppimispalvelut.fi\/peppi-ohjeet\/files\/2020\/06\/korkeakoulu-12-500x269.png 500w\" sizes=\"auto, (max-width: 679px) 100vw, 679px\" \/><\/a><p id=\"caption-attachment-3434\" class=\"wp-caption-text\">Klikkaa kuvaa suuremmaksi<\/p><\/div>\n<p>Klikkaa sitten &#8220;Alusta HOPS uudelleen&#8221;. Voit halutessasi valita uuden opetussuunitelman oletusajoitussuunnitelmaksi. Ajoitussuunnitelma tarkoittaa sit\u00e4, mille lukukausille mitk\u00e4kin opinnot on opetussuunnitelmalla asetettu opetussuunnitelmaa suunniteltaessa. Klikkaa lopuksi &#8220;Valitse&#8221;.<\/p>\n<p><em>HOPSien alustaminen Massamuokkaus -toiminnon avulla<\/em><\/p>\n<div id=\"attachment_3435\" style=\"width: 594px\" class=\"wp-caption alignnone\"><a href=\"https:\/\/blogi.eoppimispalvelut.fi\/peppi-ohjeet\/files\/2020\/06\/korkeakoulu-13.png\"><img loading=\"lazy\" decoding=\"async\" aria-describedby=\"caption-attachment-3435\" class=\"size-large wp-image-3435\" src=\"https:\/\/blogi.eoppimispalvelut.fi\/peppi-ohjeet\/files\/2020\/06\/korkeakoulu-13-1280x401.png\" alt=\"HOPSien alustaminen massamuokkauksella\" width=\"584\" height=\"183\" srcset=\"https:\/\/blogi.eoppimispalvelut.fi\/peppi-ohjeet\/files\/2020\/06\/korkeakoulu-13-1280x401.png 1280w, https:\/\/blogi.eoppimispalvelut.fi\/peppi-ohjeet\/files\/2020\/06\/korkeakoulu-13-900x282.png 900w, https:\/\/blogi.eoppimispalvelut.fi\/peppi-ohjeet\/files\/2020\/06\/korkeakoulu-13-768x241.png 768w, https:\/\/blogi.eoppimispalvelut.fi\/peppi-ohjeet\/files\/2020\/06\/korkeakoulu-13-1536x482.png 1536w, https:\/\/blogi.eoppimispalvelut.fi\/peppi-ohjeet\/files\/2020\/06\/korkeakoulu-13-500x157.png 500w, https:\/\/blogi.eoppimispalvelut.fi\/peppi-ohjeet\/files\/2020\/06\/korkeakoulu-13.png 1831w\" sizes=\"auto, (max-width: 584px) 100vw, 584px\" \/><\/a><p id=\"caption-attachment-3435\" class=\"wp-caption-text\">Klikkaa kuvaa suuremmaksi<\/p><\/div>\n<p>Hae ensin perushaussa tai rakenteisessa haussa halutut opiskelijat, joiden HOPSit haluat alustaa uudelleen. Laita sitten t\u00e4pp\u00e4 niiden opiskelijoiden kohdalle, joille muutos tehd\u00e4\u00e4n. Kun opiskelijat on valittuna, klikkaa &#8220;Massamuokkaa&#8221;.<\/p>\n<div id=\"attachment_3436\" style=\"width: 594px\" class=\"wp-caption alignnone\"><a href=\"https:\/\/blogi.eoppimispalvelut.fi\/peppi-ohjeet\/files\/2020\/06\/korkeakoulu-14.png\"><img loading=\"lazy\" decoding=\"async\" aria-describedby=\"caption-attachment-3436\" class=\"size-large wp-image-3436\" src=\"https:\/\/blogi.eoppimispalvelut.fi\/peppi-ohjeet\/files\/2020\/06\/korkeakoulu-14-1280x279.png\" alt=\"HOPSien alustaminen massana\" width=\"584\" height=\"127\" srcset=\"https:\/\/blogi.eoppimispalvelut.fi\/peppi-ohjeet\/files\/2020\/06\/korkeakoulu-14-1280x279.png 1280w, https:\/\/blogi.eoppimispalvelut.fi\/peppi-ohjeet\/files\/2020\/06\/korkeakoulu-14-900x196.png 900w, https:\/\/blogi.eoppimispalvelut.fi\/peppi-ohjeet\/files\/2020\/06\/korkeakoulu-14-768x168.png 768w, https:\/\/blogi.eoppimispalvelut.fi\/peppi-ohjeet\/files\/2020\/06\/korkeakoulu-14-1536x335.png 1536w, https:\/\/blogi.eoppimispalvelut.fi\/peppi-ohjeet\/files\/2020\/06\/korkeakoulu-14-500x109.png 500w, https:\/\/blogi.eoppimispalvelut.fi\/peppi-ohjeet\/files\/2020\/06\/korkeakoulu-14.png 1920w\" sizes=\"auto, (max-width: 584px) 100vw, 584px\" \/><\/a><p id=\"caption-attachment-3436\" class=\"wp-caption-text\">Klikkaa kuvaa suuremmaksi<\/p><\/div>\n<p>Klikkaa sitten &#8220;HOPSien alustus&#8221;.<\/p>\n<div id=\"attachment_5792\" style=\"width: 900px\" class=\"wp-caption alignnone\"><a href=\"https:\/\/blogi.eoppimispalvelut.fi\/peppi-ohjeet\/files\/2022\/03\/oppimis-17.png\"><img loading=\"lazy\" decoding=\"async\" aria-describedby=\"caption-attachment-5792\" class=\"size-full wp-image-5792\" src=\"https:\/\/blogi.eoppimispalvelut.fi\/peppi-ohjeet\/files\/2022\/03\/oppimis-17.png\" alt=\"HOPSin alustaminen\" width=\"890\" height=\"514\" srcset=\"https:\/\/blogi.eoppimispalvelut.fi\/peppi-ohjeet\/files\/2022\/03\/oppimis-17.png 890w, https:\/\/blogi.eoppimispalvelut.fi\/peppi-ohjeet\/files\/2022\/03\/oppimis-17-600x347.png 600w, https:\/\/blogi.eoppimispalvelut.fi\/peppi-ohjeet\/files\/2022\/03\/oppimis-17-768x444.png 768w, https:\/\/blogi.eoppimispalvelut.fi\/peppi-ohjeet\/files\/2022\/03\/oppimis-17-500x289.png 500w\" sizes=\"auto, (max-width: 890px) 100vw, 890px\" \/><\/a><p id=\"caption-attachment-5792\" class=\"wp-caption-text\">Klikkaa kuvaa suuremmaksi<\/p><\/div>\n<p>Voit alustaa jo olemassa olevat HOPSit uudelleen tai valita kaikille valituille opiskelijoille uuden opetussuunnitelman HOPSin pohjaksi. Lis\u00e4ksi voit poistaa HOPSin valituilta opiskelijoilta.<\/p>\n<p>&nbsp;<\/p>\n<hr \/>\n<p>Takaisin\u00a0<a href=\"https:\/\/blogi.eoppimispalvelut.fi\/peppi-ohjeet\/oppimis-ja-ohjauspalvelut\/\">Oppimis- ja ohjauspalveluiden<\/a>\u00a0\u2013 sivulle<\/p>\n","protected":false},"excerpt":{"rendered":"<p>HOPS (henkil\u00f6kohtainen opetussuunnitelma) on ty\u00f6kalu opiskelijalle ja opinto-ohjaajalle opiskelijan opintojen suunnitteluun ja opintojen edistymisen seurantaan. HOPS -v\u00e4lilehdell\u00e4 voit asettaa opiskelijalle valmistumishalukkuuden, valmistumisp\u00e4iv\u00e4n (opiskelijalla on ensin oltava ensin merkittyn\u00e4 valmistumishalukkuus) ja p\u00e4\u00e4set siirtym\u00e4\u00e4n opiskelijan HOPSille. Lis\u00e4ksi voit tarvittaessa alustaa opiskelijan HOPSin &hellip; <a href=\"https:\/\/blogi.eoppimispalvelut.fi\/peppi-ohjeet\/oppimis-ja-ohjauspalvelut\/hops-2\/\">Continue reading <span class=\"meta-nav\">&rarr;<\/span><\/a><\/p>\n","protected":false},"author":2214,"featured_media":0,"parent":211,"menu_order":0,"comment_status":"closed","ping_status":"closed","template":"","meta":{"_monsterinsights_skip_tracking":false,"_monsterinsights_sitenote_active":false,"_monsterinsights_sitenote_note":"","_monsterinsights_sitenote_category":0,"footnotes":""},"class_list":["post-3065","page","type-page","status-publish","hentry"],"_links":{"self":[{"href":"https:\/\/blogi.eoppimispalvelut.fi\/peppi-ohjeet\/wp-json\/wp\/v2\/pages\/3065","targetHints":{"allow":["GET"]}}],"collection":[{"href":"https:\/\/blogi.eoppimispalvelut.fi\/peppi-ohjeet\/wp-json\/wp\/v2\/pages"}],"about":[{"href":"https:\/\/blogi.eoppimispalvelut.fi\/peppi-ohjeet\/wp-json\/wp\/v2\/types\/page"}],"author":[{"embeddable":true,"href":"https:\/\/blogi.eoppimispalvelut.fi\/peppi-ohjeet\/wp-json\/wp\/v2\/users\/2214"}],"replies":[{"embeddable":true,"href":"https:\/\/blogi.eoppimispalvelut.fi\/peppi-ohjeet\/wp-json\/wp\/v2\/comments?post=3065"}],"version-history":[{"count":5,"href":"https:\/\/blogi.eoppimispalvelut.fi\/peppi-ohjeet\/wp-json\/wp\/v2\/pages\/3065\/revisions"}],"predecessor-version":[{"id":5793,"href":"https:\/\/blogi.eoppimispalvelut.fi\/peppi-ohjeet\/wp-json\/wp\/v2\/pages\/3065\/revisions\/5793"}],"up":[{"embeddable":true,"href":"https:\/\/blogi.eoppimispalvelut.fi\/peppi-ohjeet\/wp-json\/wp\/v2\/pages\/211"}],"wp:attachment":[{"href":"https:\/\/blogi.eoppimispalvelut.fi\/peppi-ohjeet\/wp-json\/wp\/v2\/media?parent=3065"}],"curies":[{"name":"wp","href":"https:\/\/api.w.org\/{rel}","templated":true}]}}