{"id":3067,"date":"2020-05-18T13:51:49","date_gmt":"2020-05-18T10:51:49","guid":{"rendered":"https:\/\/blogi.eoppimispalvelut.fi\/peppi-ohjeet\/?page_id=3067"},"modified":"2022-03-07T14:15:45","modified_gmt":"2022-03-07T12:15:45","slug":"valmistuminen","status":"publish","type":"page","link":"https:\/\/blogi.eoppimispalvelut.fi\/peppi-ohjeet\/oppimis-ja-ohjauspalvelut\/valmistuminen\/","title":{"rendered":"Valmistuminen"},"content":{"rendered":"<p>Voit valmistuttaa opiskelijan L\u00e4sn\u00e4olotiedot- tai HOPS-v\u00e4lilehdell\u00e4.<\/p>\n<p>Opiskelijan valmistuneeksi kirjaamisen j\u00e4lkeen, valmistumisp\u00e4iv\u00e4n j\u00e4lkeiset l\u00e4sn\u00e4olokaudet poistetaan ja opiskelijan opintosuoritukset lukitaan. Opiskeluoikeuden loppup\u00e4iv\u00e4m\u00e4\u00e4r\u00e4ksi asetetaan valitsemasi p\u00e4iv\u00e4m\u00e4\u00e4r\u00e4. Valmistumisp\u00e4iv\u00e4 on merkitt\u00e4v\u00e4, jotta tieto opiskelijan valmistumisesta siirtyy Virtaan ja tulee oikein my\u00f6s tutkintotodistuksen liitteisiin.<\/p>\n<div id=\"attachment_5797\" style=\"width: 594px\" class=\"wp-caption alignnone\"><a href=\"https:\/\/blogi.eoppimispalvelut.fi\/peppi-ohjeet\/files\/2022\/03\/oppimis-18.png\"><img loading=\"lazy\" decoding=\"async\" aria-describedby=\"caption-attachment-5797\" class=\"size-large wp-image-5797\" src=\"https:\/\/blogi.eoppimispalvelut.fi\/peppi-ohjeet\/files\/2022\/03\/oppimis-18-1280x683.png\" alt=\"Valmistuminen\" width=\"584\" height=\"312\" srcset=\"https:\/\/blogi.eoppimispalvelut.fi\/peppi-ohjeet\/files\/2022\/03\/oppimis-18-1280x683.png 1280w, https:\/\/blogi.eoppimispalvelut.fi\/peppi-ohjeet\/files\/2022\/03\/oppimis-18-600x320.png 600w, https:\/\/blogi.eoppimispalvelut.fi\/peppi-ohjeet\/files\/2022\/03\/oppimis-18-768x410.png 768w, https:\/\/blogi.eoppimispalvelut.fi\/peppi-ohjeet\/files\/2022\/03\/oppimis-18-500x267.png 500w, https:\/\/blogi.eoppimispalvelut.fi\/peppi-ohjeet\/files\/2022\/03\/oppimis-18.png 1518w\" sizes=\"auto, (max-width: 584px) 100vw, 584px\" \/><\/a><p id=\"caption-attachment-5797\" class=\"wp-caption-text\">Klikkaa kuvaa suuremmaksi<\/p><\/div>\n<p>Ennen valmistumisp\u00e4iv\u00e4m\u00e4\u00e4r\u00e4n lis\u00e4\u00e4mist\u00e4, opiskelijalle tulee olla lis\u00e4ttyn\u00e4 valmistumishalukkuus (tavoitevalmistumisp\u00e4iv\u00e4). Opiskelija on t\u00e4ytt\u00e4nyt valmistumishakemuksen Pepiss\u00e4 ja saanut koulutuksen opinto-ohjaajalta luvan hakea tutkintoa. T\u00e4m\u00e4n j\u00e4lkeen valmistumishakemus tulee koulutuksen suunnitelijalle, joka k\u00e4sittelee hakemuksen ja merkitsee opiskelijalle valmistumishalukkuuden klikkaamalla HOPS-v\u00e4lilehdell\u00e4 &#8220;Aseta valmistumishalukkuus&#8221;. Avautuvassa ikkunassa tavoitevalmistumisp\u00e4iv\u00e4 haetaan valikon kautta ja klikataan lopuksi Hyv\u00e4ksy.<\/p>\n<p><em>L\u00e4sn\u00e4olotiedot-v\u00e4lilehti<\/em><\/p>\n<div id=\"attachment_3472\" style=\"width: 594px\" class=\"wp-caption alignnone\"><a href=\"https:\/\/blogi.eoppimispalvelut.fi\/peppi-ohjeet\/files\/2020\/06\/korkeakoulu-27.png\"><img loading=\"lazy\" decoding=\"async\" aria-describedby=\"caption-attachment-3472\" class=\"size-large wp-image-3472\" src=\"https:\/\/blogi.eoppimispalvelut.fi\/peppi-ohjeet\/files\/2020\/06\/korkeakoulu-27-1280x626.png\" alt=\"Valmistuminen\" width=\"584\" height=\"286\" srcset=\"https:\/\/blogi.eoppimispalvelut.fi\/peppi-ohjeet\/files\/2020\/06\/korkeakoulu-27-1280x626.png 1280w, https:\/\/blogi.eoppimispalvelut.fi\/peppi-ohjeet\/files\/2020\/06\/korkeakoulu-27-900x440.png 900w, https:\/\/blogi.eoppimispalvelut.fi\/peppi-ohjeet\/files\/2020\/06\/korkeakoulu-27-768x376.png 768w, https:\/\/blogi.eoppimispalvelut.fi\/peppi-ohjeet\/files\/2020\/06\/korkeakoulu-27-1536x751.png 1536w, https:\/\/blogi.eoppimispalvelut.fi\/peppi-ohjeet\/files\/2020\/06\/korkeakoulu-27-500x245.png 500w, https:\/\/blogi.eoppimispalvelut.fi\/peppi-ohjeet\/files\/2020\/06\/korkeakoulu-27.png 1775w\" sizes=\"auto, (max-width: 584px) 100vw, 584px\" \/><\/a><p id=\"caption-attachment-3472\" class=\"wp-caption-text\">Klikkaa kuvaa suuremmaksi<\/p><\/div>\n<p>Valitse \u201dLis\u00e4\u00e4 valmistuminen\u201d ja lis\u00e4\u00e4 opiskelijalle valmistumisp\u00e4iv\u00e4m\u00e4\u00e4r\u00e4 alasvetovalikosta.<\/p>\n<div id=\"attachment_3425\" class=\"wp-caption alignnone\">\n<p><a href=\"https:\/\/blogi.eoppimispalvelut.fi\/peppi-ohjeet\/files\/2020\/06\/korkeakoulu-7.png\" data-slb-active=\"1\" data-slb-asset=\"514928801\" data-slb-internal=\"0\" data-slb-group=\"2994\"><img loading=\"lazy\" decoding=\"async\" class=\"size-full wp-image-3425\" src=\"https:\/\/blogi.eoppimispalvelut.fi\/peppi-ohjeet\/files\/2020\/06\/korkeakoulu-7.png\" alt=\"Valmistuminen\" width=\"744\" height=\"377\" aria-describedby=\"caption-attachment-3425\" srcset=\"https:\/\/blogi.eoppimispalvelut.fi\/peppi-ohjeet\/files\/2020\/06\/korkeakoulu-7.png 744w, https:\/\/blogi.eoppimispalvelut.fi\/peppi-ohjeet\/files\/2020\/06\/korkeakoulu-7-500x253.png 500w\" sizes=\"auto, (max-width: 744px) 100vw, 744px\" \/><\/a><\/p>\n<p id=\"caption-attachment-3425\" class=\"wp-caption-text\">Klikkaa kuvaa suuremmaksi<\/p>\n<\/div>\n<p>&nbsp;<\/p>\n<p><em>HOPS-v\u00e4lilehti<\/em><\/p>\n<div id=\"attachment_3470\" style=\"width: 594px\" class=\"wp-caption alignnone\"><a href=\"https:\/\/blogi.eoppimispalvelut.fi\/peppi-ohjeet\/files\/2020\/06\/korkeakoulu-25.png\"><img loading=\"lazy\" decoding=\"async\" aria-describedby=\"caption-attachment-3470\" class=\"size-large wp-image-3470\" src=\"https:\/\/blogi.eoppimispalvelut.fi\/peppi-ohjeet\/files\/2020\/06\/korkeakoulu-25-1280x680.png\" alt=\"Valmistuminen\" width=\"584\" height=\"310\" srcset=\"https:\/\/blogi.eoppimispalvelut.fi\/peppi-ohjeet\/files\/2020\/06\/korkeakoulu-25-1280x680.png 1280w, https:\/\/blogi.eoppimispalvelut.fi\/peppi-ohjeet\/files\/2020\/06\/korkeakoulu-25-900x478.png 900w, https:\/\/blogi.eoppimispalvelut.fi\/peppi-ohjeet\/files\/2020\/06\/korkeakoulu-25-768x408.png 768w, https:\/\/blogi.eoppimispalvelut.fi\/peppi-ohjeet\/files\/2020\/06\/korkeakoulu-25-500x266.png 500w, https:\/\/blogi.eoppimispalvelut.fi\/peppi-ohjeet\/files\/2020\/06\/korkeakoulu-25.png 1472w\" sizes=\"auto, (max-width: 584px) 100vw, 584px\" \/><\/a><p id=\"caption-attachment-3470\" class=\"wp-caption-text\">Klikkaa kuvaa suuremmaksi<\/p><\/div>\n<p>Opiskelijan voi valmistuttaa my\u00f6s HOPS-v\u00e4lilehdell\u00e4, jos opiskelijalla on ensin merkittyn\u00e4 valmistumishalukkuus. Valmistumishalukkuus merkit\u00e4\u00e4n, kun opiskelija on hakenut tutkintoa.<\/p>\n<div id=\"attachment_3471\" style=\"width: 1076px\" class=\"wp-caption alignnone\"><a href=\"https:\/\/blogi.eoppimispalvelut.fi\/peppi-ohjeet\/files\/2020\/06\/korkeakoulu-26.png\"><img loading=\"lazy\" decoding=\"async\" aria-describedby=\"caption-attachment-3471\" class=\"size-full wp-image-3471\" src=\"https:\/\/blogi.eoppimispalvelut.fi\/peppi-ohjeet\/files\/2020\/06\/korkeakoulu-26.png\" alt=\"Valmistuminen\" width=\"1066\" height=\"714\" srcset=\"https:\/\/blogi.eoppimispalvelut.fi\/peppi-ohjeet\/files\/2020\/06\/korkeakoulu-26.png 1066w, https:\/\/blogi.eoppimispalvelut.fi\/peppi-ohjeet\/files\/2020\/06\/korkeakoulu-26-900x603.png 900w, https:\/\/blogi.eoppimispalvelut.fi\/peppi-ohjeet\/files\/2020\/06\/korkeakoulu-26-768x514.png 768w, https:\/\/blogi.eoppimispalvelut.fi\/peppi-ohjeet\/files\/2020\/06\/korkeakoulu-26-448x300.png 448w\" sizes=\"auto, (max-width: 1066px) 100vw, 1066px\" \/><\/a><p id=\"caption-attachment-3471\" class=\"wp-caption-text\">Klikkaa kuvaa suuremmaksi<\/p><\/div>\n<p>Voit t\u00e4m\u00e4n j\u00e4lkeen asettaa opiskelijalle valmistumisp\u00e4iv\u00e4m\u00e4\u00e4r\u00e4n.<\/p>\n<p>&nbsp;<\/p>\n<p><em>Opiskelijoiden valmistuttaminen massamuokkauksen kautta<\/em><\/p>\n<div id=\"attachment_3543\" style=\"width: 594px\" class=\"wp-caption alignnone\"><a href=\"https:\/\/blogi.eoppimispalvelut.fi\/peppi-ohjeet\/files\/2020\/06\/korkeakoulu-30.png\"><img loading=\"lazy\" decoding=\"async\" aria-describedby=\"caption-attachment-3543\" class=\"size-large wp-image-3543\" src=\"https:\/\/blogi.eoppimispalvelut.fi\/peppi-ohjeet\/files\/2020\/06\/korkeakoulu-30-1280x504.png\" alt=\"Valmistuttaminen massamuokkauksen kautta\" width=\"584\" height=\"230\" srcset=\"https:\/\/blogi.eoppimispalvelut.fi\/peppi-ohjeet\/files\/2020\/06\/korkeakoulu-30-1280x504.png 1280w, https:\/\/blogi.eoppimispalvelut.fi\/peppi-ohjeet\/files\/2020\/06\/korkeakoulu-30-900x355.png 900w, https:\/\/blogi.eoppimispalvelut.fi\/peppi-ohjeet\/files\/2020\/06\/korkeakoulu-30-768x303.png 768w, https:\/\/blogi.eoppimispalvelut.fi\/peppi-ohjeet\/files\/2020\/06\/korkeakoulu-30-1536x605.png 1536w, https:\/\/blogi.eoppimispalvelut.fi\/peppi-ohjeet\/files\/2020\/06\/korkeakoulu-30-500x197.png 500w, https:\/\/blogi.eoppimispalvelut.fi\/peppi-ohjeet\/files\/2020\/06\/korkeakoulu-30.png 1896w\" sizes=\"auto, (max-width: 584px) 100vw, 584px\" \/><\/a><p id=\"caption-attachment-3543\" class=\"wp-caption-text\">Klikkaa kuvaa suuremmaksi<\/p><\/div>\n<p>Voit valmistuttaa useamman opiskelijan kerrallaan k\u00e4ytt\u00e4m\u00e4ll\u00e4 Massamuokkaus -toimintoa. Tee tarvittava haku ja valitse rasti niiden opiskelijoiden kohdalle, jotka haluat valmistuttaa. Klikkaa sitten Massamuokkaa.<\/p>\n<p>&nbsp;<\/p>\n<div id=\"attachment_3541\" style=\"width: 594px\" class=\"wp-caption alignnone\"><a href=\"https:\/\/blogi.eoppimispalvelut.fi\/peppi-ohjeet\/files\/2020\/06\/korkeakoulu-31.png\"><img loading=\"lazy\" decoding=\"async\" aria-describedby=\"caption-attachment-3541\" class=\"size-large wp-image-3541\" src=\"https:\/\/blogi.eoppimispalvelut.fi\/peppi-ohjeet\/files\/2020\/06\/korkeakoulu-31-1280x290.png\" alt=\"Valmistuttaminen massamuokkauksen kautta\" width=\"584\" height=\"132\" srcset=\"https:\/\/blogi.eoppimispalvelut.fi\/peppi-ohjeet\/files\/2020\/06\/korkeakoulu-31-1280x290.png 1280w, https:\/\/blogi.eoppimispalvelut.fi\/peppi-ohjeet\/files\/2020\/06\/korkeakoulu-31-900x204.png 900w, https:\/\/blogi.eoppimispalvelut.fi\/peppi-ohjeet\/files\/2020\/06\/korkeakoulu-31-768x174.png 768w, https:\/\/blogi.eoppimispalvelut.fi\/peppi-ohjeet\/files\/2020\/06\/korkeakoulu-31-1536x348.png 1536w, https:\/\/blogi.eoppimispalvelut.fi\/peppi-ohjeet\/files\/2020\/06\/korkeakoulu-31-500x113.png 500w, https:\/\/blogi.eoppimispalvelut.fi\/peppi-ohjeet\/files\/2020\/06\/korkeakoulu-31.png 2002w\" sizes=\"auto, (max-width: 584px) 100vw, 584px\" \/><\/a><p id=\"caption-attachment-3541\" class=\"wp-caption-text\">Klikkaa kuvaa suuremmaksi<\/p><\/div>\n<p>Valitse sen j\u00e4lkeen avautuvassa n\u00e4kym\u00e4ss\u00e4 &#8220;Muokkaa arvoja&#8221;.<\/p>\n<p>&nbsp;<\/p>\n<div id=\"attachment_3542\" style=\"width: 1270px\" class=\"wp-caption alignnone\"><a href=\"https:\/\/blogi.eoppimispalvelut.fi\/peppi-ohjeet\/files\/2020\/06\/korkeakoulu-32.png\"><img loading=\"lazy\" decoding=\"async\" aria-describedby=\"caption-attachment-3542\" class=\"size-full wp-image-3542\" src=\"https:\/\/blogi.eoppimispalvelut.fi\/peppi-ohjeet\/files\/2020\/06\/korkeakoulu-32.png\" alt=\"Valmistuttaminen massamuokkauksen kautta\" width=\"1260\" height=\"696\" srcset=\"https:\/\/blogi.eoppimispalvelut.fi\/peppi-ohjeet\/files\/2020\/06\/korkeakoulu-32.png 1260w, https:\/\/blogi.eoppimispalvelut.fi\/peppi-ohjeet\/files\/2020\/06\/korkeakoulu-32-900x497.png 900w, https:\/\/blogi.eoppimispalvelut.fi\/peppi-ohjeet\/files\/2020\/06\/korkeakoulu-32-768x424.png 768w, https:\/\/blogi.eoppimispalvelut.fi\/peppi-ohjeet\/files\/2020\/06\/korkeakoulu-32-500x276.png 500w\" sizes=\"auto, (max-width: 1260px) 100vw, 1260px\" \/><\/a><p id=\"caption-attachment-3542\" class=\"wp-caption-text\">Klikkaa kuvaa suuremmaksi<\/p><\/div>\n<p>Klikkaa Valmistumisp\u00e4iv\u00e4m\u00e4\u00e4r\u00e4n kohdalla rasti kohtaan Aseta ja valitse alasvetovalikosta haluttu p\u00e4iv\u00e4m\u00e4\u00e4r\u00e4 ja klikkaa Tee muutokset.<\/p>\n<p>&nbsp;<\/p>\n<hr \/>\n<p>Takaisin\u00a0<a href=\"https:\/\/blogi.eoppimispalvelut.fi\/peppi-ohjeet\/oppimis-ja-ohjauspalvelut\/\">Oppimis- ja ohjauspalveluiden<\/a>\u00a0\u2013 sivulle<\/p>\n<p>&nbsp;<\/p>\n","protected":false},"excerpt":{"rendered":"<p>Voit valmistuttaa opiskelijan L\u00e4sn\u00e4olotiedot- tai HOPS-v\u00e4lilehdell\u00e4. Opiskelijan valmistuneeksi kirjaamisen j\u00e4lkeen, valmistumisp\u00e4iv\u00e4n j\u00e4lkeiset l\u00e4sn\u00e4olokaudet poistetaan ja opiskelijan opintosuoritukset lukitaan. Opiskeluoikeuden loppup\u00e4iv\u00e4m\u00e4\u00e4r\u00e4ksi asetetaan valitsemasi p\u00e4iv\u00e4m\u00e4\u00e4r\u00e4. Valmistumisp\u00e4iv\u00e4 on merkitt\u00e4v\u00e4, jotta tieto opiskelijan valmistumisesta siirtyy Virtaan ja tulee oikein my\u00f6s tutkintotodistuksen liitteisiin. Ennen valmistumisp\u00e4iv\u00e4m\u00e4\u00e4r\u00e4n &hellip; <a href=\"https:\/\/blogi.eoppimispalvelut.fi\/peppi-ohjeet\/oppimis-ja-ohjauspalvelut\/valmistuminen\/\">Continue reading <span class=\"meta-nav\">&rarr;<\/span><\/a><\/p>\n","protected":false},"author":2214,"featured_media":0,"parent":211,"menu_order":0,"comment_status":"closed","ping_status":"closed","template":"","meta":{"_monsterinsights_skip_tracking":false,"_monsterinsights_sitenote_active":false,"_monsterinsights_sitenote_note":"","_monsterinsights_sitenote_category":0,"footnotes":""},"class_list":["post-3067","page","type-page","status-publish","hentry"],"_links":{"self":[{"href":"https:\/\/blogi.eoppimispalvelut.fi\/peppi-ohjeet\/wp-json\/wp\/v2\/pages\/3067","targetHints":{"allow":["GET"]}}],"collection":[{"href":"https:\/\/blogi.eoppimispalvelut.fi\/peppi-ohjeet\/wp-json\/wp\/v2\/pages"}],"about":[{"href":"https:\/\/blogi.eoppimispalvelut.fi\/peppi-ohjeet\/wp-json\/wp\/v2\/types\/page"}],"author":[{"embeddable":true,"href":"https:\/\/blogi.eoppimispalvelut.fi\/peppi-ohjeet\/wp-json\/wp\/v2\/users\/2214"}],"replies":[{"embeddable":true,"href":"https:\/\/blogi.eoppimispalvelut.fi\/peppi-ohjeet\/wp-json\/wp\/v2\/comments?post=3067"}],"version-history":[{"count":9,"href":"https:\/\/blogi.eoppimispalvelut.fi\/peppi-ohjeet\/wp-json\/wp\/v2\/pages\/3067\/revisions"}],"predecessor-version":[{"id":5798,"href":"https:\/\/blogi.eoppimispalvelut.fi\/peppi-ohjeet\/wp-json\/wp\/v2\/pages\/3067\/revisions\/5798"}],"up":[{"embeddable":true,"href":"https:\/\/blogi.eoppimispalvelut.fi\/peppi-ohjeet\/wp-json\/wp\/v2\/pages\/211"}],"wp:attachment":[{"href":"https:\/\/blogi.eoppimispalvelut.fi\/peppi-ohjeet\/wp-json\/wp\/v2\/media?parent=3067"}],"curies":[{"name":"wp","href":"https:\/\/api.w.org\/{rel}","templated":true}]}}