{"id":321,"date":"2020-02-11T09:16:04","date_gmt":"2020-02-11T07:16:04","guid":{"rendered":"https:\/\/blogi.eoppimispalvelut.fi\/peppi-ohjeet\/?page_id=321"},"modified":"2024-05-17T13:50:47","modified_gmt":"2024-05-17T10:50:47","slug":"pikalinkit","status":"publish","type":"page","link":"https:\/\/blogi.eoppimispalvelut.fi\/peppi-ohjeet\/opiskelijalle\/pikalinkit\/","title":{"rendered":"Pikalinkit"},"content":{"rendered":"<p><a href=\"https:\/\/vimeo.com\/392189482\">Katso video\u00a0<\/a><\/p>\n<p>Opiskelijan ty\u00f6p\u00f6yd\u00e4n p\u00e4\u00e4n\u00e4kym\u00e4n sinisest\u00e4 palkista sivun alareunassa l\u00f6yd\u00e4t pikalinkit keskeisimpiin toimintoihin.<\/p>\n<div id=\"attachment_6496\" style=\"width: 610px\" class=\"wp-caption alignleft\"><img loading=\"lazy\" decoding=\"async\" aria-describedby=\"caption-attachment-6496\" class=\"size-medium wp-image-6496\" src=\"https:\/\/blogi.eoppimispalvelut.fi\/peppi-ohjeet\/files\/2024\/05\/Pikalinkkikuvakkeet_etusivulla-600x333.png\" alt=\"Pikalinkkikuvakkeet etusivulla\" width=\"600\" height=\"333\" srcset=\"https:\/\/blogi.eoppimispalvelut.fi\/peppi-ohjeet\/files\/2024\/05\/Pikalinkkikuvakkeet_etusivulla-600x333.png 600w, https:\/\/blogi.eoppimispalvelut.fi\/peppi-ohjeet\/files\/2024\/05\/Pikalinkkikuvakkeet_etusivulla-1280x711.png 1280w, https:\/\/blogi.eoppimispalvelut.fi\/peppi-ohjeet\/files\/2024\/05\/Pikalinkkikuvakkeet_etusivulla-768x426.png 768w, https:\/\/blogi.eoppimispalvelut.fi\/peppi-ohjeet\/files\/2024\/05\/Pikalinkkikuvakkeet_etusivulla-500x278.png 500w, https:\/\/blogi.eoppimispalvelut.fi\/peppi-ohjeet\/files\/2024\/05\/Pikalinkkikuvakkeet_etusivulla.png 1286w\" sizes=\"auto, (max-width: 600px) 100vw, 600px\" \/><p id=\"caption-attachment-6496\" class=\"wp-caption-text\">Klikkaa kuva suuremmaksi<\/p><\/div>\n<ul>\n<li>Minun opintoni -pikalinkist\u00e4 p\u00e4\u00e4set suoraan HOPSiisi (henkil\u00f6kohtainen opintosuunnitelma).<\/li>\n<li>Opintosuoritukset-pikalinkist\u00e4 avautuu n\u00e4kym\u00e4 opintosuoritusotteeseesi. Opintosuorituksia voi suodattaa painamalla Suodata listaa -palkkia. Voit valita Koko HOPSin, Suoritettu, Suoritettu osittain tai Hyl\u00e4tty -vaihtoehdot sek\u00e4 valita lukuvuoden, lukukauden ja periodin, joita haluat tarkastella.<\/li>\n<\/ul>\n<p>Takaisin <a href=\"https:\/\/blogi.eoppimispalvelut.fi\/peppi-ohjeet\/opiskelijalle\/\">Opiskelijalle-sivulle<\/a><\/p>\n","protected":false},"excerpt":{"rendered":"<p>Katso video\u00a0 Opiskelijan ty\u00f6p\u00f6yd\u00e4n p\u00e4\u00e4n\u00e4kym\u00e4n sinisest\u00e4 palkista sivun alareunassa l\u00f6yd\u00e4t pikalinkit keskeisimpiin toimintoihin. Minun opintoni -pikalinkist\u00e4 p\u00e4\u00e4set suoraan HOPSiisi (henkil\u00f6kohtainen opintosuunnitelma). Opintosuoritukset-pikalinkist\u00e4 avautuu n\u00e4kym\u00e4 opintosuoritusotteeseesi. Opintosuorituksia voi suodattaa painamalla Suodata listaa -palkkia. Voit valita Koko HOPSin, Suoritettu, Suoritettu osittain tai &hellip; <a href=\"https:\/\/blogi.eoppimispalvelut.fi\/peppi-ohjeet\/opiskelijalle\/pikalinkit\/\">Continue reading <span class=\"meta-nav\">&rarr;<\/span><\/a><\/p>\n","protected":false},"author":6,"featured_media":0,"parent":203,"menu_order":0,"comment_status":"closed","ping_status":"closed","template":"","meta":{"_monsterinsights_skip_tracking":false,"_monsterinsights_sitenote_active":false,"_monsterinsights_sitenote_note":"","_monsterinsights_sitenote_category":0,"footnotes":""},"class_list":["post-321","page","type-page","status-publish","hentry"],"_links":{"self":[{"href":"https:\/\/blogi.eoppimispalvelut.fi\/peppi-ohjeet\/wp-json\/wp\/v2\/pages\/321","targetHints":{"allow":["GET"]}}],"collection":[{"href":"https:\/\/blogi.eoppimispalvelut.fi\/peppi-ohjeet\/wp-json\/wp\/v2\/pages"}],"about":[{"href":"https:\/\/blogi.eoppimispalvelut.fi\/peppi-ohjeet\/wp-json\/wp\/v2\/types\/page"}],"author":[{"embeddable":true,"href":"https:\/\/blogi.eoppimispalvelut.fi\/peppi-ohjeet\/wp-json\/wp\/v2\/users\/6"}],"replies":[{"embeddable":true,"href":"https:\/\/blogi.eoppimispalvelut.fi\/peppi-ohjeet\/wp-json\/wp\/v2\/comments?post=321"}],"version-history":[{"count":33,"href":"https:\/\/blogi.eoppimispalvelut.fi\/peppi-ohjeet\/wp-json\/wp\/v2\/pages\/321\/revisions"}],"predecessor-version":[{"id":6498,"href":"https:\/\/blogi.eoppimispalvelut.fi\/peppi-ohjeet\/wp-json\/wp\/v2\/pages\/321\/revisions\/6498"}],"up":[{"embeddable":true,"href":"https:\/\/blogi.eoppimispalvelut.fi\/peppi-ohjeet\/wp-json\/wp\/v2\/pages\/203"}],"wp:attachment":[{"href":"https:\/\/blogi.eoppimispalvelut.fi\/peppi-ohjeet\/wp-json\/wp\/v2\/media?parent=321"}],"curies":[{"name":"wp","href":"https:\/\/api.w.org\/{rel}","templated":true}]}}