{"id":331,"date":"2020-02-11T09:53:29","date_gmt":"2020-02-11T07:53:29","guid":{"rendered":"https:\/\/blogi.eoppimispalvelut.fi\/peppi-ohjeet\/?page_id=331"},"modified":"2024-07-04T15:40:40","modified_gmt":"2024-07-04T12:40:40","slug":"profiili","status":"publish","type":"page","link":"https:\/\/blogi.eoppimispalvelut.fi\/peppi-ohjeet\/opiskelijalle\/profiili\/","title":{"rendered":"Oma profiili"},"content":{"rendered":"<p><a href=\"https:\/\/vimeo.com\/392425336\">Katso video<\/a><\/p>\n<ul>\n<li>Jokaisella opiskelijalla on oma profiili<\/li>\n<li>L\u00f6yd\u00e4t profiilisi klikkaamalla oikeassa yl\u00e4reunassa n\u00e4kyv\u00e4\u00e4 nime\u00e4si<\/li>\n<li>P\u00e4\u00e4set muokkaamaan omia tietojasi valitsemalla Omat tiedot<\/li>\n<\/ul>\n<p>Voit valita tarkasteltavan opiskeluoikeuden avautuvasta valikosta.<\/p>\n<div id=\"attachment_6488\" style=\"width: 610px\" class=\"wp-caption alignleft\"><img loading=\"lazy\" decoding=\"async\" aria-describedby=\"caption-attachment-6488\" class=\"wp-image-6488 size-medium\" src=\"https:\/\/blogi.eoppimispalvelut.fi\/peppi-ohjeet\/files\/2024\/05\/Roolin_valinta-600x184.png\" alt=\"roolin valinta\" width=\"600\" height=\"184\" srcset=\"https:\/\/blogi.eoppimispalvelut.fi\/peppi-ohjeet\/files\/2024\/05\/Roolin_valinta-600x184.png 600w, https:\/\/blogi.eoppimispalvelut.fi\/peppi-ohjeet\/files\/2024\/05\/Roolin_valinta-768x235.png 768w, https:\/\/blogi.eoppimispalvelut.fi\/peppi-ohjeet\/files\/2024\/05\/Roolin_valinta-500x153.png 500w, https:\/\/blogi.eoppimispalvelut.fi\/peppi-ohjeet\/files\/2024\/05\/Roolin_valinta.png 1191w\" sizes=\"auto, (max-width: 600px) 100vw, 600px\" \/><p id=\"caption-attachment-6488\" class=\"wp-caption-text\">Klikkaa kuva suuremmaksi<\/p><\/div>\n<p><strong>Opiskelutietojen tarkastelu<\/strong><\/p>\n<p>Oman profiilisi kautta p\u00e4\u00e4set tarkastelemaan omaan opiskeluoikeuteesi liittyvi\u00e4 tietoja. N\u00e4it\u00e4 tietoja opiskelijalla ei ole oikeutta muuttaa, mutta:<\/p>\n<ul>\n<li>Voit tarkastella omia opiskelutietojasi<\/li>\n<li>Voit tarkastella omia l\u00e4sn\u00e4olotietojasi<\/li>\n<li>Voit my\u00f6s siirty\u00e4 ilmoittautumaan l\u00e4sn\u00e4olevaksi valitsemalla Siirry l\u00e4sn\u00e4oloilmoittautumisiin<\/li>\n<li>Voit tarkastella opintosuorituksiasi<\/li>\n<li>Voit tarkastella opintoihisi mahdollisesti sis\u00e4ltyvien kansainv\u00e4listen opiskelijavaihtojen tietoja<\/li>\n<\/ul>\n<p><strong>Henkil\u00f6tietojen tarkastelu ja p\u00e4ivitt\u00e4minen<\/strong><\/p>\n<p>Oman profiilisi kautta p\u00e4\u00e4set p\u00e4ivitt\u00e4m\u00e4\u00e4n omia henkil\u00f6tietojasi valitsemalla Henkil\u00f6tiedot-v\u00e4lilehden ja Muokkaa henkil\u00f6tietoja. Opiskelijalla on oikeus p\u00e4ivitt\u00e4\u00e4 tietoja rajatusti. Henkil\u00f6tietojen osalta sinulla on mahdollisuus muuttaa asiointikieli.<\/p>\n<p><strong>Yhteystietojen tarkastelu ja p\u00e4ivitt\u00e4minen<\/strong><\/p>\n<p>Voit p\u00e4ivitt\u00e4\u00e4 omat yhteystietosi valitsemalla Yhteystiedot-v\u00e4lilehden ja Muokkaa yhteystietoja. Avautuvalla ikkunalla n\u00e4et, mit\u00e4 tietoja voit muokata. Lis\u00e4\u00e4 henkil\u00f6kohtainen s\u00e4hk\u00f6postiosoitteesi sek\u00e4 puhelinnumerosi, ett\u00e4 saamme sinuun yhteyden, jos koulun s\u00e4hk\u00f6posti ei toimi (esimerkiksi jos salasanasi on mennyt vanhaksi, etk\u00e4 p\u00e4\u00e4se koulun s\u00e4hk\u00f6postiin tai opiskeluoikeutesi on mennyt umpeen).<\/p>\n<p><strong>Tietojen luovutusluvat<\/strong><\/p>\n<p>Oman profiilin kautta p\u00e4\u00e4set p\u00e4ivitt\u00e4m\u00e4\u00e4n omien tietojen luovutuslupia valitsemalla Tietojen luovutusluvat -v\u00e4lilehden ja Muokkaa tietojen luovutuslupia.<\/p>\n<p><strong>Asetukset<\/strong><\/p>\n<p>Asetuksissa voit muokata k\u00e4ytt\u00f6liittym\u00e4n kieliasetuksia tai asettaa tai vaihtaa itsellesi profiilikuvan.<\/p>\n<p>Asetuksissa voit m\u00e4\u00e4ritell\u00e4 Pepin sis\u00e4ll\u00f6n ja k\u00e4ytt\u00f6liittym\u00e4n kielen omalle n\u00e4kym\u00e4llesi. Kun m\u00e4\u00e4rittelet kielen asetuksissa, tallentuu se pysyv\u00e4sti. Eli jos haluat, ett\u00e4 k\u00e4ytt\u00f6liittym\u00e4 on aina esimerksi englanninkielinen, k\u00e4y tallentamassa haluamasi kieli asetuksiin. Mik\u00e4li haluttua kielt\u00e4 ei tueta Pepiss\u00e4, k\u00e4ytet\u00e4\u00e4n oletusarvoisena englannin kielt\u00e4.<\/p>\n<p>&nbsp;<\/p>\n<hr \/>\n<p>Takaisin <a href=\"https:\/\/blogi.eoppimispalvelut.fi\/peppi-ohjeet\/opiskelijalle\/\">Opiskelijalle-sivulle<\/a><\/p>\n","protected":false},"excerpt":{"rendered":"<p>Katso video Jokaisella opiskelijalla on oma profiili L\u00f6yd\u00e4t profiilisi klikkaamalla oikeassa yl\u00e4reunassa n\u00e4kyv\u00e4\u00e4 nime\u00e4si P\u00e4\u00e4set muokkaamaan omia tietojasi valitsemalla Omat tiedot Voit valita tarkasteltavan opiskeluoikeuden avautuvasta valikosta. Opiskelutietojen tarkastelu Oman profiilisi kautta p\u00e4\u00e4set tarkastelemaan omaan opiskeluoikeuteesi liittyvi\u00e4 tietoja. N\u00e4it\u00e4 tietoja &hellip; <a href=\"https:\/\/blogi.eoppimispalvelut.fi\/peppi-ohjeet\/opiskelijalle\/profiili\/\">Continue reading <span class=\"meta-nav\">&rarr;<\/span><\/a><\/p>\n","protected":false},"author":6,"featured_media":0,"parent":203,"menu_order":0,"comment_status":"closed","ping_status":"closed","template":"","meta":{"_monsterinsights_skip_tracking":false,"_monsterinsights_sitenote_active":false,"_monsterinsights_sitenote_note":"","_monsterinsights_sitenote_category":0,"footnotes":""},"class_list":["post-331","page","type-page","status-publish","hentry"],"_links":{"self":[{"href":"https:\/\/blogi.eoppimispalvelut.fi\/peppi-ohjeet\/wp-json\/wp\/v2\/pages\/331","targetHints":{"allow":["GET"]}}],"collection":[{"href":"https:\/\/blogi.eoppimispalvelut.fi\/peppi-ohjeet\/wp-json\/wp\/v2\/pages"}],"about":[{"href":"https:\/\/blogi.eoppimispalvelut.fi\/peppi-ohjeet\/wp-json\/wp\/v2\/types\/page"}],"author":[{"embeddable":true,"href":"https:\/\/blogi.eoppimispalvelut.fi\/peppi-ohjeet\/wp-json\/wp\/v2\/users\/6"}],"replies":[{"embeddable":true,"href":"https:\/\/blogi.eoppimispalvelut.fi\/peppi-ohjeet\/wp-json\/wp\/v2\/comments?post=331"}],"version-history":[{"count":61,"href":"https:\/\/blogi.eoppimispalvelut.fi\/peppi-ohjeet\/wp-json\/wp\/v2\/pages\/331\/revisions"}],"predecessor-version":[{"id":6838,"href":"https:\/\/blogi.eoppimispalvelut.fi\/peppi-ohjeet\/wp-json\/wp\/v2\/pages\/331\/revisions\/6838"}],"up":[{"embeddable":true,"href":"https:\/\/blogi.eoppimispalvelut.fi\/peppi-ohjeet\/wp-json\/wp\/v2\/pages\/203"}],"wp:attachment":[{"href":"https:\/\/blogi.eoppimispalvelut.fi\/peppi-ohjeet\/wp-json\/wp\/v2\/media?parent=331"}],"curies":[{"name":"wp","href":"https:\/\/api.w.org\/{rel}","templated":true}]}}