{"id":363,"date":"2020-02-11T11:53:10","date_gmt":"2020-02-11T09:53:10","guid":{"rendered":"https:\/\/blogi.eoppimispalvelut.fi\/peppi-ohjeet\/?page_id=363"},"modified":"2024-07-04T15:41:06","modified_gmt":"2024-07-04T12:41:06","slug":"suosikit-ja-linkit","status":"publish","type":"page","link":"https:\/\/blogi.eoppimispalvelut.fi\/peppi-ohjeet\/opiskelijalle\/suosikit-ja-linkit\/","title":{"rendered":"Suosikit ja linkit"},"content":{"rendered":"<p><a href=\"https:\/\/vimeo.com\/392914258\">Katso video<\/a><\/p>\n<p>Voit lis\u00e4t\u00e4 omia henkil\u00f6kohtaisia linkkej\u00e4 valitsemalla Etusivu-valikosta Suosikit ja linkit tai klikkaamalla etusivulta N\u00e4yt\u00e4 suosikit ja sen j\u00e4lkeen painamalla Lis\u00e4\u00e4 linkki -painiketta.<\/p>\n<p>Lis\u00e4\u00e4 avautuvassa Uusi linkki -ikkunassa linkin nimi ja nettiosoite.<\/p>\n<p>Lis\u00e4\u00e4m\u00e4si linkki tulee n\u00e4kyviin Suosikit ja linkit -ikkunalle.<\/p>\n<div id=\"attachment_6525\" style=\"width: 610px\" class=\"wp-caption alignleft\"><img loading=\"lazy\" decoding=\"async\" aria-describedby=\"caption-attachment-6525\" class=\"size-medium wp-image-6525\" src=\"https:\/\/blogi.eoppimispalvelut.fi\/peppi-ohjeet\/files\/2024\/05\/Suosikit-ja-linkit-600x321.png\" alt=\"Suosikit ja linkit\" width=\"600\" height=\"321\" srcset=\"https:\/\/blogi.eoppimispalvelut.fi\/peppi-ohjeet\/files\/2024\/05\/Suosikit-ja-linkit-600x321.png 600w, https:\/\/blogi.eoppimispalvelut.fi\/peppi-ohjeet\/files\/2024\/05\/Suosikit-ja-linkit-768x411.png 768w, https:\/\/blogi.eoppimispalvelut.fi\/peppi-ohjeet\/files\/2024\/05\/Suosikit-ja-linkit-500x268.png 500w, https:\/\/blogi.eoppimispalvelut.fi\/peppi-ohjeet\/files\/2024\/05\/Suosikit-ja-linkit.png 1271w\" sizes=\"auto, (max-width: 600px) 100vw, 600px\" \/><p id=\"caption-attachment-6525\" class=\"wp-caption-text\">Klikkaa kuva suuremmaksi<\/p><\/div>\n<p>Takaisin <a href=\"https:\/\/blogi.eoppimispalvelut.fi\/peppi-ohjeet\/opiskelijalle\/\">Opiskelijalle-sivulle<\/a><\/p>\n","protected":false},"excerpt":{"rendered":"<p>Katso video Voit lis\u00e4t\u00e4 omia henkil\u00f6kohtaisia linkkej\u00e4 valitsemalla Etusivu-valikosta Suosikit ja linkit tai klikkaamalla etusivulta N\u00e4yt\u00e4 suosikit ja sen j\u00e4lkeen painamalla Lis\u00e4\u00e4 linkki -painiketta. Lis\u00e4\u00e4 avautuvassa Uusi linkki -ikkunassa linkin nimi ja nettiosoite. Lis\u00e4\u00e4m\u00e4si linkki tulee n\u00e4kyviin Suosikit ja linkit &hellip; <a href=\"https:\/\/blogi.eoppimispalvelut.fi\/peppi-ohjeet\/opiskelijalle\/suosikit-ja-linkit\/\">Continue reading <span class=\"meta-nav\">&rarr;<\/span><\/a><\/p>\n","protected":false},"author":6,"featured_media":0,"parent":203,"menu_order":0,"comment_status":"closed","ping_status":"closed","template":"","meta":{"_monsterinsights_skip_tracking":false,"_monsterinsights_sitenote_active":false,"_monsterinsights_sitenote_note":"","_monsterinsights_sitenote_category":0,"footnotes":""},"class_list":["post-363","page","type-page","status-publish","hentry"],"_links":{"self":[{"href":"https:\/\/blogi.eoppimispalvelut.fi\/peppi-ohjeet\/wp-json\/wp\/v2\/pages\/363","targetHints":{"allow":["GET"]}}],"collection":[{"href":"https:\/\/blogi.eoppimispalvelut.fi\/peppi-ohjeet\/wp-json\/wp\/v2\/pages"}],"about":[{"href":"https:\/\/blogi.eoppimispalvelut.fi\/peppi-ohjeet\/wp-json\/wp\/v2\/types\/page"}],"author":[{"embeddable":true,"href":"https:\/\/blogi.eoppimispalvelut.fi\/peppi-ohjeet\/wp-json\/wp\/v2\/users\/6"}],"replies":[{"embeddable":true,"href":"https:\/\/blogi.eoppimispalvelut.fi\/peppi-ohjeet\/wp-json\/wp\/v2\/comments?post=363"}],"version-history":[{"count":33,"href":"https:\/\/blogi.eoppimispalvelut.fi\/peppi-ohjeet\/wp-json\/wp\/v2\/pages\/363\/revisions"}],"predecessor-version":[{"id":6839,"href":"https:\/\/blogi.eoppimispalvelut.fi\/peppi-ohjeet\/wp-json\/wp\/v2\/pages\/363\/revisions\/6839"}],"up":[{"embeddable":true,"href":"https:\/\/blogi.eoppimispalvelut.fi\/peppi-ohjeet\/wp-json\/wp\/v2\/pages\/203"}],"wp:attachment":[{"href":"https:\/\/blogi.eoppimispalvelut.fi\/peppi-ohjeet\/wp-json\/wp\/v2\/media?parent=363"}],"curies":[{"name":"wp","href":"https:\/\/api.w.org\/{rel}","templated":true}]}}