{"id":3995,"date":"2020-12-03T10:37:35","date_gmt":"2020-12-03T08:37:35","guid":{"rendered":"https:\/\/blogi.eoppimispalvelut.fi\/peppi-ohjeet\/?page_id=3995"},"modified":"2025-09-09T09:10:37","modified_gmt":"2025-09-09T06:10:37","slug":"opintopalauteohje","status":"publish","type":"page","link":"https:\/\/blogi.eoppimispalvelut.fi\/peppi-ohjeet\/opetus_ohjaus\/omat-toteutukset\/opintopalauteohje\/","title":{"rendered":"Opintopalauteohje"},"content":{"rendered":"<h1>Opintopalaute, opettajan ohje<\/h1>\n<p><em>K\u00e4yt\u00e4 selaimena Chromea, Safaria, Mozilla Firefoxia tai Edge\u00e4 \u2013 Internet Explorerilla opintopalaute ei toimi.<\/em><\/p>\n<p>Opintopalaute k\u00e4sitell\u00e4\u00e4n <a href=\"https:\/\/moodle.eoppimispalvelut.fi\/login\/index.php\" target=\"_blank\" rel=\"noopener\">Moodlessa.<\/a> P\u00e4\u00e4set opintopalautteisiin Moodlen p\u00e4\u00e4valikosta kohdasta Opintopalaute sek\u00e4 suoraan toteutuksista.<\/p>\n<p><a href=\"https:\/\/drive.google.com\/file\/d\/1pGe96fHzjzyquiHQCitVC8UvAL37x-ea\/view\">Opintopalauteohje opettajalle<\/a><\/p>\n<p><a href=\"https:\/\/drive.google.com\/file\/d\/1-a-zGoESAD-KO3QeelEkscBZeUNbZ0Dp\/view\">Study Feedback, instructions for teachers<\/a><\/p>\n<hr \/>\n<p>Takaisin\u00a0<a href=\"https:\/\/blogi.eoppimispalvelut.fi\/peppi-ohjeet\/opetus_ohjaus\/\">Opetus ja ohjaus -sivulle<\/a><\/p>\n","protected":false},"excerpt":{"rendered":"<p>Opintopalaute, opettajan ohje K\u00e4yt\u00e4 selaimena Chromea, Safaria, Mozilla Firefoxia tai Edge\u00e4 \u2013 Internet Explorerilla opintopalaute ei toimi. Opintopalaute k\u00e4sitell\u00e4\u00e4n Moodlessa. P\u00e4\u00e4set opintopalautteisiin Moodlen p\u00e4\u00e4valikosta kohdasta Opintopalaute sek\u00e4 suoraan toteutuksista. Opintopalauteohje opettajalle Study Feedback, instructions for teachers Takaisin\u00a0Opetus ja ohjaus -sivulle<\/p>\n","protected":false},"author":6,"featured_media":0,"parent":233,"menu_order":0,"comment_status":"closed","ping_status":"closed","template":"","meta":{"_monsterinsights_skip_tracking":false,"_monsterinsights_sitenote_active":false,"_monsterinsights_sitenote_note":"","_monsterinsights_sitenote_category":0,"footnotes":""},"class_list":["post-3995","page","type-page","status-publish","hentry"],"_links":{"self":[{"href":"https:\/\/blogi.eoppimispalvelut.fi\/peppi-ohjeet\/wp-json\/wp\/v2\/pages\/3995","targetHints":{"allow":["GET"]}}],"collection":[{"href":"https:\/\/blogi.eoppimispalvelut.fi\/peppi-ohjeet\/wp-json\/wp\/v2\/pages"}],"about":[{"href":"https:\/\/blogi.eoppimispalvelut.fi\/peppi-ohjeet\/wp-json\/wp\/v2\/types\/page"}],"author":[{"embeddable":true,"href":"https:\/\/blogi.eoppimispalvelut.fi\/peppi-ohjeet\/wp-json\/wp\/v2\/users\/6"}],"replies":[{"embeddable":true,"href":"https:\/\/blogi.eoppimispalvelut.fi\/peppi-ohjeet\/wp-json\/wp\/v2\/comments?post=3995"}],"version-history":[{"count":9,"href":"https:\/\/blogi.eoppimispalvelut.fi\/peppi-ohjeet\/wp-json\/wp\/v2\/pages\/3995\/revisions"}],"predecessor-version":[{"id":7179,"href":"https:\/\/blogi.eoppimispalvelut.fi\/peppi-ohjeet\/wp-json\/wp\/v2\/pages\/3995\/revisions\/7179"}],"up":[{"embeddable":true,"href":"https:\/\/blogi.eoppimispalvelut.fi\/peppi-ohjeet\/wp-json\/wp\/v2\/pages\/233"}],"wp:attachment":[{"href":"https:\/\/blogi.eoppimispalvelut.fi\/peppi-ohjeet\/wp-json\/wp\/v2\/media?parent=3995"}],"curies":[{"name":"wp","href":"https:\/\/api.w.org\/{rel}","templated":true}]}}