{"id":4032,"date":"2020-12-14T13:25:43","date_gmt":"2020-12-14T11:25:43","guid":{"rendered":"https:\/\/blogi.eoppimispalvelut.fi\/peppi-ohjeet\/?page_id=4032"},"modified":"2020-12-22T14:36:28","modified_gmt":"2020-12-22T12:36:28","slug":"avoimen-polkuopinnot","status":"publish","type":"page","link":"https:\/\/blogi.eoppimispalvelut.fi\/peppi-ohjeet\/koulutus-ja-opetussuunnittelu\/opetussuunnitelmat\/muun-opetustarjonnan-suunnittelu\/avoimen-opetustarjonnan-suunnittelu\/avoimen-polkuopinnot\/","title":{"rendered":"Avoimen Polkuopinnot"},"content":{"rendered":"<ul>\n<li>Polkuopinnot AMK<\/li>\n<li>Polkuopintoihin hakijat valitaan ilmoittautumisj\u00e4rjestyksess\u00e4<\/li>\n<li>ilmoittautuminen syksyn opintoihin alkaa toukokuussa 1.5. \u2013 30.6.2021 ja kev\u00e4\u00e4n opintoihin marraskuussa 15.10. \u2013 30.11.2021<\/li>\n<li>Polkuopinnot YAMK<\/li>\n<li>Polkuopintoihin hakijat valitaan ilmoittautumisj\u00e4rjestyksesss\u00e4<\/li>\n<li>Ilmoittautuminen on ehdollinen kunnes aikaisempi koulutus on tarkistettu<\/li>\n<li>ilmoittautuminen syksyn opintoihin alkaa toukokuussa 1.5. \u2013 30.6.2021<\/li>\n<\/ul>\n<div id=\"attachment_4488\" style=\"width: 610px\" class=\"wp-caption alignleft\"><img loading=\"lazy\" decoding=\"async\" aria-describedby=\"caption-attachment-4488\" class=\"size-medium wp-image-4488\" src=\"https:\/\/blogi.eoppimispalvelut.fi\/peppi-ohjeet\/files\/2020\/12\/haku2-600x342.png\" alt=\"haku\" width=\"600\" height=\"342\" srcset=\"https:\/\/blogi.eoppimispalvelut.fi\/peppi-ohjeet\/files\/2020\/12\/haku2-600x342.png 600w, https:\/\/blogi.eoppimispalvelut.fi\/peppi-ohjeet\/files\/2020\/12\/haku2-768x438.png 768w, https:\/\/blogi.eoppimispalvelut.fi\/peppi-ohjeet\/files\/2020\/12\/haku2-500x285.png 500w, https:\/\/blogi.eoppimispalvelut.fi\/peppi-ohjeet\/files\/2020\/12\/haku2.png 1009w\" sizes=\"auto, (max-width: 600px) 100vw, 600px\" \/><p id=\"caption-attachment-4488\" class=\"wp-caption-text\">Klikkaa kuva suuremmaksi<\/p><\/div>\n<p>&nbsp;<\/p>\n<ol>\n<li>Valitse haluamasi toteutukset<\/li>\n<li>Valitse valituista ilmoittautumisen kohde<\/li>\n<\/ol>\n<div id=\"attachment_4490\" style=\"width: 610px\" class=\"wp-caption alignleft\"><img loading=\"lazy\" decoding=\"async\" aria-describedby=\"caption-attachment-4490\" class=\"size-medium wp-image-4490\" src=\"https:\/\/blogi.eoppimispalvelut.fi\/peppi-ohjeet\/files\/2020\/12\/Ilmoittautumisen-kohde2-600x347.png\" alt=\"Ilmoittautumisen kohde\" width=\"600\" height=\"347\" srcset=\"https:\/\/blogi.eoppimispalvelut.fi\/peppi-ohjeet\/files\/2020\/12\/Ilmoittautumisen-kohde2-600x347.png 600w, https:\/\/blogi.eoppimispalvelut.fi\/peppi-ohjeet\/files\/2020\/12\/Ilmoittautumisen-kohde2-1280x740.png 1280w, https:\/\/blogi.eoppimispalvelut.fi\/peppi-ohjeet\/files\/2020\/12\/Ilmoittautumisen-kohde2-768x444.png 768w, https:\/\/blogi.eoppimispalvelut.fi\/peppi-ohjeet\/files\/2020\/12\/Ilmoittautumisen-kohde2-500x289.png 500w, https:\/\/blogi.eoppimispalvelut.fi\/peppi-ohjeet\/files\/2020\/12\/Ilmoittautumisen-kohde2.png 1519w\" sizes=\"auto, (max-width: 600px) 100vw, 600px\" \/><p id=\"caption-attachment-4490\" class=\"wp-caption-text\">Klikkaa kuva suuremmaksi<\/p><\/div>\n<p>&nbsp;<\/p>\n<ol>\n<li>Luo kokonaisuudelle nimi, liit\u00e4 mukaan laajuus opintopistein\u00e4, toteutustapa, paikkakunta sek\u00e4 lukukausi, jolla opintokokonaisuus toteutetaan. Tiedot t\u00e4ydennet\u00e4\u00e4n v\u00e4hint\u00e4\u00e4n sek\u00e4 suomeksi ett\u00e4 englanniksi.<\/li>\n<li>Aseta laajuusyksikk\u00f6 (oletuksena opintopiste). Laajuus lasketaan automaattisesti kokonaisuuteen liitettyjen toteutusten laajuuksista.<\/li>\n<li>Lis\u00e4\u00e4 vastuuhenkil\u00f6<\/li>\n<li>Lis\u00e4\u00e4 luokittelutiedot kokonaisuuden toteutuksen mukaisesti<\/li>\n<\/ol>\n<p>&nbsp;<\/p>\n<div id=\"attachment_4492\" style=\"width: 610px\" class=\"wp-caption alignleft\"><img loading=\"lazy\" decoding=\"async\" aria-describedby=\"caption-attachment-4492\" class=\"size-medium wp-image-4492\" src=\"https:\/\/blogi.eoppimispalvelut.fi\/peppi-ohjeet\/files\/2020\/12\/nimi-600x334.png\" alt=\"nimi\" width=\"600\" height=\"334\" srcset=\"https:\/\/blogi.eoppimispalvelut.fi\/peppi-ohjeet\/files\/2020\/12\/nimi-600x334.png 600w, https:\/\/blogi.eoppimispalvelut.fi\/peppi-ohjeet\/files\/2020\/12\/nimi-1280x713.png 1280w, https:\/\/blogi.eoppimispalvelut.fi\/peppi-ohjeet\/files\/2020\/12\/nimi-768x428.png 768w, https:\/\/blogi.eoppimispalvelut.fi\/peppi-ohjeet\/files\/2020\/12\/nimi-500x278.png 500w, https:\/\/blogi.eoppimispalvelut.fi\/peppi-ohjeet\/files\/2020\/12\/nimi.png 1343w\" sizes=\"auto, (max-width: 600px) 100vw, 600px\" \/><p id=\"caption-attachment-4492\" class=\"wp-caption-text\">Klikkaa kuva suuremmaksi<\/p><\/div>\n<p>&nbsp;<\/p>\n<ol>\n<li>M\u00e4\u00e4rittele maksuperuste. Jos kokonaisuuden opintopisteiden perusteella hinnaksi muodostuu 300 \u20ac tai yli, valitaan maksun perusteeksi erikseen hinnoiteltava ja hinnaksi merkit\u00e4\u00e4n 300,00.<\/li>\n<li>Muiden osalta k\u00e4ytet\u00e4\u00e4n ohjaustiedoissa m\u00e4\u00e4ritelty\u00e4 kiinti\u00f6ryhm\u00e4n oletusarvoa, jotka ovat oletuksena (ei tarvitse muuttaa!)<\/li>\n<li>Ilmoittautumisen ajankohta. Jatkuva ilmoittautuminen valitaan, mik\u00e4li toteutukselle voi tulla koska tahansa. Muutoin alkamis- ja p\u00e4\u00e4ttymisajankohta m\u00e4\u00e4ritell\u00e4\u00e4n k\u00e4sin tai\u00a0 k\u00e4ytet\u00e4\u00e4n j\u00e4rjestelm\u00e4n oletusarvoja. T\u00e4ll\u00f6in klikkaa Laske oletusarvot -painiketta.<\/li>\n<\/ol>\n<div id=\"attachment_4493\" style=\"width: 610px\" class=\"wp-caption alignleft\"><img loading=\"lazy\" decoding=\"async\" aria-describedby=\"caption-attachment-4493\" class=\"size-medium wp-image-4493\" src=\"https:\/\/blogi.eoppimispalvelut.fi\/peppi-ohjeet\/files\/2020\/12\/Maksutiedot2-600x340.png\" alt=\"Maksutiedot\" width=\"600\" height=\"340\" srcset=\"https:\/\/blogi.eoppimispalvelut.fi\/peppi-ohjeet\/files\/2020\/12\/Maksutiedot2-600x340.png 600w, https:\/\/blogi.eoppimispalvelut.fi\/peppi-ohjeet\/files\/2020\/12\/Maksutiedot2-1280x726.png 1280w, https:\/\/blogi.eoppimispalvelut.fi\/peppi-ohjeet\/files\/2020\/12\/Maksutiedot2-768x436.png 768w, https:\/\/blogi.eoppimispalvelut.fi\/peppi-ohjeet\/files\/2020\/12\/Maksutiedot2-500x284.png 500w, https:\/\/blogi.eoppimispalvelut.fi\/peppi-ohjeet\/files\/2020\/12\/Maksutiedot2.png 1403w\" sizes=\"auto, (max-width: 600px) 100vw, 600px\" \/><p id=\"caption-attachment-4493\" class=\"wp-caption-text\">Klikkaa kuva suuremmaksi<\/p><\/div>\n<p>&nbsp;<\/p>\n<ol>\n<li>Ilmoittautumisj\u00e4rjestys. Vaihtoehtoina on ilmoittautumisj\u00e4rjestys tai k\u00e4ytet\u00e4\u00e4n muita kriteereit\u00e4. Oletusasetuksena on ilmoittautumisj\u00e4rjestys. Muita kriteereit\u00e4 voidaan k\u00e4ytt\u00e4\u00e4, mik\u00e4li on painavat perusteet esim. valitaan todistusten perusteella tai osallistuminen edellytt\u00e4\u00e4 ennakkoon erityisosaamista. T\u00e4llaisessa tapauksessa hakija ilmoittautuu ensin. Kun edellytysehdot on tarkastettu, hyv\u00e4ksyt\u00e4\u00e4n ilmoittautuminen, jolloin hakijalle l\u00e4htee linkki ilmoittautumisen vahvistamiseksi ja maksun suorittamiseksi. Vasta t\u00e4m\u00e4n j\u00e4lkeen h\u00e4n saa opiskeluoikeuden. Polkuopintoihin hakijat valitaan ilmoittautumisj\u00e4rjestyksess\u00e4. Ilmoittautuminen on ehdollinen kunnes aikaisempi koulutus on tarkistettu.<\/li>\n<li>Lis\u00e4tietoja kentt\u00e4\u00e4n tallennetaan opintokokonaisuuden kuvaus sek\u00e4 avoimen amkin yleisteksti kts. seuraavat kohdat<\/li>\n<li>Tallenna opintokokonaisuus valitsemalla Tallenna<\/li>\n<\/ol>\n<div id=\"attachment_4494\" style=\"width: 610px\" class=\"wp-caption alignleft\"><img loading=\"lazy\" decoding=\"async\" aria-describedby=\"caption-attachment-4494\" class=\"size-medium wp-image-4494\" src=\"https:\/\/blogi.eoppimispalvelut.fi\/peppi-ohjeet\/files\/2020\/12\/Ilmoittautumisjarjestys3-600x342.png\" alt=\"Ilmoittautumisj\u00e4rjestys\" width=\"600\" height=\"342\" srcset=\"https:\/\/blogi.eoppimispalvelut.fi\/peppi-ohjeet\/files\/2020\/12\/Ilmoittautumisjarjestys3-600x342.png 600w, https:\/\/blogi.eoppimispalvelut.fi\/peppi-ohjeet\/files\/2020\/12\/Ilmoittautumisjarjestys3-1280x730.png 1280w, https:\/\/blogi.eoppimispalvelut.fi\/peppi-ohjeet\/files\/2020\/12\/Ilmoittautumisjarjestys3-768x438.png 768w, https:\/\/blogi.eoppimispalvelut.fi\/peppi-ohjeet\/files\/2020\/12\/Ilmoittautumisjarjestys3-500x285.png 500w, https:\/\/blogi.eoppimispalvelut.fi\/peppi-ohjeet\/files\/2020\/12\/Ilmoittautumisjarjestys3.png 1479w\" sizes=\"auto, (max-width: 600px) 100vw, 600px\" \/><p id=\"caption-attachment-4494\" class=\"wp-caption-text\">Klikkaa kuva suuremmaksi<\/p><\/div>\n<p>&nbsp;<\/p>\n<p><strong>Polkuopintojen lis\u00e4tietoja: AMK tutkinto<\/strong><\/p>\n<p>Oletko kiinnostunut korkeakouluopiskelusta? Onko t\u00e4ht\u00e4imess\u00e4 AMK-tutkinto? Avoin AMK tarjoaa mahdollisuuden tutkintotavoitteiseen opiskeluun.<\/p>\n<p><b>Kohderyhm\u00e4<br \/>\n<\/b>Polkuopinnot on tarkoitettu kaikille kiinnostuneille i\u00e4st\u00e4 ja\u00a0koulutustaustasta riippumatta. Opintojen aloittaminen ei edellyt\u00e4 aikaisempia opintoja tai ty\u00f6kokemusta. Opiskelu edellytt\u00e4\u00e4 kuitenkin sitoutumista opintoihin, motivaatiota, itseohjautuvuutta sek\u00e4 riitt\u00e4vi\u00e4 kielellisi\u00e4, matemaattisia ja tietoteknisi\u00e4 opiskeluvalmiuksia. Opiskelijalla tulee olla oma kannettava tietokone.<\/p>\n<p>Mik\u00e4li \u00e4idinkieli ja \/ tai koulusivistyskieli on muu kuin suomi, ilmoittautujan on toimitettava todistus suomen kielen taidosta. Opinnot edellytt\u00e4v\u00e4t hyv\u00e4\u00e4 suomen kielen taitoa (v\u00e4hint\u00e4\u00e4n taitotasoa YKI 3).<\/p>\n<p><b>Ilmoittautuminen<br \/>\n<\/b>Valinta polkuopintoihin tapahtuu ilmoittautumisj\u00e4rjestyksess\u00e4. Ilmoittautuminen on sitova ja paikkoja rajoitetusti.<\/p>\n<p>Huom. Mik\u00e4li olet ty\u00f6t\u00f6n, selvit\u00e4th\u00e4n etuk\u00e4teen opintojen vaikutuksen ty\u00f6tt\u00f6myysturvaan TE-palveluista.<\/p>\n<p><b>Opiskelu<br \/>\n<\/b>Polkuopinnot ovat p\u00e4\u00e4s\u00e4\u00e4nt\u00f6isesti ensimm\u00e4isen vuoden opintoja ja laajuudeltaan 60 opintopistett\u00e4.\u00a0 Opiskelu tapahtuu tutkinto-opiskelijoiden ryhm\u00e4ss\u00e4 <u><a href=\"https:\/\/lukkarikone-amk.peppi.lapit.csc.fi\/\">lukuj\u00e4rjestyksen<\/a><\/u> mukaisesti. Opintoja j\u00e4rjestet\u00e4\u00e4n p\u00e4iv\u00e4-, monimuoto- tai verkko-opintoja. Opiskelu edellytt\u00e4\u00e4 aktiivista l\u00e4hi- ja et\u00e4opetukseen osallistumista. Opintojen suoritusvaatimukset ovat avoimen AMKin opiskelijoille samat kuin tutkinto-opiskelijoilla. Avoimen AMKin opintoihin my\u00f6nnet\u00e4\u00e4n rajallinen opinto-oikeus. Opinto-oikeus koskee ainoastaan opintoja, jotka kokonaisuuden kuvauksessa on mainittu.<\/p>\n<p>Avoimessa AMKissa ei hyv\u00e4ksilueta opintoja, hyv\u00e4ksilukeminen tehd\u00e4\u00e4n tutkinto-opiskelijaksi p\u00e4\u00e4stess\u00e4si. Opiskelusuunnitelmaa laadittaessa huomioidaan kuitenkin aiemmin suorittamasi opinnot sek\u00e4 aiemmin hankittu osaaminen.<\/p>\n<p><b>Tutkinto-opiskelijaksi hakeutuminen<\/b><\/p>\n<p>Suoritettuasi <b>polkuopinnot (60 op), voit hakeutua Lapin <\/b><b>AMKin<\/b><b> tutkinto-opiskelijaksi <\/b><u><a href=\"https:\/\/www.lapinamk.fi\/fi\/Hakijalle\/Hakeminen-tutkinto-opiskelijaksi\/Avoimen-vayla.\">erillishaussa (avoimen v\u00e4yl\u00e4-haussa)<\/a><\/u><b>. <\/b>Avoimessa AMKissa suorittamasi polkuopinnot voidaan hyv\u00e4ksilukea tutkinto-opiskelijaksi hakeutumisen ja hyv\u00e4ksynn\u00e4n j\u00e4lkeen. Tutkinto-opiskelijana jatkat opintoja yleens\u00e4 samassa opiskelijaryhm\u00e4ss\u00e4.<\/p>\n<p><b>Opintojen sis\u00e4lt\u00f6<\/b><br \/>\nPolkuopinnot kest\u00e4v\u00e4t yhden vuoden. Tarkemmat opintojaksot ja sis\u00e4ll\u00f6t l\u00f6yd\u00e4t klikkaamalla opintojakson nime\u00e4 alla.<\/p>\n<p>Lis\u00e4tietoa avoimessa opiskelusta <u><a href=\"http:\/\/www.lapinamkfi\/avoinamk\">www.lapinamkfi\/avoinamk<\/a><\/u> ja <u><a href=\"mailto:avoinamk@lapinamk.fi\">avoinamk@lapinamk.fi<\/a><\/u><\/p>\n<p>&nbsp;<\/p>\n<p><strong>Polkuopintojen lis\u00e4tietoja: YAMK tutkinto<\/strong><\/p>\n<p>Oletko kiinnostunut korkeakouluopiskelusta? Onko t\u00e4ht\u00e4imess\u00e4 YAMK-tutkinto? Avoin AMK tarjoaa mahdollisuuden tutkintotavoitteiseen opiskeluun.<\/p>\n<p><b>Kohderyhm\u00e4<br \/>\n<\/b>Polkuopinnot vaaditaan edelt\u00e4vin\u00e4 opintoina alan ammattikorkeakoulututkinto tai muu soveltuva koulutus, jonka AMK katsoo riitt\u00e4v\u00e4ksi. Opintojen aloittaminen avoimessa AMKissa ei edellyt\u00e4 tutkintokoulutuksessa vaadittavaa ty\u00f6kokemusta. Opiskelu edellytt\u00e4\u00e4 sitoutumista opintoihin, motivaatiota, itseohjautuvuutta sek\u00e4 riitt\u00e4vi\u00e4 kielellisi\u00e4, matemaattisia ja tietoteknisi\u00e4 opiskeluvalmiuksia. Opiskelijalla tulee olla oma kannettava tietokone.<\/p>\n<p>Mik\u00e4li \u00e4idinkieli ja\/tai koulusivistyskieli on muu kuin suomi, ilmoittautujan on toimitettava todistus suomen kielen taidosta. Opinnot edellytt\u00e4v\u00e4t hyv\u00e4\u00e4 suomen kielen taitoa (v\u00e4hint\u00e4\u00e4n taitotasoa YKI 3).<\/p>\n<p><b>Ilmoittautuminen<br \/>\n<\/b>Valinta polkuopintoihin tapahtuu ilmoittautumisj\u00e4rjestyksess\u00e4. Ilmoittautuminen on sitova ja paikkoja rajoitetusti. Opiskelupaikka on ehdollinen kunnes todistus on tarkistettu.<\/p>\n<p>Huom. Mik\u00e4li olet ty\u00f6t\u00f6n, selvit\u00e4th\u00e4n etuk\u00e4teen opintojen vaikutuksen ty\u00f6tt\u00f6myysturvaan TE-palveluista.<\/p>\n<p><b>Opiskelu<br \/>\n<\/b>Polkuopinnot ovat p\u00e4\u00e4s\u00e4\u00e4nt\u00f6isesti ensimm\u00e4isen vuoden opintoja.\u00a0 Opiskelu tapahtuu tutkinto-opiskelijoiden ryhm\u00e4ss\u00e4 <u><a href=\"https:\/\/lukkarikone-amk.peppi.lapit.csc.fi\/\">lukuj\u00e4rjestyksen<\/a><\/u> mukaisesti. Opintoja j\u00e4rjestet\u00e4\u00e4n\u00a0 monimuoto- tai verkko-opintoja. Opiskelu edellytt\u00e4\u00e4 aktiivista l\u00e4hi- ja et\u00e4opetukseen osallistumista. Opintojen suoritusvaatimukset ovat avoimen AMKin opiskelijoille samat kuin tutkinto-opiskelijoilla. Avoimen AMKin opintoihin my\u00f6nnet\u00e4\u00e4n rajallinen opinto-oikeus. Opinto-oikeus koskee ainoastaan opintoja, jotka kokonaisuuden kuvauksessa on mainittu.<\/p>\n<p>Avoimessa AMKissa ei hyv\u00e4ksilueta opintoja, hyv\u00e4ksilukeminen tehd\u00e4\u00e4n tutkinto-opiskelijaksi p\u00e4\u00e4stess\u00e4si. Opiskelusuunnitelmaa laadittaessa huomioidaan kuitenkin aiemmin suorittamasi opinnot sek\u00e4 aiemmin hankittu osaaminen.<\/p>\n<p><b>Tutkinto-opiskelijaksi hakeutuminen<\/b><\/p>\n<p><b>Voit hakeutua Lapin <\/b><b>AMKin<\/b><b> tutkinto-opiskelijaksi <\/b><u><a href=\"https:\/\/www.lapinamk.fi\/fi\/Hakijalle\/Hakeminen-tutkinto-opiskelijaksi\/Avoimen-vayla.\">erillishaussa (avoimen v\u00e4yl\u00e4-haussa)<\/a><\/u><b> s<\/b>uoritettuasi avoimessa ammattikorkeakoulussa 90 opintopisteen laajuiseen\u00a0<b>ylemp\u00e4\u00e4n AMK-tutkintoon<\/b>\u00a0v\u00e4hint\u00e4\u00e4n 15 opintopistett\u00e4 tai 60 opintopisteen laajuiseen ylemp\u00e4\u00e4n AMK-tutkintoon v\u00e4hint\u00e4\u00e4n 10 opintopistett\u00e4<b>. \u00a0<\/b>Lis\u00e4ksi sinulla tulee olla vaadittava ty\u00f6kokemus. Avoimessa AMKissa suorittamasi polkuopinnot voidaan hyv\u00e4ksilukea tutkinto-opiskelijaksi hakeutumisen ja hyv\u00e4ksynn\u00e4n j\u00e4lkeen. Tutkinto-opiskelijana jatkat opintoja yleens\u00e4 samassa opiskelijaryhm\u00e4ss\u00e4.<\/p>\n<p><b>Opintojen sis\u00e4lt\u00f6<\/b><br \/>\nOpinnot kest\u00e4v\u00e4t koko lukuvuoden. Tarkemmat opintojaksot ja sis\u00e4ll\u00f6t l\u00f6yd\u00e4t klikkaamalla opintojakson nime\u00e4 alla.<\/p>\n<p>Lis\u00e4tietoa avoimessa opiskelusta <u><a href=\"http:\/\/www.lapinamkfi\/avoinamk\">www.lapinamkfi\/avoinamk<\/a><\/u> ja <u><a href=\"mailto:avoinamk@lapinamk.fi\">avoinamk@lapinamk.fi<\/a><br \/>\n<\/u><\/p>\n<p>&nbsp;<\/p>\n<p>Tallentamisen j\u00e4lkeen muodostuu paketti, jolla on oma tunnus. Paketin perustietoja voi muokata. Jos paketti on jo julkaistu, tulee se palauttaa k\u00e4sittelyyn muokkausta varten.<\/p>\n<p>Perustietojen lis\u00e4ksi t\u00e4ss\u00e4 n\u00e4kym\u00e4ss\u00e4 voit tarkastella toteutuksia, jotka ovat kiinnitettyin\u00e4 pakettiin, hallinnoida kiinti\u00f6it\u00e4 ja tarkastella ilmoittautuneiden opiskelijoiden tietoja.<\/p>\n<p>Voit my\u00f6s kopioida ilmoittautumisen kohteen ja muokata sit\u00e4.<\/p>\n<div id=\"attachment_4499\" style=\"width: 610px\" class=\"wp-caption alignleft\"><img loading=\"lazy\" decoding=\"async\" aria-describedby=\"caption-attachment-4499\" class=\"size-medium wp-image-4499\" src=\"https:\/\/blogi.eoppimispalvelut.fi\/peppi-ohjeet\/files\/2020\/12\/paketti2-600x340.png\" alt=\"Paketti\" width=\"600\" height=\"340\" srcset=\"https:\/\/blogi.eoppimispalvelut.fi\/peppi-ohjeet\/files\/2020\/12\/paketti2-600x340.png 600w, https:\/\/blogi.eoppimispalvelut.fi\/peppi-ohjeet\/files\/2020\/12\/paketti2-1280x725.png 1280w, https:\/\/blogi.eoppimispalvelut.fi\/peppi-ohjeet\/files\/2020\/12\/paketti2-768x435.png 768w, https:\/\/blogi.eoppimispalvelut.fi\/peppi-ohjeet\/files\/2020\/12\/paketti2-500x283.png 500w, https:\/\/blogi.eoppimispalvelut.fi\/peppi-ohjeet\/files\/2020\/12\/paketti2.png 1529w\" sizes=\"auto, (max-width: 600px) 100vw, 600px\" \/><p id=\"caption-attachment-4499\" class=\"wp-caption-text\">Klikkaa kuva suuremmaksi<\/p><\/div>\n<p>&nbsp;<\/p>\n<p>&nbsp;<\/p>\n<ol>\n<li>Kiinti\u00f6t n\u00e4kym\u00e4ss\u00e4 lis\u00e4t\u00e4\u00e4n ilmoittautumisen kohteelle kiinti\u00f6ryhm\u00e4 ja opiskelijakiinti\u00f6. Valitse Lis\u00e4\u00e4 kiinti\u00f6ryhm\u00e4. Valitse avautuvasta listasta kiinti\u00f6ryhm\u00e4, johon olet haluat luomasi ilmoittautumisen kohteen kiinnitt\u00e4\u00e4.<\/li>\n<li>M\u00e4\u00e4rittele kiinti\u00f6n koko (opiskelijapaikat) ja valitse Tallenna.<\/li>\n<li>Valitse OK. Kiinti\u00f6ryhm\u00e4lle m\u00e4\u00e4ritelty paikkam\u00e4\u00e4r\u00e4 v\u00e4hennet\u00e4\u00e4n toteutuksen koko opiskelijapaikkam\u00e4\u00e4r\u00e4st\u00e4.<\/li>\n<\/ol>\n<p>Tallennettu kiinti\u00f6ryhm\u00e4 tulee n\u00e4kyville Kiinti\u00f6t-n\u00e4kym\u00e4\u00e4n. T\u00e4ss\u00e4 n\u00e4kym\u00e4ss\u00e4 voit\u00a0 hallinnoida kiinti\u00f6ryhmi\u00e4 sek\u00e4 muokata kiinti\u00f6iden kokoa kyn\u00e4ikonin kautta.<\/p>\n<div id=\"attachment_4501\" style=\"width: 610px\" class=\"wp-caption alignleft\"><img loading=\"lazy\" decoding=\"async\" aria-describedby=\"caption-attachment-4501\" class=\"size-medium wp-image-4501\" src=\"https:\/\/blogi.eoppimispalvelut.fi\/peppi-ohjeet\/files\/2020\/12\/kiintioryhma-600x180.png\" alt=\"kiinti\u00f6ryhm\u00e4\" width=\"600\" height=\"180\" srcset=\"https:\/\/blogi.eoppimispalvelut.fi\/peppi-ohjeet\/files\/2020\/12\/kiintioryhma-600x180.png 600w, https:\/\/blogi.eoppimispalvelut.fi\/peppi-ohjeet\/files\/2020\/12\/kiintioryhma-1280x383.png 1280w, https:\/\/blogi.eoppimispalvelut.fi\/peppi-ohjeet\/files\/2020\/12\/kiintioryhma-768x230.png 768w, https:\/\/blogi.eoppimispalvelut.fi\/peppi-ohjeet\/files\/2020\/12\/kiintioryhma-500x150.png 500w, https:\/\/blogi.eoppimispalvelut.fi\/peppi-ohjeet\/files\/2020\/12\/kiintioryhma.png 1427w\" sizes=\"auto, (max-width: 600px) 100vw, 600px\" \/><p id=\"caption-attachment-4501\" class=\"wp-caption-text\">Klikkaa kuva suuremmaksi<\/p><\/div>\n<p>&nbsp;<\/p>\n<p>Toteutukset-n\u00e4kym\u00e4ss\u00e4 voit tarkastella ilmoittautumisen kohteeseen liitetyn toteutuksen tai liitettyjen toteutusten tietoja. Voit my\u00f6s lis\u00e4t\u00e4 tai poistaa toteutuksia t\u00e4ss\u00e4 n\u00e4kym\u00e4ss\u00e4. Klikkaamalla toteutuksen nime\u00e4 p\u00e4\u00e4set tarkastelemaan toteutuksen tietoja. Aseta sarakkeet -painikkeen takaa voit lis\u00e4t\u00e4 lis\u00e4tietoja n\u00e4kym\u00e4\u00e4n.<\/p>\n<div id=\"attachment_4503\" style=\"width: 610px\" class=\"wp-caption alignleft\"><img loading=\"lazy\" decoding=\"async\" aria-describedby=\"caption-attachment-4503\" class=\"size-medium wp-image-4503\" src=\"https:\/\/blogi.eoppimispalvelut.fi\/peppi-ohjeet\/files\/2020\/12\/Toteutuksetnakyma4-600x328.png\" alt=\"Toteutukset-n\u00e4kym\u00e4\" width=\"600\" height=\"328\" srcset=\"https:\/\/blogi.eoppimispalvelut.fi\/peppi-ohjeet\/files\/2020\/12\/Toteutuksetnakyma4-600x328.png 600w, https:\/\/blogi.eoppimispalvelut.fi\/peppi-ohjeet\/files\/2020\/12\/Toteutuksetnakyma4-1280x701.png 1280w, https:\/\/blogi.eoppimispalvelut.fi\/peppi-ohjeet\/files\/2020\/12\/Toteutuksetnakyma4-768x420.png 768w, https:\/\/blogi.eoppimispalvelut.fi\/peppi-ohjeet\/files\/2020\/12\/Toteutuksetnakyma4-500x274.png 500w, https:\/\/blogi.eoppimispalvelut.fi\/peppi-ohjeet\/files\/2020\/12\/Toteutuksetnakyma4.png 1527w\" sizes=\"auto, (max-width: 600px) 100vw, 600px\" \/><p id=\"caption-attachment-4503\" class=\"wp-caption-text\">Klikkaa kuva suuremmaksi<\/p><\/div>\n<p>&nbsp;<\/p>\n<p>Kun hakijat on siirretty perusrekisteriin, heid\u00e4n tietonsa siirtyv\u00e4t automaattisesti ilmoittautuneiksi toteutuksille.\u00a0 Opiskelijat-n\u00e4kym\u00e4ss\u00e4 voi tarkastella opiskelijatietoja ilmoittautumisen kohteittain.<\/p>\n<div id=\"attachment_4505\" style=\"width: 610px\" class=\"wp-caption alignleft\"><img loading=\"lazy\" decoding=\"async\" aria-describedby=\"caption-attachment-4505\" class=\"size-medium wp-image-4505\" src=\"https:\/\/blogi.eoppimispalvelut.fi\/peppi-ohjeet\/files\/2020\/12\/Perusrekisteri3-600x159.png\" alt=\"Perusrekisteri\" width=\"600\" height=\"159\" srcset=\"https:\/\/blogi.eoppimispalvelut.fi\/peppi-ohjeet\/files\/2020\/12\/Perusrekisteri3-600x159.png 600w, https:\/\/blogi.eoppimispalvelut.fi\/peppi-ohjeet\/files\/2020\/12\/Perusrekisteri3-1280x340.png 1280w, https:\/\/blogi.eoppimispalvelut.fi\/peppi-ohjeet\/files\/2020\/12\/Perusrekisteri3-768x204.png 768w, https:\/\/blogi.eoppimispalvelut.fi\/peppi-ohjeet\/files\/2020\/12\/Perusrekisteri3-500x133.png 500w, https:\/\/blogi.eoppimispalvelut.fi\/peppi-ohjeet\/files\/2020\/12\/Perusrekisteri3.png 1410w\" sizes=\"auto, (max-width: 600px) 100vw, 600px\" \/><p id=\"caption-attachment-4505\" class=\"wp-caption-text\">Klikkaa kuva suuremmaksi<\/p><\/div>\n<p>&nbsp;<\/p>\n<p>&nbsp;<\/p>\n","protected":false},"excerpt":{"rendered":"<p>Polkuopinnot AMK Polkuopintoihin hakijat valitaan ilmoittautumisj\u00e4rjestyksess\u00e4 ilmoittautuminen syksyn opintoihin alkaa toukokuussa 1.5. \u2013 30.6.2021 ja kev\u00e4\u00e4n opintoihin marraskuussa 15.10. \u2013 30.11.2021 Polkuopinnot YAMK Polkuopintoihin hakijat valitaan ilmoittautumisj\u00e4rjestyksesss\u00e4 Ilmoittautuminen on ehdollinen kunnes aikaisempi koulutus on tarkistettu ilmoittautuminen syksyn opintoihin alkaa toukokuussa &hellip; <a href=\"https:\/\/blogi.eoppimispalvelut.fi\/peppi-ohjeet\/koulutus-ja-opetussuunnittelu\/opetussuunnitelmat\/muun-opetustarjonnan-suunnittelu\/avoimen-opetustarjonnan-suunnittelu\/avoimen-polkuopinnot\/\">Continue reading <span class=\"meta-nav\">&rarr;<\/span><\/a><\/p>\n","protected":false},"author":4339,"featured_media":0,"parent":2153,"menu_order":0,"comment_status":"closed","ping_status":"closed","template":"","meta":{"_monsterinsights_skip_tracking":false,"_monsterinsights_sitenote_active":false,"_monsterinsights_sitenote_note":"","_monsterinsights_sitenote_category":0,"footnotes":""},"class_list":["post-4032","page","type-page","status-publish","hentry"],"_links":{"self":[{"href":"https:\/\/blogi.eoppimispalvelut.fi\/peppi-ohjeet\/wp-json\/wp\/v2\/pages\/4032","targetHints":{"allow":["GET"]}}],"collection":[{"href":"https:\/\/blogi.eoppimispalvelut.fi\/peppi-ohjeet\/wp-json\/wp\/v2\/pages"}],"about":[{"href":"https:\/\/blogi.eoppimispalvelut.fi\/peppi-ohjeet\/wp-json\/wp\/v2\/types\/page"}],"author":[{"embeddable":true,"href":"https:\/\/blogi.eoppimispalvelut.fi\/peppi-ohjeet\/wp-json\/wp\/v2\/users\/4339"}],"replies":[{"embeddable":true,"href":"https:\/\/blogi.eoppimispalvelut.fi\/peppi-ohjeet\/wp-json\/wp\/v2\/comments?post=4032"}],"version-history":[{"count":15,"href":"https:\/\/blogi.eoppimispalvelut.fi\/peppi-ohjeet\/wp-json\/wp\/v2\/pages\/4032\/revisions"}],"predecessor-version":[{"id":4515,"href":"https:\/\/blogi.eoppimispalvelut.fi\/peppi-ohjeet\/wp-json\/wp\/v2\/pages\/4032\/revisions\/4515"}],"up":[{"embeddable":true,"href":"https:\/\/blogi.eoppimispalvelut.fi\/peppi-ohjeet\/wp-json\/wp\/v2\/pages\/2153"}],"wp:attachment":[{"href":"https:\/\/blogi.eoppimispalvelut.fi\/peppi-ohjeet\/wp-json\/wp\/v2\/media?parent=4032"}],"curies":[{"name":"wp","href":"https:\/\/api.w.org\/{rel}","templated":true}]}}