{"id":4047,"date":"2020-12-15T12:29:15","date_gmt":"2020-12-15T10:29:15","guid":{"rendered":"https:\/\/blogi.eoppimispalvelut.fi\/peppi-ohjeet\/?page_id=4047"},"modified":"2025-03-09T10:15:56","modified_gmt":"2025-03-09T08:15:56","slug":"wihi-ohjeet-opiskelijalle","status":"publish","type":"page","link":"https:\/\/blogi.eoppimispalvelut.fi\/peppi-ohjeet\/opiskelijalle\/wihi-ohjeet-opiskelijalle\/","title":{"rendered":"Wihi &#8211; ohjeet opiskelijalle"},"content":{"rendered":"<ul>\n<li>Lapin ammattikorkeakoulussa on k\u00e4yt\u00f6ss\u00e4 opinn\u00e4ytety\u00f6n ohjausta ja edistymisen seurantaa tukeva Wihi-j\u00e4rjestelm\u00e4.<\/li>\n<li>Wihin k\u00e4ytt\u00f6 helpottaa, selkeytt\u00e4\u00e4 ja yksinkertaistaa opinn\u00e4ytety\u00f6n etenemisen seurantaa ja ohjaamista.<\/li>\n<\/ul>\n<p><b>Kaikki opinn\u00e4ytet\u00f6ihin liittyv\u00e4 viestint\u00e4 tapahtuu siis yhdess\u00e4 j\u00e4rjestelm\u00e4ss\u00e4:<\/b><\/p>\n<ul>\n<li>Aihe-ehdotus<\/li>\n<li>V\u00e4lipalautukset<\/li>\n<li>Kommunikointi<\/li>\n<li>Tekstin alkuper\u00e4isyyden tunnistus (Turnitin)<\/li>\n<li>Arviointi<\/li>\n<li>Arkistointi<\/li>\n<li>Wihi l\u00f6ytyy osoitteesta <a href=\"https:\/\/lapinamk.wihi.fi\/\">https:\/\/lapinamk.wihi.fi<\/a><\/li>\n<\/ul>\n<p><strong>Wihiss\u00e4 on kolme roolia<\/strong><\/p>\n<p><strong>Koordinaattori<\/strong><\/p>\n<ul>\n<li style=\"list-style-type: none\">\n<ul>\n<li>Jokaisella koulutuksella on nimetty opinn\u00e4ytet\u00f6iden koordinaattori, joka tarkastaa opiskelijan l\u00e4hett\u00e4m\u00e4n aihe-ehdotuksen ja kiinnitt\u00e4\u00e4 ty\u00f6lle ohjaajan<\/li>\n<li>Koordinaattori my\u00f6s seuraa opinn\u00e4ytet\u00f6iden etenemist\u00e4 oman vastuualueensa mukaisesti<\/li>\n<\/ul>\n<\/li>\n<\/ul>\n<p><strong>Ohjaaja<\/strong><\/p>\n<ul>\n<li style=\"list-style-type: none\">\n<ul>\n<li>Ohjaaja ohjaa opinn\u00e4ytety\u00f6n etenemist\u00e4 vaihe vaiheelta<\/li>\n<li>Ohjaaja arvioi vaiheen siin\u00e4 vaiheessa, kun se on suoritettu hyv\u00e4ksytysti. Hyv\u00e4ksytyn vaiheen arviointi siirtyy suoraan Peppiin<\/li>\n<li>Ohjaaja tarkastaa ja hyv\u00e4ksyy plagioinnin tunnistusraportin<\/li>\n<li>Ohjaaja(t) tekev\u00e4t loppuarvioinnin<\/li>\n<li>Ohjaaja hyv\u00e4ksyy ty\u00f6n julkaisun<\/li>\n<li>Loppuarviointi siirtyy suoraan Peppiin ja lopullinen opinn\u00e4ytety\u00f6 liitteineen arkistoon<\/li>\n<\/ul>\n<\/li>\n<\/ul>\n<p><strong>Opiskelija<\/strong><\/p>\n<p>Opiskelijan Wihin k\u00e4ytt\u00f6 p\u00e4hkin\u00e4nkuoressa<\/p>\n<ul>\n<li>Opiskelija aloittaa opinn\u00e4ytety\u00f6prosessin laatimalla aihe-ehdotuksen Wihiss\u00e4<\/li>\n<li>Mik\u00e4li kyseess\u00e4 on ryhm\u00e4ss\u00e4 teht\u00e4v\u00e4 opinn\u00e4ytety\u00f6, yksi ryhm\u00e4n j\u00e4senist\u00e4 laatii aihe-ehdotuksen ja kutsuu muut ryhm\u00e4n j\u00e4senet mukaan ty\u00f6h\u00f6n. Jokainen ryhm\u00e4n j\u00e4sen vahvistaa osallistumisensa. T\u00e4m\u00e4n j\u00e4lkeen aihe-ehdotus l\u00e4hetet\u00e4\u00e4n eteenp\u00e4in koordinaattorin k\u00e4sitelt\u00e4v\u00e4ksi.Kun aihe-ehdotus on hyv\u00e4ksytty, opiskelija(t) voivat aloittaa opinn\u00e4ytety\u00f6suunnitelman laatimisen.<\/li>\n<li>Opiskelija palauttaa kuhunkin vaiheeseen liittyv\u00e4t teht\u00e4v\u00e4t ja \/ tai v\u00e4liraportin ohjausta varten.<\/li>\n<li>Opiskelija l\u00e4hett\u00e4\u00e4 ty\u00f6n plagioinnin tarkastukseen<\/li>\n<li>Opiskelija l\u00e4hett\u00e4\u00e4 ty\u00f6n toimeksiantajalle<\/li>\n<li>Opiskelija l\u00e4hett\u00e4\u00e4 julkaistun ty\u00f6n linkin ohjaajalle ty\u00f6n lopullista arviointia varten.<\/li>\n<\/ul>\n<div id=\"attachment_6080\" style=\"width: 610px\" class=\"wp-caption alignnone\"><a href=\"https:\/\/blogi.eoppimispalvelut.fi\/peppi-ohjeet\/files\/2023\/01\/Opinnaytetyoprosessi-Wihissa.png\"><img loading=\"lazy\" decoding=\"async\" aria-describedby=\"caption-attachment-6080\" class=\"wp-image-6080 size-medium\" src=\"https:\/\/blogi.eoppimispalvelut.fi\/peppi-ohjeet\/files\/2023\/01\/Opinnaytetyoprosessi-Wihissa-600x333.png\" alt=\"\" width=\"600\" height=\"333\" srcset=\"https:\/\/blogi.eoppimispalvelut.fi\/peppi-ohjeet\/files\/2023\/01\/Opinnaytetyoprosessi-Wihissa-600x333.png 600w, https:\/\/blogi.eoppimispalvelut.fi\/peppi-ohjeet\/files\/2023\/01\/Opinnaytetyoprosessi-Wihissa-1280x710.png 1280w, https:\/\/blogi.eoppimispalvelut.fi\/peppi-ohjeet\/files\/2023\/01\/Opinnaytetyoprosessi-Wihissa-768x426.png 768w, https:\/\/blogi.eoppimispalvelut.fi\/peppi-ohjeet\/files\/2023\/01\/Opinnaytetyoprosessi-Wihissa-1536x852.png 1536w, https:\/\/blogi.eoppimispalvelut.fi\/peppi-ohjeet\/files\/2023\/01\/Opinnaytetyoprosessi-Wihissa-2048x1136.png 2048w, https:\/\/blogi.eoppimispalvelut.fi\/peppi-ohjeet\/files\/2023\/01\/Opinnaytetyoprosessi-Wihissa-500x277.png 500w\" sizes=\"auto, (max-width: 600px) 100vw, 600px\" \/><\/a><p id=\"caption-attachment-6080\" class=\"wp-caption-text\">Klikkaa kuva isommaksi<\/p><\/div>\n<p>Opinn\u00e4ytety\u00f6 koostuu kolmesta vaiheesta, joiden laajuus on ammattikorkeakoulututkinnossa on 5 op ja ylemm\u00e4ss\u00e4 ammattikorkeakoulututkinnossa 10 op. Jokaiselle vaiheelle on erilliset ohjeet:<\/p>\n<p><a href=\"https:\/\/blogi.eoppimispalvelut.fi\/peppi-ohjeet\/opiskelijalle\/wihi-ohjeet-opiskelijalle\/opinnaytetyon-suunnitteluvaihe-5-op\/\">Opinn\u00e4ytety\u00f6n suunnitteluvaihe (5\/10 op)<\/a><\/p>\n<p><a href=\"https:\/\/blogi.eoppimispalvelut.fi\/peppi-ohjeet\/opiskelijalle\/wihi-ohjeet-opiskelijalle\/opinnaytetyon-toteuttamisvaihe-5-op\/\">Opinn\u00e4ytety\u00f6n toteuttamisvaihe (5\/10 op)<\/a><\/p>\n<p><a href=\"https:\/\/blogi.eoppimispalvelut.fi\/peppi-ohjeet\/opiskelijalle\/wihi-ohjeet-opiskelijalle\/opinnaytetyon-viimeistelyvaihe-5-op\/\">Opinn\u00e4ytety\u00f6n viimeistelyvaihe (5 \/10 op)<\/a><\/p>\n<p>&nbsp;<\/p>\n<hr \/>\n<p>Takaisin <a href=\"https:\/\/blogi.eoppimispalvelut.fi\/peppi-ohjeet\/opiskelijalle\/\">Opiskelijalle-sivulle<\/a><\/p>\n","protected":false},"excerpt":{"rendered":"<p>Lapin ammattikorkeakoulussa on k\u00e4yt\u00f6ss\u00e4 opinn\u00e4ytety\u00f6n ohjausta ja edistymisen seurantaa tukeva Wihi-j\u00e4rjestelm\u00e4. Wihin k\u00e4ytt\u00f6 helpottaa, selkeytt\u00e4\u00e4 ja yksinkertaistaa opinn\u00e4ytety\u00f6n etenemisen seurantaa ja ohjaamista. Kaikki opinn\u00e4ytet\u00f6ihin liittyv\u00e4 viestint\u00e4 tapahtuu siis yhdess\u00e4 j\u00e4rjestelm\u00e4ss\u00e4: Aihe-ehdotus V\u00e4lipalautukset Kommunikointi Tekstin alkuper\u00e4isyyden tunnistus (Turnitin) Arviointi Arkistointi Wihi &hellip; <a href=\"https:\/\/blogi.eoppimispalvelut.fi\/peppi-ohjeet\/opiskelijalle\/wihi-ohjeet-opiskelijalle\/\">Continue reading <span class=\"meta-nav\">&rarr;<\/span><\/a><\/p>\n","protected":false},"author":6,"featured_media":0,"parent":203,"menu_order":0,"comment_status":"closed","ping_status":"closed","template":"","meta":{"_monsterinsights_skip_tracking":false,"_monsterinsights_sitenote_active":false,"_monsterinsights_sitenote_note":"","_monsterinsights_sitenote_category":0,"footnotes":""},"class_list":["post-4047","page","type-page","status-publish","hentry"],"_links":{"self":[{"href":"https:\/\/blogi.eoppimispalvelut.fi\/peppi-ohjeet\/wp-json\/wp\/v2\/pages\/4047","targetHints":{"allow":["GET"]}}],"collection":[{"href":"https:\/\/blogi.eoppimispalvelut.fi\/peppi-ohjeet\/wp-json\/wp\/v2\/pages"}],"about":[{"href":"https:\/\/blogi.eoppimispalvelut.fi\/peppi-ohjeet\/wp-json\/wp\/v2\/types\/page"}],"author":[{"embeddable":true,"href":"https:\/\/blogi.eoppimispalvelut.fi\/peppi-ohjeet\/wp-json\/wp\/v2\/users\/6"}],"replies":[{"embeddable":true,"href":"https:\/\/blogi.eoppimispalvelut.fi\/peppi-ohjeet\/wp-json\/wp\/v2\/comments?post=4047"}],"version-history":[{"count":40,"href":"https:\/\/blogi.eoppimispalvelut.fi\/peppi-ohjeet\/wp-json\/wp\/v2\/pages\/4047\/revisions"}],"predecessor-version":[{"id":7114,"href":"https:\/\/blogi.eoppimispalvelut.fi\/peppi-ohjeet\/wp-json\/wp\/v2\/pages\/4047\/revisions\/7114"}],"up":[{"embeddable":true,"href":"https:\/\/blogi.eoppimispalvelut.fi\/peppi-ohjeet\/wp-json\/wp\/v2\/pages\/203"}],"wp:attachment":[{"href":"https:\/\/blogi.eoppimispalvelut.fi\/peppi-ohjeet\/wp-json\/wp\/v2\/media?parent=4047"}],"curies":[{"name":"wp","href":"https:\/\/api.w.org\/{rel}","templated":true}]}}