{"id":4105,"date":"2020-12-16T15:02:00","date_gmt":"2020-12-16T13:02:00","guid":{"rendered":"https:\/\/blogi.eoppimispalvelut.fi\/peppi-ohjeet\/?page_id=4105"},"modified":"2025-03-09T19:20:03","modified_gmt":"2025-03-09T17:20:03","slug":"opinnaytetyon-toteuttamisvaihe-5-op","status":"publish","type":"page","link":"https:\/\/blogi.eoppimispalvelut.fi\/peppi-ohjeet\/opiskelijalle\/wihi-ohjeet-opiskelijalle\/opinnaytetyon-toteuttamisvaihe-5-op\/","title":{"rendered":"Opinn\u00e4ytety\u00f6n toteutusvaihe (5\/10) op"},"content":{"rendered":"<h2><span style=\"color: #ff6600\"><strong>Vaihe 2<br \/>\n<\/strong><\/span><\/h2>\n<p><a href=\"https:\/\/www.lapinamk.fi\/fi\/Opiskelijalle\/Oppaat-ja-ohjeet\/Opinnaytetyo\/Opinnaytetyon-toteutusvaihe\">Opinn\u00e4ytety\u00f6n toteutusvaiheessa 5\/10 op<\/a> toteutat opinn\u00e4ytety\u00f6si toimeksiannon ja opinn\u00e4ytety\u00f6suunnitelmasi mukaisesti. Ohjaavat opettajat ohjaavat ja tukevat ty\u00f6si etenemist\u00e4 koulutuskohtaisen prosessin mukaisesti .<\/p>\n<p>Toteutusvaiheessa voit palauttaa ty\u00f6si kommentoitavaksi ja arvioitavaksi. Tarvittaessa voit palauttaa ty\u00f6si kommentoitavaksi useamman kerran. Voit my\u00f6s l\u00e4hett\u00e4\u00e4 viesti\u00e4 ohjaajallesi ty\u00f6h\u00f6n liittyen n\u00e4kym\u00e4n kautta tarpeen mukaan.<\/p>\n<p><strong>Opinn\u00e4ytety\u00f6raportin palauttaminen kommentoitavaksi<\/strong><\/p>\n<ol>\n<li>Lis\u00e4\u00e4 aikataulu tai muuta tarvittaessa aiemmin m\u00e4\u00e4ritelty\u00e4 aikataulua<\/li>\n<li>Lis\u00e4\u00e4 opinn\u00e4ytety\u00f6raportin v\u00e4liversio tai teht\u00e4v\u00e4 valitsemalla Lataa tiedosto<\/li>\n<li>Lis\u00e4\u00e4 haluamasi tiedosto valitsemalla Valitse tiedostot. Voit lis\u00e4t\u00e4 tarvittaessa useita tiedostoja valitsemalla uudelleen Lataa tiedosto.<\/li>\n<li>Valitse L\u00e4het\u00e4. Lis\u00e4\u00e4m\u00e4si tiedosto v\u00e4littyy ohjaajalle. Saat palautetta ohjavalta opettajalta opinn\u00e4ytety\u00f6n edist\u00e4miseksi.<\/li>\n<\/ol>\n<div id=\"attachment_4119\" style=\"width: 610px\" class=\"wp-caption alignleft\"><a href=\"https:\/\/blogi.eoppimispalvelut.fi\/peppi-ohjeet\/files\/2020\/12\/Raportin_palauttaminen_ohjaajalle_toteuttamisosa.png\"><img loading=\"lazy\" decoding=\"async\" aria-describedby=\"caption-attachment-4119\" class=\"wp-image-4119 size-medium\" src=\"https:\/\/blogi.eoppimispalvelut.fi\/peppi-ohjeet\/files\/2020\/12\/Raportin_palauttaminen_ohjaajalle_toteuttamisosa-600x338.png\" alt=\"Raportin palauttaminen ohjaajalle\" width=\"600\" height=\"338\" srcset=\"https:\/\/blogi.eoppimispalvelut.fi\/peppi-ohjeet\/files\/2020\/12\/Raportin_palauttaminen_ohjaajalle_toteuttamisosa-600x338.png 600w, https:\/\/blogi.eoppimispalvelut.fi\/peppi-ohjeet\/files\/2020\/12\/Raportin_palauttaminen_ohjaajalle_toteuttamisosa-1280x721.png 1280w, https:\/\/blogi.eoppimispalvelut.fi\/peppi-ohjeet\/files\/2020\/12\/Raportin_palauttaminen_ohjaajalle_toteuttamisosa-768x432.png 768w, https:\/\/blogi.eoppimispalvelut.fi\/peppi-ohjeet\/files\/2020\/12\/Raportin_palauttaminen_ohjaajalle_toteuttamisosa-500x282.png 500w, https:\/\/blogi.eoppimispalvelut.fi\/peppi-ohjeet\/files\/2020\/12\/Raportin_palauttaminen_ohjaajalle_toteuttamisosa.png 1341w\" sizes=\"auto, (max-width: 600px) 100vw, 600px\" \/><\/a><p id=\"caption-attachment-4119\" class=\"wp-caption-text\">Klikkaa kuva suuremmaksi<\/p><\/div>\n<p><strong>Viestin l\u00e4hett\u00e4minen ohjaajalle<\/strong><\/p>\n<p>Voit my\u00f6s l\u00e4hett\u00e4\u00e4 opinn\u00e4ytety\u00f6t\u00e4 koskevia viestej\u00e4 ohjaajallesi valitsemalla Kirjoita viesti. Kirjoita viesti avautuvaan ikkunaan ja l\u00e4het\u00e4 viesti ohjaajallesi valitsemalla Tallenna.<\/p>\n<div id=\"attachment_4120\" style=\"width: 610px\" class=\"wp-caption alignleft\"><a href=\"https:\/\/blogi.eoppimispalvelut.fi\/peppi-ohjeet\/files\/2020\/12\/Viestin_lahettaminen_ohjaajalle_toteuttamisosa.png\"><img loading=\"lazy\" decoding=\"async\" aria-describedby=\"caption-attachment-4120\" class=\"wp-image-4120 size-medium\" src=\"https:\/\/blogi.eoppimispalvelut.fi\/peppi-ohjeet\/files\/2020\/12\/Viestin_lahettaminen_ohjaajalle_toteuttamisosa-600x341.png\" alt=\"Viestin l\u00e4hett\u00e4minen ohjaajalle\" width=\"600\" height=\"341\" srcset=\"https:\/\/blogi.eoppimispalvelut.fi\/peppi-ohjeet\/files\/2020\/12\/Viestin_lahettaminen_ohjaajalle_toteuttamisosa-600x341.png 600w, https:\/\/blogi.eoppimispalvelut.fi\/peppi-ohjeet\/files\/2020\/12\/Viestin_lahettaminen_ohjaajalle_toteuttamisosa-1280x727.png 1280w, https:\/\/blogi.eoppimispalvelut.fi\/peppi-ohjeet\/files\/2020\/12\/Viestin_lahettaminen_ohjaajalle_toteuttamisosa-768x436.png 768w, https:\/\/blogi.eoppimispalvelut.fi\/peppi-ohjeet\/files\/2020\/12\/Viestin_lahettaminen_ohjaajalle_toteuttamisosa-500x284.png 500w, https:\/\/blogi.eoppimispalvelut.fi\/peppi-ohjeet\/files\/2020\/12\/Viestin_lahettaminen_ohjaajalle_toteuttamisosa.png 1343w\" sizes=\"auto, (max-width: 600px) 100vw, 600px\" \/><\/a><p id=\"caption-attachment-4120\" class=\"wp-caption-text\">Klikkaa kuva suuremmaksi<\/p><\/div>\n<p>&nbsp;<\/p>\n<p>&nbsp;<\/p>\n<p>&nbsp;<\/p>\n<p>&nbsp;<\/p>\n<p>&nbsp;<\/p>\n<p>&nbsp;<\/p>\n<p>&nbsp;<\/p>\n<p>&nbsp;<\/p>\n<p><strong>Opinn\u00e4ytety\u00f6luonnoksen plagioinnintarkastus<\/strong><\/p>\n<p>Sinulla on mahdollisuus tehd\u00e4 ty\u00f6h\u00f6si plagioinnintarkastus ty\u00f6n edistyess\u00e4. Plagoinnintarkastusraportti ohjaa sinua kirjoittamaan vaatimusten mukaista teksti\u00e4 alusta l\u00e4htien.<\/p>\n<p>Luonnosten plagioinnintarkastus l\u00f6ytyy Wihin oikeasta reunasta Tiedot &#8211; otsikon alta. L\u00e4het\u00e4 ty\u00f6si plagioinnintarkastukseen lataamalla ty\u00f6si PDF-muodossa tarkastukseen.<\/p>\n<p><a href=\"https:\/\/blogi.eoppimispalvelut.fi\/peppi-ohjeet\/files\/2025\/03\/Luonnosvaiheen-plagioinnintarkastus.png\"><img loading=\"lazy\" decoding=\"async\" class=\"alignnone wp-image-7121 size-medium\" src=\"https:\/\/blogi.eoppimispalvelut.fi\/peppi-ohjeet\/files\/2025\/03\/Luonnosvaiheen-plagioinnintarkastus-600x151.png\" alt=\"Luonnosvaiheen plagoinnintarkastus\" width=\"600\" height=\"151\" srcset=\"https:\/\/blogi.eoppimispalvelut.fi\/peppi-ohjeet\/files\/2025\/03\/Luonnosvaiheen-plagioinnintarkastus-600x151.png 600w, https:\/\/blogi.eoppimispalvelut.fi\/peppi-ohjeet\/files\/2025\/03\/Luonnosvaiheen-plagioinnintarkastus-768x193.png 768w, https:\/\/blogi.eoppimispalvelut.fi\/peppi-ohjeet\/files\/2025\/03\/Luonnosvaiheen-plagioinnintarkastus-500x126.png 500w, https:\/\/blogi.eoppimispalvelut.fi\/peppi-ohjeet\/files\/2025\/03\/Luonnosvaiheen-plagioinnintarkastus.png 913w\" sizes=\"auto, (max-width: 600px) 100vw, 600px\" \/><\/a><\/p>\n<p><strong>Opinn\u00e4ytety\u00f6n toteutusvaiheen hyv\u00e4ksyminen<\/strong><\/p>\n<p>Saat suoritusmerkinn\u00e4n, kun yhdess\u00e4 ohjaavan opettajan kanssa arvioitte, ett\u00e4 olet valmis siirtym\u00e4\u00e4n opinn\u00e4ytety\u00f6n viimeistelyvaiheeseen. Kun ohjaajasi on hyv\u00e4ksynyt t\u00e4m\u00e4n vaiheen, muuttuu vaiheen status Hyv\u00e4ksytty-tilaan. HOPSiisi tulee my\u00f6s n\u00e4kyville seuraava suoritus: Opinn\u00e4ytety\u00f6n toteuttamisvaihe 5\/10 op ja arvioinniksi H (hyv\u00e4ksytty).<\/p>\n<div id=\"attachment_4122\" style=\"width: 610px\" class=\"wp-caption alignnone\"><a href=\"https:\/\/blogi.eoppimispalvelut.fi\/peppi-ohjeet\/files\/2020\/12\/Hyvaksytty_toteutusvaihe.png\"><img loading=\"lazy\" decoding=\"async\" aria-describedby=\"caption-attachment-4122\" class=\"wp-image-4122 size-medium\" src=\"https:\/\/blogi.eoppimispalvelut.fi\/peppi-ohjeet\/files\/2020\/12\/Hyvaksytty_toteutusvaihe-600x330.png\" alt=\"Hyv\u00e4ksytty toteutusvaihe\" width=\"600\" height=\"330\" srcset=\"https:\/\/blogi.eoppimispalvelut.fi\/peppi-ohjeet\/files\/2020\/12\/Hyvaksytty_toteutusvaihe-600x330.png 600w, https:\/\/blogi.eoppimispalvelut.fi\/peppi-ohjeet\/files\/2020\/12\/Hyvaksytty_toteutusvaihe-1280x703.png 1280w, https:\/\/blogi.eoppimispalvelut.fi\/peppi-ohjeet\/files\/2020\/12\/Hyvaksytty_toteutusvaihe-768x422.png 768w, https:\/\/blogi.eoppimispalvelut.fi\/peppi-ohjeet\/files\/2020\/12\/Hyvaksytty_toteutusvaihe-500x275.png 500w, https:\/\/blogi.eoppimispalvelut.fi\/peppi-ohjeet\/files\/2020\/12\/Hyvaksytty_toteutusvaihe.png 1412w\" sizes=\"auto, (max-width: 600px) 100vw, 600px\" \/><\/a><p id=\"caption-attachment-4122\" class=\"wp-caption-text\">Klikkaa kuva suuremmaksi<\/p><\/div>\n<hr \/>\n<p><a href=\"https:\/\/blogi.eoppimispalvelut.fi\/peppi-ohjeet\/opiskelijalle\/wihi-ohjeet-opiskelijalle\/opinnaytetyon-viimeistelyvaihe-5-op\/\">Opinn\u00e4ytety\u00f6n viimeistelyvaihe (5\/10 op)<\/a><\/p>\n","protected":false},"excerpt":{"rendered":"<p>Vaihe 2 Opinn\u00e4ytety\u00f6n toteutusvaiheessa 5\/10 op toteutat opinn\u00e4ytety\u00f6si toimeksiannon ja opinn\u00e4ytety\u00f6suunnitelmasi mukaisesti. Ohjaavat opettajat ohjaavat ja tukevat ty\u00f6si etenemist\u00e4 koulutuskohtaisen prosessin mukaisesti . Toteutusvaiheessa voit palauttaa ty\u00f6si kommentoitavaksi ja arvioitavaksi. Tarvittaessa voit palauttaa ty\u00f6si kommentoitavaksi useamman kerran. Voit my\u00f6s l\u00e4hett\u00e4\u00e4 &hellip; <a href=\"https:\/\/blogi.eoppimispalvelut.fi\/peppi-ohjeet\/opiskelijalle\/wihi-ohjeet-opiskelijalle\/opinnaytetyon-toteuttamisvaihe-5-op\/\">Continue reading <span class=\"meta-nav\">&rarr;<\/span><\/a><\/p>\n","protected":false},"author":6,"featured_media":0,"parent":4047,"menu_order":0,"comment_status":"closed","ping_status":"closed","template":"","meta":{"_monsterinsights_skip_tracking":false,"_monsterinsights_sitenote_active":false,"_monsterinsights_sitenote_note":"","_monsterinsights_sitenote_category":0,"footnotes":""},"class_list":["post-4105","page","type-page","status-publish","hentry"],"_links":{"self":[{"href":"https:\/\/blogi.eoppimispalvelut.fi\/peppi-ohjeet\/wp-json\/wp\/v2\/pages\/4105","targetHints":{"allow":["GET"]}}],"collection":[{"href":"https:\/\/blogi.eoppimispalvelut.fi\/peppi-ohjeet\/wp-json\/wp\/v2\/pages"}],"about":[{"href":"https:\/\/blogi.eoppimispalvelut.fi\/peppi-ohjeet\/wp-json\/wp\/v2\/types\/page"}],"author":[{"embeddable":true,"href":"https:\/\/blogi.eoppimispalvelut.fi\/peppi-ohjeet\/wp-json\/wp\/v2\/users\/6"}],"replies":[{"embeddable":true,"href":"https:\/\/blogi.eoppimispalvelut.fi\/peppi-ohjeet\/wp-json\/wp\/v2\/comments?post=4105"}],"version-history":[{"count":18,"href":"https:\/\/blogi.eoppimispalvelut.fi\/peppi-ohjeet\/wp-json\/wp\/v2\/pages\/4105\/revisions"}],"predecessor-version":[{"id":7125,"href":"https:\/\/blogi.eoppimispalvelut.fi\/peppi-ohjeet\/wp-json\/wp\/v2\/pages\/4105\/revisions\/7125"}],"up":[{"embeddable":true,"href":"https:\/\/blogi.eoppimispalvelut.fi\/peppi-ohjeet\/wp-json\/wp\/v2\/pages\/4047"}],"wp:attachment":[{"href":"https:\/\/blogi.eoppimispalvelut.fi\/peppi-ohjeet\/wp-json\/wp\/v2\/media?parent=4105"}],"curies":[{"name":"wp","href":"https:\/\/api.w.org\/{rel}","templated":true}]}}