{"id":4126,"date":"2020-12-17T12:31:42","date_gmt":"2020-12-17T10:31:42","guid":{"rendered":"https:\/\/blogi.eoppimispalvelut.fi\/peppi-ohjeet\/?page_id=4126"},"modified":"2025-03-09T11:59:27","modified_gmt":"2025-03-09T09:59:27","slug":"opinnaytetyon-viimeistelyvaihe-5-op","status":"publish","type":"page","link":"https:\/\/blogi.eoppimispalvelut.fi\/peppi-ohjeet\/opiskelijalle\/wihi-ohjeet-opiskelijalle\/opinnaytetyon-viimeistelyvaihe-5-op\/","title":{"rendered":"Opinn\u00e4ytety\u00f6n viimeistelyvaihe (5\/10 op)"},"content":{"rendered":"<h2><span style=\"color: #ff6600\"><strong>Vaihe 3<\/strong><\/span><\/h2>\r\n<p><a href=\"https:\/\/www.lapinamk.fi\/fi\/Opiskelijalle\/Oppaat-ja-ohjeet\/Opinnaytetyo\/Opinnaytetyon-viimeistelyvaihe\">Opinn\u00e4ytety\u00f6n viimeistelyvaiheessa 5\/10 op<\/a> vaihe alkaa plagioinnin tarkastuksesta ja p\u00e4\u00e4ttyy opinn\u00e4ytety\u00f6n hyv\u00e4ksymiseen ja arviointiin.<\/p>\r\n<p><strong>Opinn\u00e4ytety\u00f6n nimen tarkastaminen<\/strong><\/p>\r\n<p>Jos opinn\u00e4ytety\u00f6n nimi muuttuu aihe-ehdotuksessa olleesta nimest\u00e4, pit\u00e4\u00e4 sinun k\u00e4yd\u00e4 p\u00e4ivitt\u00e4m\u00e4ss\u00e4 ty\u00f6n nimi oikeaksi ennen ty\u00f6n l\u00e4hett\u00e4mist\u00e4 plagioinnin tarkastukseen ja arviointiin. P\u00e4\u00e4set muuttamaan nime\u00e4 valitsemalla etusivun oikeassa reunassa n\u00e4kyv\u00e4n Tiedot-n\u00e4kym\u00e4n kautta.<\/p>\r\n<ol>\r\n<li>Avaa Tiedot-n\u00e4kym\u00e4<\/li>\r\n<li>Valitse Muokkaa<\/li>\r\n<\/ol>\r\n<div id=\"attachment_4132\" style=\"width: 610px\" class=\"wp-caption alignleft\"><a href=\"https:\/\/blogi.eoppimispalvelut.fi\/peppi-ohjeet\/files\/2020\/12\/Opinnaytetyon_nimen_muuttaminen.png\"><img loading=\"lazy\" decoding=\"async\" aria-describedby=\"caption-attachment-4132\" class=\"wp-image-4132 size-medium\" src=\"https:\/\/blogi.eoppimispalvelut.fi\/peppi-ohjeet\/files\/2020\/12\/Opinnaytetyon_nimen_muuttaminen-600x348.png\" alt=\"Opinn\u00e4ytety\u00f6n nimen muuttaminen\" width=\"600\" height=\"348\" srcset=\"https:\/\/blogi.eoppimispalvelut.fi\/peppi-ohjeet\/files\/2020\/12\/Opinnaytetyon_nimen_muuttaminen-600x348.png 600w, https:\/\/blogi.eoppimispalvelut.fi\/peppi-ohjeet\/files\/2020\/12\/Opinnaytetyon_nimen_muuttaminen-768x445.png 768w, https:\/\/blogi.eoppimispalvelut.fi\/peppi-ohjeet\/files\/2020\/12\/Opinnaytetyon_nimen_muuttaminen-500x290.png 500w, https:\/\/blogi.eoppimispalvelut.fi\/peppi-ohjeet\/files\/2020\/12\/Opinnaytetyon_nimen_muuttaminen.png 1198w\" sizes=\"auto, (max-width: 600px) 100vw, 600px\" \/><\/a><p id=\"caption-attachment-4132\" class=\"wp-caption-text\">Klikkaa kuva suuremmaksi<\/p><\/div>\r\n<ol>\r\n<li>Vaihda avautuvassa aihe-esitysn\u00e4kym\u00e4ss\u00e4 opinn\u00e4ytety\u00f6n nimi, my\u00f6s englannin kielinen nimi<\/li>\r\n<\/ol>\r\n<p style=\"padding-left: 40px\">Esimerkiksi:<\/p>\r\n<p class=\"xmsonormal\" style=\"padding-left: 40px\">Suomeksi: Asiakasl\u00e4ht\u00f6inen digitaalinen palvelu<\/p>\r\n<p class=\"xmsonormal\" style=\"padding-left: 40px\">Englanniksi: Customer-oriented Digital Service<\/p>\r\n<p style=\"padding-left: 40px\">2. Valitse L\u00e4het\u00e4<\/p>\r\n<div id=\"attachment_4133\" style=\"width: 610px\" class=\"wp-caption alignnone\"><a href=\"https:\/\/blogi.eoppimispalvelut.fi\/peppi-ohjeet\/files\/2020\/12\/Opinnaytetyon_nimen_muuttaminen_osa2.png\"><img loading=\"lazy\" decoding=\"async\" aria-describedby=\"caption-attachment-4133\" class=\"wp-image-4133 size-medium\" src=\"https:\/\/blogi.eoppimispalvelut.fi\/peppi-ohjeet\/files\/2020\/12\/Opinnaytetyon_nimen_muuttaminen_osa2-600x269.png\" alt=\"Opinn\u00e4ytety\u00f6n nimen muuttaminen osa 2\" width=\"600\" height=\"269\" srcset=\"https:\/\/blogi.eoppimispalvelut.fi\/peppi-ohjeet\/files\/2020\/12\/Opinnaytetyon_nimen_muuttaminen_osa2-600x269.png 600w, https:\/\/blogi.eoppimispalvelut.fi\/peppi-ohjeet\/files\/2020\/12\/Opinnaytetyon_nimen_muuttaminen_osa2-1280x574.png 1280w, https:\/\/blogi.eoppimispalvelut.fi\/peppi-ohjeet\/files\/2020\/12\/Opinnaytetyon_nimen_muuttaminen_osa2-768x345.png 768w, https:\/\/blogi.eoppimispalvelut.fi\/peppi-ohjeet\/files\/2020\/12\/Opinnaytetyon_nimen_muuttaminen_osa2-500x224.png 500w, https:\/\/blogi.eoppimispalvelut.fi\/peppi-ohjeet\/files\/2020\/12\/Opinnaytetyon_nimen_muuttaminen_osa2.png 1404w\" sizes=\"auto, (max-width: 600px) 100vw, 600px\" \/><\/a><p id=\"caption-attachment-4133\" class=\"wp-caption-text\">Klikkaa kuva suuremmaksi<\/p><\/div>\r\n<p><strong>Plagioinnin tarkastus<\/strong><\/p>\r\n<p>Opinn\u00e4ytety\u00f6n nimen p\u00e4ivitt\u00e4misen j\u00e4lkeen opinn\u00e4ytety\u00f6 l\u00e4hetet\u00e4\u00e4n plagioinnin tarkastukseen. Huomaathan, ett\u00e4 plagioinnin tarkastukseen voi l\u00e4hett\u00e4\u00e4 ainoastaan PDF-muodossa olevan tiedoston.<\/p>\r\n<ol>\r\n<li>L\u00e4het\u00e4 arvioitavaksi valmis ty\u00f6 plagioinnin tarkastukseen valitsemalla Lataa tiedosto.<\/li>\r\n<li>Lis\u00e4\u00e4 haluamasi tiedosto valitsemalla Valitse tiedostot.<\/li>\r\n<li>Valitse L\u00e4het\u00e4. Lis\u00e4\u00e4m\u00e4si tiedosto siirtyy Turnitin plagioinnin tarkastussovellukseen. Katso <a href=\"https:\/\/youtu.be\/nCp886j5yO4\" target=\"_blank\" rel=\"noopener\">video<\/a>.<\/li>\r\n<\/ol>\r\n<div id=\"attachment_6125\" style=\"width: 610px\" class=\"wp-caption alignnone\"><a href=\"https:\/\/blogi.eoppimispalvelut.fi\/peppi-ohjeet\/files\/2023\/01\/Opinnaytetyon-lahttaminen-plagioinnin-tarkastukseen.png\"><img loading=\"lazy\" decoding=\"async\" aria-describedby=\"caption-attachment-6125\" class=\"wp-image-6125 size-medium\" src=\"https:\/\/blogi.eoppimispalvelut.fi\/peppi-ohjeet\/files\/2023\/01\/Opinnaytetyon-lahttaminen-plagioinnin-tarkastukseen-600x356.png\" alt=\"\" width=\"600\" height=\"356\" srcset=\"https:\/\/blogi.eoppimispalvelut.fi\/peppi-ohjeet\/files\/2023\/01\/Opinnaytetyon-lahttaminen-plagioinnin-tarkastukseen-600x356.png 600w, https:\/\/blogi.eoppimispalvelut.fi\/peppi-ohjeet\/files\/2023\/01\/Opinnaytetyon-lahttaminen-plagioinnin-tarkastukseen-1280x759.png 1280w, https:\/\/blogi.eoppimispalvelut.fi\/peppi-ohjeet\/files\/2023\/01\/Opinnaytetyon-lahttaminen-plagioinnin-tarkastukseen-768x455.png 768w, https:\/\/blogi.eoppimispalvelut.fi\/peppi-ohjeet\/files\/2023\/01\/Opinnaytetyon-lahttaminen-plagioinnin-tarkastukseen-1536x910.png 1536w, https:\/\/blogi.eoppimispalvelut.fi\/peppi-ohjeet\/files\/2023\/01\/Opinnaytetyon-lahttaminen-plagioinnin-tarkastukseen-500x296.png 500w, https:\/\/blogi.eoppimispalvelut.fi\/peppi-ohjeet\/files\/2023\/01\/Opinnaytetyon-lahttaminen-plagioinnin-tarkastukseen.png 1903w\" sizes=\"auto, (max-width: 600px) 100vw, 600px\" \/><\/a><p id=\"caption-attachment-6125\" class=\"wp-caption-text\">Klikkaa kuva suuremmaksi<\/p><\/div>\r\n<p>Ohjaaja hyv\u00e4ksyy plagioinnin tarkastuksen, mik\u00e4li se t\u00e4ytt\u00e4\u00e4 sille asetetut vaatimukset. Mik\u00e4li plagioinnin tarkastus ei t\u00e4yt\u00e4 vaatimuksia, palautetaan ty\u00f6 opiskelijalle jatko-ty\u00f6st\u00e4mist\u00e4 varten.<\/p>\r\n<p>Kun plagioinnin tarkastus on hyv\u00e4ksytty ja mik\u00e4li ty\u00f6h\u00f6n ei ole tarpeen tehd\u00e4 en\u00e4\u00e4 korjauksia, ohjaaja hyv\u00e4ksyy opinn\u00e4ytety\u00f6n tarkastettavaksi ja arvioitavaksi sek\u00e4 antaa luvan kypsyysn\u00e4ytteen kirjoittamiseen. Saat ohjaajaltasi ohjeet kypsyysn\u00e4ytteen kirjoittamista varten.<\/p>\r\n<p><strong>Abstraktin tarkastus<\/strong><\/p>\r\n<p>Toimita koulutuksen ohjeistuksen mukaisesti ty\u00f6si abstrakti kielen ja viestinn\u00e4n opettajalle tarkastettavaksi. Mik\u00e4li opettajaa ei ole kiinnitetty ty\u00f6si tarkastajaksi, voi toimittaa abstractin tarkastettavaksi Wihin kautta<\/p>\r\n<ol>\r\n<li>Lis\u00e4\u00e4 tiedosto valitsemalla Valitse tiedostot.<\/li>\r\n<li>Valitse L\u00e4het\u00e4.<\/li>\r\n<\/ol>\r\n<div id=\"attachment_6025\" style=\"width: 590px\" class=\"wp-caption alignnone\"><a href=\"https:\/\/blogi.eoppimispalvelut.fi\/peppi-ohjeet\/files\/2023\/01\/Abstractin-lahettaminen-tarkastukseen.png\"><img loading=\"lazy\" decoding=\"async\" aria-describedby=\"caption-attachment-6025\" class=\"wp-image-6025 size-full\" src=\"https:\/\/blogi.eoppimispalvelut.fi\/peppi-ohjeet\/files\/2023\/01\/Abstractin-lahettaminen-tarkastukseen.png\" alt=\"\" width=\"580\" height=\"200\" srcset=\"https:\/\/blogi.eoppimispalvelut.fi\/peppi-ohjeet\/files\/2023\/01\/Abstractin-lahettaminen-tarkastukseen.png 580w, https:\/\/blogi.eoppimispalvelut.fi\/peppi-ohjeet\/files\/2023\/01\/Abstractin-lahettaminen-tarkastukseen-500x172.png 500w\" sizes=\"auto, (max-width: 580px) 100vw, 580px\" \/><\/a><p id=\"caption-attachment-6025\" class=\"wp-caption-text\">Klikkaa kuva suuremmaksi<\/p><\/div>\r\n<p>L\u00e4het\u00e4 abstrakti kielen ja viestinn\u00e4n opettajalle k\u00e4ytt\u00e4m\u00e4ll\u00e4 L\u00e4het\u00e4 kommentoitavaksi ulkopuoliselle &#8211; toimintoa<\/p>\r\n<div id=\"attachment_6026\" style=\"width: 610px\" class=\"wp-caption alignnone\"><a href=\"https:\/\/blogi.eoppimispalvelut.fi\/peppi-ohjeet\/files\/2023\/01\/Abstractin-lahettaminen-tarkastukseen1.png\"><img loading=\"lazy\" decoding=\"async\" aria-describedby=\"caption-attachment-6026\" class=\"wp-image-6026 size-medium\" src=\"https:\/\/blogi.eoppimispalvelut.fi\/peppi-ohjeet\/files\/2023\/01\/Abstractin-lahettaminen-tarkastukseen1-600x189.png\" alt=\"\" width=\"600\" height=\"189\" srcset=\"https:\/\/blogi.eoppimispalvelut.fi\/peppi-ohjeet\/files\/2023\/01\/Abstractin-lahettaminen-tarkastukseen1-600x189.png 600w, https:\/\/blogi.eoppimispalvelut.fi\/peppi-ohjeet\/files\/2023\/01\/Abstractin-lahettaminen-tarkastukseen1-768x242.png 768w, https:\/\/blogi.eoppimispalvelut.fi\/peppi-ohjeet\/files\/2023\/01\/Abstractin-lahettaminen-tarkastukseen1-500x158.png 500w, https:\/\/blogi.eoppimispalvelut.fi\/peppi-ohjeet\/files\/2023\/01\/Abstractin-lahettaminen-tarkastukseen1.png 884w\" sizes=\"auto, (max-width: 600px) 100vw, 600px\" \/><\/a><p id=\"caption-attachment-6026\" class=\"wp-caption-text\">Klikkaa kuva suuremmaksi<\/p><\/div>\r\n<ol>\r\n<li>Lis\u00e4\u00e4 avautuvaan ikkunaan saajan s\u00e4hk\u00f6postiosoite sek\u00e4 viestin otsikko ja sis\u00e4lt\u00f6<\/li>\r\n<li>L\u00e4het\u00e4 viesti lopuksi painamalla L\u00e4het\u00e4-painiketta.<\/li>\r\n<\/ol>\r\n<div id=\"attachment_6027\" style=\"width: 595px\" class=\"wp-caption alignnone\"><a href=\"https:\/\/blogi.eoppimispalvelut.fi\/peppi-ohjeet\/files\/2023\/01\/Abstractin-lahettaminen-tarkastukseen2.png\"><img loading=\"lazy\" decoding=\"async\" aria-describedby=\"caption-attachment-6027\" class=\"wp-image-6027 size-full\" src=\"https:\/\/blogi.eoppimispalvelut.fi\/peppi-ohjeet\/files\/2023\/01\/Abstractin-lahettaminen-tarkastukseen2.png\" alt=\"\" width=\"585\" height=\"359\" srcset=\"https:\/\/blogi.eoppimispalvelut.fi\/peppi-ohjeet\/files\/2023\/01\/Abstractin-lahettaminen-tarkastukseen2.png 585w, https:\/\/blogi.eoppimispalvelut.fi\/peppi-ohjeet\/files\/2023\/01\/Abstractin-lahettaminen-tarkastukseen2-489x300.png 489w\" sizes=\"auto, (max-width: 585px) 100vw, 585px\" \/><\/a><p id=\"caption-attachment-6027\" class=\"wp-caption-text\">Klikkaa kuva isommaksi<\/p><\/div>\r\n<p>T\u00e4ydenn\u00e4\/korjaa ty\u00f6si kielen ja viestinn\u00e4n opettajalta saamasi palautten pohjalta.<\/p>\r\n<p><strong>Korjautun ty\u00f6n palauttaminen arviointia varten (mik\u00e4li ty\u00f6t\u00e4 on korjattu plagioinnin tarkastuksen j\u00e4lkeen)<br \/><\/strong><\/p>\r\n<p>Kun ty\u00f6h\u00f6si on tehty kaikki tarvittavat korjaukset, palauta ty\u00f6si lopullinen versio PDF-muodossa loppuarviointia varten. Ty\u00f6n loppuarviointi edellytt\u00e4\u00e4 my\u00f6s kypsyysn\u00e4ytteen tekemist\u00e4.\u00a0<\/p>\r\n<ol>\r\n<li>Lis\u00e4\u00e4 raportin lopullinen versio valitsemalla Lataa tiedosto.<\/li>\r\n<li>Lis\u00e4\u00e4 tiedosto valitsemalla Valitse tiedostot. Lopullisen version tulee olla PDF-muodossa arkistointia varten.<\/li>\r\n<li>Valitse L\u00e4het\u00e4. Lis\u00e4\u00e4m\u00e4si tiedosto v\u00e4littyy ohjaajalle.<\/li>\r\n<\/ol>\r\n<div id=\"attachment_6034\" style=\"width: 602px\" class=\"wp-caption alignnone\"><a href=\"https:\/\/blogi.eoppimispalvelut.fi\/peppi-ohjeet\/files\/2023\/01\/Lopullisen-tyon-palautus.png\"><img loading=\"lazy\" decoding=\"async\" aria-describedby=\"caption-attachment-6034\" class=\"wp-image-6034 size-full\" src=\"https:\/\/blogi.eoppimispalvelut.fi\/peppi-ohjeet\/files\/2023\/01\/Lopullisen-tyon-palautus.png\" alt=\"\" width=\"592\" height=\"204\" srcset=\"https:\/\/blogi.eoppimispalvelut.fi\/peppi-ohjeet\/files\/2023\/01\/Lopullisen-tyon-palautus.png 592w, https:\/\/blogi.eoppimispalvelut.fi\/peppi-ohjeet\/files\/2023\/01\/Lopullisen-tyon-palautus-500x172.png 500w\" sizes=\"auto, (max-width: 592px) 100vw, 592px\" \/><\/a><p id=\"caption-attachment-6034\" class=\"wp-caption-text\">Klikkaa kuva isommaksi<\/p><\/div>\r\n<p><strong>Yhteisty\u00f6tahon palaute, itsearviointi sek\u00e4 vertaispalaute<\/strong><\/p>\r\n<p>Opinn\u00e4ytety\u00f6n yhteisty\u00f6taho eli toimeksiantaja antaa palautetta toteutetusta ty\u00f6st\u00e4. Lis\u00e4ksi opiskelija laatii itsearvioinnin opinn\u00e4ytety\u00f6st\u00e4\u00e4n. Itsearviointi tehd\u00e4\u00e4n <a href=\"https:\/\/lapinamk.fi\/opiskelijalle\/opintojen-sisalto\/opinnaytetyo-2\/\">www-sivuilta<\/a> l\u00f6ytyv\u00e4ll\u00e4 s\u00e4hk\u00f6isell\u00e4 lomakkeella. Mik\u00e4li vertaisarviointia k\u00e4ytet\u00e4\u00e4n koulutuksessa, annetaan vertaispalautetta sovitun mukaisesti.<\/p>\r\n<ol>\r\n<li>Pyyd\u00e4 ty\u00f6st\u00e4si yhteisty\u00f6tahon (toimeksiantaja) palautettta ja tarvittaessa koulutuksen ohjeistuksen mukaan my\u00f6s vertaispalautetta valitsemalla L\u00e4het\u00e4 kommentoitavaksi-toimintoa.<\/li>\r\n<li>Lis\u00e4\u00e4 tiedosto valitsemalla Valitse tiedostot. L\u00e4het\u00e4 ty\u00f6si PDF-muodossa.<\/li>\r\n<li>Valitse L\u00e4het\u00e4.<\/li>\r\n<\/ol>\r\n<div id=\"attachment_4145\" style=\"width: 610px\" class=\"wp-caption alignleft\"><a href=\"https:\/\/blogi.eoppimispalvelut.fi\/peppi-ohjeet\/files\/2020\/12\/Toimeksiantajan-kommentit.png\"><img loading=\"lazy\" decoding=\"async\" aria-describedby=\"caption-attachment-4145\" class=\"wp-image-4145 size-medium\" src=\"https:\/\/blogi.eoppimispalvelut.fi\/peppi-ohjeet\/files\/2020\/12\/Toimeksiantajan-kommentit-600x301.png\" alt=\"Toimeksiantajan kommentit\" width=\"600\" height=\"301\" srcset=\"https:\/\/blogi.eoppimispalvelut.fi\/peppi-ohjeet\/files\/2020\/12\/Toimeksiantajan-kommentit-600x301.png 600w, https:\/\/blogi.eoppimispalvelut.fi\/peppi-ohjeet\/files\/2020\/12\/Toimeksiantajan-kommentit-1280x643.png 1280w, https:\/\/blogi.eoppimispalvelut.fi\/peppi-ohjeet\/files\/2020\/12\/Toimeksiantajan-kommentit-768x386.png 768w, https:\/\/blogi.eoppimispalvelut.fi\/peppi-ohjeet\/files\/2020\/12\/Toimeksiantajan-kommentit-500x251.png 500w, https:\/\/blogi.eoppimispalvelut.fi\/peppi-ohjeet\/files\/2020\/12\/Toimeksiantajan-kommentit.png 1342w\" sizes=\"auto, (max-width: 600px) 100vw, 600px\" \/><\/a><p id=\"caption-attachment-4145\" class=\"wp-caption-text\">Klikkaa kuva suuremmaksi<\/p><\/div>\r\n<ol>\r\n<li>S\u00e4hk\u00f6postiosoite tulee automaattisesti aihe-ehdotukseen t\u00e4ydennettyjen tietojen perusteella. Mik\u00e4li l\u00e4het\u00e4t ty\u00f6si vertaispalautetta varten t\u00e4ydenn\u00e4 s\u00e4hk\u00f6postikentt\u00e4\u00e4n vertaispalautteen antajan s\u00e4hk\u00f6postiosoite.<\/li>\r\n<li>T\u00e4ydenn\u00e4 avautuvassa ikkunassa l\u00e4hetett\u00e4v\u00e4n viestin otsikko sek\u00e4 viestin sis\u00e4lt\u00f6. Sek\u00e4\u00a0 yhteisty\u00f6tahon palaute ett\u00e4 vertaispalaute on toteutettu s\u00e4hk\u00f6isesti. Liit\u00e4 siis viestiin linkki s\u00e4hk\u00f6iseen lomakkeeseen. Lomakkeet l\u00f6ytyv\u00e4t opinn\u00e4ytety\u00f6n<a href=\"https:\/\/lapinamk.fi\/opiskelijalle\/opintojen-sisalto\/opinnaytetyo-2\/\"> www-sivuilta<\/a>.<\/li>\r\n<li>Valitse L\u00e4het\u00e4.<\/li>\r\n<\/ol>\r\n<div id=\"attachment_4147\" style=\"width: 610px\" class=\"wp-caption alignleft\"><a href=\"https:\/\/blogi.eoppimispalvelut.fi\/peppi-ohjeet\/files\/2020\/12\/Laheta-toimeksiantajalle.png\"><img loading=\"lazy\" decoding=\"async\" aria-describedby=\"caption-attachment-4147\" class=\"wp-image-4147 size-medium\" src=\"https:\/\/blogi.eoppimispalvelut.fi\/peppi-ohjeet\/files\/2020\/12\/Laheta-toimeksiantajalle-600x242.png\" alt=\"L\u00e4het\u00e4 toimeksiantajalle\" width=\"600\" height=\"242\" srcset=\"https:\/\/blogi.eoppimispalvelut.fi\/peppi-ohjeet\/files\/2020\/12\/Laheta-toimeksiantajalle-600x242.png 600w, https:\/\/blogi.eoppimispalvelut.fi\/peppi-ohjeet\/files\/2020\/12\/Laheta-toimeksiantajalle-768x310.png 768w, https:\/\/blogi.eoppimispalvelut.fi\/peppi-ohjeet\/files\/2020\/12\/Laheta-toimeksiantajalle-500x202.png 500w, https:\/\/blogi.eoppimispalvelut.fi\/peppi-ohjeet\/files\/2020\/12\/Laheta-toimeksiantajalle.png 1281w\" sizes=\"auto, (max-width: 600px) 100vw, 600px\" \/><\/a><p id=\"caption-attachment-4147\" class=\"wp-caption-text\">Klikkaa kuva suuremmaksi<\/p><\/div>\r\n<p>S\u00e4hk\u00f6iset palautteet tallennetaan opinn\u00e4ytety\u00f6alueelle ohjaavien opettajien ja opinn\u00e4ytety\u00f6n tekij\u00f6iden tarkasteltavaksi.<\/p>\r\n<p><strong>Opinn\u00e4ytety\u00f6n loppuarviointi ja opinn\u00e4ytety\u00f6n viimeistelyvaiheen hyv\u00e4ksyminen<br \/><\/strong><\/p>\r\n<ol>\r\n<li>Kun ohjaaja on arvioinut ty\u00f6n, tulee opinn\u00e4ytety\u00f6 julkaista Theseuksessa. Kun olet julkaissut ty\u00f6si, lis\u00e4\u00e4 julkaisemasi ty\u00f6n linkki valitsemalla Lis\u00e4\u00e4<\/li>\r\n<li>Liit\u00e4 ty\u00f6si linkki Linkki-kentt\u00e4\u00e4n<\/li>\r\n<li>V\u00e4lit\u00e4 linkki ohjaajallesi, valitsemalla L\u00e4het\u00e4<\/li>\r\n<li>Opinn\u00e4ytety\u00f6projektin\u00e4kym\u00e4\u00e4n tulee n\u00e4kyviin julkaistun ty\u00f6n osoite<\/li>\r\n<\/ol>\r\n<div id=\"attachment_4156\" style=\"width: 610px\" class=\"wp-caption alignleft\"><a href=\"https:\/\/blogi.eoppimispalvelut.fi\/peppi-ohjeet\/files\/2020\/12\/opinnaytetyon-arviointi.png\"><img loading=\"lazy\" decoding=\"async\" aria-describedby=\"caption-attachment-4156\" class=\"wp-image-4156 size-medium\" src=\"https:\/\/blogi.eoppimispalvelut.fi\/peppi-ohjeet\/files\/2020\/12\/opinnaytetyon-arviointi-600x327.png\" alt=\"opinn\u00e4ytety\u00f6n arviointi\" width=\"600\" height=\"327\" srcset=\"https:\/\/blogi.eoppimispalvelut.fi\/peppi-ohjeet\/files\/2020\/12\/opinnaytetyon-arviointi-600x327.png 600w, https:\/\/blogi.eoppimispalvelut.fi\/peppi-ohjeet\/files\/2020\/12\/opinnaytetyon-arviointi-768x419.png 768w, https:\/\/blogi.eoppimispalvelut.fi\/peppi-ohjeet\/files\/2020\/12\/opinnaytetyon-arviointi-500x273.png 500w, https:\/\/blogi.eoppimispalvelut.fi\/peppi-ohjeet\/files\/2020\/12\/opinnaytetyon-arviointi.png 1271w\" sizes=\"auto, (max-width: 600px) 100vw, 600px\" \/><\/a><p id=\"caption-attachment-4156\" class=\"wp-caption-text\">Klikkaa kuva suuremmaksi<\/p><\/div>\r\n<p>Kun olet suorittanut kaikki vaiheet, opinn\u00e4ytety\u00f6projektin tilaksi p\u00e4ivittyy Valmis ja kaikkien vaiheiden statuksena on Hyv\u00e4ksytty.<\/p>\r\n<div id=\"attachment_4158\" style=\"width: 610px\" class=\"wp-caption alignleft\"><a href=\"https:\/\/blogi.eoppimispalvelut.fi\/peppi-ohjeet\/files\/2020\/12\/Hyvaksytty.png\"><img loading=\"lazy\" decoding=\"async\" aria-describedby=\"caption-attachment-4158\" class=\"wp-image-4158 size-medium\" src=\"https:\/\/blogi.eoppimispalvelut.fi\/peppi-ohjeet\/files\/2020\/12\/Hyvaksytty-600x302.png\" alt=\"Hyv\u00e4ksytty\" width=\"600\" height=\"302\" srcset=\"https:\/\/blogi.eoppimispalvelut.fi\/peppi-ohjeet\/files\/2020\/12\/Hyvaksytty-600x302.png 600w, https:\/\/blogi.eoppimispalvelut.fi\/peppi-ohjeet\/files\/2020\/12\/Hyvaksytty-768x386.png 768w, https:\/\/blogi.eoppimispalvelut.fi\/peppi-ohjeet\/files\/2020\/12\/Hyvaksytty-500x251.png 500w, https:\/\/blogi.eoppimispalvelut.fi\/peppi-ohjeet\/files\/2020\/12\/Hyvaksytty.png 1177w\" sizes=\"auto, (max-width: 600px) 100vw, 600px\" \/><\/a><p id=\"caption-attachment-4158\" class=\"wp-caption-text\">Klikkaa kuva suuremmaksi<\/p><\/div>\r\n<p>Kun opinn\u00e4ytety\u00f6n arviointi on viety rekisteriin, tulee n\u00e4kym\u00e4\u00e4n Lataa arviointi -painike. Valitsemalla Lataa arviointi voit avata ty\u00f6t\u00e4si koskevan\u00a0 arviointiraportin.\u00a0<\/p>\r\n<div id=\"attachment_4160\" style=\"width: 610px\" class=\"wp-caption alignleft\"><a href=\"https:\/\/blogi.eoppimispalvelut.fi\/peppi-ohjeet\/files\/2020\/12\/Lataa-arviointi.png\"><img loading=\"lazy\" decoding=\"async\" aria-describedby=\"caption-attachment-4160\" class=\"wp-image-4160 size-medium\" src=\"https:\/\/blogi.eoppimispalvelut.fi\/peppi-ohjeet\/files\/2020\/12\/Lataa-arviointi-600x235.png\" alt=\"Lataa arviointi\" width=\"600\" height=\"235\" srcset=\"https:\/\/blogi.eoppimispalvelut.fi\/peppi-ohjeet\/files\/2020\/12\/Lataa-arviointi-600x235.png 600w, https:\/\/blogi.eoppimispalvelut.fi\/peppi-ohjeet\/files\/2020\/12\/Lataa-arviointi-1280x502.png 1280w, https:\/\/blogi.eoppimispalvelut.fi\/peppi-ohjeet\/files\/2020\/12\/Lataa-arviointi-768x301.png 768w, https:\/\/blogi.eoppimispalvelut.fi\/peppi-ohjeet\/files\/2020\/12\/Lataa-arviointi-500x196.png 500w, https:\/\/blogi.eoppimispalvelut.fi\/peppi-ohjeet\/files\/2020\/12\/Lataa-arviointi.png 1415w\" sizes=\"auto, (max-width: 600px) 100vw, 600px\" \/><\/a><p id=\"caption-attachment-4160\" class=\"wp-caption-text\">Klikkaa kuva suuremmaksi<\/p><\/div>\r\n<p>Kun arvioinnit on kirjattu rekisteriin n\u00e4kyv\u00e4t kaikki suoritukset HOPSissasi. Lopullisen arvioinnin yhteydess\u00e4 opinn\u00e4ytety\u00f6h\u00f6n liittyvien opintojakson arvioinnit muuttuvat hyv\u00e4ksytyst\u00e4 arvosanasta opinn\u00e4ytety\u00f6n loppuarvosanaa vastaaviksi.\u00a0<\/p>\r\n<div id=\"attachment_4161\" style=\"width: 610px\" class=\"wp-caption alignleft\"><a href=\"https:\/\/blogi.eoppimispalvelut.fi\/peppi-ohjeet\/files\/2020\/12\/Valmis.png\"><img loading=\"lazy\" decoding=\"async\" aria-describedby=\"caption-attachment-4161\" class=\"wp-image-4161 size-medium\" src=\"https:\/\/blogi.eoppimispalvelut.fi\/peppi-ohjeet\/files\/2020\/12\/Valmis-600x313.png\" alt=\"Valmis\" width=\"600\" height=\"313\" srcset=\"https:\/\/blogi.eoppimispalvelut.fi\/peppi-ohjeet\/files\/2020\/12\/Valmis-600x313.png 600w, https:\/\/blogi.eoppimispalvelut.fi\/peppi-ohjeet\/files\/2020\/12\/Valmis-768x400.png 768w, https:\/\/blogi.eoppimispalvelut.fi\/peppi-ohjeet\/files\/2020\/12\/Valmis-500x260.png 500w, https:\/\/blogi.eoppimispalvelut.fi\/peppi-ohjeet\/files\/2020\/12\/Valmis.png 1221w\" sizes=\"auto, (max-width: 600px) 100vw, 600px\" \/><\/a><p id=\"caption-attachment-4161\" class=\"wp-caption-text\">Klikkaa kuva suuremmaksi<\/p><\/div>\r\n\r\n<p>Onnittelut, olet saattanut opinn\u00e4ytety\u00f6si maaliin!<\/p>\r\n\r\n\r\n\r\n<p>&nbsp;<\/p>\r\n","protected":false},"excerpt":{"rendered":"<p>Vaihe 3 Opinn\u00e4ytety\u00f6n viimeistelyvaiheessa 5\/10 op vaihe alkaa plagioinnin tarkastuksesta ja p\u00e4\u00e4ttyy opinn\u00e4ytety\u00f6n hyv\u00e4ksymiseen ja arviointiin. Opinn\u00e4ytety\u00f6n nimen tarkastaminen Jos opinn\u00e4ytety\u00f6n nimi muuttuu aihe-ehdotuksessa olleesta nimest\u00e4, pit\u00e4\u00e4 sinun k\u00e4yd\u00e4 p\u00e4ivitt\u00e4m\u00e4ss\u00e4 ty\u00f6n nimi oikeaksi ennen ty\u00f6n l\u00e4hett\u00e4mist\u00e4 plagioinnin tarkastukseen ja arviointiin. &hellip; <a href=\"https:\/\/blogi.eoppimispalvelut.fi\/peppi-ohjeet\/opiskelijalle\/wihi-ohjeet-opiskelijalle\/opinnaytetyon-viimeistelyvaihe-5-op\/\">Continue reading <span class=\"meta-nav\">&rarr;<\/span><\/a><\/p>\n","protected":false},"author":6,"featured_media":0,"parent":4047,"menu_order":0,"comment_status":"closed","ping_status":"closed","template":"","meta":{"_monsterinsights_skip_tracking":false,"_monsterinsights_sitenote_active":false,"_monsterinsights_sitenote_note":"","_monsterinsights_sitenote_category":0,"footnotes":""},"class_list":["post-4126","page","type-page","status-publish","hentry"],"_links":{"self":[{"href":"https:\/\/blogi.eoppimispalvelut.fi\/peppi-ohjeet\/wp-json\/wp\/v2\/pages\/4126","targetHints":{"allow":["GET"]}}],"collection":[{"href":"https:\/\/blogi.eoppimispalvelut.fi\/peppi-ohjeet\/wp-json\/wp\/v2\/pages"}],"about":[{"href":"https:\/\/blogi.eoppimispalvelut.fi\/peppi-ohjeet\/wp-json\/wp\/v2\/types\/page"}],"author":[{"embeddable":true,"href":"https:\/\/blogi.eoppimispalvelut.fi\/peppi-ohjeet\/wp-json\/wp\/v2\/users\/6"}],"replies":[{"embeddable":true,"href":"https:\/\/blogi.eoppimispalvelut.fi\/peppi-ohjeet\/wp-json\/wp\/v2\/comments?post=4126"}],"version-history":[{"count":56,"href":"https:\/\/blogi.eoppimispalvelut.fi\/peppi-ohjeet\/wp-json\/wp\/v2\/pages\/4126\/revisions"}],"predecessor-version":[{"id":7119,"href":"https:\/\/blogi.eoppimispalvelut.fi\/peppi-ohjeet\/wp-json\/wp\/v2\/pages\/4126\/revisions\/7119"}],"up":[{"embeddable":true,"href":"https:\/\/blogi.eoppimispalvelut.fi\/peppi-ohjeet\/wp-json\/wp\/v2\/pages\/4047"}],"wp:attachment":[{"href":"https:\/\/blogi.eoppimispalvelut.fi\/peppi-ohjeet\/wp-json\/wp\/v2\/media?parent=4126"}],"curies":[{"name":"wp","href":"https:\/\/api.w.org\/{rel}","templated":true}]}}