{"id":476,"date":"2020-02-12T10:31:52","date_gmt":"2020-02-12T08:31:52","guid":{"rendered":"https:\/\/blogi.eoppimispalvelut.fi\/peppi-ohjeet\/?page_id=476"},"modified":"2024-06-28T12:15:12","modified_gmt":"2024-06-28T09:15:12","slug":"sopimukset","status":"publish","type":"page","link":"https:\/\/blogi.eoppimispalvelut.fi\/peppi-ohjeet\/opiskelijalle\/sopimukset\/","title":{"rendered":"Sopimukset"},"content":{"rendered":"<p>Sopimuspankkiin talletetaan opinto-ohjaajan tai opettajan kanssa tehdyt sopimukset esimerkiksi opinnon poikkeavasta toteutustavasta ja\/tai -ajasta. Sopimuspankin l\u00f6yd\u00e4t valitsemalla Minun opintoni -valikon alta Sopimukset.<\/p>\n<ul>\n<li>Sopimuksen tekeminen edellytt\u00e4\u00e4 aina keskustelua opinto-ohjaajan tai opettajan kanssa<\/li>\n<li>Opinto-ohjaaja tai opettaja lis\u00e4\u00e4 sopimuksen sopimuspankkiin<\/li>\n<\/ul>\n<div id=\"attachment_2604\" style=\"width: 910px\" class=\"wp-caption alignleft\"><a href=\"https:\/\/blogi.eoppimispalvelut.fi\/peppi-ohjeet\/opiskelijalle\/sopimukset\/sopimuspankki-2\/\" rel=\"attachment wp-att-2604\"><img loading=\"lazy\" decoding=\"async\" aria-describedby=\"caption-attachment-2604\" class=\"size-medium wp-image-2604\" src=\"https:\/\/blogi.eoppimispalvelut.fi\/peppi-ohjeet\/files\/2020\/05\/sopimuspankki-900x283.png\" alt=\"Sopimuspankki\" width=\"900\" height=\"283\" srcset=\"https:\/\/blogi.eoppimispalvelut.fi\/peppi-ohjeet\/files\/2020\/05\/sopimuspankki-900x283.png 900w, https:\/\/blogi.eoppimispalvelut.fi\/peppi-ohjeet\/files\/2020\/05\/sopimuspankki-768x241.png 768w, https:\/\/blogi.eoppimispalvelut.fi\/peppi-ohjeet\/files\/2020\/05\/sopimuspankki-500x157.png 500w, https:\/\/blogi.eoppimispalvelut.fi\/peppi-ohjeet\/files\/2020\/05\/sopimuspankki.png 1104w\" sizes=\"auto, (max-width: 900px) 100vw, 900px\" \/><\/a><p id=\"caption-attachment-2604\" class=\"wp-caption-text\">Klikkaa kuva suuremmaksi.<\/p><\/div>\n<ul>\n<li>Kun opinto-ohjaaja tai opettaja on lis\u00e4nnyt sopimuksen, sopimus n\u00e4kyy Sopimuspankin Sopimukset-v\u00e4lilehdell\u00e4 ja saat my\u00f6s sit\u00e4 koskevan viestin<\/li>\n<li>Voit siirty\u00e4 sopimuksen tietoihin klikkaamalla sopimuksen otsikkoa<\/li>\n<li>Voit my\u00f6s l\u00e4hett\u00e4\u00e4 ohjaajalle uuden viestin, jos haluat esimerkiksi esitt\u00e4\u00e4 uutta sopimusta<\/li>\n<li>Voit tarkastella sopimuksen sis\u00e4lt\u00f6\u00e4: t\u00e4ss\u00e4 n\u00e4kym\u00e4ss\u00e4 voit my\u00f6s hyv\u00e4ksy\u00e4 sopimuksen valitsemalla Hyv\u00e4ksy. T\u00e4ll\u00f6in status muuttuu hyv\u00e4ksytyksi.<\/li>\n<li>Voit my\u00f6s l\u00e4hett\u00e4\u00e4 uuden viestin koskien sopimusta tai lis\u00e4t\u00e4 sopimukseen liitteit\u00e4<\/li>\n<\/ul>\n<div id=\"attachment_2605\" style=\"width: 910px\" class=\"wp-caption alignleft\"><a href=\"https:\/\/blogi.eoppimispalvelut.fi\/peppi-ohjeet\/opiskelijalle\/sopimukset\/sopimukset-2\/\" rel=\"attachment wp-att-2605\"><img loading=\"lazy\" decoding=\"async\" aria-describedby=\"caption-attachment-2605\" class=\"size-medium wp-image-2605\" src=\"https:\/\/blogi.eoppimispalvelut.fi\/peppi-ohjeet\/files\/2020\/05\/sopimukset-900x348.png\" alt=\"Sopimukset\" width=\"900\" height=\"348\" srcset=\"https:\/\/blogi.eoppimispalvelut.fi\/peppi-ohjeet\/files\/2020\/05\/sopimukset-900x348.png 900w, https:\/\/blogi.eoppimispalvelut.fi\/peppi-ohjeet\/files\/2020\/05\/sopimukset-768x297.png 768w, https:\/\/blogi.eoppimispalvelut.fi\/peppi-ohjeet\/files\/2020\/05\/sopimukset-500x194.png 500w, https:\/\/blogi.eoppimispalvelut.fi\/peppi-ohjeet\/files\/2020\/05\/sopimukset.png 1121w\" sizes=\"auto, (max-width: 900px) 100vw, 900px\" \/><\/a><p id=\"caption-attachment-2605\" class=\"wp-caption-text\">Klikkaa kuva suuremmaksi.<\/p><\/div>\n<p>&nbsp;<\/p>\n<p>&nbsp;<\/p>\n<p>&nbsp;<\/p>\n<p>&nbsp;<\/p>\n<p>&nbsp;<\/p>\n<p>&nbsp;<\/p>\n<p>&nbsp;<\/p>\n<hr \/>\n<p>Takaisin <a href=\"https:\/\/blogi.eoppimispalvelut.fi\/peppi-ohjeet\/opiskelijalle\/\">Opiskelijalle-sivulle<\/a><\/p>\n","protected":false},"excerpt":{"rendered":"<p>Sopimuspankkiin talletetaan opinto-ohjaajan tai opettajan kanssa tehdyt sopimukset esimerkiksi opinnon poikkeavasta toteutustavasta ja\/tai -ajasta. Sopimuspankin l\u00f6yd\u00e4t valitsemalla Minun opintoni -valikon alta Sopimukset. Sopimuksen tekeminen edellytt\u00e4\u00e4 aina keskustelua opinto-ohjaajan tai opettajan kanssa Opinto-ohjaaja tai opettaja lis\u00e4\u00e4 sopimuksen sopimuspankkiin Kun opinto-ohjaaja tai &hellip; <a href=\"https:\/\/blogi.eoppimispalvelut.fi\/peppi-ohjeet\/opiskelijalle\/sopimukset\/\">Continue reading <span class=\"meta-nav\">&rarr;<\/span><\/a><\/p>\n","protected":false},"author":6,"featured_media":0,"parent":203,"menu_order":0,"comment_status":"closed","ping_status":"closed","template":"","meta":{"_monsterinsights_skip_tracking":false,"_monsterinsights_sitenote_active":false,"_monsterinsights_sitenote_note":"","_monsterinsights_sitenote_category":0,"footnotes":""},"class_list":["post-476","page","type-page","status-publish","hentry"],"_links":{"self":[{"href":"https:\/\/blogi.eoppimispalvelut.fi\/peppi-ohjeet\/wp-json\/wp\/v2\/pages\/476","targetHints":{"allow":["GET"]}}],"collection":[{"href":"https:\/\/blogi.eoppimispalvelut.fi\/peppi-ohjeet\/wp-json\/wp\/v2\/pages"}],"about":[{"href":"https:\/\/blogi.eoppimispalvelut.fi\/peppi-ohjeet\/wp-json\/wp\/v2\/types\/page"}],"author":[{"embeddable":true,"href":"https:\/\/blogi.eoppimispalvelut.fi\/peppi-ohjeet\/wp-json\/wp\/v2\/users\/6"}],"replies":[{"embeddable":true,"href":"https:\/\/blogi.eoppimispalvelut.fi\/peppi-ohjeet\/wp-json\/wp\/v2\/comments?post=476"}],"version-history":[{"count":20,"href":"https:\/\/blogi.eoppimispalvelut.fi\/peppi-ohjeet\/wp-json\/wp\/v2\/pages\/476\/revisions"}],"predecessor-version":[{"id":6648,"href":"https:\/\/blogi.eoppimispalvelut.fi\/peppi-ohjeet\/wp-json\/wp\/v2\/pages\/476\/revisions\/6648"}],"up":[{"embeddable":true,"href":"https:\/\/blogi.eoppimispalvelut.fi\/peppi-ohjeet\/wp-json\/wp\/v2\/pages\/203"}],"wp:attachment":[{"href":"https:\/\/blogi.eoppimispalvelut.fi\/peppi-ohjeet\/wp-json\/wp\/v2\/media?parent=476"}],"curies":[{"name":"wp","href":"https:\/\/api.w.org\/{rel}","templated":true}]}}