{"id":4966,"date":"2021-10-20T15:35:51","date_gmt":"2021-10-20T12:35:51","guid":{"rendered":"https:\/\/blogi.eoppimispalvelut.fi\/peppi-ohjeet\/?page_id=4966"},"modified":"2024-06-28T12:01:35","modified_gmt":"2024-06-28T09:01:35","slug":"liitepankki","status":"publish","type":"page","link":"https:\/\/blogi.eoppimispalvelut.fi\/peppi-ohjeet\/liitepankki\/","title":{"rendered":"Liitepankki"},"content":{"rendered":"<p>L\u00f6yd\u00e4t Liitepankin Minun opintoni \u2013valikon alta kohdasta Hyv\u00e4ksiluku (AHOT).<\/p>\n<div id=\"attachment_6641\" style=\"width: 594px\" class=\"wp-caption alignnone\"><a href=\"https:\/\/blogi.eoppimispalvelut.fi\/peppi-ohjeet\/files\/2024\/06\/Liitepankki.png\"><img loading=\"lazy\" decoding=\"async\" aria-describedby=\"caption-attachment-6641\" class=\"size-large wp-image-6641\" src=\"https:\/\/blogi.eoppimispalvelut.fi\/peppi-ohjeet\/files\/2024\/06\/Liitepankki-1280x855.png\" alt=\"Liitepankki\" width=\"584\" height=\"390\" srcset=\"https:\/\/blogi.eoppimispalvelut.fi\/peppi-ohjeet\/files\/2024\/06\/Liitepankki-1280x855.png 1280w, https:\/\/blogi.eoppimispalvelut.fi\/peppi-ohjeet\/files\/2024\/06\/Liitepankki-600x401.png 600w, https:\/\/blogi.eoppimispalvelut.fi\/peppi-ohjeet\/files\/2024\/06\/Liitepankki-768x513.png 768w, https:\/\/blogi.eoppimispalvelut.fi\/peppi-ohjeet\/files\/2024\/06\/Liitepankki-1536x1025.png 1536w, https:\/\/blogi.eoppimispalvelut.fi\/peppi-ohjeet\/files\/2024\/06\/Liitepankki-2048x1367.png 2048w, https:\/\/blogi.eoppimispalvelut.fi\/peppi-ohjeet\/files\/2024\/06\/Liitepankki-449x300.png 449w\" sizes=\"auto, (max-width: 584px) 100vw, 584px\" \/><\/a><p id=\"caption-attachment-6641\" class=\"wp-caption-text\">Klikkaa kuvaa suuremmaksi<\/p><\/div>\n<p>Hakemustesi liitteet n\u00e4kyv\u00e4t automaattisesti liitepankissa. Voit my\u00f6s lis\u00e4t\u00e4 sinne liitteit\u00e4.<\/p>\n<p>Jos liite liittyy hakemukseen, p\u00e4\u00e4set tarkastelemaan hakemuksen tietoja valitsemalla infopainikkeen tiedoston nimen edest\u00e4. Tiedot aukeavat uudessa ponnahdusikkunassa. Jos olet lis\u00e4nnyt tiedoston suoraan pankkiin, sen riville ei tule n\u00e4kyviin kyseist\u00e4 painiketta.<\/p>\n<p>Lataa tiedosto valitsemalla rivin oikean reunan painike ja\u00a0<strong>Lataa<\/strong>.<\/p>\n<p>Voit poistaa vain tiedostoja, jotka olet lis\u00e4nnyt suoraan pankkiin. Valitse rivin oikean reunan painike ja\u00a0<strong>Poista<\/strong>.<\/p>\n<p>Todennettu-tila kertoo, onko hakemuksen k\u00e4sittelij\u00e4 tarkastanut liitteen tiedot k\u00e4sittelyn yhteydess\u00e4 ja merkinnyt sen todennetuksi.<\/p>\n<div id=\"attachment_6642\" style=\"width: 594px\" class=\"wp-caption alignnone\"><a href=\"https:\/\/blogi.eoppimispalvelut.fi\/peppi-ohjeet\/files\/2024\/06\/Liitepankin-tiedostot.png\"><img loading=\"lazy\" decoding=\"async\" aria-describedby=\"caption-attachment-6642\" class=\"size-large wp-image-6642\" src=\"https:\/\/blogi.eoppimispalvelut.fi\/peppi-ohjeet\/files\/2024\/06\/Liitepankin-tiedostot-1280x404.png\" alt=\"Liitepankin tiedostot\" width=\"584\" height=\"184\" srcset=\"https:\/\/blogi.eoppimispalvelut.fi\/peppi-ohjeet\/files\/2024\/06\/Liitepankin-tiedostot-1280x404.png 1280w, https:\/\/blogi.eoppimispalvelut.fi\/peppi-ohjeet\/files\/2024\/06\/Liitepankin-tiedostot-600x190.png 600w, https:\/\/blogi.eoppimispalvelut.fi\/peppi-ohjeet\/files\/2024\/06\/Liitepankin-tiedostot-768x243.png 768w, https:\/\/blogi.eoppimispalvelut.fi\/peppi-ohjeet\/files\/2024\/06\/Liitepankin-tiedostot-1536x485.png 1536w, https:\/\/blogi.eoppimispalvelut.fi\/peppi-ohjeet\/files\/2024\/06\/Liitepankin-tiedostot-2048x647.png 2048w, https:\/\/blogi.eoppimispalvelut.fi\/peppi-ohjeet\/files\/2024\/06\/Liitepankin-tiedostot-500x158.png 500w\" sizes=\"auto, (max-width: 584px) 100vw, 584px\" \/><\/a><p id=\"caption-attachment-6642\" class=\"wp-caption-text\">Klikkaa kuvaa suuremmaksi<\/p><\/div>\n<p>&nbsp;<\/p>\n<hr \/>\n<p>Takaisin <a href=\"https:\/\/blogi.eoppimispalvelut.fi\/peppi-ohjeet\/opiskelijalle\/\">Opiskelijalle-sivulle<\/a><\/p>\n","protected":false},"excerpt":{"rendered":"<p>L\u00f6yd\u00e4t Liitepankin Minun opintoni \u2013valikon alta kohdasta Hyv\u00e4ksiluku (AHOT). Hakemustesi liitteet n\u00e4kyv\u00e4t automaattisesti liitepankissa. Voit my\u00f6s lis\u00e4t\u00e4 sinne liitteit\u00e4. Jos liite liittyy hakemukseen, p\u00e4\u00e4set tarkastelemaan hakemuksen tietoja valitsemalla infopainikkeen tiedoston nimen edest\u00e4. Tiedot aukeavat uudessa ponnahdusikkunassa. Jos olet lis\u00e4nnyt tiedoston &hellip; <a href=\"https:\/\/blogi.eoppimispalvelut.fi\/peppi-ohjeet\/liitepankki\/\">Continue reading <span class=\"meta-nav\">&rarr;<\/span><\/a><\/p>\n","protected":false},"author":2214,"featured_media":0,"parent":0,"menu_order":0,"comment_status":"closed","ping_status":"closed","template":"","meta":{"_monsterinsights_skip_tracking":false,"_monsterinsights_sitenote_active":false,"_monsterinsights_sitenote_note":"","_monsterinsights_sitenote_category":0,"footnotes":""},"class_list":["post-4966","page","type-page","status-publish","hentry"],"_links":{"self":[{"href":"https:\/\/blogi.eoppimispalvelut.fi\/peppi-ohjeet\/wp-json\/wp\/v2\/pages\/4966","targetHints":{"allow":["GET"]}}],"collection":[{"href":"https:\/\/blogi.eoppimispalvelut.fi\/peppi-ohjeet\/wp-json\/wp\/v2\/pages"}],"about":[{"href":"https:\/\/blogi.eoppimispalvelut.fi\/peppi-ohjeet\/wp-json\/wp\/v2\/types\/page"}],"author":[{"embeddable":true,"href":"https:\/\/blogi.eoppimispalvelut.fi\/peppi-ohjeet\/wp-json\/wp\/v2\/users\/2214"}],"replies":[{"embeddable":true,"href":"https:\/\/blogi.eoppimispalvelut.fi\/peppi-ohjeet\/wp-json\/wp\/v2\/comments?post=4966"}],"version-history":[{"count":6,"href":"https:\/\/blogi.eoppimispalvelut.fi\/peppi-ohjeet\/wp-json\/wp\/v2\/pages\/4966\/revisions"}],"predecessor-version":[{"id":6643,"href":"https:\/\/blogi.eoppimispalvelut.fi\/peppi-ohjeet\/wp-json\/wp\/v2\/pages\/4966\/revisions\/6643"}],"wp:attachment":[{"href":"https:\/\/blogi.eoppimispalvelut.fi\/peppi-ohjeet\/wp-json\/wp\/v2\/media?parent=4966"}],"curies":[{"name":"wp","href":"https:\/\/api.w.org\/{rel}","templated":true}]}}