{"id":498,"date":"2020-02-12T10:54:48","date_gmt":"2020-02-12T08:54:48","guid":{"rendered":"https:\/\/blogi.eoppimispalvelut.fi\/peppi-ohjeet\/?page_id=498"},"modified":"2025-10-03T10:45:14","modified_gmt":"2025-10-03T07:45:14","slug":"kalenteri","status":"publish","type":"page","link":"https:\/\/blogi.eoppimispalvelut.fi\/peppi-ohjeet\/opiskelijalle\/kalenteri\/","title":{"rendered":"Kalenteri = lukuj\u00e4rjestys"},"content":{"rendered":"<p><strong>Kalenteri<\/strong><\/p>\n<p>T\u00e4ss\u00e4 n\u00e4kym\u00e4ss\u00e4 n\u00e4et oman lukuj\u00e4rjestyksesi.<\/p>\n<ul>\n<li>Lukuj\u00e4rjestys muodostuu ilmoittautumisiesi pohjalta\n<ul>\n<li>Klikkaa Toteutukset-kohdasta Omat toteutukset-painiketta, jotta saat n\u00e4kyville ilmoittautumistesi varaukset<\/li>\n<\/ul>\n<\/li>\n<li>Jos lukuj\u00e4rjestys ei n\u00e4y oikein, selaimen v\u00e4limuistin tyhjent\u00e4minen voi auttaa.<\/li>\n<\/ul>\n<div id=\"attachment_2608\" style=\"width: 910px\" class=\"wp-caption alignleft\"><a href=\"https:\/\/blogi.eoppimispalvelut.fi\/peppi-ohjeet\/opiskelijalle\/kalenteri\/kalenteri1\/\" rel=\"attachment wp-att-2608\"><img loading=\"lazy\" decoding=\"async\" aria-describedby=\"caption-attachment-2608\" class=\"size-medium wp-image-2608\" src=\"https:\/\/blogi.eoppimispalvelut.fi\/peppi-ohjeet\/files\/2020\/05\/kalenteri1-900x266.png\" alt=\"Kalenteri\" width=\"900\" height=\"266\" srcset=\"https:\/\/blogi.eoppimispalvelut.fi\/peppi-ohjeet\/files\/2020\/05\/kalenteri1-900x266.png 900w, https:\/\/blogi.eoppimispalvelut.fi\/peppi-ohjeet\/files\/2020\/05\/kalenteri1-768x227.png 768w, https:\/\/blogi.eoppimispalvelut.fi\/peppi-ohjeet\/files\/2020\/05\/kalenteri1-500x148.png 500w, https:\/\/blogi.eoppimispalvelut.fi\/peppi-ohjeet\/files\/2020\/05\/kalenteri1.png 1121w\" sizes=\"auto, (max-width: 900px) 100vw, 900px\" \/><\/a><p id=\"caption-attachment-2608\" class=\"wp-caption-text\">Klikkaa kuva suuremmaksi.<\/p><\/div>\n<p>&nbsp;<\/p>\n<p><strong>Tilavaraukset<\/strong><\/p>\n<ul>\n<li>T\u00e4ss\u00e4 n\u00e4kym\u00e4ss\u00e4 voit tarkastella tilojen varauksia<\/li>\n<li>Voit esim. tarkastella, onko tietty luokkatila vapaana itsen\u00e4ist\u00e4 ty\u00f6skentely\u00e4 varten haluamanasi ajankohtana<\/li>\n<li>Haku tapahtuu k\u00e4ytt\u00e4m\u00e4ll\u00e4 tarjolla olevia valintakriteereit\u00e4 esimerkiksi m\u00e4\u00e4rittelem\u00e4ll\u00e4 toimipiste ja tila<\/li>\n<\/ul>\n<p><strong>Vapaan ajan haku<\/strong><\/p>\n<ul>\n<li>T\u00e4ss\u00e4 n\u00e4kym\u00e4ss\u00e4 voit tarkastella vapaita aikoja.<\/li>\n<li>Valitse yl\u00e4valikosta Kalenteri-valikon alta Vapaan ajan haku.<\/li>\n<li>Voit esimerkiksi tarkastella, onko opettaja vapaana tiettyn\u00e4 ajankohtana.<\/li>\n<li>Haku tapahtuu k\u00e4ytt\u00e4m\u00e4ll\u00e4 tarjolla olevia valintakriteereit\u00e4 esimerkiksi m\u00e4\u00e4rittelem\u00e4ll\u00e4 henkil\u00f6t.<\/li>\n<li>Haku toimii my\u00f6s tilojen osalta.<\/li>\n<\/ul>\n<div id=\"attachment_2611\" style=\"width: 910px\" class=\"wp-caption alignleft\"><a href=\"https:\/\/blogi.eoppimispalvelut.fi\/peppi-ohjeet\/opiskelijalle\/kalenteri\/vapaanajanhaku\/\" rel=\"attachment wp-att-2611\"><img loading=\"lazy\" decoding=\"async\" aria-describedby=\"caption-attachment-2611\" class=\"size-medium wp-image-2611\" src=\"https:\/\/blogi.eoppimispalvelut.fi\/peppi-ohjeet\/files\/2020\/05\/vapaanajanhaku-900x309.png\" alt=\"Vapaan ajan haku\" width=\"900\" height=\"309\" srcset=\"https:\/\/blogi.eoppimispalvelut.fi\/peppi-ohjeet\/files\/2020\/05\/vapaanajanhaku-900x309.png 900w, https:\/\/blogi.eoppimispalvelut.fi\/peppi-ohjeet\/files\/2020\/05\/vapaanajanhaku-768x264.png 768w, https:\/\/blogi.eoppimispalvelut.fi\/peppi-ohjeet\/files\/2020\/05\/vapaanajanhaku-500x172.png 500w, https:\/\/blogi.eoppimispalvelut.fi\/peppi-ohjeet\/files\/2020\/05\/vapaanajanhaku.png 1075w\" sizes=\"auto, (max-width: 900px) 100vw, 900px\" \/><\/a><p id=\"caption-attachment-2611\" class=\"wp-caption-text\">Klikkaa kuva suuremmaksi.<\/p><\/div>\n<p>Julkisiin lukuj\u00e4rjestyksiin p\u00e4\u00e4set t\u00e4st\u00e4: <a href=\"https:\/\/lukkarikone-amk.peppi4.lapit.csc.fi\">Lukkarikone<\/a><\/p>\n<p><strong>Pepin ajanvarausten ja s\u00e4hk\u00f6postikalenterin v\u00e4linen automaattinen siirto<\/strong><\/p>\n<p>Pepin ja s\u00e4hk\u00f6postikalenterin v\u00e4linen automaattinen ajanvarausten (esim. opetuksen varaukset) siirto palaa k\u00e4ytt\u00f6\u00f6n maanantaina 4.12.2023. K\u00e4ytt\u00f6\u00f6noton yhteydess\u00e4 kaikille k\u00e4ytt\u00e4jille asetetaan Pepiss\u00e4 tahdistuksen oletusasetukset. Halutessaan k\u00e4ytt\u00e4j\u00e4 voi muokata tai poistaa valintoja omista asetuksistaan.<\/p>\n<p>Asetukset l\u00f6ytyv\u00e4t valitsemalla Opiskelijan ty\u00f6p\u00f6yd\u00e4n yl\u00e4valikosta kohdasta Kalenterin ja sen alle avautuvasta valikosta Asetukset.<\/p>\n<p>Tee haluamasi valinnat ja paina Tallenna.<\/p>\n<p>&nbsp;<\/p>\n<p><img loading=\"lazy\" decoding=\"async\" class=\"alignnone size-medium wp-image-6442\" src=\"https:\/\/blogi.eoppimispalvelut.fi\/peppi-ohjeet\/files\/2023\/12\/Opiskelijan-kalenteri-600x282.png\" alt=\"\" width=\"600\" height=\"282\" srcset=\"https:\/\/blogi.eoppimispalvelut.fi\/peppi-ohjeet\/files\/2023\/12\/Opiskelijan-kalenteri-600x282.png 600w, https:\/\/blogi.eoppimispalvelut.fi\/peppi-ohjeet\/files\/2023\/12\/Opiskelijan-kalenteri-768x361.png 768w, https:\/\/blogi.eoppimispalvelut.fi\/peppi-ohjeet\/files\/2023\/12\/Opiskelijan-kalenteri-500x235.png 500w, https:\/\/blogi.eoppimispalvelut.fi\/peppi-ohjeet\/files\/2023\/12\/Opiskelijan-kalenteri.png 866w\" sizes=\"auto, (max-width: 600px) 100vw, 600px\" \/><\/p>\n<p>&nbsp;<\/p>\n<hr \/>\n<p>Takaisin <a href=\"https:\/\/blogi.eoppimispalvelut.fi\/peppi-ohjeet\/opiskelijalle\/\">Opiskelijalle-sivulle<\/a><\/p>\n","protected":false},"excerpt":{"rendered":"<p>Kalenteri T\u00e4ss\u00e4 n\u00e4kym\u00e4ss\u00e4 n\u00e4et oman lukuj\u00e4rjestyksesi. Lukuj\u00e4rjestys muodostuu ilmoittautumisiesi pohjalta Klikkaa Toteutukset-kohdasta Omat toteutukset-painiketta, jotta saat n\u00e4kyville ilmoittautumistesi varaukset Jos lukuj\u00e4rjestys ei n\u00e4y oikein, selaimen v\u00e4limuistin tyhjent\u00e4minen voi auttaa. &nbsp; Tilavaraukset T\u00e4ss\u00e4 n\u00e4kym\u00e4ss\u00e4 voit tarkastella tilojen varauksia Voit esim. tarkastella, &hellip; <a href=\"https:\/\/blogi.eoppimispalvelut.fi\/peppi-ohjeet\/opiskelijalle\/kalenteri\/\">Continue reading <span class=\"meta-nav\">&rarr;<\/span><\/a><\/p>\n","protected":false},"author":6,"featured_media":0,"parent":203,"menu_order":0,"comment_status":"closed","ping_status":"closed","template":"","meta":{"_monsterinsights_skip_tracking":false,"_monsterinsights_sitenote_active":false,"_monsterinsights_sitenote_note":"","_monsterinsights_sitenote_category":0,"footnotes":""},"class_list":["post-498","page","type-page","status-publish","hentry"],"_links":{"self":[{"href":"https:\/\/blogi.eoppimispalvelut.fi\/peppi-ohjeet\/wp-json\/wp\/v2\/pages\/498","targetHints":{"allow":["GET"]}}],"collection":[{"href":"https:\/\/blogi.eoppimispalvelut.fi\/peppi-ohjeet\/wp-json\/wp\/v2\/pages"}],"about":[{"href":"https:\/\/blogi.eoppimispalvelut.fi\/peppi-ohjeet\/wp-json\/wp\/v2\/types\/page"}],"author":[{"embeddable":true,"href":"https:\/\/blogi.eoppimispalvelut.fi\/peppi-ohjeet\/wp-json\/wp\/v2\/users\/6"}],"replies":[{"embeddable":true,"href":"https:\/\/blogi.eoppimispalvelut.fi\/peppi-ohjeet\/wp-json\/wp\/v2\/comments?post=498"}],"version-history":[{"count":28,"href":"https:\/\/blogi.eoppimispalvelut.fi\/peppi-ohjeet\/wp-json\/wp\/v2\/pages\/498\/revisions"}],"predecessor-version":[{"id":7187,"href":"https:\/\/blogi.eoppimispalvelut.fi\/peppi-ohjeet\/wp-json\/wp\/v2\/pages\/498\/revisions\/7187"}],"up":[{"embeddable":true,"href":"https:\/\/blogi.eoppimispalvelut.fi\/peppi-ohjeet\/wp-json\/wp\/v2\/pages\/203"}],"wp:attachment":[{"href":"https:\/\/blogi.eoppimispalvelut.fi\/peppi-ohjeet\/wp-json\/wp\/v2\/media?parent=498"}],"curies":[{"name":"wp","href":"https:\/\/api.w.org\/{rel}","templated":true}]}}